{"id":3341,"date":"2018-04-29T12:41:26","date_gmt":"2018-04-29T10:41:26","guid":{"rendered":"https:\/\/dev.serversmtp.com\/?page_id=3341"},"modified":"2018-07-16T20:05:17","modified_gmt":"2018-07-16T18:05:17","slug":"home","status":"publish","type":"page","link":"https:\/\/serversmtp.com\/tr\/","title":{"rendered":"Home"},"content":{"rendered":"<span id=\"g1-space-1\" class=\"g1-space \" style=\"height:30px;\"><\/span>\n<ul class=\"g1-grid\"><li class=\"g1-column g1-one-fourth g1-valign-top service-box-home\">\n<div class=\"div-service-box-home\">\n<p><a title=\"Bir Dakikada Kurulum\" href=\"\/tr\/ozellikler\"><span class=\"service-img-home\"><img loading=\"lazy\" class=\"size-full wp-image-232 alignnone\" src=\"https:\/\/serversmtp.com\/wp-content\/uploads\/2018\/02\/ICONA-TURBOSMTP-100X90.png\" alt=\"\" width=\"100\" height=\"91\"><\/span><\/a><\/p>\n<h5><a title=\"Bir Dakikada Kurulum\" href=\"\/tr\/ozellikler\"><strong>Bir Dakikada Kurulum<\/strong><\/a><\/h5>\n<p><a title=\"Bir Dakikada Kurulum\" href=\"\/tr\/ozellikler\"><span class=\"homeL1Desc ico1\">Pazarlama veya ticari i\u015flem e-postalar\u0131n\u0131z\u0131 sadece bir SMTP parametresi de\u011fi\u015ftirerek g\u00f6ndermeye ba\u015flay\u0131n.<\/span><\/a><\/div>\n<\/li><!-- -->\n<li class=\"g1-column g1-one-fourth g1-valign-top service-box-home\">\n<div class=\"div-service-box-home \">\n<p><a title=\"G\u00fcvenli &amp; G\u00fcvenilir Sunucular\" href=\"\/tr\/ozellikler\"><span class=\"service-img-home\"><img loading=\"lazy\" class=\"alignnone size-full wp-image-251\" src=\"https:\/\/serversmtp.com\/wp-content\/uploads\/2018\/02\/ICONA-SERVER-TSMTP.png\" alt=\"\" width=\"100\" height=\"90\"><\/span><\/a><\/p>\n<h5><a title=\"G\u00fcvenli &amp; G\u00fcvenilir Sunucular\" href=\"\/tr\/ozellikler\"><strong>G\u00fcvenli &amp; G\u00fcvenilir Sunucular<\/strong><br \/>\n<\/a><\/h5>\n<p><a title=\"G\u00fcvenli &amp; G\u00fcvenilir Sunucular\" href=\"\/tr\/ozellikler\"><span class=\"homeL1Desc ico2\">Temiz ve g\u00fcvenilir sunucu ve IP\u2019lerimiz ile e-posta iletilebilirli\u011finizi an\u0131nda artt\u0131r\u0131n.<\/span><\/a><\/div>\n<\/li><!-- -->\n<li class=\"g1-column g1-one-fourth g1-valign-top service-box-home\">\n<div class=\"div-service-box-home \">\n<p><a title=\"Online G\u00f6nderi Takibi\" href=\"\/tr\/ozellikler\"><span class=\"service-img-home\"><img loading=\"lazy\" class=\"alignnone size-full wp-image-248\" src=\"https:\/\/serversmtp.com\/wp-content\/uploads\/2018\/02\/ICONA-REPORT-TSMTP.png\" alt=\"\" width=\"100\" height=\"92\"><\/span><\/a><\/p>\n<h5><a title=\"Online G\u00f6nderi Takibi\" href=\"\/tr\/ozellikler\"><strong>Online G\u00f6nderi Takibi<\/strong><\/a><\/h5>\n<p><a title=\"Online G\u00f6nderi Takibi\" href=\"\/tr\/ozellikler\"><span class=\"homeL1Desc ico3\">G\u00f6nderilen ve geri d\u00f6nen e-postalar\u0131 detayl\u0131 raporlarla ger\u00e7ek zamanl\u0131 takip edin.<\/span><\/a><\/div>\n<\/li><!-- -->\n<li class=\"g1-column g1-one-fourth g1-valign-top service-box-home\">\n<div class=\"div-service-box-home \">\n<p><a title=\"Esnek Hizmet Planlar\u0131\" href=\"\/tr\/cart.php\"><span class=\"service-img-home\"><img loading=\"lazy\" class=\"alignnone size-full wp-image-245\" src=\"https:\/\/serversmtp.com\/wp-content\/uploads\/2018\/02\/ICONA-ABBONAMENTI-tsmtp.png\" alt=\"\" width=\"101\" height=\"90\"><\/span><\/a><\/p>\n<h5><a title=\"Esnek Hizmet Planlar\u0131\" href=\"\/tr\/cart.php\"><strong>Esnek Hizmet Planlar\u0131<\/strong><\/a><\/h5>\n<p><a title=\"Esnek Hizmet Planlar\u0131\" href=\"\/tr\/cart.php\"><span class=\"homeL1Desc ico4\">Ayl\u0131k veya g\u00f6nderilen e-posta say\u0131s\u0131n\u0131n baz al\u0131nd\u0131\u011f\u0131 kulland\u0131\u011f\u0131n kadar \u00f6de \u015feklindeki geni\u015f yelpazeli \u00f6deme planlar\u0131m\u0131zdan birini se\u00e7ebilirsiniz.<\/span><\/a><\/div>\n<\/li><!-- --><\/ul>\n<span id=\"g1-space-2\" class=\"g1-space \" style=\"height:20px;\"><\/span>\n\n<br \/>\n<style type=\"text\/css\" scoped=\"scoped\">#g1-section-1.g1-section {background-color: #f5f5f5; background-repeat:repeat; background-position:center top; background-attachment:static;}<\/style><div id=\"g1-section-1\" class=\"g1-section home-grey-2box\"><div class=\"g1-layout-inner\">\n<ul class=\"g1-grid\"><li class=\"g1-column g1-one-half g1-valign-top\">\n<ul class=\"g1-grid\"><li class=\"g1-column g1-one-third g1-valign-top\">\n<p><img loading=\"lazy\" class=\"alignnone size-full wp-image-3797\" src=\"https:\/\/serversmtp.com\/wp-content\/uploads\/2018\/05\/GDPR-1.png\" alt=\"\" width=\"123\" height=\"124\" srcset=\"https:\/\/serversmtp.com\/wp-content\/uploads\/2018\/05\/GDPR-1.png 123w, https:\/\/serversmtp.com\/wp-content\/uploads\/2018\/05\/GDPR-1-55x55.png 55w\" sizes=\"(max-width: 123px) 100vw, 123px\" \/><\/p>\n<\/li><!-- -->\n<li class=\"g1-column g1-two-third g1-valign-top gdpr-text\">\n<h3>GDPR Regulation?<br \/>\nWe are ready!<\/h3>\n<p>We take the utmost measures and the best practices for data protection.<br \/>\n<style type=\"text\/css\" scoped=\"scoped\">#find-out-more.g1-button {background-color: #93ba19; border-color: #93ba19;}<\/style><a id=\"find-out-more\" class=\"g1-button g1-button--small g1-button--solid g1-button--standard \" href=\"\/regulation-eu-2016-679-gdpr\/\" >More info&#8230;<\/a><\/p>\n<\/li><!-- --><\/ul>\n<\/li><!-- -->\n<li class=\"g1-column g1-one-half g1-valign-top\">\n<ul class=\"g1-grid\"><li class=\"g1-column g1-one-third g1-valign-top\">\n<p><img loading=\"lazy\" class=\"alignnone size-full wp-image-3797\" src=\"https:\/\/serversmtp.com\/wp-content\/uploads\/2018\/07\/servers_eu.png\" alt=\"\" width=\"123\" height=\"124\" \/><\/p>\n<\/li><!-- -->\n<li class=\"g1-column g1-two-third g1-valign-top\">\n<h4 class=\"guideTitle\"><strong>Server infrastructure located in Europe<\/strong><\/h4>\n<p>E-mail servers and IP addresses dedicated to 100% European and compliant with <strong>EU regulations<\/strong> for the protection of personal data<\/p>\n<style type=\"text\/css\" scoped=\"scoped\">#find-out-more.g1-button {background-color: #93ba19; border-color: #93ba19;}<\/style><a id=\"find-out-more\" class=\"g1-button g1-button--small g1-button--solid g1-button--standard \" href=\"\/regulation-eu-2016-679-gdpr\/\" >More info\u2026<\/a>\n<\/li><!-- --><\/ul>\n<\/li><!-- --><\/ul>\n<\/div><\/div><br \/>\n<div id=\"g1-divider-1\" class=\"g1-divider g1-divider--none g1-divider--noicon \"><\/div>\n<p style=\"text-align: center;\"><strong>M\u00fc\u015fterilerimizden birka\u00e7\u0131<\/strong><\/p>\n<p style=\"text-align: center;\"><img loading=\"lazy\" class=\"alignnone wp-image-178 size-full\" src=\"https:\/\/serversmtp.com\/wp-content\/uploads\/2018\/02\/customers_01.jpg\" alt=\"\" width=\"860\" height=\"160\" srcset=\"https:\/\/serversmtp.com\/wp-content\/uploads\/2018\/02\/customers_01.jpg 860w, https:\/\/serversmtp.com\/wp-content\/uploads\/2018\/02\/customers_01-300x56.jpg 300w, https:\/\/serversmtp.com\/wp-content\/uploads\/2018\/02\/customers_01-768x143.jpg 768w, https:\/\/serversmtp.com\/wp-content\/uploads\/2018\/02\/customers_01-636x118.jpg 636w, https:\/\/serversmtp.com\/wp-content\/uploads\/2018\/02\/customers_01-320x60.jpg 320w, https:\/\/serversmtp.com\/wp-content\/uploads\/2018\/02\/customers_01-239x44.jpg 239w\" sizes=\"(max-width: 860px) 100vw, 860px\" \/><\/p>\n<div id=\"g1-divider-2\" class=\"g1-divider g1-divider--none g1-divider--noicon \"><\/div>\n<style type=\"text\/css\" scoped=\"scoped\">#g1-section-2.g1-section {background-repeat:repeat; background-position:center top; background-attachment:static;}<\/style><div id=\"g1-section-2\" class=\"g1-section \"><div class=\"g1-layout-inner\">\n<p><strong>turboSMTP<\/strong>&nbsp;30.000\u2019den fazla m\u00fc\u015fteriye hizmet veren d\u00fcnya lideri bir SMTP hizmet sa\u011flay\u0131c\u0131s\u0131d\u0131r.<\/p>\n<p>\u0130leti servisimiz <strong><a href=\"\/tr\/e-posta-liste-dag\u0131ticilari\">posta listesi da\u011f\u0131t\u0131c\u0131lar\u0131<\/a><\/strong>, <strong><a href=\"\/tr\/e-posta-sunucu-yoneticileri\">posta sunucusu y\u00f6neticileri<\/a><\/strong> ve <strong>bulut uygulama geli\u015ftiricileri<\/strong> i\u00e7in idealdir ama entegrasyonu \u00f6yle kolayd\u0131r ki <strong><a href=\"\/tr\/ev-ve-kucuk-isletmeler-icin-smtp\">ev ve k\u00fc\u00e7\u00fck \u00f6l\u00e7ekli i\u015fletmeler<\/a><\/strong> de kullanabilir.<\/p>\n<\/div><\/div>\n","protected":false},"excerpt":{"rendered":"<p>M\u00fc\u015fterilerimizden birka\u00e7\u0131<\/p>\n","protected":false},"author":1,"featured_media":0,"parent":0,"menu_order":0,"comment_status":"closed","ping_status":"closed","template":"","meta":[],"yoast_head":"<!-- This site is optimized with the Yoast SEO plugin v16.4 - https:\/\/yoast.com\/wordpress\/plugins\/seo\/ -->\n<meta name=\"robots\" content=\"index, follow, max-snippet:-1, max-image-preview:large, max-video-preview:-1\" \/>\n<link rel=\"canonical\" href=\"https:\/\/serversmtp.com\/tr\/\" \/>\n<meta property=\"og:locale\" content=\"tr_TR\" \/>\n<meta property=\"og:type\" content=\"article\" \/>\n<meta property=\"og:title\" content=\"Home - smtp mail server - professional SMTP service provider\" \/>\n<meta property=\"og:description\" content=\"M\u00fc\u015fterilerimizden birka\u00e7\u0131\" \/>\n<meta property=\"og:url\" content=\"https:\/\/serversmtp.com\/tr\/\" \/>\n<meta property=\"og:site_name\" content=\"smtp mail server - professional SMTP service provider\" \/>\n<meta property=\"article:modified_time\" content=\"2018-07-16T18:05:17+00:00\" \/>\n<meta property=\"og:image\" content=\"https:\/\/serversmtp.com\/wp-content\/uploads\/2018\/02\/ICONA-TURBOSMTP-100X90.png\" \/>\n<meta name=\"twitter:card\" content=\"summary_large_image\" \/>\n<meta name=\"twitter:label1\" content=\"Tahmini okuma s\u00fcresi\" \/>\n\t<meta name=\"twitter:data1\" content=\"4 dakika\" \/>\n<script type=\"application\/ld+json\" class=\"yoast-schema-graph\">{\"@context\":\"https:\/\/schema.org\",\"@graph\":[{\"@type\":\"WebSite\",\"@id\":\"https:\/\/serversmtp.com\/#website\",\"url\":\"https:\/\/serversmtp.com\/\",\"name\":\"smtp mail server - professional SMTP service provider\",\"description\":\"smtp mail server - professional SMTP service provider \",\"potentialAction\":[{\"@type\":\"SearchAction\",\"target\":\"https:\/\/serversmtp.com\/?s={search_term_string}\",\"query-input\":\"required name=search_term_string\"}],\"inLanguage\":\"tr\"},{\"@type\":\"ImageObject\",\"@id\":\"https:\/\/serversmtp.com\/tr\/#primaryimage\",\"inLanguage\":\"tr\",\"url\":\"https:\/\/serversmtp.com\/wp-content\/uploads\/2018\/02\/ICONA-TURBOSMTP-100X90.png\",\"contentUrl\":\"https:\/\/serversmtp.com\/wp-content\/uploads\/2018\/02\/ICONA-TURBOSMTP-100X90.png\",\"width\":100,\"height\":91},{\"@type\":\"WebPage\",\"@id\":\"https:\/\/serversmtp.com\/tr\/#webpage\",\"url\":\"https:\/\/serversmtp.com\/tr\/\",\"name\":\"Home - smtp mail server - professional SMTP service provider\",\"isPartOf\":{\"@id\":\"https:\/\/serversmtp.com\/#website\"},\"primaryImageOfPage\":{\"@id\":\"https:\/\/serversmtp.com\/tr\/#primaryimage\"},\"datePublished\":\"2018-04-29T10:41:26+00:00\",\"dateModified\":\"2018-07-16T18:05:17+00:00\",\"breadcrumb\":{\"@id\":\"https:\/\/serversmtp.com\/tr\/#breadcrumb\"},\"inLanguage\":\"tr\",\"potentialAction\":[{\"@type\":\"ReadAction\",\"target\":[\"https:\/\/serversmtp.com\/tr\/\"]}]},{\"@type\":\"BreadcrumbList\",\"@id\":\"https:\/\/serversmtp.com\/tr\/#breadcrumb\",\"itemListElement\":[{\"@type\":\"ListItem\",\"position\":1,\"item\":{\"@type\":\"WebPage\",\"@id\":\"https:\/\/serversmtp.com\/tr\/\",\"url\":\"https:\/\/serversmtp.com\/tr\/\",\"name\":\"Home\"}},{\"@type\":\"ListItem\",\"position\":2,\"item\":{\"@id\":\"https:\/\/serversmtp.com\/tr\/#webpage\"}}]}]}<\/script>\n<!-- \/ Yoast SEO plugin. -->","_links":{"self":[{"href":"https:\/\/serversmtp.com\/tr\/wp-json\/wp\/v2\/pages\/3341"}],"collection":[{"href":"https:\/\/serversmtp.com\/tr\/wp-json\/wp\/v2\/pages"}],"about":[{"href":"https:\/\/serversmtp.com\/tr\/wp-json\/wp\/v2\/types\/page"}],"author":[{"embeddable":true,"href":"https:\/\/serversmtp.com\/tr\/wp-json\/wp\/v2\/users\/1"}],"replies":[{"embeddable":true,"href":"https:\/\/serversmtp.com\/tr\/wp-json\/wp\/v2\/comments?post=3341"}],"version-history":[{"count":12,"href":"https:\/\/serversmtp.com\/tr\/wp-json\/wp\/v2\/pages\/3341\/revisions"}],"predecessor-version":[{"id":4817,"href":"https:\/\/serversmtp.com\/tr\/wp-json\/wp\/v2\/pages\/3341\/revisions\/4817"}],"wp:attachment":[{"href":"https:\/\/serversmtp.com\/tr\/wp-json\/wp\/v2\/media?parent=3341"}],"curies":[{"name":"wp","href":"https:\/\/api.w.org\/{rel}","templated":true}]}}