{"id":3287,"date":"2018-04-27T18:08:00","date_gmt":"2018-04-27T16:08:00","guid":{"rendered":"https:\/\/dev.serversmtp.com\/?page_id=3287"},"modified":"2022-02-10T16:36:46","modified_gmt":"2022-02-10T15:36:46","slug":"smtp-sunucusu-nedir","status":"publish","type":"page","link":"https:\/\/serversmtp.com\/tr\/smtp-sunucusu-nedir\/","title":{"rendered":"Bir SMTP sunucusu nedir"},"content":{"rendered":"<p><strong>SMTP\u00a0<\/strong>k\u0131saltmas\u0131, internet \u00fczerinden e-posta ak\u0131\u015f\u0131\u00a0arkas\u0131ndaki prosed\u00fcr olan Simple Mail Transfer Protocol (Basit Posta Aktar\u0131m Protokol\u00fc) anlam\u0131na gelir.<\/p>\n<p>Bir e-posta g\u00f6nderdi\u011finiz zaman ne olur? E-posta da\u011f\u0131t\u0131m i\u015flemi asl\u0131nda klasik postaya olduk\u00e7a benzer: organize bir sistem zarf\u0131n\u0131z\u0131 \u00f6nemser ve bir dizi\u00a0ad\u0131mlar\u00a0sonunda al\u0131c\u0131n\u0131z\u0131n gelen kutusuna d\u00fc\u015fer. Bu i\u015flemde, <strong>SMTP sunucusu<\/strong> sadece SMTP \u00e7al\u0131\u015ft\u0131ran ve a\u015fa\u011f\u0131 yukar\u0131 postac\u0131 gibi davranan bir bilgisayard\u0131r. \u0130letiler al\u0131nd\u0131ktan sonra somut olarak\u00a0e-postalar\u0131n al\u0131c\u0131lar\u0131na teslimi ile ilgilenen bu sunucuya g\u00f6nderilir.<\/p>\n<p>Temelde,\u00a0bir iletinin \u00a0bilgisayar\u0131n\u0131zdan\u00a0al\u0131c\u0131n\u0131n bilgisayar\u0131na\u00a0yolculu\u011fu a\u015fa\u011f\u0131daki gibidir:<\/p>\n<p><img decoding=\"async\" class=\"aligncenter wp-image-536 size-full\" src=\"https:\/\/serversmtp.com\/wp-content\/uploads\/2018\/03\/what-is-smtp_0.png\" alt=\"\" width=\"580\" height=\"372\" srcset=\"https:\/\/serversmtp.com\/wp-content\/uploads\/2018\/03\/what-is-smtp_0.png 580w, https:\/\/serversmtp.com\/wp-content\/uploads\/2018\/03\/what-is-smtp_0-300x192.png 300w, https:\/\/serversmtp.com\/wp-content\/uploads\/2018\/03\/what-is-smtp_0-320x205.png 320w, https:\/\/serversmtp.com\/wp-content\/uploads\/2018\/03\/what-is-smtp_0-239x153.png 239w\" sizes=\"(max-width: 580px) 100vw, 580px\" \/><\/p>\n<ul>\n<li>Belirli bir al\u0131c\u0131ya (\u00f6rne\u011fin jane@domain.com) adresinizden (\u00f6rne\u011fin mark@website.com) internet postas\u0131 veya posta istemcisi ile bir e-posta g\u00f6nderebilirsiniz. \u00d6zel dilinde, internet postas\u0131na veya istemcisine \u0130leti\u00a0Kullan\u0131c\u0131 Arac\u0131s\u0131\u00a0veya <strong>MUA<\/strong> denir.<\/li>\n<li>\u0130letiyi olu\u015fturdu\u011funuz zaman istemciye verilen ve bir \u0130leti Aktar\u0131m Arac\u0131s\u0131 veya MTA gibi davranan bir SMTP sunucusuna (\u00f6rne\u011fin mail.website.com adl\u0131) ileti normal olarak ba\u011flant\u0131 noktas\u0131 25 \u00fczerinden g\u00f6nderilir. \u0130stemci ve sunucu, sunucunun iletinin iletimi\u00a0ile ilgili t\u00fcm verileri (g\u00f6nderici, al\u0131c\u0131, etki alanlar\u0131, vb.) kontrol etti\u011fi, k\u0131sa bir &#8220;konu\u015fma&#8221; yapmaya ba\u015flarlar. SMTP dilinin sadece <strong>iletinin iletimini tan\u0131mlad\u0131\u011f\u0131n\u0131<\/strong> ve iletinin ana metninin i\u00e7eri\u011fi ile ilgilenmedi\u011fini unutmay\u0131n.<\/li>\n<li>Ard\u0131ndan, al\u0131c\u0131n\u0131n hesab\u0131n\u0131n oldu\u011fu etki alan\u0131 do\u011frudan sunucuya \u00a0ba\u011fl\u0131 ise, e-posta hemen teslim edilir. Durum b\u00f6yle de\u011filse, <strong>SMTP al\u0131c\u0131ya\u00a0daha yak\u0131n ba\u015fka<\/strong> bir\u00a0gelen\u00a0sunucusuna iletir (\u00f6zel dilde bu ge\u00e7i\u015flere\u00a0ileti aktarma denir). \u00d6rne\u011fimizde, web sitesi sunucusu e-postay\u0131 alan ve saklayan\u00a0Etki Alan\u0131 sunucusuna ba\u011flan\u0131r (her \u015feyin do\u011fru gitti\u011fini varsayarsak).<\/li>\n<li>Al\u0131c\u0131n\u0131n sunucusunun ar\u0131zal\u0131 veya me\u015fgul olmas\u0131 durumunda ne olur? SMTP bar\u0131nd\u0131r\u0131c\u0131s\u0131 basit olarak iletiyi bir yedek <strong>sunucuya b\u0131rak\u0131r<\/strong>: bunlar\u0131n hi\u00e7biri mevcut de\u011filse, e-posta s\u0131raya koyulur ve teslim periyodik olarak yeniden denenir. Ancak, belirli bir s\u00fcre sonra ileti teslim edilmemi\u015f olarak geri d\u00f6nd\u00fcr\u00fcl\u00fcr.<\/li>\n<li>Ancak,\u00a0herhangi bir sorun yoksa, son b\u00f6l\u00fcm al\u0131c\u0131 sunucusundan e-postay\u0131 alan ve al\u0131c\u0131n\u0131n gelen kutusuna koyan ba\u015fka bir protokol olan <strong>POP\u00a0<\/strong>taraf\u0131ndan kontrol edilir.<\/li>\n<\/ul>\n<p>B\u00f6yle olsa da, \u00f6rne\u011fin Hotmail, Gmail ve Yahoo Mail gibi sa\u011flay\u0131c\u0131lar ile ili\u015fkili olan\u00a0&#8220;normal e-postalar&#8221; g\u00f6nderdi\u011finizde\u00a0kullan\u0131lan\u00a0SMTP sunucular\u0131n\u0131n kullan\u0131c\u0131lar aras\u0131nda payla\u015f\u0131ld\u0131\u011f\u0131n\u0131n ve bunlar\u0131n tahsis edilmemi\u015f IP&#8217;lere dayand\u0131\u011f\u0131n\u0131n alt\u0131n\u0131 \u00e7izmek gerekir. Bu ise\u00a0<strong>spam<\/strong> g\u00f6nderenler\u00a0taraf\u0131ndan da kullan\u0131lan bir IP&#8217;ye dayanan sonuca ula\u015fabilece\u011finiz anlam\u0131na gelir: iletinizin\u00a0do\u011fru teslimini\u00a0olumsuz etkileyecek bir ger\u00e7ek. Ayr\u0131ca, ortak sa\u011flay\u0131c\u0131lar\u00a0g\u00f6nderebilece\u011finiz <strong>e-postalar\u0131n say\u0131s\u0131na baz\u0131 kat\u0131 s\u0131n\u0131rlar getirir<\/strong> (\u00f6rne\u011fin Yahoo&#8217;nun k\u0131s\u0131tlamas\u0131 saatte 100 e-postad\u0131r).<\/p>\n<p>Toplu posta g\u00f6ndermeyi ya da bir e-posta kampanyas\u0131 olu\u015fturmay\u0131 planl\u0131yorsan\u0131z,\u00a0kontroll\u00fc IP&#8217;yi garanti eden ve t\u00fcm yukar\u0131da bahsedilen t\u00fcm problemleri \u00f6nleyen <strong><a title=\"professional SMTP\" href=\"\/tr\/signup\">turboSMTP<\/a> gibi profesyonel bir giden e-posta<\/strong> <strong>hizmeti<\/strong> kullanman\u0131z\u0131 \u00f6nermemizin nedeni budur.<\/p>\n<p>Kaydolabilir ve\u00a0\u00f6m\u00fcr boyu\u00a0ayda <a title=\"SMTP sunucusu professional\" href=\"\/tr\/signup\">6000 \u00fccretsiz e-posta paketi alabilirsiniz<\/a>, daha sonra\u00a0se\u00e7eneklerinize\u00a0en uygun\u00a0plana y\u00fckseltebilirsiniz.<\/p>\n","protected":false},"excerpt":{"rendered":"<p>SMTP\u00a0k\u0131saltmas\u0131, internet \u00fczerinden e-posta ak\u0131\u015f\u0131\u00a0arkas\u0131ndaki prosed\u00fcr olan Simple Mail Transfer Protocol (Basit Posta Aktar\u0131m Protokol\u00fc) anlam\u0131na gelir. Bir e-posta g\u00f6nderdi\u011finiz zaman ne olur? E-posta da\u011f\u0131t\u0131m i\u015flemi asl\u0131nda klasik postaya olduk\u00e7a benzer: organize bir sistem zarf\u0131n\u0131z\u0131 \u00f6nemser ve bir dizi\u00a0ad\u0131mlar\u00a0sonunda al\u0131c\u0131n\u0131z\u0131n gelen kutusuna d\u00fc\u015fer. Bu i\u015flemde, SMTP sunucusu sadece SMTP \u00e7al\u0131\u015ft\u0131ran ve a\u015fa\u011f\u0131 yukar\u0131 postac\u0131 gibi &#8230; <\/p>\n<p class=\"read-more-container\"><a title=\"Bir SMTP sunucusu nedir\" class=\"read-more button\" href=\"https:\/\/serversmtp.com\/tr\/smtp-sunucusu-nedir\/#more-3287\" aria-label=\"Read more about Bir SMTP sunucusu nedir\">Discover more<\/a><\/p>\n","protected":false},"author":3,"featured_media":0,"parent":0,"menu_order":0,"comment_status":"closed","ping_status":"closed","template":"","meta":{"_eb_attr":"","inline_featured_image":false,"_monsterinsights_skip_tracking":false,"_monsterinsights_sitenote_active":false,"_monsterinsights_sitenote_note":"","_monsterinsights_sitenote_category":0,"footnotes":""},"class_list":["post-3287","page","type-page","status-publish"],"yoast_head":"<!-- This site is optimized with the Yoast SEO plugin v25.3.1 - https:\/\/yoast.com\/wordpress\/plugins\/seo\/ -->\n<title>Bir SMTP sunucusu nedir - smtp mail server - professional SMTP service provider<\/title>\n<meta name=\"robots\" content=\"index, follow, max-snippet:-1, max-image-preview:large, max-video-preview:-1\" \/>\n<link rel=\"canonical\" href=\"https:\/\/serversmtp.com\/tr\/smtp-sunucusu-nedir\/\" \/>\n<meta name=\"twitter:label1\" content=\"Tahmini okuma s\u00fcresi\" \/>\n\t<meta name=\"twitter:data1\" content=\"3 dakika\" \/>\n<!-- \/ Yoast SEO plugin. -->","yoast_head_json":{"title":"Bir SMTP sunucusu nedir - smtp mail server - professional SMTP service provider","robots":{"index":"index","follow":"follow","max-snippet":"max-snippet:-1","max-image-preview":"max-image-preview:large","max-video-preview":"max-video-preview:-1"},"canonical":"https:\/\/serversmtp.com\/tr\/smtp-sunucusu-nedir\/","twitter_misc":{"Tahmini okuma s\u00fcresi":"3 dakika"},"schema":{"@context":"https:\/\/schema.org","@graph":[{"@type":"WebPage","@id":"https:\/\/serversmtp.com\/tr\/smtp-sunucusu-nedir\/","url":"https:\/\/serversmtp.com\/tr\/smtp-sunucusu-nedir\/","name":"Bir SMTP sunucusu nedir - smtp mail server - professional SMTP service provider","isPartOf":{"@id":"https:\/\/serversmtp.com\/#website"},"primaryImageOfPage":{"@id":"https:\/\/serversmtp.com\/tr\/smtp-sunucusu-nedir\/#primaryimage"},"image":{"@id":"https:\/\/serversmtp.com\/tr\/smtp-sunucusu-nedir\/#primaryimage"},"thumbnailUrl":"https:\/\/serversmtp.com\/wp-content\/uploads\/2018\/03\/what-is-smtp_0.png","datePublished":"2018-04-27T16:08:00+00:00","dateModified":"2022-02-10T15:36:46+00:00","breadcrumb":{"@id":"https:\/\/serversmtp.com\/tr\/smtp-sunucusu-nedir\/#breadcrumb"},"inLanguage":"tr","potentialAction":[{"@type":"ReadAction","target":["https:\/\/serversmtp.com\/tr\/smtp-sunucusu-nedir\/"]}]},{"@type":"ImageObject","inLanguage":"tr","@id":"https:\/\/serversmtp.com\/tr\/smtp-sunucusu-nedir\/#primaryimage","url":"https:\/\/serversmtp.com\/wp-content\/uploads\/2018\/03\/what-is-smtp_0.png","contentUrl":"https:\/\/serversmtp.com\/wp-content\/uploads\/2018\/03\/what-is-smtp_0.png"},{"@type":"BreadcrumbList","@id":"https:\/\/serversmtp.com\/tr\/smtp-sunucusu-nedir\/#breadcrumb","itemListElement":[{"@type":"ListItem","position":1,"name":"Home","item":"https:\/\/serversmtp.com\/tr\/"},{"@type":"ListItem","position":2,"name":"Bir SMTP sunucusu nedir"}]},{"@type":"WebSite","@id":"https:\/\/serversmtp.com\/#website","url":"https:\/\/serversmtp.com\/","name":"smtp mail server - professional SMTP service provider","description":"smtp mail server - professional SMTP service provider","publisher":{"@id":"https:\/\/serversmtp.com\/#organization"},"potentialAction":[{"@type":"SearchAction","target":{"@type":"EntryPoint","urlTemplate":"https:\/\/serversmtp.com\/?s={search_term_string}"},"query-input":{"@type":"PropertyValueSpecification","valueRequired":true,"valueName":"search_term_string"}}],"inLanguage":"tr"},{"@type":"Organization","@id":"https:\/\/serversmtp.com\/#organization","name":"Delivery Tech","url":"https:\/\/serversmtp.com\/","logo":{"@type":"ImageObject","inLanguage":"tr","@id":"https:\/\/serversmtp.com\/#\/schema\/logo\/image\/","url":"https:\/\/serversmtp.com\/wp-content\/uploads\/2021\/11\/og-image-2.jpg","contentUrl":"https:\/\/serversmtp.com\/wp-content\/uploads\/2021\/11\/og-image-2.jpg","width":1200,"height":1128,"caption":"Delivery Tech"},"image":{"@id":"https:\/\/serversmtp.com\/#\/schema\/logo\/image\/"}}]}},"_links":{"self":[{"href":"https:\/\/serversmtp.com\/tr\/wp-json\/wp\/v2\/pages\/3287"}],"collection":[{"href":"https:\/\/serversmtp.com\/tr\/wp-json\/wp\/v2\/pages"}],"about":[{"href":"https:\/\/serversmtp.com\/tr\/wp-json\/wp\/v2\/types\/page"}],"author":[{"embeddable":true,"href":"https:\/\/serversmtp.com\/tr\/wp-json\/wp\/v2\/users\/3"}],"replies":[{"embeddable":true,"href":"https:\/\/serversmtp.com\/tr\/wp-json\/wp\/v2\/comments?post=3287"}],"version-history":[{"count":3,"href":"https:\/\/serversmtp.com\/tr\/wp-json\/wp\/v2\/pages\/3287\/revisions"}],"predecessor-version":[{"id":3290,"href":"https:\/\/serversmtp.com\/tr\/wp-json\/wp\/v2\/pages\/3287\/revisions\/3290"}],"wp:attachment":[{"href":"https:\/\/serversmtp.com\/tr\/wp-json\/wp\/v2\/media?parent=3287"}],"curies":[{"name":"wp","href":"https:\/\/api.w.org\/{rel}","templated":true}]}}