{"id":3283,"date":"2018-04-27T18:03:27","date_gmt":"2018-04-27T16:03:27","guid":{"rendered":"https:\/\/dev.serversmtp.com\/?page_id=3283"},"modified":"2022-02-10T16:38:51","modified_gmt":"2022-02-10T15:38:51","slug":"smtp-portu","status":"publish","type":"page","link":"https:\/\/serversmtp.com\/tr\/smtp-portu\/","title":{"rendered":"SMTP portu"},"content":{"rendered":"<p><strong>SMTP sunucusunu<\/strong> bir posta istemcisi \u00fczerinde ayarlarken onun i\u00e7in hangi <strong>portu<\/strong> noktas\u0131n\u0131 se\u00e7meniz gerekir?<\/p>\n<p>Basit\u00e7e s\u00f6ylemek gerekirse, bilgisayar &#8220;ports&#8221; noktalar\u0131\u00a0bilgisayar\u0131n\u00a0bir a\u011fa ba\u011fl\u0131 ileti\u015fim u\u00e7 noktalar\u0131d\u0131r. Bunlar, \u00e7e\u015fitli i\u015flemleri ay\u0131rt etmek ve\u00a0i\u015flenmelerini daha kolay hale getirmek i\u00e7in ayr\u0131l\u0131r: yani her birinin belirli bir amac\u0131 vard\u0131r ve belirli bir protokol ile ili\u015fkilidir.<\/p>\n<p>Genellikle bir giden <strong>sunucu portu noktas\u0131 25<\/strong> kullan\u0131r: bu varsay\u0131lan SMTP portu noktas\u0131d\u0131r. Ancak, baz\u0131 IP&#8217;ler etkilendikleri toplu spam ve k\u00f6t\u00fc ama\u00e7l\u0131 yaz\u0131l\u0131m\u00a0trafi\u011fi\u00a0nedeniyle, bunun kullan\u0131m\u0131n\u0131 reddeder. \u00d6rne\u011fin, seyahat ederken ve yeni bir sa\u011flay\u0131c\u0131ya ba\u011flan\u0131rken, ba\u015fka bir ISP&#8217;ye\u00a0ge\u00e7meniz gerekirse, bu sorun \u00f6zellikle daha \u00f6nemli duruma gelir. Bu durumda, engeli \u00f6nlemek i\u00e7in <strong>portu 587<\/strong> veya <strong>portu 465<\/strong> kullanmay\u0131 deneyebilirsiniz.<\/p>\n<p>Daha\u00a0ayr\u0131nt\u0131l\u0131 olarak:\u00a0SSL \u00fczerinden ba\u011flanman\u0131z gerekiyorsa\u00a0portu 465 do\u011fru se\u00e7imken, portu 587 hemen hemen her giden SMTP sunucusu taraf\u0131ndan desteklenir ve \u015fifresiz veya <strong>TLS<\/strong> ba\u011flant\u0131lar\u0131 i\u00e7in yararl\u0131d\u0131r.<\/p>\n<p><a href=\"\/tr\/signup\">turboSMTP<\/a> portu 587 ve 465 \u00fczerinde, ayn\u0131 zamanda 2525 ve 25025 \u00fczerinde de \u00e7al\u0131\u015fabilir. \u00dcstelik, &#8220;ba\u015fka bir ISP&#8221; sorunu\u00a0tamamen\u00a0\u00f6nler:\u00a0asl\u0131nda, varsay\u0131lan olarak SMTP\u00a0ayarlad\u0131ktan sonra, onu tekrar yap\u0131land\u0131rmak veya di\u011fer portu noktalar\u0131na ge\u00e7mek gerekmez.<\/p>\n<p><img decoding=\"async\" class=\"aligncenter wp-image-2355 size-full\" src=\"https:\/\/serversmtp.com\/wp-content\/uploads\/2018\/04\/smtp-ports_0.png\" alt=\"\" width=\"580\" height=\"171\" srcset=\"https:\/\/serversmtp.com\/wp-content\/uploads\/2018\/04\/smtp-ports_0.png 580w, https:\/\/serversmtp.com\/wp-content\/uploads\/2018\/04\/smtp-ports_0-300x88.png 300w, https:\/\/serversmtp.com\/wp-content\/uploads\/2018\/04\/smtp-ports_0-320x94.png 320w, https:\/\/serversmtp.com\/wp-content\/uploads\/2018\/04\/smtp-ports_0-239x70.png 239w\" sizes=\"(max-width: 580px) 100vw, 580px\" \/><\/p>\n","protected":false},"excerpt":{"rendered":"<p>SMTP sunucusunu bir posta istemcisi \u00fczerinde ayarlarken onun i\u00e7in hangi portu noktas\u0131n\u0131 se\u00e7meniz gerekir? Basit\u00e7e s\u00f6ylemek gerekirse, bilgisayar &#8220;ports&#8221; noktalar\u0131\u00a0bilgisayar\u0131n\u00a0bir a\u011fa ba\u011fl\u0131 ileti\u015fim u\u00e7 noktalar\u0131d\u0131r. Bunlar, \u00e7e\u015fitli i\u015flemleri ay\u0131rt etmek ve\u00a0i\u015flenmelerini daha kolay hale getirmek i\u00e7in ayr\u0131l\u0131r: yani her birinin belirli bir amac\u0131 vard\u0131r ve belirli bir protokol ile ili\u015fkilidir. Genellikle bir giden sunucu portu &#8230; <\/p>\n<p class=\"read-more-container\"><a title=\"SMTP portu\" class=\"read-more button\" href=\"https:\/\/serversmtp.com\/tr\/smtp-portu\/#more-3283\" aria-label=\"Read more about SMTP portu\">Discover more<\/a><\/p>\n","protected":false},"author":3,"featured_media":0,"parent":0,"menu_order":0,"comment_status":"closed","ping_status":"closed","template":"","meta":{"_eb_attr":"","inline_featured_image":false,"_monsterinsights_skip_tracking":false,"_monsterinsights_sitenote_active":false,"_monsterinsights_sitenote_note":"","_monsterinsights_sitenote_category":0,"footnotes":""},"class_list":["post-3283","page","type-page","status-publish"],"yoast_head":"<!-- This site is optimized with the Yoast SEO plugin v25.3.1 - https:\/\/yoast.com\/wordpress\/plugins\/seo\/ -->\n<title>SMTP portu - smtp mail server - professional SMTP service provider<\/title>\n<meta name=\"robots\" content=\"index, follow, max-snippet:-1, max-image-preview:large, max-video-preview:-1\" \/>\n<link rel=\"canonical\" href=\"https:\/\/serversmtp.com\/tr\/smtp-portu\/\" \/>\n<meta name=\"twitter:label1\" content=\"Tahmini okuma s\u00fcresi\" \/>\n\t<meta name=\"twitter:data1\" content=\"1 dakika\" \/>\n<!-- \/ Yoast SEO plugin. -->","yoast_head_json":{"title":"SMTP portu - smtp mail server - professional SMTP service provider","robots":{"index":"index","follow":"follow","max-snippet":"max-snippet:-1","max-image-preview":"max-image-preview:large","max-video-preview":"max-video-preview:-1"},"canonical":"https:\/\/serversmtp.com\/tr\/smtp-portu\/","twitter_misc":{"Tahmini okuma s\u00fcresi":"1 dakika"},"schema":{"@context":"https:\/\/schema.org","@graph":[{"@type":"WebPage","@id":"https:\/\/serversmtp.com\/tr\/smtp-portu\/","url":"https:\/\/serversmtp.com\/tr\/smtp-portu\/","name":"SMTP portu - smtp mail server - professional SMTP service provider","isPartOf":{"@id":"https:\/\/serversmtp.com\/tr\/#website"},"primaryImageOfPage":{"@id":"https:\/\/serversmtp.com\/tr\/smtp-portu\/#primaryimage"},"image":{"@id":"https:\/\/serversmtp.com\/tr\/smtp-portu\/#primaryimage"},"thumbnailUrl":"https:\/\/serversmtp.com\/wp-content\/uploads\/2018\/04\/smtp-ports_0.png","datePublished":"2018-04-27T16:03:27+00:00","dateModified":"2022-02-10T15:38:51+00:00","breadcrumb":{"@id":"https:\/\/serversmtp.com\/tr\/smtp-portu\/#breadcrumb"},"inLanguage":"tr","potentialAction":[{"@type":"ReadAction","target":["https:\/\/serversmtp.com\/tr\/smtp-portu\/"]}]},{"@type":"ImageObject","inLanguage":"tr","@id":"https:\/\/serversmtp.com\/tr\/smtp-portu\/#primaryimage","url":"https:\/\/serversmtp.com\/wp-content\/uploads\/2018\/04\/smtp-ports_0.png","contentUrl":"https:\/\/serversmtp.com\/wp-content\/uploads\/2018\/04\/smtp-ports_0.png"},{"@type":"BreadcrumbList","@id":"https:\/\/serversmtp.com\/tr\/smtp-portu\/#breadcrumb","itemListElement":[{"@type":"ListItem","position":1,"name":"Home","item":"https:\/\/serversmtp.com\/tr\/"},{"@type":"ListItem","position":2,"name":"SMTP portu"}]},{"@type":"WebSite","@id":"https:\/\/serversmtp.com\/tr\/#website","url":"https:\/\/serversmtp.com\/tr\/","name":"smtp mail server - professional SMTP service provider","description":"smtp mail server - professional SMTP service provider","publisher":{"@id":"https:\/\/serversmtp.com\/tr\/#organization"},"potentialAction":[{"@type":"SearchAction","target":{"@type":"EntryPoint","urlTemplate":"https:\/\/serversmtp.com\/tr\/?s={search_term_string}"},"query-input":{"@type":"PropertyValueSpecification","valueRequired":true,"valueName":"search_term_string"}}],"inLanguage":"tr"},{"@type":"Organization","@id":"https:\/\/serversmtp.com\/tr\/#organization","name":"Delivery Tech","url":"https:\/\/serversmtp.com\/tr\/","logo":{"@type":"ImageObject","inLanguage":"tr","@id":"https:\/\/serversmtp.com\/tr\/#\/schema\/logo\/image\/","url":"https:\/\/serversmtp.com\/wp-content\/uploads\/2021\/11\/og-image-2.jpg","contentUrl":"https:\/\/serversmtp.com\/wp-content\/uploads\/2021\/11\/og-image-2.jpg","width":1200,"height":1128,"caption":"Delivery Tech"},"image":{"@id":"https:\/\/serversmtp.com\/tr\/#\/schema\/logo\/image\/"}}]}},"_links":{"self":[{"href":"https:\/\/serversmtp.com\/tr\/wp-json\/wp\/v2\/pages\/3283"}],"collection":[{"href":"https:\/\/serversmtp.com\/tr\/wp-json\/wp\/v2\/pages"}],"about":[{"href":"https:\/\/serversmtp.com\/tr\/wp-json\/wp\/v2\/types\/page"}],"author":[{"embeddable":true,"href":"https:\/\/serversmtp.com\/tr\/wp-json\/wp\/v2\/users\/3"}],"replies":[{"embeddable":true,"href":"https:\/\/serversmtp.com\/tr\/wp-json\/wp\/v2\/comments?post=3283"}],"version-history":[{"count":2,"href":"https:\/\/serversmtp.com\/tr\/wp-json\/wp\/v2\/pages\/3283\/revisions"}],"predecessor-version":[{"id":3285,"href":"https:\/\/serversmtp.com\/tr\/wp-json\/wp\/v2\/pages\/3283\/revisions\/3285"}],"wp:attachment":[{"href":"https:\/\/serversmtp.com\/tr\/wp-json\/wp\/v2\/media?parent=3283"}],"curies":[{"name":"wp","href":"https:\/\/api.w.org\/{rel}","templated":true}]}}