{"id":3280,"date":"2018-04-27T18:00:29","date_gmt":"2018-04-27T16:00:29","guid":{"rendered":"https:\/\/dev.serversmtp.com\/?page_id=3280"},"modified":"2018-04-27T18:45:06","modified_gmt":"2018-04-27T16:45:06","slug":"giden-posta-sunucusu","status":"publish","type":"page","link":"https:\/\/serversmtp.com\/tr\/giden-posta-sunucusu\/","title":{"rendered":"Giden posta sunucusu"},"content":{"rendered":"<p>Konu e-posta ile pazarlamaya geldi\u011finde do\u011fru <strong>giden posta sunucusu<\/strong> se\u00e7imi esast\u0131r, ama\u00a0sadece bu\u00a0yetmez. Asl\u0131nda, her\u00a0e-posta\u00a0(bir i\u015f arkada\u015f\u0131n\u0131za ya da bir arkada\u015f\u0131n\u0131za tek bir bile) g\u00f6nderme i\u015fleminde,\u00a0SMTP protokol\u00fc\u00a0&#8220;kullanmas\u0131&#8221; nedeniyle, ayn\u0131 zamanda ve daha s\u0131kl\u0131kla<strong> SMTP sunucusu<\/strong> denen\u00a0b\u00f6yle bir makineye g\u00fcvenirsiniz.<\/p>\n<p>Basit\u00e7e s\u00f6ylemek gerekirse,\u00a0giden posta sunucusu e-postalar\u0131\u00a0istemciniz veya internet postan\u0131zdan\u00a0al\u0131c\u0131lar\u0131n onlar\u0131 alabilece\u011fi\u00a0gelen sunucusu denilen bir ba\u015fka bir bilgisayara aktararak teslim i\u015flemi\u00a0ile ilgilenir. A\u015fa\u011f\u0131 yukar\u0131 bir <strong>dijital postac\u0131<\/strong> gibidir.<\/p>\n<p>Mozilla Thunderbird veya Microsoft Outlook gibi bir posta istemcisi kulland\u0131\u011f\u0131n\u0131z zaman, <strong>do\u011fru sunucu ad\u0131n\u0131<\/strong>, do\u011fru ba\u011flant\u0131 noktas\u0131n\u0131 ve t\u00fcm di\u011fer ayarlar\u0131 sa\u011flayarak, bir giden posta sunucusunu yap\u0131land\u0131rman\u0131n her zaman gerekli olmas\u0131n\u0131n nedeni budur.<\/p>\n<p>Sadece tek bir \u00f6nemli \u015fey:<strong> b\u00fcy\u00fck miktarda\u00a0adreslere<\/strong> bir haber b\u00fclteni veya\u00a0bir teklif gibi toplu e-posta g\u00f6ndermeniz gerekiyorsa,\u00a0asla\u00a0\u00fccretsiz e-posta sa\u011flay\u0131c\u0131lar\u0131\u00a0(Gmail, Yahoo\u00a0&#8230;) ile ili\u015fkili olanlar gibi ortak bir SMTP sunucusu kullanmay\u0131n.<\/p>\n<p>Nedeni basittir. Bunlar toplu postalar i\u015flemek i\u00e7in yap\u0131land\u0131r\u0131lm\u0131\u015f olmad\u0131\u011f\u0131ndan, e-posta ba\u015f\u0131na kullanabilece\u011finiz al\u0131c\u0131 say\u0131s\u0131na bir s\u0131n\u0131r koyarlar. Ayr\u0131ca, mutlaka teslimat sorunlar\u0131n\u0131z olacakt\u0131r: iletilerinizin b\u00fcy\u00fck \u00e7o\u011funlu\u011fu basit olarak\u00a0ISP&#8217;ler ve gelen sunucular\u0131 taraf\u0131ndan <strong>filtre edilecektir<\/strong>.<\/p>\n<p>Bu nedenle, unutmay\u0131n:\u00a0\u00e7ok say\u0131da veya toplu e-postalar g\u00f6ndermek i\u00e7in\u00a0her zaman <strong>turboSMTP gibi profesyonel bir giden sunucuya g\u00fcvenin<\/strong>. Hemen abone olup,\u00a0hemen\u00a0sonsuza kadar ayda <a title=\"profesyonal SMTP\" href=\"\/tr\/signup\">6.000 \u00fccretsiz ileti aktarma alabilirsiniz<\/a>.<\/p>\n","protected":false},"excerpt":{"rendered":"<p>Konu e-posta ile pazarlamaya geldi\u011finde do\u011fru giden posta sunucusu se\u00e7imi esast\u0131r, ama\u00a0sadece bu\u00a0yetmez. Asl\u0131nda, her\u00a0e-posta\u00a0(bir i\u015f arkada\u015f\u0131n\u0131za ya da bir arkada\u015f\u0131n\u0131za tek bir bile) g\u00f6nderme i\u015fleminde,\u00a0SMTP protokol\u00fc\u00a0&#8220;kullanmas\u0131&#8221; nedeniyle, ayn\u0131 zamanda ve daha s\u0131kl\u0131kla SMTP sunucusu denen\u00a0b\u00f6yle bir makineye g\u00fcvenirsiniz. Basit\u00e7e s\u00f6ylemek gerekirse,\u00a0giden posta sunucusu e-postalar\u0131\u00a0istemciniz veya internet postan\u0131zdan\u00a0al\u0131c\u0131lar\u0131n onlar\u0131 alabilece\u011fi\u00a0gelen sunucusu denilen bir ba\u015fka bir &#8230; <\/p>\n<p class=\"read-more-container\"><a title=\"Giden posta sunucusu\" class=\"read-more button\" href=\"https:\/\/serversmtp.com\/tr\/giden-posta-sunucusu\/#more-3280\" aria-label=\"Read more about Giden posta sunucusu\">Discover more<\/a><\/p>\n","protected":false},"author":3,"featured_media":0,"parent":0,"menu_order":0,"comment_status":"closed","ping_status":"closed","template":"g1_template_page_sidebar_right.php","meta":{"_eb_attr":"","inline_featured_image":false,"_monsterinsights_skip_tracking":false,"_monsterinsights_sitenote_active":false,"_monsterinsights_sitenote_note":"","_monsterinsights_sitenote_category":0,"footnotes":""},"class_list":["post-3280","page","type-page","status-publish"],"yoast_head":"<!-- This site is optimized with the Yoast SEO plugin v25.3.1 - https:\/\/yoast.com\/wordpress\/plugins\/seo\/ -->\n<title>Giden posta sunucusu - smtp mail server - professional SMTP service provider<\/title>\n<meta name=\"robots\" content=\"index, follow, max-snippet:-1, max-image-preview:large, max-video-preview:-1\" \/>\n<link rel=\"canonical\" href=\"https:\/\/serversmtp.com\/tr\/giden-posta-sunucusu\/\" \/>\n<meta name=\"twitter:label1\" content=\"Tahmini okuma s\u00fcresi\" \/>\n\t<meta name=\"twitter:data1\" content=\"1 dakika\" \/>\n<!-- \/ Yoast SEO plugin. -->","yoast_head_json":{"title":"Giden posta sunucusu - smtp mail server - professional SMTP service provider","robots":{"index":"index","follow":"follow","max-snippet":"max-snippet:-1","max-image-preview":"max-image-preview:large","max-video-preview":"max-video-preview:-1"},"canonical":"https:\/\/serversmtp.com\/tr\/giden-posta-sunucusu\/","twitter_misc":{"Tahmini okuma s\u00fcresi":"1 dakika"},"schema":{"@context":"https:\/\/schema.org","@graph":[{"@type":"WebPage","@id":"https:\/\/serversmtp.com\/tr\/giden-posta-sunucusu\/","url":"https:\/\/serversmtp.com\/tr\/giden-posta-sunucusu\/","name":"Giden posta sunucusu - smtp mail server - professional SMTP service provider","isPartOf":{"@id":"https:\/\/serversmtp.com\/de\/#website"},"datePublished":"2018-04-27T16:00:29+00:00","dateModified":"2018-04-27T16:45:06+00:00","breadcrumb":{"@id":"https:\/\/serversmtp.com\/tr\/giden-posta-sunucusu\/#breadcrumb"},"inLanguage":"tr","potentialAction":[{"@type":"ReadAction","target":["https:\/\/serversmtp.com\/tr\/giden-posta-sunucusu\/"]}]},{"@type":"BreadcrumbList","@id":"https:\/\/serversmtp.com\/tr\/giden-posta-sunucusu\/#breadcrumb","itemListElement":[{"@type":"ListItem","position":1,"name":"Home","item":"https:\/\/serversmtp.com\/tr\/"},{"@type":"ListItem","position":2,"name":"Giden posta sunucusu"}]},{"@type":"WebSite","@id":"https:\/\/serversmtp.com\/de\/#website","url":"https:\/\/serversmtp.com\/de\/","name":"smtp mail server - professional SMTP service provider","description":"smtp mail server - professional SMTP service provider","publisher":{"@id":"https:\/\/serversmtp.com\/de\/#organization"},"potentialAction":[{"@type":"SearchAction","target":{"@type":"EntryPoint","urlTemplate":"https:\/\/serversmtp.com\/de\/?s={search_term_string}"},"query-input":{"@type":"PropertyValueSpecification","valueRequired":true,"valueName":"search_term_string"}}],"inLanguage":"tr"},{"@type":"Organization","@id":"https:\/\/serversmtp.com\/de\/#organization","name":"Delivery Tech","url":"https:\/\/serversmtp.com\/de\/","logo":{"@type":"ImageObject","inLanguage":"tr","@id":"https:\/\/serversmtp.com\/de\/#\/schema\/logo\/image\/","url":"https:\/\/serversmtp.com\/wp-content\/uploads\/2021\/11\/og-image-2.jpg","contentUrl":"https:\/\/serversmtp.com\/wp-content\/uploads\/2021\/11\/og-image-2.jpg","width":1200,"height":1128,"caption":"Delivery Tech"},"image":{"@id":"https:\/\/serversmtp.com\/de\/#\/schema\/logo\/image\/"}}]}},"_links":{"self":[{"href":"https:\/\/serversmtp.com\/tr\/wp-json\/wp\/v2\/pages\/3280"}],"collection":[{"href":"https:\/\/serversmtp.com\/tr\/wp-json\/wp\/v2\/pages"}],"about":[{"href":"https:\/\/serversmtp.com\/tr\/wp-json\/wp\/v2\/types\/page"}],"author":[{"embeddable":true,"href":"https:\/\/serversmtp.com\/tr\/wp-json\/wp\/v2\/users\/3"}],"replies":[{"embeddable":true,"href":"https:\/\/serversmtp.com\/tr\/wp-json\/wp\/v2\/comments?post=3280"}],"version-history":[{"count":3,"href":"https:\/\/serversmtp.com\/tr\/wp-json\/wp\/v2\/pages\/3280\/revisions"}],"predecessor-version":[{"id":3293,"href":"https:\/\/serversmtp.com\/tr\/wp-json\/wp\/v2\/pages\/3280\/revisions\/3293"}],"wp:attachment":[{"href":"https:\/\/serversmtp.com\/tr\/wp-json\/wp\/v2\/media?parent=3280"}],"curies":[{"name":"wp","href":"https:\/\/api.w.org\/{rel}","templated":true}]}}