{"id":3276,"date":"2018-04-27T17:57:36","date_gmt":"2018-04-27T15:57:36","guid":{"rendered":"https:\/\/dev.serversmtp.com\/?page_id=3276"},"modified":"2022-02-10T16:58:53","modified_gmt":"2022-02-10T15:58:53","slug":"smtp-sunucusunun-ayarlan%ef%bb%bf","status":"publish","type":"page","link":"https:\/\/serversmtp.com\/tr\/smtp-sunucusunun-ayarlan%ef%bb%bf\/","title":{"rendered":"SMTP sunucusunun ayarlan\ufeff"},"content":{"rendered":"<p>Bir posta istemcisi kurmak i\u00e7in, e-postalar\u0131n teslimiyle ilgilenen bir <strong>SMTP sunucusunu yap\u0131land\u0131rmak gereklidir<\/strong>. Neyse ki, SMTP sunucular\u0131n\u0131 yap\u0131land\u0131rma genellikle \u00e7ok kolayd\u0131r &#8211; sadece e-posta yaz\u0131l\u0131m\u0131n\u0131 a\u00e7mak ve ayarlar pencerelerinde do\u011fru SMTP parametrelerini eklemek gerekir.<\/p>\n<p>Yine de Yahoo, Hotmail ya da Gmail gibi \u00fccretsiz e-posta sa\u011flay\u0131c\u0131lar\u0131 ile ili\u015fkili olan bir\u00a0standart\u00a0SMTP kullanman\u0131n\u00a0t\u00fcm mesajlar do\u011fru teslimini (<strong>\u00f6zellikle\u00a0\u00e7ok b\u00fcy\u00fck say\u0131da al\u0131c\u0131ya g\u00f6nderiyorsan\u0131z<\/strong>) sa\u011flamayaca\u011f\u0131n\u0131 unutmay\u0131n.<\/p>\n<p><strong>Profesyonel bir SMTP hizmeti<\/strong> se\u00e7menizi \u00f6nermemizin nedeni budur: turboSMTP ile kaydolabilir ve ayda <strong><a title=\"turboSMTP\" href=\"\/tr\/signup\">6.000 \u00fccretsiz ileti aktarmas\u0131<\/a><\/strong> olan bir \u00f6m\u00fcr boyu paketi alabilirsiniz, daha sonra ihtiya\u00e7 halinde size en uygun plan\u0131 se\u00e7ebilirsiniz.<\/p>\n<p>Ve i\u015fte\u00a0d\u00f6rt ad\u0131mda\u00a0<strong>standart\u00a0SMTP yap\u0131land\u0131rma prosed\u00fcr\u00fc<\/strong>:<\/p>\n<ol>\n<li>Genellikle &#8220;Ara\u00e7lar&#8221; men\u00fcs\u00fcnden, posta istemcisi ses &#8220;Hesap Ayarlar\u0131&#8221; \u00f6\u011fesini se\u00e7in.<\/li>\n<li>&#8220;Giden sunucu (SMTP)&#8221; ses se\u00e7in.<\/li>\n<li>Yeni bir SMTP ayarlamak i\u00e7in &#8220;Ekle &#8230;&#8221; d\u00fc\u011fmesine bas\u0131n. Bir a\u00e7\u0131l\u0131r pencere g\u00f6r\u00fcn\u00fcr.<img decoding=\"async\" class=\"aligncenter wp-image-3278 size-full\" src=\"https:\/\/serversmtp.com\/wp-content\/uploads\/2018\/04\/smtp-sunucusu-1.png\" alt=\"\" width=\"362\" height=\"362\" srcset=\"https:\/\/serversmtp.com\/wp-content\/uploads\/2018\/04\/smtp-sunucusu-1.png 362w, https:\/\/serversmtp.com\/wp-content\/uploads\/2018\/04\/smtp-sunucusu-1-150x150.png 150w, https:\/\/serversmtp.com\/wp-content\/uploads\/2018\/04\/smtp-sunucusu-1-300x300.png 300w, https:\/\/serversmtp.com\/wp-content\/uploads\/2018\/04\/smtp-sunucusu-1-320x320.png 320w, https:\/\/serversmtp.com\/wp-content\/uploads\/2018\/04\/smtp-sunucusu-1-239x239.png 239w, https:\/\/serversmtp.com\/wp-content\/uploads\/2018\/04\/smtp-sunucusu-1-55x55.png 55w\" sizes=\"(max-width: 362px) 100vw, 362px\" \/><\/li>\n<li>\u015eimdi\u00a0sadece\u00a0a\u015fa\u011f\u0131daki gibi sesleri doldurun:<\/li>\n<\/ol>\n<ul>\n<li><strong>A\u00e7\u0131klama<\/strong>:\u00a0sunucuyu tan\u0131mlamak i\u00e7in karar verece\u011finiz bir resmi olmayan\u00a0ad (en iyisi Gmail veya Yahoo gibi\u00a0e-posta sa\u011flay\u0131c\u0131s\u0131n\u0131n ad\u0131n\u0131 kullanmakt\u0131r).<\/li>\n<li><strong>Sunucu Ismi<\/strong>: ger\u00e7ek SMTP sunucusunun \u00f6zellikleri. Bunu ya sa\u011flay\u0131c\u0131n\u0131z\u0131n web sayfas\u0131na bakarak ya da sunucu POP ve SMTP listemizde arayarak bulabilirsiniz.<\/li>\n<li><strong>Port<\/strong>: genellikle SMTP ba\u011flant\u0131 port 25 ile \u00e7al\u0131\u015f\u0131r, ancak ekran resminde\u00a0g\u00f6sterildi\u011fi gibi 587 ou 465 ile de \u00e7al\u0131\u015fabilir. Daha fazla bilgi i\u00e7in, SMTP ba\u011flant\u0131 noktalar\u0131 hakk\u0131nda makalemize g\u00f6z at\u0131n.<\/li>\n<li><strong>Ba\u011flant\u0131 g\u00fcvenli\u011fi<\/strong>: kendi i\u00e7inde, SMTP e-posta aktar\u0131m\u0131 bir \u015fifreleme sa\u011flamaz. Yani, ba\u011flant\u0131n\u0131z\u0131 daha g\u00fcvenli hale getirmek istiyorsan\u0131z \u015fifreli ileti\u015fim i\u00e7in ayr\u0131 bir ba\u011flant\u0131 noktas\u0131 kullanan STARTTLS veya SSL\/TLS uzant\u0131s\u0131 kullanmak iyi bir se\u00e7imdir.<\/li>\n<li><strong>Kimlik do\u011frulama y\u00f6ntemi<\/strong>:\u00a0belirli say\u0131da y\u00f6ntemler\u00a0vard\u0131r (\u015fifreler, CRAM-MD5, KERBEROS vb.)<\/li>\n<\/ul>\n<p>Kullan\u0131c\u0131 Ad\u0131: e-posta adresiniz.<\/p>\n","protected":false},"excerpt":{"rendered":"<p>Bir posta istemcisi kurmak i\u00e7in, e-postalar\u0131n teslimiyle ilgilenen bir SMTP sunucusunu yap\u0131land\u0131rmak gereklidir. Neyse ki, SMTP sunucular\u0131n\u0131 yap\u0131land\u0131rma genellikle \u00e7ok kolayd\u0131r &#8211; sadece e-posta yaz\u0131l\u0131m\u0131n\u0131 a\u00e7mak ve ayarlar pencerelerinde do\u011fru SMTP parametrelerini eklemek gerekir. Yine de Yahoo, Hotmail ya da Gmail gibi \u00fccretsiz e-posta sa\u011flay\u0131c\u0131lar\u0131 ile ili\u015fkili olan bir\u00a0standart\u00a0SMTP kullanman\u0131n\u00a0t\u00fcm mesajlar do\u011fru teslimini (\u00f6zellikle\u00a0\u00e7ok b\u00fcy\u00fck &#8230; <\/p>\n<p class=\"read-more-container\"><a title=\"SMTP sunucusunun ayarlan\ufeff\" class=\"read-more button\" href=\"https:\/\/serversmtp.com\/tr\/smtp-sunucusunun-ayarlan%ef%bb%bf\/#more-3276\" aria-label=\"Read more about SMTP sunucusunun ayarlan\ufeff\">Discover more<\/a><\/p>\n","protected":false},"author":3,"featured_media":0,"parent":0,"menu_order":0,"comment_status":"closed","ping_status":"closed","template":"","meta":{"_eb_attr":"","inline_featured_image":false,"_monsterinsights_skip_tracking":false,"_monsterinsights_sitenote_active":false,"_monsterinsights_sitenote_note":"","_monsterinsights_sitenote_category":0,"footnotes":""},"class_list":["post-3276","page","type-page","status-publish"],"yoast_head":"<!-- This site is optimized with the Yoast SEO plugin v25.3.1 - https:\/\/yoast.com\/wordpress\/plugins\/seo\/ -->\n<title>SMTP sunucusunun ayarlan\ufeff - smtp mail server - professional SMTP service provider<\/title>\n<meta name=\"robots\" content=\"index, follow, max-snippet:-1, max-image-preview:large, max-video-preview:-1\" \/>\n<link rel=\"canonical\" href=\"https:\/\/serversmtp.com\/tr\/smtp-sunucusunun-ayarlan\ufeff\/\" \/>\n<meta name=\"twitter:label1\" content=\"Tahmini okuma s\u00fcresi\" \/>\n\t<meta name=\"twitter:data1\" content=\"2 dakika\" \/>\n<!-- \/ Yoast SEO plugin. -->","yoast_head_json":{"title":"SMTP sunucusunun ayarlan\ufeff - smtp mail server - professional SMTP service provider","robots":{"index":"index","follow":"follow","max-snippet":"max-snippet:-1","max-image-preview":"max-image-preview:large","max-video-preview":"max-video-preview:-1"},"canonical":"https:\/\/serversmtp.com\/tr\/smtp-sunucusunun-ayarlan\ufeff\/","twitter_misc":{"Tahmini okuma s\u00fcresi":"2 dakika"},"schema":{"@context":"https:\/\/schema.org","@graph":[{"@type":"WebPage","@id":"https:\/\/serversmtp.com\/tr\/smtp-sunucusunun-ayarlan%ef%bb%bf\/","url":"https:\/\/serversmtp.com\/tr\/smtp-sunucusunun-ayarlan%ef%bb%bf\/","name":"SMTP sunucusunun ayarlan\ufeff - smtp mail server - professional SMTP service provider","isPartOf":{"@id":"https:\/\/serversmtp.com\/es\/#website"},"primaryImageOfPage":{"@id":"https:\/\/serversmtp.com\/tr\/smtp-sunucusunun-ayarlan%ef%bb%bf\/#primaryimage"},"image":{"@id":"https:\/\/serversmtp.com\/tr\/smtp-sunucusunun-ayarlan%ef%bb%bf\/#primaryimage"},"thumbnailUrl":"https:\/\/serversmtp.com\/wp-content\/uploads\/2018\/04\/smtp-sunucusu-1.png","datePublished":"2018-04-27T15:57:36+00:00","dateModified":"2022-02-10T15:58:53+00:00","breadcrumb":{"@id":"https:\/\/serversmtp.com\/tr\/smtp-sunucusunun-ayarlan%ef%bb%bf\/#breadcrumb"},"inLanguage":"tr","potentialAction":[{"@type":"ReadAction","target":["https:\/\/serversmtp.com\/tr\/smtp-sunucusunun-ayarlan%ef%bb%bf\/"]}]},{"@type":"ImageObject","inLanguage":"tr","@id":"https:\/\/serversmtp.com\/tr\/smtp-sunucusunun-ayarlan%ef%bb%bf\/#primaryimage","url":"https:\/\/serversmtp.com\/wp-content\/uploads\/2018\/04\/smtp-sunucusu-1.png","contentUrl":"https:\/\/serversmtp.com\/wp-content\/uploads\/2018\/04\/smtp-sunucusu-1.png"},{"@type":"BreadcrumbList","@id":"https:\/\/serversmtp.com\/tr\/smtp-sunucusunun-ayarlan%ef%bb%bf\/#breadcrumb","itemListElement":[{"@type":"ListItem","position":1,"name":"Home","item":"https:\/\/serversmtp.com\/tr\/"},{"@type":"ListItem","position":2,"name":"SMTP sunucusunun ayarlan\ufeff"}]},{"@type":"WebSite","@id":"https:\/\/serversmtp.com\/es\/#website","url":"https:\/\/serversmtp.com\/es\/","name":"smtp mail server - professional SMTP service provider","description":"smtp mail server - professional SMTP service provider","publisher":{"@id":"https:\/\/serversmtp.com\/es\/#organization"},"potentialAction":[{"@type":"SearchAction","target":{"@type":"EntryPoint","urlTemplate":"https:\/\/serversmtp.com\/es\/?s={search_term_string}"},"query-input":{"@type":"PropertyValueSpecification","valueRequired":true,"valueName":"search_term_string"}}],"inLanguage":"tr"},{"@type":"Organization","@id":"https:\/\/serversmtp.com\/es\/#organization","name":"Delivery Tech","url":"https:\/\/serversmtp.com\/es\/","logo":{"@type":"ImageObject","inLanguage":"tr","@id":"https:\/\/serversmtp.com\/es\/#\/schema\/logo\/image\/","url":"https:\/\/serversmtp.com\/wp-content\/uploads\/2021\/11\/og-image-2.jpg","contentUrl":"https:\/\/serversmtp.com\/wp-content\/uploads\/2021\/11\/og-image-2.jpg","width":1200,"height":1128,"caption":"Delivery Tech"},"image":{"@id":"https:\/\/serversmtp.com\/es\/#\/schema\/logo\/image\/"}}]}},"_links":{"self":[{"href":"https:\/\/serversmtp.com\/tr\/wp-json\/wp\/v2\/pages\/3276"}],"collection":[{"href":"https:\/\/serversmtp.com\/tr\/wp-json\/wp\/v2\/pages"}],"about":[{"href":"https:\/\/serversmtp.com\/tr\/wp-json\/wp\/v2\/types\/page"}],"author":[{"embeddable":true,"href":"https:\/\/serversmtp.com\/tr\/wp-json\/wp\/v2\/users\/3"}],"replies":[{"embeddable":true,"href":"https:\/\/serversmtp.com\/tr\/wp-json\/wp\/v2\/comments?post=3276"}],"version-history":[{"count":2,"href":"https:\/\/serversmtp.com\/tr\/wp-json\/wp\/v2\/pages\/3276\/revisions"}],"predecessor-version":[{"id":3279,"href":"https:\/\/serversmtp.com\/tr\/wp-json\/wp\/v2\/pages\/3276\/revisions\/3279"}],"wp:attachment":[{"href":"https:\/\/serversmtp.com\/tr\/wp-json\/wp\/v2\/media?parent=3276"}],"curies":[{"name":"wp","href":"https:\/\/api.w.org\/{rel}","templated":true}]}}