{"id":3271,"date":"2018-04-27T17:50:58","date_gmt":"2018-04-27T15:50:58","guid":{"rendered":"https:\/\/dev.serversmtp.com\/?page_id=3271"},"modified":"2022-02-10T17:27:24","modified_gmt":"2022-02-10T16:27:24","slug":"microsoft-exchange-sunucusu","status":"publish","type":"page","link":"https:\/\/serversmtp.com\/tr\/microsoft-exchange-sunucusu\/","title":{"rendered":"Microsoft Exchange i\u00e7in SMTP sunucusu"},"content":{"rendered":"<p><strong>Microsoft Exchange<\/strong> e-postalar\u0131 y\u00f6netmek ve g\u00f6ndermek i\u00e7in g\u00fc\u00e7l\u00fc bir ara\u00e7t\u0131r. Bir <strong>SMTP konnekt\u00f6r\u00fcn\u00fcn<\/strong> saf Exchange\u00a020xx ortamlar\u0131nda gerekli olmamas\u0131na ra\u011fmen, uygun bir e-posta ak\u0131\u015f\u0131n\u0131 sa\u011flamak i\u00e7in bu \u00f6nemlidir: dahas\u0131, <strong><a title=\"profesyonal smtp\" href=\"\/tr\/signup\">profesyonel bir SMTP hizmeti<\/a><\/strong> g\u00fcvenmek\u00a0t\u00fcm iletilerinizi ama\u00e7lanan\u00a0gelen kutular\u0131na alarak teslim oran\u0131n\u0131z\u0131\u00a0art\u0131racakt\u0131r. (Ayr\u0131ca, turboSMTP iletileriniz ile al\u0131c\u0131lar\u0131n etkile\u015fimlerini izlemek i\u00e7in\u00a0geni\u015f bir yelpazede\u00a0analitik ara\u00e7lar sunmaktad\u0131r).<\/p>\n<p>\u0130\u015fte <strong>Microsof Exchange i\u00e7in bir SMTP bar\u0131nd\u0131r\u0131c\u0131 kurmak i\u00e7in gerekli bilgiler<\/strong>:<\/p>\n<p><strong>1.<\/strong> Exchange uygulamas\u0131na\u00a0girin.<\/p>\n<p><strong>2.<\/strong> &#8220;Ba\u015flat \u2192 T\u00fcm Programlar \u2192 Microsoft Exchange&#8221; men\u00fcs\u00fcnden &#8220;Exchange Y\u00f6netim Konsolu&#8221; \u00f6\u011fesini se\u00e7in.<\/p>\n<p><strong>3.<\/strong> &#8220;Hub Ta\u015f\u0131ma&#8221; \u00f6\u011fesini se\u00e7in ve &#8220;Yeni G\u00f6nder Konnekt\u00f6r\u00fc&#8221; \u00f6\u011fesine\u00a0t\u0131klay\u0131n. (G\u00f6nder konnekt\u00f6r\u00fc giden e-postalar\u0131n ak\u0131\u015f\u0131n\u0131n kontrol\u00fcnden sorumludur: SMTP sunucunuzun rol\u00fc olacak).<\/p>\n<p><strong>4.<\/strong> G\u00f6nder Konnekt\u00f6r\u00fc i\u00e7in genel bir ad se\u00e7in ve a\u015fa\u011f\u0131ya a\u00e7\u0131l\u0131r men\u00fcden &#8220;Ama\u00e7lanan Kullan\u0131m i\u00e7in \u0130nternet&#8221; se\u00e7ene\u011fine t\u0131klay\u0131n. Ard\u0131ndan &#8220;\u0130leri&#8221; \u00f6\u011fesine t\u0131klay\u0131n, a\u015fa\u011f\u0131daki pencere a\u00e7\u0131lacakt\u0131r:<\/p>\n<p><img decoding=\"async\" class=\"aligncenter wp-image-3273 size-full\" src=\"https:\/\/serversmtp.com\/wp-content\/uploads\/2018\/04\/microsoft-exchange-smtp-server.jpg\" alt=\"\" width=\"637\" height=\"556\" srcset=\"https:\/\/serversmtp.com\/wp-content\/uploads\/2018\/04\/microsoft-exchange-smtp-server.jpg 637w, https:\/\/serversmtp.com\/wp-content\/uploads\/2018\/04\/microsoft-exchange-smtp-server-300x262.jpg 300w, https:\/\/serversmtp.com\/wp-content\/uploads\/2018\/04\/microsoft-exchange-smtp-server-636x555.jpg 636w, https:\/\/serversmtp.com\/wp-content\/uploads\/2018\/04\/microsoft-exchange-smtp-server-320x279.jpg 320w, https:\/\/serversmtp.com\/wp-content\/uploads\/2018\/04\/microsoft-exchange-smtp-server-239x209.jpg 239w\" sizes=\"(max-width: 637px) 100vw, 637px\" \/><br \/>\n<strong>5.<\/strong> &#8220;Ekle&#8221; \u00f6\u011fesine t\u0131klay\u0131n\u00a0ve hangi etki alan\u0131 olursa olsun e-postalar\u0131 g\u00f6ndermek i\u00e7in &#8220;Adres&#8221; alan\u0131na &#8220;*&#8221; girin. Ard\u0131ndan &#8220;\u0130leri&#8221; \u00f6\u011fesine t\u0131klay\u0131n\u00a0ve sonraki sayfaya gidin &#8211; bir tu\u015funa.<\/p>\n<p><strong>6.<\/strong> Burada &#8220;a\u015fa\u011f\u0131daki ak\u0131ll\u0131 bar\u0131nd\u0131r\u0131c\u0131lar \u00fczerinden postay\u0131\u00a0y\u00f6nlendir&#8221; \u00f6\u011fesini se\u00e7in, &#8220;Ekle&#8221; \u00f6\u011fesine\u00a0t\u0131klay\u0131n &#8220;Tam nitelikli etki alan\u0131 ad\u0131 (FQDN) \u00f6\u011fesi&#8221; se\u00e7in ve SMTP sunucusu ad\u0131n\u0131 girin. Bilmiyorsan\u0131z, en yayg\u0131n olanlar listemize bakabilirsiniz. turboSMTP kullan\u0131yorsan\u0131z, <strong>pro.turbo-smtp.com<\/strong> yaz\u0131n. Daha sonra &#8220;\u0130leri&#8221; d\u00fc\u011fmesine t\u0131klay\u0131n.<\/p>\n<p><strong>7.<\/strong> &#8220;Temel Kimlik Do\u011frulamas\u0131&#8221; \u00f6\u011fesini se\u00e7in ve\u00a0do\u011frulanm\u0131\u015f e-posta g\u00f6nderiyorsan\u0131z &#8220;TLS \u00fczerinden Temel Kimlik Do\u011frulamas\u0131&#8221; \u00f6\u011fesine i\u015faret koyun: ard\u0131ndan\u00a0SMTP kullan\u0131c\u0131 ad\u0131 ve \u015fifrenizi girin (turboSMTP kullan\u0131yorsan\u0131z, bunlar\u0131 abonelik ile ald\u0131n\u0131z). &#8220;\u0130leri&#8221; \u00f6\u011fesine t\u0131klay\u0131n ve t\u00fcm ayarlar\u0131n\u0131z\u0131n do\u011fru olup olmad\u0131\u011f\u0131n\u0131 kontrol edin, daha sonra &#8220;Yeni&#8221; d\u00fc\u011fmesine t\u0131klay\u0131n. Sistem i\u015flemi do\u011frular ve\u00a0bir onay ald\u0131ktan sonra &#8220;Bitti&#8221; d\u00fc\u011fmesine t\u0131klay\u0131n.<\/p>\n<p>\u0130\u015fte bu kadar, art\u0131k <strong>bir SMTP sunucusu ile Microsoft Exchange<\/strong> uygulamas\u0131n\u0131 kullanmaya haz\u0131rs\u0131n\u0131z.<\/p>\n<p>Kullan\u0131lacak ba\u011flant\u0131 noktas\u0131 ile ilgili olarak,\u00a0normalde Microsoft Exchange bir do\u011frulama gerektirmez, yani ba\u011flant\u0131 noktas\u0131 25 \u00fczerinden \u00e7al\u0131\u015f\u0131r. Ancak,\u00a0kimlik do\u011frulama arac\u0131l\u0131\u011f\u0131yla g\u00f6nderirseniz 465 ba\u011flant\u0131 noktas\u0131na ge\u00e7menizi \u00f6neriyoruz.<\/p>\n","protected":false},"excerpt":{"rendered":"<p>Microsoft Exchange e-postalar\u0131 y\u00f6netmek ve g\u00f6ndermek i\u00e7in g\u00fc\u00e7l\u00fc bir ara\u00e7t\u0131r. Bir SMTP konnekt\u00f6r\u00fcn\u00fcn saf Exchange\u00a020xx ortamlar\u0131nda gerekli olmamas\u0131na ra\u011fmen, uygun bir e-posta ak\u0131\u015f\u0131n\u0131 sa\u011flamak i\u00e7in bu \u00f6nemlidir: dahas\u0131, profesyonel bir SMTP hizmeti g\u00fcvenmek\u00a0t\u00fcm iletilerinizi ama\u00e7lanan\u00a0gelen kutular\u0131na alarak teslim oran\u0131n\u0131z\u0131\u00a0art\u0131racakt\u0131r. (Ayr\u0131ca, turboSMTP iletileriniz ile al\u0131c\u0131lar\u0131n etkile\u015fimlerini izlemek i\u00e7in\u00a0geni\u015f bir yelpazede\u00a0analitik ara\u00e7lar sunmaktad\u0131r). \u0130\u015fte Microsof Exchange i\u00e7in &#8230; <\/p>\n<p class=\"read-more-container\"><a title=\"Microsoft Exchange i\u00e7in SMTP sunucusu\" class=\"read-more button\" href=\"https:\/\/serversmtp.com\/tr\/microsoft-exchange-sunucusu\/#more-3271\" aria-label=\"Read more about Microsoft Exchange i\u00e7in SMTP sunucusu\">Discover more<\/a><\/p>\n","protected":false},"author":3,"featured_media":0,"parent":0,"menu_order":0,"comment_status":"closed","ping_status":"closed","template":"","meta":{"_eb_attr":"","inline_featured_image":false,"_monsterinsights_skip_tracking":false,"_monsterinsights_sitenote_active":false,"_monsterinsights_sitenote_note":"","_monsterinsights_sitenote_category":0,"footnotes":""},"class_list":["post-3271","page","type-page","status-publish"],"yoast_head":"<!-- This site is optimized with the Yoast SEO plugin v25.3.1 - https:\/\/yoast.com\/wordpress\/plugins\/seo\/ -->\n<title>Microsoft Exchange i\u00e7in SMTP sunucusu - smtp mail server - professional SMTP service provider<\/title>\n<meta name=\"robots\" content=\"index, follow, max-snippet:-1, max-image-preview:large, max-video-preview:-1\" \/>\n<link rel=\"canonical\" href=\"https:\/\/serversmtp.com\/tr\/microsoft-exchange-sunucusu\/\" \/>\n<meta name=\"twitter:label1\" content=\"Tahmini okuma s\u00fcresi\" \/>\n\t<meta name=\"twitter:data1\" content=\"2 dakika\" \/>\n<!-- \/ Yoast SEO plugin. -->","yoast_head_json":{"title":"Microsoft Exchange i\u00e7in SMTP sunucusu - smtp mail server - professional SMTP service provider","robots":{"index":"index","follow":"follow","max-snippet":"max-snippet:-1","max-image-preview":"max-image-preview:large","max-video-preview":"max-video-preview:-1"},"canonical":"https:\/\/serversmtp.com\/tr\/microsoft-exchange-sunucusu\/","twitter_misc":{"Tahmini okuma s\u00fcresi":"2 dakika"},"schema":{"@context":"https:\/\/schema.org","@graph":[{"@type":"WebPage","@id":"https:\/\/serversmtp.com\/tr\/microsoft-exchange-sunucusu\/","url":"https:\/\/serversmtp.com\/tr\/microsoft-exchange-sunucusu\/","name":"Microsoft Exchange i\u00e7in SMTP sunucusu - smtp mail server - professional SMTP service provider","isPartOf":{"@id":"https:\/\/serversmtp.com\/fr\/#website"},"primaryImageOfPage":{"@id":"https:\/\/serversmtp.com\/tr\/microsoft-exchange-sunucusu\/#primaryimage"},"image":{"@id":"https:\/\/serversmtp.com\/tr\/microsoft-exchange-sunucusu\/#primaryimage"},"thumbnailUrl":"https:\/\/serversmtp.com\/wp-content\/uploads\/2018\/04\/microsoft-exchange-smtp-server.jpg","datePublished":"2018-04-27T15:50:58+00:00","dateModified":"2022-02-10T16:27:24+00:00","breadcrumb":{"@id":"https:\/\/serversmtp.com\/tr\/microsoft-exchange-sunucusu\/#breadcrumb"},"inLanguage":"tr","potentialAction":[{"@type":"ReadAction","target":["https:\/\/serversmtp.com\/tr\/microsoft-exchange-sunucusu\/"]}]},{"@type":"ImageObject","inLanguage":"tr","@id":"https:\/\/serversmtp.com\/tr\/microsoft-exchange-sunucusu\/#primaryimage","url":"https:\/\/serversmtp.com\/wp-content\/uploads\/2018\/04\/microsoft-exchange-smtp-server.jpg","contentUrl":"https:\/\/serversmtp.com\/wp-content\/uploads\/2018\/04\/microsoft-exchange-smtp-server.jpg"},{"@type":"BreadcrumbList","@id":"https:\/\/serversmtp.com\/tr\/microsoft-exchange-sunucusu\/#breadcrumb","itemListElement":[{"@type":"ListItem","position":1,"name":"Home","item":"https:\/\/serversmtp.com\/tr\/"},{"@type":"ListItem","position":2,"name":"Microsoft Exchange i\u00e7in SMTP sunucusu"}]},{"@type":"WebSite","@id":"https:\/\/serversmtp.com\/fr\/#website","url":"https:\/\/serversmtp.com\/fr\/","name":"smtp mail server - professional SMTP service provider","description":"smtp mail server - professional SMTP service provider","publisher":{"@id":"https:\/\/serversmtp.com\/fr\/#organization"},"potentialAction":[{"@type":"SearchAction","target":{"@type":"EntryPoint","urlTemplate":"https:\/\/serversmtp.com\/fr\/?s={search_term_string}"},"query-input":{"@type":"PropertyValueSpecification","valueRequired":true,"valueName":"search_term_string"}}],"inLanguage":"tr"},{"@type":"Organization","@id":"https:\/\/serversmtp.com\/fr\/#organization","name":"Delivery Tech","url":"https:\/\/serversmtp.com\/fr\/","logo":{"@type":"ImageObject","inLanguage":"tr","@id":"https:\/\/serversmtp.com\/fr\/#\/schema\/logo\/image\/","url":"https:\/\/serversmtp.com\/wp-content\/uploads\/2021\/11\/og-image-2.jpg","contentUrl":"https:\/\/serversmtp.com\/wp-content\/uploads\/2021\/11\/og-image-2.jpg","width":1200,"height":1128,"caption":"Delivery Tech"},"image":{"@id":"https:\/\/serversmtp.com\/fr\/#\/schema\/logo\/image\/"}}]}},"_links":{"self":[{"href":"https:\/\/serversmtp.com\/tr\/wp-json\/wp\/v2\/pages\/3271"}],"collection":[{"href":"https:\/\/serversmtp.com\/tr\/wp-json\/wp\/v2\/pages"}],"about":[{"href":"https:\/\/serversmtp.com\/tr\/wp-json\/wp\/v2\/types\/page"}],"author":[{"embeddable":true,"href":"https:\/\/serversmtp.com\/tr\/wp-json\/wp\/v2\/users\/3"}],"replies":[{"embeddable":true,"href":"https:\/\/serversmtp.com\/tr\/wp-json\/wp\/v2\/comments?post=3271"}],"version-history":[{"count":2,"href":"https:\/\/serversmtp.com\/tr\/wp-json\/wp\/v2\/pages\/3271\/revisions"}],"predecessor-version":[{"id":3274,"href":"https:\/\/serversmtp.com\/tr\/wp-json\/wp\/v2\/pages\/3271\/revisions\/3274"}],"wp:attachment":[{"href":"https:\/\/serversmtp.com\/tr\/wp-json\/wp\/v2\/media?parent=3271"}],"curies":[{"name":"wp","href":"https:\/\/api.w.org\/{rel}","templated":true}]}}