{"id":3267,"date":"2018-04-27T17:47:02","date_gmt":"2018-04-27T15:47:02","guid":{"rendered":"https:\/\/dev.serversmtp.com\/?page_id=3267"},"modified":"2022-02-10T17:07:20","modified_gmt":"2022-02-10T16:07:20","slug":"outlook-smtp-ayarlari","status":"publish","type":"page","link":"https:\/\/serversmtp.com\/tr\/outlook-smtp-ayarlari\/","title":{"rendered":"Outlook i\u00e7in SMTP ayarlar\u0131"},"content":{"rendered":"<p>Outlook i\u00e7in bir <strong>SMTP sunucusu<\/strong> kurmak ve e-postalar\u0131n\u0131z\u0131 g\u00f6ndermeye ba\u015flamak i\u00e7in baz\u0131 basit ad\u0131mlar\u0131 takip etmek gerekir. Ne olursa olsun,\u00a0sadece e-postalar\u0131n\u0131z\u0131n tam teslim edilebilirli\u011fini garanti edecek\u00a0<strong><a title=\"profesyonel SMTP\" href=\"\/tr\/signup\">profesyonel bir SMTP<\/a><\/strong> hizmetine g\u00fcvenmek gerekti\u011fini unutmay\u0131n: asl\u0131nda, Gmail veya Hotmail sunucular\u0131 gibi normal giden sunucular\u0131 ciddi k\u0131s\u0131tlamalar ile birlikte gelir ve en y\u00fcksek teslim oran\u0131n\u0131\u00a0sa\u011flayamaz.<\/p>\n<p>Ve i\u015fte <strong>Outlook SMTP yap\u0131land\u0131rmas\u0131<\/strong>:<\/p>\n<p><strong>1.<\/strong> &#8220;Ara\u00e7lar&#8221; men\u00fcs\u00fcnden &#8220;Hesap Ayarlar\u0131&#8230;&#8221; \u00f6\u011fesini se\u00e7in.<\/p>\n<p><strong>2.<\/strong> E-posta hesab\u0131n\u0131z\u0131 se\u00e7in ve &#8220;De\u011fi\u015ftir&#8221; d\u00fc\u011fmesine t\u0131klay\u0131n.<\/p>\n<p><strong>3. &#8220;<\/strong>Giden posta sunucusu (SMTP)&#8221; alan\u0131na sunucu ad\u0131n\u0131 yaz\u0131n. Bilmiyorsan\u0131z, en pop\u00fcler sa\u011flay\u0131c\u0131lar\u0131n SMTP ayr\u0131nt\u0131lar\u0131 i\u00e7in kullan\u0131\u015fl\u0131 k\u0131lavuzumuza g\u00f6z atabilirsiniz.<\/p>\n<p><strong>4.<\/strong> &#8220;Di\u011fer Ayarlar &#8230;&#8221; se\u00e7ene\u011fini t\u0131klay\u0131n d\u00fc\u011fmesine bas\u0131n.<\/p>\n<p><strong>5. <\/strong>&#8220;Giden Sunucu&#8221; sekmesini se\u00e7in.<\/p>\n<p><strong>6.<\/strong> E\u011fer kimlik do\u011frulamas\u0131 ile e-postalar g\u00f6ndermek istiyorsan\u0131z, &#8220;Giden sunucu (SMTP) kimlik do\u011frulamas\u0131 gerektiriyor&#8221; kutusunu i\u015faretleyin. Sonra &#8220;kullanarak oturum&#8221; se\u00e7ene\u011fini se\u00e7in.<\/p>\n<p><strong>7.<\/strong> Kullan\u0131c\u0131 ad\u0131n\u0131z\u0131 (g\u00f6ndermek i\u00e7in kulland\u0131\u011f\u0131n\u0131z e-posta adresi) ve \u015fifrenizi girin.<\/p>\n<p><strong>8.<\/strong> &#8220;Giden sunucu (SMTP)&#8221; sekmesinde SMTP ba\u011flant\u0131 noktas\u0131\u00a025 olarak ayarlay\u0131n. Baz\u0131 gelen sunucular\u0131\u00a0b\u00fcy\u00fck miktarda\u00a0spam\u00a0nedeniyle bu ba\u011flant\u0131 noktas\u0131na gelen e-postalar\u0131 reddedebilir, bu nedenle b\u00f6yle bir durumda her zaman di\u011ferine ge\u00e7i\u015f yapabilirsiniz.<\/p>\n<p><strong>9.<\/strong> &#8220;Tamam&#8221;, &#8220;\u0130leri&gt;&#8221; ve &#8220;Bitti&#8221; \u00f6\u011felerine t\u0131klay\u0131n.<\/p>\n<p>\u0130\u015fte oldu, e-posta g\u00f6ndermeye ba\u015flayabilirsiniz!<\/p>\n","protected":false},"excerpt":{"rendered":"<p>Outlook i\u00e7in bir SMTP sunucusu kurmak ve e-postalar\u0131n\u0131z\u0131 g\u00f6ndermeye ba\u015flamak i\u00e7in baz\u0131 basit ad\u0131mlar\u0131 takip etmek gerekir. Ne olursa olsun,\u00a0sadece e-postalar\u0131n\u0131z\u0131n tam teslim edilebilirli\u011fini garanti edecek\u00a0profesyonel bir SMTP hizmetine g\u00fcvenmek gerekti\u011fini unutmay\u0131n: asl\u0131nda, Gmail veya Hotmail sunucular\u0131 gibi normal giden sunucular\u0131 ciddi k\u0131s\u0131tlamalar ile birlikte gelir ve en y\u00fcksek teslim oran\u0131n\u0131\u00a0sa\u011flayamaz. Ve i\u015fte Outlook SMTP &#8230; <\/p>\n<p class=\"read-more-container\"><a title=\"Outlook i\u00e7in SMTP ayarlar\u0131\" class=\"read-more button\" href=\"https:\/\/serversmtp.com\/tr\/outlook-smtp-ayarlari\/#more-3267\" aria-label=\"Read more about Outlook i\u00e7in SMTP ayarlar\u0131\">Discover more<\/a><\/p>\n","protected":false},"author":3,"featured_media":0,"parent":0,"menu_order":0,"comment_status":"closed","ping_status":"closed","template":"","meta":{"_eb_attr":"","inline_featured_image":false,"_monsterinsights_skip_tracking":false,"_monsterinsights_sitenote_active":false,"_monsterinsights_sitenote_note":"","_monsterinsights_sitenote_category":0,"footnotes":""},"class_list":["post-3267","page","type-page","status-publish"],"yoast_head":"<!-- This site is optimized with the Yoast SEO plugin v25.3.1 - https:\/\/yoast.com\/wordpress\/plugins\/seo\/ -->\n<title>Outlook i\u00e7in SMTP ayarlar\u0131 - smtp mail server - professional SMTP service provider<\/title>\n<meta name=\"robots\" content=\"index, follow, max-snippet:-1, max-image-preview:large, max-video-preview:-1\" \/>\n<link rel=\"canonical\" href=\"https:\/\/serversmtp.com\/tr\/outlook-smtp-ayarlari\/\" \/>\n<meta name=\"twitter:label1\" content=\"Tahmini okuma s\u00fcresi\" \/>\n\t<meta name=\"twitter:data1\" content=\"1 dakika\" \/>\n<!-- \/ Yoast SEO plugin. -->","yoast_head_json":{"title":"Outlook i\u00e7in SMTP ayarlar\u0131 - smtp mail server - professional SMTP service provider","robots":{"index":"index","follow":"follow","max-snippet":"max-snippet:-1","max-image-preview":"max-image-preview:large","max-video-preview":"max-video-preview:-1"},"canonical":"https:\/\/serversmtp.com\/tr\/outlook-smtp-ayarlari\/","twitter_misc":{"Tahmini okuma s\u00fcresi":"1 dakika"},"schema":{"@context":"https:\/\/schema.org","@graph":[{"@type":"WebPage","@id":"https:\/\/serversmtp.com\/tr\/outlook-smtp-ayarlari\/","url":"https:\/\/serversmtp.com\/tr\/outlook-smtp-ayarlari\/","name":"Outlook i\u00e7in SMTP ayarlar\u0131 - smtp mail server - professional SMTP service provider","isPartOf":{"@id":"https:\/\/serversmtp.com\/de\/#website"},"datePublished":"2018-04-27T15:47:02+00:00","dateModified":"2022-02-10T16:07:20+00:00","breadcrumb":{"@id":"https:\/\/serversmtp.com\/tr\/outlook-smtp-ayarlari\/#breadcrumb"},"inLanguage":"tr","potentialAction":[{"@type":"ReadAction","target":["https:\/\/serversmtp.com\/tr\/outlook-smtp-ayarlari\/"]}]},{"@type":"BreadcrumbList","@id":"https:\/\/serversmtp.com\/tr\/outlook-smtp-ayarlari\/#breadcrumb","itemListElement":[{"@type":"ListItem","position":1,"name":"Home","item":"https:\/\/serversmtp.com\/tr\/"},{"@type":"ListItem","position":2,"name":"Outlook i\u00e7in SMTP ayarlar\u0131"}]},{"@type":"WebSite","@id":"https:\/\/serversmtp.com\/de\/#website","url":"https:\/\/serversmtp.com\/de\/","name":"smtp mail server - professional SMTP service provider","description":"smtp mail server - professional SMTP service provider","publisher":{"@id":"https:\/\/serversmtp.com\/de\/#organization"},"potentialAction":[{"@type":"SearchAction","target":{"@type":"EntryPoint","urlTemplate":"https:\/\/serversmtp.com\/de\/?s={search_term_string}"},"query-input":{"@type":"PropertyValueSpecification","valueRequired":true,"valueName":"search_term_string"}}],"inLanguage":"tr"},{"@type":"Organization","@id":"https:\/\/serversmtp.com\/de\/#organization","name":"Delivery Tech","url":"https:\/\/serversmtp.com\/de\/","logo":{"@type":"ImageObject","inLanguage":"tr","@id":"https:\/\/serversmtp.com\/de\/#\/schema\/logo\/image\/","url":"https:\/\/serversmtp.com\/wp-content\/uploads\/2021\/11\/og-image-2.jpg","contentUrl":"https:\/\/serversmtp.com\/wp-content\/uploads\/2021\/11\/og-image-2.jpg","width":1200,"height":1128,"caption":"Delivery Tech"},"image":{"@id":"https:\/\/serversmtp.com\/de\/#\/schema\/logo\/image\/"}}]}},"_links":{"self":[{"href":"https:\/\/serversmtp.com\/tr\/wp-json\/wp\/v2\/pages\/3267"}],"collection":[{"href":"https:\/\/serversmtp.com\/tr\/wp-json\/wp\/v2\/pages"}],"about":[{"href":"https:\/\/serversmtp.com\/tr\/wp-json\/wp\/v2\/types\/page"}],"author":[{"embeddable":true,"href":"https:\/\/serversmtp.com\/tr\/wp-json\/wp\/v2\/users\/3"}],"replies":[{"embeddable":true,"href":"https:\/\/serversmtp.com\/tr\/wp-json\/wp\/v2\/comments?post=3267"}],"version-history":[{"count":3,"href":"https:\/\/serversmtp.com\/tr\/wp-json\/wp\/v2\/pages\/3267\/revisions"}],"predecessor-version":[{"id":3292,"href":"https:\/\/serversmtp.com\/tr\/wp-json\/wp\/v2\/pages\/3267\/revisions\/3292"}],"wp:attachment":[{"href":"https:\/\/serversmtp.com\/tr\/wp-json\/wp\/v2\/media?parent=3267"}],"curies":[{"name":"wp","href":"https:\/\/api.w.org\/{rel}","templated":true}]}}