{"id":3263,"date":"2018-04-27T17:43:46","date_gmt":"2018-04-27T15:43:46","guid":{"rendered":"https:\/\/dev.serversmtp.com\/?page_id=3263"},"modified":"2022-02-10T16:46:36","modified_gmt":"2022-02-10T15:46:36","slug":"hotmail-smtp-yapilandirmasi","status":"publish","type":"page","link":"https:\/\/serversmtp.com\/tr\/hotmail-smtp-yapilandirmasi\/","title":{"rendered":"Hotmail SMTP yap\u0131land\u0131rmas\u0131"},"content":{"rendered":"<p><strong>Hotmail <\/strong>gibi internet posta hizmetleri \u00e7evrimi\u00e7i e-posta hesab\u0131n\u0131z\u0131 kontrol etmek i\u00e7in harikad\u0131r: ama Mozilla Thunderbird veya Microsoft Outlook gibi bir masa\u00fcst\u00fc yaz\u0131l\u0131m\u0131ndan gelen kutunuza eri\u015fmek isteyebilirsiniz. Asl\u0131nda, bir posta istemcisi daha kullan\u0131\u015fl\u0131 olabilir ve genellikle hesap y\u00f6netimi i\u00e7in daha fazla ara\u00e7lar sa\u011flar.<\/p>\n<p>Bunu yapmak i\u00e7in, <strong>Hotmail SMTP ayarlar\u0131n\u0131 yapmak gereklidir<\/strong>. Bu \u00e7ok kolayd\u0131r: ama&#8230; Ne yaz\u0131k ki, Hotmail&#8217;in kendi SMTP&#8217;si bundan yararlanarak spam g\u00f6nderenleri cayd\u0131rmak ve payla\u015f\u0131lan IP&#8217;lerini e-posta kuyruklar\u0131 olmadan daha iyi \u00e7al\u0131\u015fmas\u0131n\u0131 sa\u011flamak amac\u0131yla giden e-postalara bir s\u0131n\u0131r koyar: b\u00f6ylece\u00a0g\u00fcnde\u00a0<strong>maksimum\u00a0300 ileti\u00a0g\u00f6nderebilir<\/strong> ve ileti ba\u015f\u0131na en fazla <strong>100 al\u0131c\u0131 belirleyebilirsiniz<\/strong>.<\/p>\n<p>Bu nedenle, bir e-posta pazarlama kampanyas\u0131 olu\u015fturuyorsan\u0131z veya daha fazla ileti aktarma alman\u0131z gerekiyorsa,\u00a0s\u0131n\u0131rs\u0131z ileti g\u00f6ndermenize izin veren <strong>profesyonel bir giden sunucu<\/strong> hizmetine g\u00fcvenmeniz gerekir. \u00d6zellikle, turboSMTP sonsuza kadar size ayda <a title=\"SMTP sunucusu\" href=\"\/tr\/signup\">6000 \u00fccretsiz e-posta sunuyor<\/a>.<\/p>\n<p>Bunu belirterek, i\u015fte size <strong>Hotmail&#8217;in SMTP sunucusunun ayarlanmas\u0131<\/strong>: sadece uygulaman\u0131zda yap\u0131land\u0131rma panelini a\u00e7man\u0131z ve Windows Live \/ Hotmail SMTP bilgilerinizi girmeniz gerekir:<\/p>\n<ul>\n<li><strong>Hotmail SMTP sunucusu ad\u0131<\/strong>: smtp.live.com<\/li>\n<li><strong>Hotmail SMTP kullan\u0131c\u0131 ad\u0131<\/strong>: Hotmail hesab\u0131n\u0131z<\/li>\n<li><strong>Hotmail SMTP \u015fifresi<\/strong>: Hotmail \u015fifreniz<\/li>\n<li><strong>Hotmail SMTP ba\u011flant\u0131 noktas\u0131<\/strong>: 25 veya 465<\/li>\n<\/ul>\n<p>Ve i\u015fte bu kadar!<\/p>\n","protected":false},"excerpt":{"rendered":"<p>Hotmail gibi internet posta hizmetleri \u00e7evrimi\u00e7i e-posta hesab\u0131n\u0131z\u0131 kontrol etmek i\u00e7in harikad\u0131r: ama Mozilla Thunderbird veya Microsoft Outlook gibi bir masa\u00fcst\u00fc yaz\u0131l\u0131m\u0131ndan gelen kutunuza eri\u015fmek isteyebilirsiniz. Asl\u0131nda, bir posta istemcisi daha kullan\u0131\u015fl\u0131 olabilir ve genellikle hesap y\u00f6netimi i\u00e7in daha fazla ara\u00e7lar sa\u011flar. Bunu yapmak i\u00e7in, Hotmail SMTP ayarlar\u0131n\u0131 yapmak gereklidir. Bu \u00e7ok kolayd\u0131r: ama&#8230; Ne &#8230; <\/p>\n<p class=\"read-more-container\"><a title=\"Hotmail SMTP yap\u0131land\u0131rmas\u0131\" class=\"read-more button\" href=\"https:\/\/serversmtp.com\/tr\/hotmail-smtp-yapilandirmasi\/#more-3263\" aria-label=\"Read more about Hotmail SMTP yap\u0131land\u0131rmas\u0131\">Discover more<\/a><\/p>\n","protected":false},"author":3,"featured_media":0,"parent":0,"menu_order":0,"comment_status":"closed","ping_status":"closed","template":"","meta":{"_eb_attr":"","inline_featured_image":false,"_monsterinsights_skip_tracking":false,"_monsterinsights_sitenote_active":false,"_monsterinsights_sitenote_note":"","_monsterinsights_sitenote_category":0,"footnotes":""},"class_list":["post-3263","page","type-page","status-publish"],"yoast_head":"<!-- This site is optimized with the Yoast SEO plugin v25.3.1 - https:\/\/yoast.com\/wordpress\/plugins\/seo\/ -->\n<title>Hotmail SMTP yap\u0131land\u0131rmas\u0131 - smtp mail server - professional SMTP service provider<\/title>\n<meta name=\"description\" content=\"Hotmail&#039;in SMTP sunucusunu nas\u0131l yap\u0131land\u0131raca\u011f\u0131n\u0131z a\u015fa\u011f\u0131da a\u00e7\u0131klanm\u0131\u015ft\u0131r\" \/>\n<meta name=\"robots\" content=\"index, follow, max-snippet:-1, max-image-preview:large, max-video-preview:-1\" \/>\n<link rel=\"canonical\" href=\"https:\/\/serversmtp.com\/tr\/hotmail-smtp-yapilandirmasi\/\" \/>\n<meta name=\"twitter:label1\" content=\"Tahmini okuma s\u00fcresi\" \/>\n\t<meta name=\"twitter:data1\" content=\"1 dakika\" \/>\n<!-- \/ Yoast SEO plugin. -->","yoast_head_json":{"title":"Hotmail SMTP yap\u0131land\u0131rmas\u0131 - smtp mail server - professional SMTP service provider","description":"Hotmail'in SMTP sunucusunu nas\u0131l yap\u0131land\u0131raca\u011f\u0131n\u0131z a\u015fa\u011f\u0131da a\u00e7\u0131klanm\u0131\u015ft\u0131r","robots":{"index":"index","follow":"follow","max-snippet":"max-snippet:-1","max-image-preview":"max-image-preview:large","max-video-preview":"max-video-preview:-1"},"canonical":"https:\/\/serversmtp.com\/tr\/hotmail-smtp-yapilandirmasi\/","twitter_misc":{"Tahmini okuma s\u00fcresi":"1 dakika"},"schema":{"@context":"https:\/\/schema.org","@graph":[{"@type":"WebPage","@id":"https:\/\/serversmtp.com\/tr\/hotmail-smtp-yapilandirmasi\/","url":"https:\/\/serversmtp.com\/tr\/hotmail-smtp-yapilandirmasi\/","name":"Hotmail SMTP yap\u0131land\u0131rmas\u0131 - smtp mail server - professional SMTP service provider","isPartOf":{"@id":"https:\/\/serversmtp.com\/de\/#website"},"datePublished":"2018-04-27T15:43:46+00:00","dateModified":"2022-02-10T15:46:36+00:00","description":"Hotmail'in SMTP sunucusunu nas\u0131l yap\u0131land\u0131raca\u011f\u0131n\u0131z a\u015fa\u011f\u0131da a\u00e7\u0131klanm\u0131\u015ft\u0131r","breadcrumb":{"@id":"https:\/\/serversmtp.com\/tr\/hotmail-smtp-yapilandirmasi\/#breadcrumb"},"inLanguage":"tr","potentialAction":[{"@type":"ReadAction","target":["https:\/\/serversmtp.com\/tr\/hotmail-smtp-yapilandirmasi\/"]}]},{"@type":"BreadcrumbList","@id":"https:\/\/serversmtp.com\/tr\/hotmail-smtp-yapilandirmasi\/#breadcrumb","itemListElement":[{"@type":"ListItem","position":1,"name":"Home","item":"https:\/\/serversmtp.com\/tr\/"},{"@type":"ListItem","position":2,"name":"Hotmail SMTP yap\u0131land\u0131rmas\u0131"}]},{"@type":"WebSite","@id":"https:\/\/serversmtp.com\/de\/#website","url":"https:\/\/serversmtp.com\/de\/","name":"smtp mail server - professional SMTP service provider","description":"smtp mail server - professional SMTP service provider","publisher":{"@id":"https:\/\/serversmtp.com\/de\/#organization"},"potentialAction":[{"@type":"SearchAction","target":{"@type":"EntryPoint","urlTemplate":"https:\/\/serversmtp.com\/de\/?s={search_term_string}"},"query-input":{"@type":"PropertyValueSpecification","valueRequired":true,"valueName":"search_term_string"}}],"inLanguage":"tr"},{"@type":"Organization","@id":"https:\/\/serversmtp.com\/de\/#organization","name":"Delivery Tech","url":"https:\/\/serversmtp.com\/de\/","logo":{"@type":"ImageObject","inLanguage":"tr","@id":"https:\/\/serversmtp.com\/de\/#\/schema\/logo\/image\/","url":"https:\/\/serversmtp.com\/wp-content\/uploads\/2021\/11\/og-image-2.jpg","contentUrl":"https:\/\/serversmtp.com\/wp-content\/uploads\/2021\/11\/og-image-2.jpg","width":1200,"height":1128,"caption":"Delivery Tech"},"image":{"@id":"https:\/\/serversmtp.com\/de\/#\/schema\/logo\/image\/"}}]}},"_links":{"self":[{"href":"https:\/\/serversmtp.com\/tr\/wp-json\/wp\/v2\/pages\/3263"}],"collection":[{"href":"https:\/\/serversmtp.com\/tr\/wp-json\/wp\/v2\/pages"}],"about":[{"href":"https:\/\/serversmtp.com\/tr\/wp-json\/wp\/v2\/types\/page"}],"author":[{"embeddable":true,"href":"https:\/\/serversmtp.com\/tr\/wp-json\/wp\/v2\/users\/3"}],"replies":[{"embeddable":true,"href":"https:\/\/serversmtp.com\/tr\/wp-json\/wp\/v2\/comments?post=3263"}],"version-history":[{"count":2,"href":"https:\/\/serversmtp.com\/tr\/wp-json\/wp\/v2\/pages\/3263\/revisions"}],"predecessor-version":[{"id":3265,"href":"https:\/\/serversmtp.com\/tr\/wp-json\/wp\/v2\/pages\/3263\/revisions\/3265"}],"wp:attachment":[{"href":"https:\/\/serversmtp.com\/tr\/wp-json\/wp\/v2\/media?parent=3263"}],"curies":[{"name":"wp","href":"https:\/\/api.w.org\/{rel}","templated":true}]}}