{"id":3260,"date":"2018-04-27T17:38:16","date_gmt":"2018-04-27T15:38:16","guid":{"rendered":"https:\/\/dev.serversmtp.com\/?page_id=3260"},"modified":"2022-02-10T16:44:41","modified_gmt":"2022-02-10T15:44:41","slug":"gmail-smtp-yapilandirmasi","status":"publish","type":"page","link":"https:\/\/serversmtp.com\/tr\/gmail-smtp-yapilandirmasi\/","title":{"rendered":"Gmail SMTP yap\u0131land\u0131rmas\u0131"},"content":{"rendered":"<p><strong>Gmail&#8217;in SMTP<\/strong> ayarlar\u0131 nedir? Bu kolay bir soru.<\/p>\n<p>Gmail fantastik bir internet posta uygulamas\u0131d\u0131r, ancak baz\u0131 insanlar onu Thunderbird veya Outlook gibi bir e-posta istemcisinden kendi gelen kutular\u0131na eri\u015fmek i\u00e7in daha kullan\u0131\u015fl\u0131 bulmaktad\u0131r:\u00a0bu\u00a0yapmak i\u00e7in do\u011fru ayarlar\u0131 girerek onun <strong>giden sunucusunu yap\u0131land\u0131rmak gereklidir<\/strong>.<\/p>\n<p>\u0130lk olarak, posta yaz\u0131l\u0131m\u0131 yap\u0131land\u0131rma panelini a\u00e7\u0131n ve a\u015fa\u011f\u0131daki Gmail SMTP sunucusu ayarlar\u0131 ile alanlar\u0131 doldurun:<\/p>\n<ul>\n<li><strong>Gmail SMTP sunucusu ad\u0131<\/strong>: smtp.gmail.com<\/li>\n<li><strong>Gmail SMTP kullan\u0131c\u0131 ad\u0131<\/strong>: Gmail adresiniz<\/li>\n<li><strong>Gmail SMTP \u015fifresi<\/strong>: \u015fifreniz<\/li>\n<li><strong>Gmail SMTP ba\u011flant\u0131 noktas\u0131<\/strong>: 465<\/li>\n<\/ul>\n<p>Ard\u0131ndan g\u00fcvenlik ve kimlik do\u011frulama se\u00e7eneklerini se\u00e7ebilirsiniz: daha fazla bilgi i\u00e7in, l\u00fctfen SMTP yap\u0131land\u0131rmas\u0131 hakk\u0131ndaki makalemizi kontrol edin.<\/p>\n<p>Ancak, Gmail&#8217;in SMTP&#8217;nin\u00a0spam g\u00f6nderenlerin \u00e7\u00f6p e-postalar\u0131m\u0131zda patlama yaratmak amac\u0131yla onun giden sunucusunu kullanmas\u0131n\u0131 \u00f6nlemek i\u00e7in sert g\u00f6nderme s\u0131n\u0131rlar\u0131 ile geldi\u011fini unutmay\u0131n. <strong>S\u0131n\u0131r\u00a0bir defada 100 al\u0131c\u0131 ve g\u00fcnde 500 iletidir<\/strong>: bu k\u0131s\u0131tlamaya uymazsan\u0131z, Google hesab\u0131n\u0131z\u0131 bloke edecektir.<\/p>\n<p>Art\u0131, itibarlar\u0131na ciddi \u015fekilde \u00a0zarar veren spam g\u00f6nderenler taraf\u0131ndan da kullan\u0131labilece\u011finden, b\u00f6ylece me\u015fru e-postan\u0131z\u0131n da anti-spam sistemleri taraf\u0131ndan filtre edilme \u015fans\u0131n\u0131 art\u0131rabilece\u011finden, SMTP sunucusu size tam teslim bilirli\u011fi garanti edemeyen payla\u015f\u0131lan IP&#8217;lere dayan\u0131r.<\/p>\n<p>Bu nedenle, bir e-posta kampanyas\u0131 olu\u015fturuyorsan\u0131z veya s\u0131n\u0131rs\u0131z e-postalar g\u00f6ndermeniz gerekiyorsa, yap\u0131lacak en iyi \u015fey <strong><a title=\"professional SMTP sunucusu\" href=\"\/tr\/signup\">profesyonel bir SMTP sunucusu se\u00e7mektir<\/a><\/strong>:\u00a0\u00e7ok makul bir fiyat ile en y\u00fcksek teslim oran\u0131\u00a0kesinli\u011fini koruyarak\u00a0b\u00fcy\u00fck listelere posta g\u00f6ndermeniz\u00a0m\u00fcmk\u00fcn olacakt\u0131r.<\/p>\n","protected":false},"excerpt":{"rendered":"<p>Gmail&#8217;in SMTP ayarlar\u0131 nedir? Bu kolay bir soru. Gmail fantastik bir internet posta uygulamas\u0131d\u0131r, ancak baz\u0131 insanlar onu Thunderbird veya Outlook gibi bir e-posta istemcisinden kendi gelen kutular\u0131na eri\u015fmek i\u00e7in daha kullan\u0131\u015fl\u0131 bulmaktad\u0131r:\u00a0bu\u00a0yapmak i\u00e7in do\u011fru ayarlar\u0131 girerek onun giden sunucusunu yap\u0131land\u0131rmak gereklidir. \u0130lk olarak, posta yaz\u0131l\u0131m\u0131 yap\u0131land\u0131rma panelini a\u00e7\u0131n ve a\u015fa\u011f\u0131daki Gmail SMTP sunucusu ayarlar\u0131 &#8230; <\/p>\n<p class=\"read-more-container\"><a title=\"Gmail SMTP yap\u0131land\u0131rmas\u0131\" class=\"read-more button\" href=\"https:\/\/serversmtp.com\/tr\/gmail-smtp-yapilandirmasi\/#more-3260\" aria-label=\"Read more about Gmail SMTP yap\u0131land\u0131rmas\u0131\">Discover more<\/a><\/p>\n","protected":false},"author":3,"featured_media":11353,"parent":0,"menu_order":0,"comment_status":"closed","ping_status":"closed","template":"","meta":{"_eb_attr":"","inline_featured_image":false,"_monsterinsights_skip_tracking":false,"_monsterinsights_sitenote_active":false,"_monsterinsights_sitenote_note":"","_monsterinsights_sitenote_category":0,"footnotes":""},"class_list":["post-3260","page","type-page","status-publish","has-post-thumbnail"],"yoast_head":"<!-- This site is optimized with the Yoast SEO plugin v25.3.1 - https:\/\/yoast.com\/wordpress\/plugins\/seo\/ -->\n<title>Gmail SMTP yap\u0131land\u0131rmas\u0131 - smtp mail server - professional SMTP service provider<\/title>\n<meta name=\"robots\" content=\"index, follow, max-snippet:-1, max-image-preview:large, max-video-preview:-1\" \/>\n<link rel=\"canonical\" href=\"https:\/\/serversmtp.com\/tr\/gmail-smtp-yapilandirmasi\/\" \/>\n<meta name=\"twitter:label1\" content=\"Tahmini okuma s\u00fcresi\" \/>\n\t<meta name=\"twitter:data1\" content=\"1 dakika\" \/>\n<!-- \/ Yoast SEO plugin. -->","yoast_head_json":{"title":"Gmail SMTP yap\u0131land\u0131rmas\u0131 - smtp mail server - professional SMTP service provider","robots":{"index":"index","follow":"follow","max-snippet":"max-snippet:-1","max-image-preview":"max-image-preview:large","max-video-preview":"max-video-preview:-1"},"canonical":"https:\/\/serversmtp.com\/tr\/gmail-smtp-yapilandirmasi\/","twitter_misc":{"Tahmini okuma s\u00fcresi":"1 dakika"},"schema":{"@context":"https:\/\/schema.org","@graph":[{"@type":"WebPage","@id":"https:\/\/serversmtp.com\/tr\/gmail-smtp-yapilandirmasi\/","url":"https:\/\/serversmtp.com\/tr\/gmail-smtp-yapilandirmasi\/","name":"Gmail SMTP yap\u0131land\u0131rmas\u0131 - smtp mail server - professional SMTP service provider","isPartOf":{"@id":"https:\/\/serversmtp.com\/de\/#website"},"primaryImageOfPage":{"@id":"https:\/\/serversmtp.com\/tr\/gmail-smtp-yapilandirmasi\/#primaryimage"},"image":{"@id":"https:\/\/serversmtp.com\/tr\/gmail-smtp-yapilandirmasi\/#primaryimage"},"thumbnailUrl":"https:\/\/serversmtp.com\/wp-content\/uploads\/2018\/03\/mail-cofiguration.png","datePublished":"2018-04-27T15:38:16+00:00","dateModified":"2022-02-10T15:44:41+00:00","breadcrumb":{"@id":"https:\/\/serversmtp.com\/tr\/gmail-smtp-yapilandirmasi\/#breadcrumb"},"inLanguage":"tr","potentialAction":[{"@type":"ReadAction","target":["https:\/\/serversmtp.com\/tr\/gmail-smtp-yapilandirmasi\/"]}]},{"@type":"ImageObject","inLanguage":"tr","@id":"https:\/\/serversmtp.com\/tr\/gmail-smtp-yapilandirmasi\/#primaryimage","url":"https:\/\/serversmtp.com\/wp-content\/uploads\/2018\/03\/mail-cofiguration.png","contentUrl":"https:\/\/serversmtp.com\/wp-content\/uploads\/2018\/03\/mail-cofiguration.png","width":408,"height":320,"caption":"Gmail SMTP Settings (2026 Update)"},{"@type":"BreadcrumbList","@id":"https:\/\/serversmtp.com\/tr\/gmail-smtp-yapilandirmasi\/#breadcrumb","itemListElement":[{"@type":"ListItem","position":1,"name":"Home","item":"https:\/\/serversmtp.com\/tr\/"},{"@type":"ListItem","position":2,"name":"Gmail SMTP yap\u0131land\u0131rmas\u0131"}]},{"@type":"WebSite","@id":"https:\/\/serversmtp.com\/de\/#website","url":"https:\/\/serversmtp.com\/de\/","name":"smtp mail server - professional SMTP service provider","description":"smtp mail server - professional SMTP service provider","publisher":{"@id":"https:\/\/serversmtp.com\/de\/#organization"},"potentialAction":[{"@type":"SearchAction","target":{"@type":"EntryPoint","urlTemplate":"https:\/\/serversmtp.com\/de\/?s={search_term_string}"},"query-input":{"@type":"PropertyValueSpecification","valueRequired":true,"valueName":"search_term_string"}}],"inLanguage":"tr"},{"@type":"Organization","@id":"https:\/\/serversmtp.com\/de\/#organization","name":"Delivery Tech","url":"https:\/\/serversmtp.com\/de\/","logo":{"@type":"ImageObject","inLanguage":"tr","@id":"https:\/\/serversmtp.com\/de\/#\/schema\/logo\/image\/","url":"https:\/\/serversmtp.com\/wp-content\/uploads\/2021\/11\/og-image-2.jpg","contentUrl":"https:\/\/serversmtp.com\/wp-content\/uploads\/2021\/11\/og-image-2.jpg","width":1200,"height":1128,"caption":"Delivery Tech"},"image":{"@id":"https:\/\/serversmtp.com\/de\/#\/schema\/logo\/image\/"}}]}},"_links":{"self":[{"href":"https:\/\/serversmtp.com\/tr\/wp-json\/wp\/v2\/pages\/3260"}],"collection":[{"href":"https:\/\/serversmtp.com\/tr\/wp-json\/wp\/v2\/pages"}],"about":[{"href":"https:\/\/serversmtp.com\/tr\/wp-json\/wp\/v2\/types\/page"}],"author":[{"embeddable":true,"href":"https:\/\/serversmtp.com\/tr\/wp-json\/wp\/v2\/users\/3"}],"replies":[{"embeddable":true,"href":"https:\/\/serversmtp.com\/tr\/wp-json\/wp\/v2\/comments?post=3260"}],"version-history":[{"count":3,"href":"https:\/\/serversmtp.com\/tr\/wp-json\/wp\/v2\/pages\/3260\/revisions"}],"predecessor-version":[{"id":3291,"href":"https:\/\/serversmtp.com\/tr\/wp-json\/wp\/v2\/pages\/3260\/revisions\/3291"}],"wp:featuredmedia":[{"embeddable":true,"href":"https:\/\/serversmtp.com\/tr\/wp-json\/wp\/v2\/media\/11353"}],"wp:attachment":[{"href":"https:\/\/serversmtp.com\/tr\/wp-json\/wp\/v2\/media?parent=3260"}],"curies":[{"name":"wp","href":"https:\/\/api.w.org\/{rel}","templated":true}]}}