{"id":3256,"date":"2018-04-27T17:34:44","date_gmt":"2018-04-27T15:34:44","guid":{"rendered":"https:\/\/dev.serversmtp.com\/?page_id=3256"},"modified":"2018-04-27T18:17:49","modified_gmt":"2018-04-27T16:17:49","slug":"mail-server-kurulumu","status":"publish","type":"page","link":"https:\/\/serversmtp.com\/tr\/mail-server-kurulumu\/","title":{"rendered":"Mail server kurulumu"},"content":{"rendered":"<p>Bir posta istemcisi yap\u0131land\u0131r\u0131rken, <strong>SMTP sunucusu<\/strong> (<strong>mail server<\/strong>) sa\u011flay\u0131c\u0131s\u0131 ile d\u00fczg\u00fcn bir ba\u011flant\u0131 sa\u011flayacak ve b\u00f6ylece\u00a0e-postalar\u0131n\u0131z\u0131n do\u011fru teslimat\u0131n\u0131\u00a0sa\u011flayacak\u00a0olan SMTP ayarlar\u0131n\u0131 ayr\u0131nt\u0131l\u0131 girmeniz gerekir.<\/p>\n<p>Ortak ISP&#8217;ler ve e-posta sa\u011flay\u0131c\u0131lar\u0131 ile ili\u015fkili \u00e7ok say\u0131da\u00a0\u00fccretsiz SMTP sunucular\u0131 (en pop\u00fclerleri Gmail ve Yahoo olmak \u00fczere) vard\u0131r, ama sadece tek bir <strong><a title=\"profesyonal mail server\" href=\"\/tr\/signup\">profesyonel mail server <\/a><\/strong>t\u00fcm e-postalar\u0131n\u0131z\u0131 en y\u00fcksek teslim edilebilirli\u011fini garanti edebilir. Asl\u0131nda, me\u015fru bir e-posta bile ciddi anti-spam filtresi taraf\u0131ndan reddedilebilece\u011finden, her g\u00f6nderdi\u011finiz ileti otomatik olarak teslim edilen bir ileti olmaz. Tam tersine,\u00a0turboSMTP gibi <strong>ayr\u0131lm\u0131\u015f bir SMTP sunucusu<\/strong>, bu can s\u0131k\u0131c\u0131 sorunlar\u0131 \u00f6nlemek i\u00e7in g\u00fcvenilir bir yol sa\u011flar.<\/p>\n<p>Bunu belirterek: bir posta istemcisi i\u00e7in bir mail server nas\u0131l kurulur? Tipik bir pencere bunun gibi g\u00f6r\u00fcnecektir, \u0130\u015fte t\u00fcm alanlar\u0131n h\u0131zl\u0131 bir a\u00e7\u0131klamas\u0131:<\/p>\n<p><img decoding=\"async\" class=\"aligncenter wp-image-3258 size-full\" src=\"https:\/\/serversmtp.com\/wp-content\/uploads\/2018\/04\/smtp-sunucusu.png\" alt=\"\" width=\"362\" height=\"362\" srcset=\"https:\/\/serversmtp.com\/wp-content\/uploads\/2018\/04\/smtp-sunucusu.png 362w, https:\/\/serversmtp.com\/wp-content\/uploads\/2018\/04\/smtp-sunucusu-150x150.png 150w, https:\/\/serversmtp.com\/wp-content\/uploads\/2018\/04\/smtp-sunucusu-300x300.png 300w, https:\/\/serversmtp.com\/wp-content\/uploads\/2018\/04\/smtp-sunucusu-320x320.png 320w, https:\/\/serversmtp.com\/wp-content\/uploads\/2018\/04\/smtp-sunucusu-239x239.png 239w, https:\/\/serversmtp.com\/wp-content\/uploads\/2018\/04\/smtp-sunucusu-55x55.png 55w\" sizes=\"(max-width: 362px) 100vw, 362px\" \/><\/p>\n<ul>\n<li><strong>A\u00e7\u0131klama<\/strong>: SMTP sunucusu ile ili\u015fkili bir resmi olmayan add\u0131r.<\/li>\n<li><strong>Sunucu ismi<\/strong>: ger\u00e7ek SMTP \u00f6zellikleri. A\u015fa\u011f\u0131da en yayg\u0131n e-posta sa\u011flay\u0131c\u0131lar\u0131 i\u00e7in t\u00fcm sunucu adlar\u0131n\u0131n kullan\u0131\u015fl\u0131 bir listesini bulabilirsiniz.<\/li>\n<li><strong>Port<\/strong>: SMTP sunucular\u0131 \u00e7al\u0131\u015fmalar\u0131 i\u00e7in\u00a0normal\u00a0olarak portu 25 kullan\u0131r, <a title=\"smtp portu\" href=\"\/tr\/smtp-portu\">ama di\u011fer\u00a0se\u00e7enekler vard\u0131r<\/a>.<\/li>\n<li><strong>Ba\u011flant\u0131 g\u00fcvenli\u011fi<\/strong>: standart SMTP e-posta aktar\u0131m\u0131nda \u015fifrelemeye gerek yoktur, bu y\u00fczden STARTTLS veya SSL\/TLS ile g\u00fcvenlik sa\u011flamak iyi bir fikir olabilir.<\/li>\n<li><strong>Kimlik do\u011frulama y\u00f6ntemi<\/strong>: bir d\u00fcz metin \u015fifre, bir \u00f6nemsiz \u015fey, SMTP\u00a0SMTP, CRAM-MD5, KERBEROS, NTLM, vb.\u00a0\u00f6ncesinde POP olabilir.<\/li>\n<li><strong>Kullan\u0131c\u0131 Ad\u0131<\/strong>: e-posta adresiniz.<\/li>\n<\/ul>\n<p>Ve i\u015fte en pop\u00fcler sunucu adlar\u0131n\u0131n bir listesi.<\/p>\n<table style=\"width: 100%;\" border=\"1\" cellspacing=\"0\" cellpadding=\"4\">\n<colgroup>\n<col width=\"83*\" \/>\n<col width=\"75*\" \/>\n<col width=\"98*\" \/> <\/colgroup>\n<tbody>\n<tr valign=\"TOP\">\n<td width=\"32%\">\n<p lang=\"en-US\" align=\"CENTER\"><span style=\"font-size: small;\"><strong>PROVIDER<\/strong><\/span><\/p>\n<\/td>\n<td width=\"29%\">\n<p lang=\"en-US\" align=\"CENTER\"><span style=\"font-size: small;\"><strong>URL<\/strong><\/span><\/p>\n<\/td>\n<td width=\"38%\">\n<p lang=\"en-US\" align=\"CENTER\"><span style=\"font-size: small;\"><strong>MAIL SERVER KURULUMU<\/strong><\/span><\/p>\n<\/td>\n<\/tr>\n<tr valign=\"TOP\">\n<td width=\"32%\">\n<p lang=\"en-US\" align=\"CENTER\"><span style=\"font-size: small;\"><strong>1&amp;1<\/strong><\/span><\/p>\n<\/td>\n<td width=\"29%\">\n<p lang=\"en-US\" align=\"CENTER\"><span style=\"font-size: small;\">1and1.com<\/span><\/p>\n<\/td>\n<td width=\"38%\">\n<p lang=\"en-US\" align=\"CENTER\"><span style=\"font-size: small;\">Smtp.1and1.com<\/span><\/p>\n<\/td>\n<\/tr>\n<tr valign=\"TOP\">\n<td width=\"32%\">\n<p lang=\"en-US\" align=\"CENTER\"><span style=\"font-size: small;\"><strong>Airmail<\/strong><\/span><\/p>\n<\/td>\n<td width=\"29%\">\n<p lang=\"en-US\" align=\"CENTER\"><span style=\"font-size: small;\">Airmail.net<\/span><\/p>\n<\/td>\n<td width=\"38%\">\n<p lang=\"en-US\" align=\"CENTER\"><span style=\"font-size: small;\">Mail.airmail.net<\/span><\/p>\n<\/td>\n<\/tr>\n<tr valign=\"TOP\">\n<td width=\"32%\">\n<p lang=\"en-US\" align=\"CENTER\"><span style=\"font-size: small;\"><strong>AOL<\/strong><\/span><\/p>\n<\/td>\n<td width=\"29%\">\n<p lang=\"en-US\" align=\"CENTER\"><span style=\"font-size: small;\">Aol.com<\/span><\/p>\n<\/td>\n<td width=\"38%\">\n<p lang=\"en-US\" align=\"CENTER\"><span style=\"font-size: small;\">Smtp.aol.com<\/span><\/p>\n<\/td>\n<\/tr>\n<tr valign=\"TOP\">\n<td width=\"32%\">\n<p lang=\"en-US\" align=\"CENTER\"><span style=\"font-size: small;\"><strong>AT&amp;T<\/strong><\/span><\/p>\n<\/td>\n<td width=\"29%\">\n<p lang=\"en-US\" align=\"CENTER\"><span style=\"font-size: small;\">Att.net<\/span><\/p>\n<\/td>\n<td width=\"38%\">\n<p lang=\"en-US\" align=\"CENTER\"><span style=\"font-size: small;\">Outbound.att.net<\/span><\/p>\n<\/td>\n<\/tr>\n<tr valign=\"TOP\">\n<td width=\"32%\">\n<p lang=\"en-US\" align=\"CENTER\"><span style=\"font-size: small;\"><strong><span style=\"background-color: transparent;\">Bluewin<\/span><\/strong><\/span><\/p>\n<\/td>\n<td width=\"29%\">\n<p lang=\"en-US\" align=\"CENTER\"><span style=\"font-size: small;\"><span style=\"background-color: transparent;\">Bluewin.ch<\/span><\/span><\/p>\n<\/td>\n<td width=\"38%\">\n<p lang=\"en-US\" align=\"CENTER\"><span style=\"font-size: small;\"><span style=\"background-color: transparent;\">Smtpauths.bluewin.ch <\/span><\/span><\/p>\n<\/td>\n<\/tr>\n<tr valign=\"TOP\">\n<td width=\"32%\">\n<p lang=\"en-US\" align=\"CENTER\"><span style=\"font-size: small;\"><strong>BT Connect<\/strong><\/span><\/p>\n<\/td>\n<td width=\"29%\">\n<p lang=\"en-US\" align=\"CENTER\"><span style=\"font-size: small;\">Btconnect.com<\/span><\/p>\n<\/td>\n<td width=\"38%\">\n<p lang=\"en-US\" align=\"CENTER\"><span style=\"font-size: small;\">Mail.btconnect.tom<\/span><\/p>\n<\/td>\n<\/tr>\n<tr valign=\"TOP\">\n<td width=\"32%\">\n<p lang=\"en-US\" align=\"CENTER\"><span style=\"font-size: small;\"><strong>Comcast<\/strong><\/span><\/p>\n<\/td>\n<td width=\"29%\">\n<p lang=\"en-US\" align=\"CENTER\"><span style=\"font-size: small;\">Comcast.net<\/span><\/p>\n<\/td>\n<td width=\"38%\">\n<p lang=\"en-US\" align=\"CENTER\"><span style=\"font-size: small;\">Smtp.comcast.net<\/span><\/p>\n<\/td>\n<\/tr>\n<tr valign=\"TOP\">\n<td width=\"32%\">\n<p lang=\"en-US\" align=\"CENTER\"><span style=\"font-size: small;\"><strong>Earthlink<\/strong><\/span><\/p>\n<\/td>\n<td width=\"29%\">\n<p lang=\"en-US\" align=\"CENTER\"><span style=\"font-size: small;\">Earthlink.net<\/span><\/p>\n<\/td>\n<td width=\"38%\">\n<p lang=\"en-US\" align=\"CENTER\"><span style=\"font-size: small;\">Smtpauth.earthlink.net<\/span><\/p>\n<\/td>\n<\/tr>\n<tr valign=\"TOP\">\n<td width=\"32%\">\n<p lang=\"en-US\" align=\"CENTER\"><span style=\"font-size: small;\"><strong>Gmail<\/strong><\/span><\/p>\n<\/td>\n<td width=\"29%\">\n<p lang=\"en-US\" align=\"CENTER\"><span style=\"font-size: small;\">Gmail.com<\/span><\/p>\n<p lang=\"en-US\" align=\"CENTER\">\n<\/td>\n<td width=\"38%\">\n<p lang=\"en-US\" align=\"CENTER\"><span style=\"font-size: small;\">Smtp.gmail.com<\/span><\/p>\n<\/td>\n<\/tr>\n<tr valign=\"TOP\">\n<td width=\"32%\">\n<p lang=\"en-US\" align=\"CENTER\"><span style=\"font-size: small;\"><strong>Gmx<\/strong><\/span><\/p>\n<\/td>\n<td width=\"29%\">\n<p lang=\"en-US\" align=\"CENTER\"><span style=\"font-size: small;\">Gmx.net<\/span><\/p>\n<\/td>\n<td width=\"38%\">\n<p lang=\"en-US\" align=\"CENTER\"><span style=\"font-size: small;\">Mail.gmx.net<\/span><\/p>\n<\/td>\n<\/tr>\n<tr valign=\"TOP\">\n<td width=\"32%\">\n<p lang=\"en-US\" align=\"CENTER\"><span style=\"font-size: small;\"><strong>HotPop<\/strong><\/span><\/p>\n<\/td>\n<td width=\"29%\">\n<p lang=\"en-US\" align=\"CENTER\"><span style=\"font-size: small;\">Hotpop.com<\/span><\/p>\n<\/td>\n<td width=\"38%\">\n<p lang=\"en-US\" align=\"CENTER\"><span style=\"font-size: small;\">Mail.hotpop.com<\/span><\/p>\n<\/td>\n<\/tr>\n<tr valign=\"TOP\">\n<td width=\"32%\">\n<p lang=\"en-US\" align=\"CENTER\"><span style=\"font-size: small;\"><strong>Libero<\/strong><\/span><\/p>\n<\/td>\n<td width=\"29%\">\n<p lang=\"en-US\" align=\"CENTER\"><span style=\"font-size: small;\">Libero.it<\/span><\/p>\n<\/td>\n<td width=\"38%\">\n<p lang=\"en-US\" align=\"CENTER\"><span style=\"font-size: small;\">Mail.libero.it<\/span><\/p>\n<\/td>\n<\/tr>\n<tr valign=\"TOP\">\n<td width=\"32%\">\n<p lang=\"en-US\" align=\"CENTER\"><span style=\"font-size: small;\"><strong>Lycos<\/strong><\/span><\/p>\n<\/td>\n<td width=\"29%\">\n<p lang=\"en-US\" align=\"CENTER\"><span style=\"font-size: small;\">Lycos.com<\/span><\/p>\n<\/td>\n<td width=\"38%\">\n<p lang=\"en-US\" align=\"CENTER\"><span style=\"font-size: small;\">Smtp.lycos.com<\/span><\/p>\n<\/td>\n<\/tr>\n<tr valign=\"TOP\">\n<td width=\"32%\">\n<p lang=\"en-US\" align=\"CENTER\"><span style=\"font-size: small;\"><strong>O2<\/strong><\/span><\/p>\n<\/td>\n<td width=\"29%\">\n<p lang=\"en-US\" align=\"CENTER\"><span style=\"font-size: small;\">o2.com<\/span><\/p>\n<\/td>\n<td width=\"38%\">\n<p lang=\"en-US\" align=\"CENTER\"><span style=\"font-size: small;\">Smtp.o2.com<\/span><\/p>\n<\/td>\n<\/tr>\n<tr valign=\"TOP\">\n<td width=\"32%\">\n<p lang=\"en-US\" align=\"CENTER\"><span style=\"font-size: small;\"><strong>Orange<\/strong><\/span><\/p>\n<\/td>\n<td width=\"29%\">\n<p lang=\"en-US\" align=\"CENTER\"><span style=\"font-size: small;\">Orange.net<\/span><\/p>\n<\/td>\n<td width=\"38%\">\n<p lang=\"en-US\" align=\"CENTER\"><span style=\"font-size: small;\">Smtp.orange.net<\/span><\/p>\n<\/td>\n<\/tr>\n<tr valign=\"TOP\">\n<td width=\"32%\">\n<p lang=\"en-US\" align=\"CENTER\"><span style=\"font-size: small;\"><strong>Outlook.com (former Hotmail)<\/strong><\/span><\/p>\n<\/td>\n<td width=\"29%\">\n<p lang=\"en-US\" align=\"CENTER\"><span style=\"font-size: small;\">Outlook.com<\/span><\/p>\n<\/td>\n<td width=\"38%\">\n<p lang=\"en-US\" align=\"CENTER\"><span style=\"font-size: small;\">Smtp.live.com<\/span><\/p>\n<\/td>\n<\/tr>\n<tr valign=\"TOP\">\n<td width=\"32%\">\n<p lang=\"en-US\" align=\"CENTER\"><span style=\"font-size: small;\"><strong>Tin<\/strong><\/span><\/p>\n<\/td>\n<td width=\"29%\">\n<p lang=\"en-US\" align=\"CENTER\"><span style=\"font-size: small;\">Tin.it<\/span><\/p>\n<\/td>\n<td width=\"38%\">\n<p lang=\"en-US\" align=\"CENTER\"><span style=\"font-size: small;\">Mail.tin.it<\/span><\/p>\n<\/td>\n<\/tr>\n<tr valign=\"TOP\">\n<td width=\"32%\">\n<p lang=\"en-US\" align=\"CENTER\"><span style=\"font-size: small;\"><strong>Tiscali<\/strong><\/span><\/p>\n<\/td>\n<td width=\"29%\">\n<p lang=\"en-US\" align=\"CENTER\"><span style=\"font-size: small;\">Tiscali.co.uk<\/span><\/p>\n<\/td>\n<td width=\"38%\">\n<p lang=\"en-US\" align=\"CENTER\"><span style=\"font-size: small;\">Smtp.tiscali.co.uk<\/span><\/p>\n<\/td>\n<\/tr>\n<tr valign=\"TOP\">\n<td width=\"32%\">\n<p lang=\"en-US\" align=\"CENTER\"><span style=\"font-size: small;\"><strong>Verizon<\/strong><\/span><\/p>\n<\/td>\n<td width=\"29%\">\n<p lang=\"en-US\" align=\"CENTER\"><span style=\"font-size: small;\">Verizon.net<\/span><\/p>\n<\/td>\n<td width=\"38%\">\n<p lang=\"en-US\" align=\"CENTER\"><span style=\"font-size: small;\">Outgoing.verizon.net<\/span><\/p>\n<\/td>\n<\/tr>\n<tr valign=\"TOP\">\n<td width=\"32%\">\n<p lang=\"en-US\" align=\"CENTER\"><span style=\"font-size: small;\"><strong>Virgin<\/strong><\/span><\/p>\n<\/td>\n<td width=\"29%\">\n<p lang=\"en-US\" align=\"CENTER\"><span style=\"font-size: small;\">Virgin.net<\/span><\/p>\n<\/td>\n<td width=\"38%\">\n<p lang=\"en-US\" align=\"CENTER\"><span style=\"font-size: small;\">Smtp.virgin.net<\/span><\/p>\n<\/td>\n<\/tr>\n<tr valign=\"TOP\">\n<td width=\"32%\">\n<p lang=\"en-US\" align=\"CENTER\"><span style=\"font-size: small;\"><strong>Wanadoo<\/strong><\/span><\/p>\n<\/td>\n<td width=\"29%\">\n<p lang=\"en-US\" align=\"CENTER\"><span style=\"font-size: small;\">Wanadoo.fr<\/span><\/p>\n<\/td>\n<td width=\"38%\">\n<p lang=\"en-US\" align=\"CENTER\"><span style=\"font-size: small;\">Smtp.wanadoo.fr<\/span><\/p>\n<\/td>\n<\/tr>\n<tr valign=\"TOP\">\n<td width=\"32%\">\n<p lang=\"en-US\" align=\"CENTER\"><span style=\"font-size: small;\"><strong>Yahoo<\/strong><\/span><\/p>\n<\/td>\n<td width=\"29%\">\n<p lang=\"en-US\" align=\"CENTER\"><span style=\"font-size: small;\">Yahoo.com<\/span><\/p>\n<\/td>\n<td width=\"38%\">\n<p lang=\"en-US\" align=\"CENTER\"><span style=\"font-size: small;\">Smtp.mail.yahoo.com<\/span><\/p>\n<\/td>\n<\/tr>\n<\/tbody>\n<\/table>\n","protected":false},"excerpt":{"rendered":"<p>Bir posta istemcisi yap\u0131land\u0131r\u0131rken, SMTP sunucusu (mail server) sa\u011flay\u0131c\u0131s\u0131 ile d\u00fczg\u00fcn bir ba\u011flant\u0131 sa\u011flayacak ve b\u00f6ylece\u00a0e-postalar\u0131n\u0131z\u0131n do\u011fru teslimat\u0131n\u0131\u00a0sa\u011flayacak\u00a0olan SMTP ayarlar\u0131n\u0131 ayr\u0131nt\u0131l\u0131 girmeniz gerekir. Ortak ISP&#8217;ler ve e-posta sa\u011flay\u0131c\u0131lar\u0131 ile ili\u015fkili \u00e7ok say\u0131da\u00a0\u00fccretsiz SMTP sunucular\u0131 (en pop\u00fclerleri Gmail ve Yahoo olmak \u00fczere) vard\u0131r, ama sadece tek bir profesyonel mail server t\u00fcm e-postalar\u0131n\u0131z\u0131 en y\u00fcksek teslim edilebilirli\u011fini &#8230; <\/p>\n<p class=\"read-more-container\"><a title=\"Mail server kurulumu\" class=\"read-more button\" href=\"https:\/\/serversmtp.com\/tr\/mail-server-kurulumu\/#more-3256\" aria-label=\"Read more about Mail server kurulumu\">Discover more<\/a><\/p>\n","protected":false},"author":3,"featured_media":0,"parent":0,"menu_order":0,"comment_status":"closed","ping_status":"closed","template":"","meta":{"_eb_attr":"","inline_featured_image":false,"_monsterinsights_skip_tracking":false,"_monsterinsights_sitenote_active":false,"_monsterinsights_sitenote_note":"","_monsterinsights_sitenote_category":0,"footnotes":""},"class_list":["post-3256","page","type-page","status-publish"],"yoast_head":"<!-- This site is optimized with the Yoast SEO plugin v25.3.1 - https:\/\/yoast.com\/wordpress\/plugins\/seo\/ -->\n<title>Mail server kurulumu - smtp mail server - professional SMTP service provider<\/title>\n<meta name=\"robots\" content=\"index, follow, max-snippet:-1, max-image-preview:large, max-video-preview:-1\" \/>\n<link rel=\"canonical\" href=\"https:\/\/serversmtp.com\/tr\/mail-server-kurulumu\/\" \/>\n<meta name=\"twitter:label1\" content=\"Tahmini okuma s\u00fcresi\" \/>\n\t<meta name=\"twitter:data1\" content=\"2 dakika\" \/>\n<!-- \/ Yoast SEO plugin. -->","yoast_head_json":{"title":"Mail server kurulumu - smtp mail server - professional SMTP service provider","robots":{"index":"index","follow":"follow","max-snippet":"max-snippet:-1","max-image-preview":"max-image-preview:large","max-video-preview":"max-video-preview:-1"},"canonical":"https:\/\/serversmtp.com\/tr\/mail-server-kurulumu\/","twitter_misc":{"Tahmini okuma s\u00fcresi":"2 dakika"},"schema":{"@context":"https:\/\/schema.org","@graph":[{"@type":"WebPage","@id":"https:\/\/serversmtp.com\/tr\/mail-server-kurulumu\/","url":"https:\/\/serversmtp.com\/tr\/mail-server-kurulumu\/","name":"Mail server kurulumu - smtp mail server - professional SMTP service provider","isPartOf":{"@id":"https:\/\/serversmtp.com\/es\/#website"},"primaryImageOfPage":{"@id":"https:\/\/serversmtp.com\/tr\/mail-server-kurulumu\/#primaryimage"},"image":{"@id":"https:\/\/serversmtp.com\/tr\/mail-server-kurulumu\/#primaryimage"},"thumbnailUrl":"https:\/\/serversmtp.com\/wp-content\/uploads\/2018\/04\/smtp-sunucusu.png","datePublished":"2018-04-27T15:34:44+00:00","dateModified":"2018-04-27T16:17:49+00:00","breadcrumb":{"@id":"https:\/\/serversmtp.com\/tr\/mail-server-kurulumu\/#breadcrumb"},"inLanguage":"tr","potentialAction":[{"@type":"ReadAction","target":["https:\/\/serversmtp.com\/tr\/mail-server-kurulumu\/"]}]},{"@type":"ImageObject","inLanguage":"tr","@id":"https:\/\/serversmtp.com\/tr\/mail-server-kurulumu\/#primaryimage","url":"https:\/\/serversmtp.com\/wp-content\/uploads\/2018\/04\/smtp-sunucusu.png","contentUrl":"https:\/\/serversmtp.com\/wp-content\/uploads\/2018\/04\/smtp-sunucusu.png"},{"@type":"BreadcrumbList","@id":"https:\/\/serversmtp.com\/tr\/mail-server-kurulumu\/#breadcrumb","itemListElement":[{"@type":"ListItem","position":1,"name":"Home","item":"https:\/\/serversmtp.com\/tr\/"},{"@type":"ListItem","position":2,"name":"Mail server kurulumu"}]},{"@type":"WebSite","@id":"https:\/\/serversmtp.com\/es\/#website","url":"https:\/\/serversmtp.com\/es\/","name":"smtp mail server - professional SMTP service provider","description":"smtp mail server - professional SMTP service provider","publisher":{"@id":"https:\/\/serversmtp.com\/es\/#organization"},"potentialAction":[{"@type":"SearchAction","target":{"@type":"EntryPoint","urlTemplate":"https:\/\/serversmtp.com\/es\/?s={search_term_string}"},"query-input":{"@type":"PropertyValueSpecification","valueRequired":true,"valueName":"search_term_string"}}],"inLanguage":"tr"},{"@type":"Organization","@id":"https:\/\/serversmtp.com\/es\/#organization","name":"Delivery Tech","url":"https:\/\/serversmtp.com\/es\/","logo":{"@type":"ImageObject","inLanguage":"tr","@id":"https:\/\/serversmtp.com\/es\/#\/schema\/logo\/image\/","url":"https:\/\/serversmtp.com\/wp-content\/uploads\/2021\/11\/og-image-2.jpg","contentUrl":"https:\/\/serversmtp.com\/wp-content\/uploads\/2021\/11\/og-image-2.jpg","width":1200,"height":1128,"caption":"Delivery Tech"},"image":{"@id":"https:\/\/serversmtp.com\/es\/#\/schema\/logo\/image\/"}}]}},"_links":{"self":[{"href":"https:\/\/serversmtp.com\/tr\/wp-json\/wp\/v2\/pages\/3256"}],"collection":[{"href":"https:\/\/serversmtp.com\/tr\/wp-json\/wp\/v2\/pages"}],"about":[{"href":"https:\/\/serversmtp.com\/tr\/wp-json\/wp\/v2\/types\/page"}],"author":[{"embeddable":true,"href":"https:\/\/serversmtp.com\/tr\/wp-json\/wp\/v2\/users\/3"}],"replies":[{"embeddable":true,"href":"https:\/\/serversmtp.com\/tr\/wp-json\/wp\/v2\/comments?post=3256"}],"version-history":[{"count":2,"href":"https:\/\/serversmtp.com\/tr\/wp-json\/wp\/v2\/pages\/3256\/revisions"}],"predecessor-version":[{"id":3259,"href":"https:\/\/serversmtp.com\/tr\/wp-json\/wp\/v2\/pages\/3256\/revisions\/3259"}],"wp:attachment":[{"href":"https:\/\/serversmtp.com\/tr\/wp-json\/wp\/v2\/media?parent=3256"}],"curies":[{"name":"wp","href":"https:\/\/api.w.org\/{rel}","templated":true}]}}