{"id":3252,"date":"2018-04-27T17:24:02","date_gmt":"2018-04-27T15:24:02","guid":{"rendered":"https:\/\/dev.serversmtp.com\/?page_id=3252"},"modified":"2018-08-30T09:34:20","modified_gmt":"2018-08-30T07:34:20","slug":"smtp-sunucusu-yapilandirma","status":"publish","type":"page","link":"https:\/\/serversmtp.com\/tr\/smtp-sunucusu-yapilandirma\/","title":{"rendered":"SMTP sunucusu yap\u0131land\u0131rma\ufeff"},"content":{"rendered":"<p>SMTP profesyonel bir posta sunucusunu se\u00e7in neden e-posta da\u011f\u0131t\u0131m sisteminin temelleri nelerdir, bir posta istemcisi i\u00e7in bir giden sunucu kullanmak ve nas\u0131l yap\u0131land\u0131r\u0131laca\u011f\u0131, budur: SMTP sunucusu ayarlar\u0131 hakk\u0131nda bilmeniz gereken her \u015fey. Ve \u00e7ok daha fazlas\u0131.<\/p>\n<div class=\"lpCategoryList\">\n<h2><a title=\"Mail server kurulumu\" href=\"\/tr\/mail-server-kurulumu\">Mail server kurulumu<\/a><\/h2>\n<p>Bir posta istemcisi yap\u0131land\u0131r\u0131rken, SMTP sunucusu (mail server) sa\u011flay\u0131c\u0131s\u0131 ile d\u00fczg\u00fcn bir ba\u011flant\u0131 sa\u011flayacak ve b\u00f6ylece e-postalar\u0131n\u0131z\u0131n do\u011fru teslimat\u0131n\u0131 sa\u011flayacak olan SMTP ayarlar\u0131n\u0131 ayr\u0131nt\u0131l\u0131 girmeniz gerekir.<\/p>\n<h2><a title=\"Gmail SMTP yap\u0131land\u0131rmas\u0131\" href=\"\/tr\/gmail-smtp-yapilandirmasi\/\">Gmail SMTP yap\u0131land\u0131rmas\u0131<\/a><\/h2>\n<p>Gmail fantastik bir internet posta uygulamas\u0131d\u0131r, ancak baz\u0131 insanlar onu gibi bir e-posta istemcisinden kendi gelen kutular\u0131na eri\u015fmek i\u00e7in daha kullan\u0131\u015fl\u0131 bulmaktad\u0131r: bu yapmak i\u00e7in do\u011fru ayarlar\u0131 girerek onun giden sunucusunu yap\u0131land\u0131rmak gereklidir.<\/p>\n<h2><a title=\"Hotmail SMTP yap\u0131land\u0131rmas\u0131\" href=\"\/tr\/hotmail-smtp-yapilandirmasi\">Hotmail SMTP yap\u0131land\u0131rmas\u0131<\/a><\/h2>\n<p>Hotmail gibi internet posta hizmetleri \u00e7evrimi\u00e7i e-posta hesab\u0131n\u0131z\u0131 kontrol etmek i\u00e7in harikad\u0131r: ama Mozilla Thunderbird veya Microsoft Outlook gibi bir masa\u00fcst\u00fc yaz\u0131l\u0131m\u0131ndan gelen kutunuza eri\u015fmek isteyebilirsiniz. Bunu yapmak i\u00e7in, Hotmail SMTP ayarlar\u0131n\u0131 yapmak gereklidir.<\/p>\n<h2><a title=\"Outlook i\u00e7in SMTP ayarlar\u0131\" href=\"\/tr\/outlook-smtp-ayarlari\/\">Outlook i\u00e7in SMTP ayarlar\u0131<\/a><\/h2>\n<p>Outlook i\u00e7in bir SMTP sunucusu kurmak ve e-postalar\u0131n\u0131z\u0131 g\u00f6ndermeye ba\u015flamak i\u00e7in baz\u0131 basit ad\u0131mlar\u0131 takip etmek gerekir.<\/p>\n<h2><a title=\"Microsoft Exchange i\u00e7in SMTP sunucusu\" href=\"\/tr\/microsoft-exchange-sunucusu\">Microsoft Exchange i\u00e7in SMTP sunucusu<\/a><\/h2>\n<p>Bu makalede, Microsoft Exchange bir SMTP sunucusu yap\u0131land\u0131rmak ve birka\u00e7 dakika i\u00e7inde e-posta g\u00f6ndermeye ba\u015flamak i\u00e7in nas\u0131l g\u00f6receksiniz.<\/p>\n<h2><a title=\"SMTP sunucusunun ayarlan\" href=\"\/tr\/smtp-ayarlan\">SMTP sunucusunun ayarlan<\/a><\/h2>\n<p>Bir posta istemcisi kurmak i\u00e7in, e-postalar\u0131n teslimiyle ilgilenen bir SMTP sunucusunu yap\u0131land\u0131rmak gereklidir. Burada nas\u0131l bulunuyor.<\/p>\n<h2><a title=\"Giden posta sunucusu\" href=\"\/tr\/giden-posta-sunucusu\">Giden posta sunucusu<\/a><\/h2>\n<p>her e-posta (bir i\u015f arkada\u015f\u0131n\u0131za ya da bir arkada\u015f\u0131n\u0131za tek bir bile) g\u00f6nderme i\u015fleminde, SMTP protokol\u00fc &#8220;kullanmas\u0131&#8221; nedeniyle, ayn\u0131 zamanda ve daha s\u0131kl\u0131kla SMTP sunucusu denen b\u00f6yle bir makineye g\u00fcvenirsiniz.<\/p>\n<h2><a title=\"SMTP portu\" href=\"\/tr\/smtp-portu\">SMTP portu<\/a><\/h2>\n<p>SMTP sunucusunu bir posta istemcisi \u00fczerinde ayarlarken onun i\u00e7in hangi portu noktas\u0131n\u0131 se\u00e7meniz gerekir? \u0130\u015fte cevab\u0131.<\/p>\n<h2><a title=\"SMTP sunucusu nedir\" href=\"\/tr\/smtp-sunucusu-nedir\">SMTP sunucusu nedir<\/a><\/h2>\n<p>Bu yaz\u0131da size SMTP sunucusu hakk\u0131nda bilmeniz gereken t\u00fcm bulabilirsiniz: ne nas\u0131l \u00e7al\u0131\u015ft\u0131\u011f\u0131n\u0131, ve bu e-postalar\u0131n\u0131z\u0131 teslim nas\u0131l.<\/p>\n<\/div>\n","protected":false},"excerpt":{"rendered":"<p>SMTP profesyonel bir posta sunucusunu se\u00e7in neden e-posta da\u011f\u0131t\u0131m sisteminin temelleri nelerdir, bir posta istemcisi i\u00e7in bir giden sunucu kullanmak ve nas\u0131l yap\u0131land\u0131r\u0131laca\u011f\u0131, budur: SMTP sunucusu ayarlar\u0131 hakk\u0131nda bilmeniz gereken her \u015fey. Ve \u00e7ok daha fazlas\u0131. Mail server kurulumu Bir posta istemcisi yap\u0131land\u0131r\u0131rken, SMTP sunucusu (mail server) sa\u011flay\u0131c\u0131s\u0131 ile d\u00fczg\u00fcn bir ba\u011flant\u0131 sa\u011flayacak ve b\u00f6ylece &#8230; <\/p>\n<p class=\"read-more-container\"><a title=\"SMTP sunucusu yap\u0131land\u0131rma\ufeff\" class=\"read-more button\" href=\"https:\/\/serversmtp.com\/tr\/smtp-sunucusu-yapilandirma\/#more-3252\" aria-label=\"Read more about SMTP sunucusu yap\u0131land\u0131rma\ufeff\">Discover more<\/a><\/p>\n","protected":false},"author":3,"featured_media":0,"parent":0,"menu_order":0,"comment_status":"closed","ping_status":"closed","template":"g1_template_page_sidebar_right.php","meta":{"_eb_attr":"","inline_featured_image":false,"_monsterinsights_skip_tracking":false,"_monsterinsights_sitenote_active":false,"_monsterinsights_sitenote_note":"","_monsterinsights_sitenote_category":0,"footnotes":""},"class_list":["post-3252","page","type-page","status-publish"],"yoast_head":"<!-- This site is optimized with the Yoast SEO plugin v25.3.1 - https:\/\/yoast.com\/wordpress\/plugins\/seo\/ -->\n<title>SMTP sunucusu yap\u0131land\u0131rma\ufeff - smtp mail server - professional SMTP service provider<\/title>\n<meta name=\"robots\" content=\"index, follow, max-snippet:-1, max-image-preview:large, max-video-preview:-1\" \/>\n<link rel=\"canonical\" href=\"https:\/\/serversmtp.com\/tr\/smtp-sunucusu-yapilandirma\/\" \/>\n<meta name=\"twitter:label1\" content=\"Tahmini okuma s\u00fcresi\" \/>\n\t<meta name=\"twitter:data1\" content=\"2 dakika\" \/>\n<!-- \/ Yoast SEO plugin. -->","yoast_head_json":{"title":"SMTP sunucusu yap\u0131land\u0131rma\ufeff - smtp mail server - professional SMTP service provider","robots":{"index":"index","follow":"follow","max-snippet":"max-snippet:-1","max-image-preview":"max-image-preview:large","max-video-preview":"max-video-preview:-1"},"canonical":"https:\/\/serversmtp.com\/tr\/smtp-sunucusu-yapilandirma\/","twitter_misc":{"Tahmini okuma s\u00fcresi":"2 dakika"},"schema":{"@context":"https:\/\/schema.org","@graph":[{"@type":"WebPage","@id":"https:\/\/serversmtp.com\/tr\/smtp-sunucusu-yapilandirma\/","url":"https:\/\/serversmtp.com\/tr\/smtp-sunucusu-yapilandirma\/","name":"SMTP sunucusu yap\u0131land\u0131rma\ufeff - smtp mail server - professional SMTP service provider","isPartOf":{"@id":"https:\/\/serversmtp.com\/de\/#website"},"datePublished":"2018-04-27T15:24:02+00:00","dateModified":"2018-08-30T07:34:20+00:00","breadcrumb":{"@id":"https:\/\/serversmtp.com\/tr\/smtp-sunucusu-yapilandirma\/#breadcrumb"},"inLanguage":"tr","potentialAction":[{"@type":"ReadAction","target":["https:\/\/serversmtp.com\/tr\/smtp-sunucusu-yapilandirma\/"]}]},{"@type":"BreadcrumbList","@id":"https:\/\/serversmtp.com\/tr\/smtp-sunucusu-yapilandirma\/#breadcrumb","itemListElement":[{"@type":"ListItem","position":1,"name":"Home","item":"https:\/\/serversmtp.com\/tr\/"},{"@type":"ListItem","position":2,"name":"SMTP sunucusu yap\u0131land\u0131rma\ufeff"}]},{"@type":"WebSite","@id":"https:\/\/serversmtp.com\/de\/#website","url":"https:\/\/serversmtp.com\/de\/","name":"smtp mail server - professional SMTP service provider","description":"smtp mail server - professional SMTP service provider","publisher":{"@id":"https:\/\/serversmtp.com\/de\/#organization"},"potentialAction":[{"@type":"SearchAction","target":{"@type":"EntryPoint","urlTemplate":"https:\/\/serversmtp.com\/de\/?s={search_term_string}"},"query-input":{"@type":"PropertyValueSpecification","valueRequired":true,"valueName":"search_term_string"}}],"inLanguage":"tr"},{"@type":"Organization","@id":"https:\/\/serversmtp.com\/de\/#organization","name":"Delivery Tech","url":"https:\/\/serversmtp.com\/de\/","logo":{"@type":"ImageObject","inLanguage":"tr","@id":"https:\/\/serversmtp.com\/de\/#\/schema\/logo\/image\/","url":"https:\/\/serversmtp.com\/wp-content\/uploads\/2021\/11\/og-image-2.jpg","contentUrl":"https:\/\/serversmtp.com\/wp-content\/uploads\/2021\/11\/og-image-2.jpg","width":1200,"height":1128,"caption":"Delivery Tech"},"image":{"@id":"https:\/\/serversmtp.com\/de\/#\/schema\/logo\/image\/"}}]}},"_links":{"self":[{"href":"https:\/\/serversmtp.com\/tr\/wp-json\/wp\/v2\/pages\/3252"}],"collection":[{"href":"https:\/\/serversmtp.com\/tr\/wp-json\/wp\/v2\/pages"}],"about":[{"href":"https:\/\/serversmtp.com\/tr\/wp-json\/wp\/v2\/types\/page"}],"author":[{"embeddable":true,"href":"https:\/\/serversmtp.com\/tr\/wp-json\/wp\/v2\/users\/3"}],"replies":[{"embeddable":true,"href":"https:\/\/serversmtp.com\/tr\/wp-json\/wp\/v2\/comments?post=3252"}],"version-history":[{"count":5,"href":"https:\/\/serversmtp.com\/tr\/wp-json\/wp\/v2\/pages\/3252\/revisions"}],"predecessor-version":[{"id":4937,"href":"https:\/\/serversmtp.com\/tr\/wp-json\/wp\/v2\/pages\/3252\/revisions\/4937"}],"wp:attachment":[{"href":"https:\/\/serversmtp.com\/tr\/wp-json\/wp\/v2\/media?parent=3252"}],"curies":[{"name":"wp","href":"https:\/\/api.w.org\/{rel}","templated":true}]}}