{"id":3245,"date":"2018-04-26T18:28:43","date_gmt":"2018-04-26T16:28:43","guid":{"rendered":"https:\/\/dev.serversmtp.com\/?page_id=3245"},"modified":"2018-04-26T18:28:43","modified_gmt":"2018-04-26T16:28:43","slug":"e-posta-sunucu-yoneticileri","status":"publish","type":"page","link":"https:\/\/serversmtp.com\/tr\/e-posta-sunucu-yoneticileri\/","title":{"rendered":"E-Posta Sunucu Y\u00f6neticileri"},"content":{"rendered":"<p>E-posta sunucunuzun <strong>da\u011f\u0131t\u0131m oranlar\u0131n\u0131<\/strong> ve <strong>sayg\u0131nl\u0131\u011f\u0131n\u0131<\/strong> biliyor musunuz?<br \/> Sunucunuz t\u00fcm e-posta servis sa\u011flay\u0131c\u0131lar\u0131nda&nbsp;(Gmail, Hotmail vb.)\ufeff beyaz liste i\u00e7erisinde mi?<br \/> <strong>IP adresiniz beyaz liste<\/strong> i\u00e7erisinde mi?<\/p>\n<h3>E-posta uyar\u0131 mesajlar\u0131n\u0131n da\u011f\u0131t\u0131m\u0131<\/h3>\n<p>E\u011fer <strong>online bir ma\u011fazaya sahipseniz<\/strong> veya<strong> web \u00fczerinden servis sat\u0131yorsan\u0131z<\/strong> o zaman b\u00fcy\u00fck ihtimalle <strong>e-posta uyar\u0131 mesajlar\u0131n\u0131<\/strong> kullan\u0131yorsunuzdur.<\/p>\n<p>Bu t\u00fcr mesajlar, aktivasyon ba\u011flant\u0131lar\u0131n\u0131n g\u00f6nderilmesi, lisans kodlar\u0131n\u0131n iletilmesi veya yeni bir sipari\u015f al\u0131nd\u0131 bilgisinin iletilmesi i\u00e7in en iyi y\u00f6ntemdir.<\/p>\n<p>turboSMTP, <strong>kara\/gri listelere<\/strong> ve <strong>spam filtrelerine<\/strong> tak\u0131lmadan al\u0131c\u0131n\u0131n\ufeff inbox kutusuna mesaj\u0131n\u0131z\u0131n ula\u015ft\u0131r\u0131lmas\u0131n\u0131 sa\u011flar.<\/p>\n<p>En son teknolojileri kullanan e-posta sunucular\u0131m\u0131z, m\u00fcmk\u00fcn olan en <strong>y\u00fcksek h\u0131zlarda<\/strong> ve <strong>da\u011f\u0131t\u0131m oranlar\u0131nda<\/strong>, <strong>\u00e7ok y\u00fcksek say\u0131larda<\/strong> mesaj g\u00f6ndermek i\u00e7in tasarlanm\u0131\u015f <strong>\u00e7ok g\u00fcvenli<\/strong> ve <strong>geni\u015fleyebilir<\/strong> sunuculard\u0131r.<strong><\/strong><\/p>\n<p>Dahili SMTP sunucusu yerine turboSMTP servisini se\u00e7mek i\u00e7in bir \u00e7ok neden ve avantaj vard\u0131r:<\/p>\n<ul>\n<li>Sa\u011flam <strong>g\u00fcvenilirlik<\/strong><\/li>\n<li>H\u0131zl\u0131 <strong>da\u011f\u0131t\u0131m<\/strong><\/li>\n<li>Geli\u015ftirilmi\u015f <strong>G\u00fcvenlik<\/strong><\/li>\n<li><strong>ISSler ile <\/strong>geri bildirim<strong> d\u00f6ng\u00fcs\u00fc<\/strong><\/li>\n<li>SPF\/Sender<strong> ID Kimlik Do\u011frulmas\u0131<\/strong><\/li>\n<li>SMTP <strong>Kay\u0131t Dosyalar\u0131na<\/strong> Eri\u015fim<strong><\/strong><\/li>\n<li><strong>Esnek fiyatland\u0131rma<\/strong><\/li>\n<\/ul>\n<p>turboSMTP, <strong>Microsoft Windows Server<\/strong>, <strong>Sendmail<\/strong> ve <strong>Postfix<\/strong>\ufeff&nbsp; gibi t\u00fcm \u00f6nemli i\u015fletim sistemleri ve uygulamalar ile \u00e7ok kolay entegre olabilmektedir.<\/p>\n<p>Ek olarak, t<strong>ecr\u00fcbeli teknik ekibimiz<\/strong> sizlere birinci s\u0131n\u0131f <strong>7\/24\/365 destek vermek<\/strong> i\u00e7in haz\u0131r durumdad\u0131rlar.&nbsp;<\/p>\n<h3>Fark\u0131 hissedin<\/h3>\n<p>\u015eirket ihtiya\u00e7lar\u0131n\u0131za en uygun \u00e7\u00f6z\u00fcm\u00fc se\u00e7ebilece\u011finiz <strong>bir \u00e7ok farkl\u0131 paket<\/strong> sunmaktay\u0131z.<\/p>\n<p>Bir fiyat teklifi almak isterseniz l\u00fctfen <span class=\"startLink\"><a>bizimle ileti\u015fime ge\u00e7in<\/a><\/span><\/p>\n","protected":false},"excerpt":{"rendered":"<p>E-posta sunucunuzun da\u011f\u0131t\u0131m oranlar\u0131n\u0131 ve sayg\u0131nl\u0131\u011f\u0131n\u0131 biliyor musunuz? Sunucunuz t\u00fcm e-posta servis sa\u011flay\u0131c\u0131lar\u0131nda&nbsp;(Gmail, Hotmail vb.)\ufeff beyaz liste i\u00e7erisinde mi? IP adresiniz beyaz liste i\u00e7erisinde mi? E-posta uyar\u0131 mesajlar\u0131n\u0131n da\u011f\u0131t\u0131m\u0131 E\u011fer online bir ma\u011fazaya sahipseniz veya web \u00fczerinden servis sat\u0131yorsan\u0131z o zaman b\u00fcy\u00fck ihtimalle e-posta uyar\u0131 mesajlar\u0131n\u0131 kullan\u0131yorsunuzdur. Bu t\u00fcr mesajlar, aktivasyon ba\u011flant\u0131lar\u0131n\u0131n g\u00f6nderilmesi, lisans kodlar\u0131n\u0131n &#8230; <\/p>\n<p class=\"read-more-container\"><a title=\"E-Posta Sunucu Y\u00f6neticileri\" class=\"read-more button\" href=\"https:\/\/serversmtp.com\/tr\/e-posta-sunucu-yoneticileri\/#more-3245\" aria-label=\"Read more about E-Posta Sunucu Y\u00f6neticileri\">Discover more<\/a><\/p>\n","protected":false},"author":3,"featured_media":0,"parent":0,"menu_order":0,"comment_status":"closed","ping_status":"closed","template":"g1_template_page_sidebar_right.php","meta":{"_eb_attr":"","inline_featured_image":false,"_monsterinsights_skip_tracking":false,"_monsterinsights_sitenote_active":false,"_monsterinsights_sitenote_note":"","_monsterinsights_sitenote_category":0,"footnotes":""},"class_list":["post-3245","page","type-page","status-publish"],"yoast_head":"<!-- This site is optimized with the Yoast SEO plugin v25.3.1 - https:\/\/yoast.com\/wordpress\/plugins\/seo\/ -->\n<title>E-Posta Sunucu Y\u00f6neticileri - smtp mail server - professional SMTP service provider<\/title>\n<meta name=\"robots\" content=\"index, follow, max-snippet:-1, max-image-preview:large, max-video-preview:-1\" \/>\n<link rel=\"canonical\" href=\"https:\/\/serversmtp.com\/tr\/e-posta-sunucu-yoneticileri\/\" \/>\n<meta name=\"twitter:label1\" content=\"Tahmini okuma s\u00fcresi\" \/>\n\t<meta name=\"twitter:data1\" content=\"1 dakika\" \/>\n<!-- \/ Yoast SEO plugin. -->","yoast_head_json":{"title":"E-Posta Sunucu Y\u00f6neticileri - smtp mail server - professional SMTP service provider","robots":{"index":"index","follow":"follow","max-snippet":"max-snippet:-1","max-image-preview":"max-image-preview:large","max-video-preview":"max-video-preview:-1"},"canonical":"https:\/\/serversmtp.com\/tr\/e-posta-sunucu-yoneticileri\/","twitter_misc":{"Tahmini okuma s\u00fcresi":"1 dakika"},"schema":{"@context":"https:\/\/schema.org","@graph":[{"@type":"WebPage","@id":"https:\/\/serversmtp.com\/tr\/e-posta-sunucu-yoneticileri\/","url":"https:\/\/serversmtp.com\/tr\/e-posta-sunucu-yoneticileri\/","name":"E-Posta Sunucu Y\u00f6neticileri - smtp mail server - professional SMTP service provider","isPartOf":{"@id":"https:\/\/serversmtp.com\/#website"},"datePublished":"2018-04-26T16:28:43+00:00","breadcrumb":{"@id":"https:\/\/serversmtp.com\/tr\/e-posta-sunucu-yoneticileri\/#breadcrumb"},"inLanguage":"tr","potentialAction":[{"@type":"ReadAction","target":["https:\/\/serversmtp.com\/tr\/e-posta-sunucu-yoneticileri\/"]}]},{"@type":"BreadcrumbList","@id":"https:\/\/serversmtp.com\/tr\/e-posta-sunucu-yoneticileri\/#breadcrumb","itemListElement":[{"@type":"ListItem","position":1,"name":"Home","item":"https:\/\/serversmtp.com\/tr\/"},{"@type":"ListItem","position":2,"name":"E-Posta Sunucu Y\u00f6neticileri"}]},{"@type":"WebSite","@id":"https:\/\/serversmtp.com\/#website","url":"https:\/\/serversmtp.com\/","name":"smtp mail server - professional SMTP service provider","description":"smtp mail server - professional SMTP service provider","publisher":{"@id":"https:\/\/serversmtp.com\/#organization"},"potentialAction":[{"@type":"SearchAction","target":{"@type":"EntryPoint","urlTemplate":"https:\/\/serversmtp.com\/?s={search_term_string}"},"query-input":{"@type":"PropertyValueSpecification","valueRequired":true,"valueName":"search_term_string"}}],"inLanguage":"tr"},{"@type":"Organization","@id":"https:\/\/serversmtp.com\/#organization","name":"Delivery Tech","url":"https:\/\/serversmtp.com\/","logo":{"@type":"ImageObject","inLanguage":"tr","@id":"https:\/\/serversmtp.com\/#\/schema\/logo\/image\/","url":"https:\/\/serversmtp.com\/wp-content\/uploads\/2021\/11\/og-image-2.jpg","contentUrl":"https:\/\/serversmtp.com\/wp-content\/uploads\/2021\/11\/og-image-2.jpg","width":1200,"height":1128,"caption":"Delivery Tech"},"image":{"@id":"https:\/\/serversmtp.com\/#\/schema\/logo\/image\/"}}]}},"_links":{"self":[{"href":"https:\/\/serversmtp.com\/tr\/wp-json\/wp\/v2\/pages\/3245"}],"collection":[{"href":"https:\/\/serversmtp.com\/tr\/wp-json\/wp\/v2\/pages"}],"about":[{"href":"https:\/\/serversmtp.com\/tr\/wp-json\/wp\/v2\/types\/page"}],"author":[{"embeddable":true,"href":"https:\/\/serversmtp.com\/tr\/wp-json\/wp\/v2\/users\/3"}],"replies":[{"embeddable":true,"href":"https:\/\/serversmtp.com\/tr\/wp-json\/wp\/v2\/comments?post=3245"}],"version-history":[{"count":2,"href":"https:\/\/serversmtp.com\/tr\/wp-json\/wp\/v2\/pages\/3245\/revisions"}],"predecessor-version":[{"id":3247,"href":"https:\/\/serversmtp.com\/tr\/wp-json\/wp\/v2\/pages\/3245\/revisions\/3247"}],"wp:attachment":[{"href":"https:\/\/serversmtp.com\/tr\/wp-json\/wp\/v2\/media?parent=3245"}],"curies":[{"name":"wp","href":"https:\/\/api.w.org\/{rel}","templated":true}]}}