{"id":3241,"date":"2018-04-26T18:26:16","date_gmt":"2018-04-26T16:26:16","guid":{"rendered":"https:\/\/dev.serversmtp.com\/?page_id=3241"},"modified":"2018-08-29T17:55:31","modified_gmt":"2018-08-29T15:55:31","slug":"e-posta-liste-dagiticilari","status":"publish","type":"page","link":"https:\/\/serversmtp.com\/tr\/e-posta-liste-dagiticilari\/","title":{"rendered":"E-posta Liste da\u011f\u0131t\u0131c\u0131lar\u0131"},"content":{"rendered":"<p>turboSMTP,\u00a0 <strong>y\u00fczlerce veya milyonlarca<\/strong> <strong>yasal mesaj<\/strong> g\u00f6nderme ihtiyac\u0131n\u0131z olsa bile, e-posta listelerinizi ve b\u00fcltenlerinizi g\u00f6ndermek i\u00e7in <strong>maliyet etkin<\/strong> bir \u00e7\u00f6z\u00fcm sunar.<\/p>\n<p>\u00c7ok fazla say\u0131da e-posta g\u00f6ndermeye ba\u015flad\u0131\u011f\u0131n\u0131z zaman, ara\u015ft\u0131rmas\u0131 ve \u00e7\u00f6z\u00fcm\u00fc zaman alan mesaj g\u00f6nderme problemleri ile kar\u015f\u0131la\u015fmaya ba\u015flars\u0131n\u0131z.<\/p>\n<p>Toplu e-posta g\u00f6nderme yaz\u0131l\u0131m\u0131n\u0131z ile birlikte turboSMTP servisini kullanmaya ba\u015flar ba\u015flamaz <strong>kara listeler, ISS k\u0131s\u0131tlamlar\u0131 veya d\u00fc\u015f\u00fck e-posta g\u00fcvenilirlik sorunlar\u0131 i\u00e7in endi\u015fe etmenize gerek kalmaz<\/strong>.<\/p>\n<p><strong>Beyaz liste i\u00e7erisinde olan sunucular\u0131m\u0131z<\/strong>, mesajlar\u0131n\u0131z\u0131 g\u00f6nderecek ve ger\u00e7ekten teslim edildiklerini garanti edecektir &#8211; size zaman kazand\u0131racak ve <strong>geri d\u00f6n\u00fc\u015f oranlar\u0131n\u0131z\u0131 art\u0131racakt\u0131r<\/strong>.<\/p>\n<p>turboSMTP <strong>t\u00fcm \u00f6nemli e-posta uygulamalar\u0131<\/strong> ile sorunsuz \u00e7al\u0131\u015fmaktad\u0131r:<\/p>\n<ul>\n<li>Max Bulk Mailer<\/li>\n<li>G-Lock Easy Mail<\/li>\n<li>SendBlaster<\/li>\n<li>Infacta Group Mail<\/li>\n<\/ul>\n<p>ve daha bir \u00e7ok&#8230;<\/p>\n<h3>Fark\u0131 hissedin<\/h3>\n<p>\u015eirket ihtiya\u00e7lar\u0131n\u0131za en uygun olan\u0131 se\u00e7ebilmeniz i\u00e7in fark\u0131 paketler sunuyoruz.<\/p>\n<p class=\"startLink\"><a title=\"Start sending your emails with turboSMTP in minutes...\" href=\"\/tr\/order.php\">Dakilar i\u00e7erisinde turboSMTP ile e-postalar\u0131n\u0131z\u0131 g\u00f6ndermeye ba\u015flay\u0131n&#8230;<\/a><\/p>\n","protected":false},"excerpt":{"rendered":"<p>turboSMTP,\u00a0 y\u00fczlerce veya milyonlarca yasal mesaj g\u00f6nderme ihtiyac\u0131n\u0131z olsa bile, e-posta listelerinizi ve b\u00fcltenlerinizi g\u00f6ndermek i\u00e7in maliyet etkin bir \u00e7\u00f6z\u00fcm sunar. \u00c7ok fazla say\u0131da e-posta g\u00f6ndermeye ba\u015flad\u0131\u011f\u0131n\u0131z zaman, ara\u015ft\u0131rmas\u0131 ve \u00e7\u00f6z\u00fcm\u00fc zaman alan mesaj g\u00f6nderme problemleri ile kar\u015f\u0131la\u015fmaya ba\u015flars\u0131n\u0131z. Toplu e-posta g\u00f6nderme yaz\u0131l\u0131m\u0131n\u0131z ile birlikte turboSMTP servisini kullanmaya ba\u015flar ba\u015flamaz kara listeler, ISS k\u0131s\u0131tlamlar\u0131 veya &#8230; <\/p>\n<p class=\"read-more-container\"><a title=\"E-posta Liste da\u011f\u0131t\u0131c\u0131lar\u0131\" class=\"read-more button\" href=\"https:\/\/serversmtp.com\/tr\/e-posta-liste-dagiticilari\/#more-3241\" aria-label=\"Read more about E-posta Liste da\u011f\u0131t\u0131c\u0131lar\u0131\">Discover more<\/a><\/p>\n","protected":false},"author":3,"featured_media":0,"parent":0,"menu_order":0,"comment_status":"closed","ping_status":"closed","template":"g1_template_page_sidebar_right.php","meta":{"_eb_attr":"","inline_featured_image":false,"_monsterinsights_skip_tracking":false,"_monsterinsights_sitenote_active":false,"_monsterinsights_sitenote_note":"","_monsterinsights_sitenote_category":0,"footnotes":""},"class_list":["post-3241","page","type-page","status-publish"],"yoast_head":"<!-- This site is optimized with the Yoast SEO plugin v25.3.1 - https:\/\/yoast.com\/wordpress\/plugins\/seo\/ -->\n<title>E-posta Liste da\u011f\u0131t\u0131c\u0131lar\u0131 - smtp mail server - professional SMTP service provider<\/title>\n<meta name=\"robots\" content=\"index, follow, max-snippet:-1, max-image-preview:large, max-video-preview:-1\" \/>\n<link rel=\"canonical\" href=\"https:\/\/serversmtp.com\/tr\/e-posta-liste-dagiticilari\/\" \/>\n<meta name=\"twitter:label1\" content=\"Tahmini okuma s\u00fcresi\" \/>\n\t<meta name=\"twitter:data1\" content=\"1 dakika\" \/>\n<!-- \/ Yoast SEO plugin. -->","yoast_head_json":{"title":"E-posta Liste da\u011f\u0131t\u0131c\u0131lar\u0131 - smtp mail server - professional SMTP service provider","robots":{"index":"index","follow":"follow","max-snippet":"max-snippet:-1","max-image-preview":"max-image-preview:large","max-video-preview":"max-video-preview:-1"},"canonical":"https:\/\/serversmtp.com\/tr\/e-posta-liste-dagiticilari\/","twitter_misc":{"Tahmini okuma s\u00fcresi":"1 dakika"},"schema":{"@context":"https:\/\/schema.org","@graph":[{"@type":"WebPage","@id":"https:\/\/serversmtp.com\/tr\/e-posta-liste-dagiticilari\/","url":"https:\/\/serversmtp.com\/tr\/e-posta-liste-dagiticilari\/","name":"E-posta Liste da\u011f\u0131t\u0131c\u0131lar\u0131 - smtp mail server - professional SMTP service provider","isPartOf":{"@id":"https:\/\/serversmtp.com\/es\/#website"},"datePublished":"2018-04-26T16:26:16+00:00","dateModified":"2018-08-29T15:55:31+00:00","breadcrumb":{"@id":"https:\/\/serversmtp.com\/tr\/e-posta-liste-dagiticilari\/#breadcrumb"},"inLanguage":"tr","potentialAction":[{"@type":"ReadAction","target":["https:\/\/serversmtp.com\/tr\/e-posta-liste-dagiticilari\/"]}]},{"@type":"BreadcrumbList","@id":"https:\/\/serversmtp.com\/tr\/e-posta-liste-dagiticilari\/#breadcrumb","itemListElement":[{"@type":"ListItem","position":1,"name":"Home","item":"https:\/\/serversmtp.com\/tr\/"},{"@type":"ListItem","position":2,"name":"E-posta Liste da\u011f\u0131t\u0131c\u0131lar\u0131"}]},{"@type":"WebSite","@id":"https:\/\/serversmtp.com\/es\/#website","url":"https:\/\/serversmtp.com\/es\/","name":"smtp mail server - professional SMTP service provider","description":"smtp mail server - professional SMTP service provider","publisher":{"@id":"https:\/\/serversmtp.com\/es\/#organization"},"potentialAction":[{"@type":"SearchAction","target":{"@type":"EntryPoint","urlTemplate":"https:\/\/serversmtp.com\/es\/?s={search_term_string}"},"query-input":{"@type":"PropertyValueSpecification","valueRequired":true,"valueName":"search_term_string"}}],"inLanguage":"tr"},{"@type":"Organization","@id":"https:\/\/serversmtp.com\/es\/#organization","name":"Delivery Tech","url":"https:\/\/serversmtp.com\/es\/","logo":{"@type":"ImageObject","inLanguage":"tr","@id":"https:\/\/serversmtp.com\/es\/#\/schema\/logo\/image\/","url":"https:\/\/serversmtp.com\/wp-content\/uploads\/2021\/11\/og-image-2.jpg","contentUrl":"https:\/\/serversmtp.com\/wp-content\/uploads\/2021\/11\/og-image-2.jpg","width":1200,"height":1128,"caption":"Delivery Tech"},"image":{"@id":"https:\/\/serversmtp.com\/es\/#\/schema\/logo\/image\/"}}]}},"_links":{"self":[{"href":"https:\/\/serversmtp.com\/tr\/wp-json\/wp\/v2\/pages\/3241"}],"collection":[{"href":"https:\/\/serversmtp.com\/tr\/wp-json\/wp\/v2\/pages"}],"about":[{"href":"https:\/\/serversmtp.com\/tr\/wp-json\/wp\/v2\/types\/page"}],"author":[{"embeddable":true,"href":"https:\/\/serversmtp.com\/tr\/wp-json\/wp\/v2\/users\/3"}],"replies":[{"embeddable":true,"href":"https:\/\/serversmtp.com\/tr\/wp-json\/wp\/v2\/comments?post=3241"}],"version-history":[{"count":3,"href":"https:\/\/serversmtp.com\/tr\/wp-json\/wp\/v2\/pages\/3241\/revisions"}],"predecessor-version":[{"id":4920,"href":"https:\/\/serversmtp.com\/tr\/wp-json\/wp\/v2\/pages\/3241\/revisions\/4920"}],"wp:attachment":[{"href":"https:\/\/serversmtp.com\/tr\/wp-json\/wp\/v2\/media?parent=3241"}],"curies":[{"name":"wp","href":"https:\/\/api.w.org\/{rel}","templated":true}]}}