{"id":3238,"date":"2018-04-26T18:24:13","date_gmt":"2018-04-26T16:24:13","guid":{"rendered":"https:\/\/dev.serversmtp.com\/?page_id=3238"},"modified":"2018-08-29T17:05:12","modified_gmt":"2018-08-29T15:05:12","slug":"ev-ve-kucuk-isletmeler-icin-smtp","status":"publish","type":"page","link":"https:\/\/serversmtp.com\/tr\/ev-ve-kucuk-isletmeler-icin-smtp\/","title":{"rendered":"Ev ve K\u00fc\u00e7\u00fck \u0130\u015fletmeler"},"content":{"rendered":"<p>turboSMTP, sahip oldu\u011funuz <strong>herhangi bir e-posta adresini<\/strong> kullanarak, <strong>ev ve ofis bilgisayarlar\u0131n\u0131zdan ki\u015fisel ve i\u015f e-postalar\u0131n\u0131z\u0131<\/strong> g\u00f6ndermenize olanak sa\u011flayarak t\u00fcm g\u00fcnl\u00fck e-posta problemlerinizi \u00e7\u00f6zer.<\/p>\n<p>Diz\u00fcst\u00fc veya masa\u00fcst\u00fc bilgisayar\u0131n\u0131zda<strong> bir kereye mahsus smtp parametlerini ayarlar\u0131n<\/strong> ve <strong>herhangi bir internet ba\u011flant\u0131s\u0131<\/strong> ile <strong>y\u00fcksek teslim oranlar\u0131na ula\u015fan e-posta g\u00f6ndermeye ba\u015flay\u0131n<\/strong>.<\/p>\n<h3>Tek hesap, bir \u00e7ok avantaj<\/h3>\n<p>Bir turboSMTP hesab\u0131 size bir \u00e7ok <strong>kazan\u00e7<\/strong> sa\u011flar:<\/p>\n<ul>\n<li><strong>Kendi alan ad\u0131n\u0131zdan<\/strong> e-posta g\u00f6nderin<\/li>\n<li>T\u00fcm bilgisayarlar\u0131n\u0131zda <strong>ayn\u0131 SMTP ayarlar\u0131n\u0131<\/strong> kullan\u0131n<\/li>\n<li><strong>S\u0131n\u0131rs\u0131z &#8220;Kimden&#8221; <\/strong>adresleri kullan\u0131n<\/li>\n<li>E-postalar\u0131 sunucu hatalar\u0131 veya ge\u00e7ikmelerinden ba\u011f\u0131ms\u0131z olarak <strong>zaman\u0131nda g\u00f6nderin<\/strong><\/li>\n<li>T\u00fcm g\u00f6nderilen mesajlar\u0131<strong> izleyin<\/strong><\/li>\n<\/ul>\n<p>ve daha bir \u00e7ok avantajlar&#8230;<\/p>\n<p>turboSMTP t\u00fcm <strong>yayg\u0131n e-posta istemcileri<\/strong> ile \u00e7al\u0131\u015f\u0131r;<\/p>\n<ul>\n<li>Microsoft Outlook<\/li>\n<li>Microsoft Windows Mail<\/li>\n<li>Mozilla Thunderbird<\/li>\n<li>Apple Mac Mail<\/li>\n<\/ul>\n<h3>E\u011fitim notlar\u0131<\/h3>\n<p><strong><a href=\"\/tr\/knowledgebase.php?action=displaycat&amp;catid=1\">Ad\u0131m ad\u0131m haz\u0131rlanm\u0131\u015f<\/a><\/strong> \u00f6zel e\u011fitim notlar\u0131m\u0131z,\u00a0 t\u00fcm yayg\u0131n e-posta istemcileri ile turboSMTP ayarlar\u0131n\u0131 yapman\u0131z konusunda size yard\u0131mc\u0131 olacakt\u0131r.<\/p>\n<h3>Fark\u0131 hissedin<\/h3>\n<p>Ayl\u0131k sadece 7.00$ dan ba\u015flayan fiyatlar ile ihtiya\u00e7lar\u0131n\u0131za en uygun olan\u0131 se\u00e7ebilece\u011finiz farkl\u0131 paketler sunuyoruz<\/p>\n<p class=\"startLink\"><a title=\"Start sending your emails with turboSMTP in minutes...\" href=\"\/tr\/order.php\">Dakikalar i\u00e7erisinde turboSMTP ile e-postalar\u0131n\u0131z\u0131 g\u00f6ndermeye ba\u015flay\u0131n<\/a><\/p>\n","protected":false},"excerpt":{"rendered":"<p>turboSMTP, sahip oldu\u011funuz herhangi bir e-posta adresini kullanarak, ev ve ofis bilgisayarlar\u0131n\u0131zdan ki\u015fisel ve i\u015f e-postalar\u0131n\u0131z\u0131 g\u00f6ndermenize olanak sa\u011flayarak t\u00fcm g\u00fcnl\u00fck e-posta problemlerinizi \u00e7\u00f6zer. Diz\u00fcst\u00fc veya masa\u00fcst\u00fc bilgisayar\u0131n\u0131zda bir kereye mahsus smtp parametlerini ayarlar\u0131n ve herhangi bir internet ba\u011flant\u0131s\u0131 ile y\u00fcksek teslim oranlar\u0131na ula\u015fan e-posta g\u00f6ndermeye ba\u015flay\u0131n. Tek hesap, bir \u00e7ok avantaj Bir turboSMTP hesab\u0131 &#8230; <\/p>\n<p class=\"read-more-container\"><a title=\"Ev ve K\u00fc\u00e7\u00fck \u0130\u015fletmeler\" class=\"read-more button\" href=\"https:\/\/serversmtp.com\/tr\/ev-ve-kucuk-isletmeler-icin-smtp\/#more-3238\" aria-label=\"Read more about Ev ve K\u00fc\u00e7\u00fck \u0130\u015fletmeler\">Discover more<\/a><\/p>\n","protected":false},"author":3,"featured_media":0,"parent":0,"menu_order":0,"comment_status":"closed","ping_status":"closed","template":"g1_template_page_sidebar_right.php","meta":{"_eb_attr":"","inline_featured_image":false,"_monsterinsights_skip_tracking":false,"_monsterinsights_sitenote_active":false,"_monsterinsights_sitenote_note":"","_monsterinsights_sitenote_category":0,"footnotes":""},"class_list":["post-3238","page","type-page","status-publish"],"yoast_head":"<!-- This site is optimized with the Yoast SEO plugin v25.3.1 - https:\/\/yoast.com\/wordpress\/plugins\/seo\/ -->\n<title>Ev ve K\u00fc\u00e7\u00fck \u0130\u015fletmeler - smtp mail server - professional SMTP service provider<\/title>\n<meta name=\"robots\" content=\"index, follow, max-snippet:-1, max-image-preview:large, max-video-preview:-1\" \/>\n<link rel=\"canonical\" href=\"https:\/\/serversmtp.com\/tr\/ev-ve-kucuk-isletmeler-icin-smtp\/\" \/>\n<meta name=\"twitter:label1\" content=\"Tahmini okuma s\u00fcresi\" \/>\n\t<meta name=\"twitter:data1\" content=\"1 dakika\" \/>\n<!-- \/ Yoast SEO plugin. -->","yoast_head_json":{"title":"Ev ve K\u00fc\u00e7\u00fck \u0130\u015fletmeler - smtp mail server - professional SMTP service provider","robots":{"index":"index","follow":"follow","max-snippet":"max-snippet:-1","max-image-preview":"max-image-preview:large","max-video-preview":"max-video-preview:-1"},"canonical":"https:\/\/serversmtp.com\/tr\/ev-ve-kucuk-isletmeler-icin-smtp\/","twitter_misc":{"Tahmini okuma s\u00fcresi":"1 dakika"},"schema":{"@context":"https:\/\/schema.org","@graph":[{"@type":"WebPage","@id":"https:\/\/serversmtp.com\/tr\/ev-ve-kucuk-isletmeler-icin-smtp\/","url":"https:\/\/serversmtp.com\/tr\/ev-ve-kucuk-isletmeler-icin-smtp\/","name":"Ev ve K\u00fc\u00e7\u00fck \u0130\u015fletmeler - smtp mail server - professional SMTP service provider","isPartOf":{"@id":"https:\/\/serversmtp.com\/es\/#website"},"datePublished":"2018-04-26T16:24:13+00:00","dateModified":"2018-08-29T15:05:12+00:00","breadcrumb":{"@id":"https:\/\/serversmtp.com\/tr\/ev-ve-kucuk-isletmeler-icin-smtp\/#breadcrumb"},"inLanguage":"tr","potentialAction":[{"@type":"ReadAction","target":["https:\/\/serversmtp.com\/tr\/ev-ve-kucuk-isletmeler-icin-smtp\/"]}]},{"@type":"BreadcrumbList","@id":"https:\/\/serversmtp.com\/tr\/ev-ve-kucuk-isletmeler-icin-smtp\/#breadcrumb","itemListElement":[{"@type":"ListItem","position":1,"name":"Home","item":"https:\/\/serversmtp.com\/tr\/"},{"@type":"ListItem","position":2,"name":"Ev ve K\u00fc\u00e7\u00fck \u0130\u015fletmeler"}]},{"@type":"WebSite","@id":"https:\/\/serversmtp.com\/es\/#website","url":"https:\/\/serversmtp.com\/es\/","name":"smtp mail server - professional SMTP service provider","description":"smtp mail server - professional SMTP service provider","publisher":{"@id":"https:\/\/serversmtp.com\/es\/#organization"},"potentialAction":[{"@type":"SearchAction","target":{"@type":"EntryPoint","urlTemplate":"https:\/\/serversmtp.com\/es\/?s={search_term_string}"},"query-input":{"@type":"PropertyValueSpecification","valueRequired":true,"valueName":"search_term_string"}}],"inLanguage":"tr"},{"@type":"Organization","@id":"https:\/\/serversmtp.com\/es\/#organization","name":"Delivery Tech","url":"https:\/\/serversmtp.com\/es\/","logo":{"@type":"ImageObject","inLanguage":"tr","@id":"https:\/\/serversmtp.com\/es\/#\/schema\/logo\/image\/","url":"https:\/\/serversmtp.com\/wp-content\/uploads\/2021\/11\/og-image-2.jpg","contentUrl":"https:\/\/serversmtp.com\/wp-content\/uploads\/2021\/11\/og-image-2.jpg","width":1200,"height":1128,"caption":"Delivery Tech"},"image":{"@id":"https:\/\/serversmtp.com\/es\/#\/schema\/logo\/image\/"}}]}},"_links":{"self":[{"href":"https:\/\/serversmtp.com\/tr\/wp-json\/wp\/v2\/pages\/3238"}],"collection":[{"href":"https:\/\/serversmtp.com\/tr\/wp-json\/wp\/v2\/pages"}],"about":[{"href":"https:\/\/serversmtp.com\/tr\/wp-json\/wp\/v2\/types\/page"}],"author":[{"embeddable":true,"href":"https:\/\/serversmtp.com\/tr\/wp-json\/wp\/v2\/users\/3"}],"replies":[{"embeddable":true,"href":"https:\/\/serversmtp.com\/tr\/wp-json\/wp\/v2\/comments?post=3238"}],"version-history":[{"count":3,"href":"https:\/\/serversmtp.com\/tr\/wp-json\/wp\/v2\/pages\/3238\/revisions"}],"predecessor-version":[{"id":4897,"href":"https:\/\/serversmtp.com\/tr\/wp-json\/wp\/v2\/pages\/3238\/revisions\/4897"}],"wp:attachment":[{"href":"https:\/\/serversmtp.com\/tr\/wp-json\/wp\/v2\/media?parent=3238"}],"curies":[{"name":"wp","href":"https:\/\/api.w.org\/{rel}","templated":true}]}}