{"id":3234,"date":"2018-04-26T18:22:08","date_gmt":"2018-04-26T16:22:08","guid":{"rendered":"https:\/\/dev.serversmtp.com\/?page_id=3234"},"modified":"2018-08-29T17:45:58","modified_gmt":"2018-08-29T15:45:58","slug":"cep-telefonu-pda-iphone-kullanicilari","status":"publish","type":"page","link":"https:\/\/serversmtp.com\/tr\/cep-telefonu-pda-iphone-kullanicilari\/","title":{"rendered":"Cep Telefonu, PDA ve iPhone kullan\u0131c\u0131lar\u0131"},"content":{"rendered":"<p>turboSMTP, <strong>seyahat halindeyken e-posta g\u00f6ndermek<\/strong> i\u00e7in m\u00fckemmel bir \u00e7\u00f6z\u00fcmd\u00fcr.<\/p>\n<p>E\u011fer bir smartphone ve\/veya iPhone sahibiyseniz, <strong>kulland\u0131\u011f\u0131n\u0131z internet ba\u011flant\u0131s\u0131ndan ba\u011f\u0131ms\u0131z<\/strong> olarak <strong>nerede olursan\u0131z olun<\/strong> e-postalar g\u00f6nderebileceksiniz.<\/p>\n<p>T\u00fcm yapman\u0131z gereken <strong>smtp ayarlar\u0131n\u0131 sadece bir defaya mahsus yapmakt\u0131r<\/strong>.<\/p>\n<p>\u00d6zel bir Wi-Fi a\u011f\u0131, UMTS\/EDGE veya herkese a\u00e7\u0131k bir Wi-Fi eri\u015fim a\u011f\u0131n\u0131 da kullan\u0131yor olsan\u0131z turboSMTP e-posta mesajlar\u0131n\u0131z\u0131 h\u0131zl\u0131 ve g\u00fcvenilir bie \u015fekilde g\u00f6nderecektir.<\/p>\n<h3>Haraket halindeyken \u00fcretken olma.<\/h3>\n<p>Baz\u0131 ISSler &#8216;spam&#8217; olay\u0131n\u0131 \u00f6nlemek i\u00e7in e-posta g\u00f6nderimini engelleyebilirler. Mobil cihaz\u0131n\u0131da SMTP ayarlar\u0131n\u0131 yaparak <strong>herhangi bir e-posta adresinizden<\/strong> nerede olursan\u0131z olun e-posta g\u00f6nderebilirsiniz. Sorunsuz.<\/p>\n<p>turboSMTP, Internet eri\u015fimi sa\u011flayan<strong> t\u00fcm \u00f6nemli mobil cihazlar<\/strong> ile birlikte \u00e7al\u0131\u015fmaktad\u0131r:<\/p>\n<ul>\n<li>Cep telefonu<\/li>\n<li>Smartphone<\/li>\n<li>iPhone, iPod touch<\/li>\n<li>PDA<\/li>\n<li>Netbook<\/li>\n<\/ul>\n<h3>Fark\u0131 hissedin.<\/h3>\n<p>Ayl\u0131k 7.00$ dan ba\u015flayan ve <strong>tekil ihti\u00e7alar\u0131n\u0131z i\u00e7in en uygun olan\u0131 se\u00e7ebilece\u011finiz bir \u00e7ok paket sunmaktay\u0131z<\/strong>.<\/p>\n<p class=\"startLink\"><a title=\"Start sending your emails with turboSMTP in minutes...\" href=\"\/tr\/order.php\">Dakikalar i\u00e7erisinde turboSMTP ile e-postalar\u0131n\u0131z\u0131 g\u00f6ndermeye ba\u015flay\u0131n&#8230;<\/a><\/p>\n","protected":false},"excerpt":{"rendered":"<p>turboSMTP, seyahat halindeyken e-posta g\u00f6ndermek i\u00e7in m\u00fckemmel bir \u00e7\u00f6z\u00fcmd\u00fcr. E\u011fer bir smartphone ve\/veya iPhone sahibiyseniz, kulland\u0131\u011f\u0131n\u0131z internet ba\u011flant\u0131s\u0131ndan ba\u011f\u0131ms\u0131z olarak nerede olursan\u0131z olun e-postalar g\u00f6nderebileceksiniz. T\u00fcm yapman\u0131z gereken smtp ayarlar\u0131n\u0131 sadece bir defaya mahsus yapmakt\u0131r. \u00d6zel bir Wi-Fi a\u011f\u0131, UMTS\/EDGE veya herkese a\u00e7\u0131k bir Wi-Fi eri\u015fim a\u011f\u0131n\u0131 da kullan\u0131yor olsan\u0131z turboSMTP e-posta mesajlar\u0131n\u0131z\u0131 h\u0131zl\u0131 ve [&hellip;]<\/p>\n","protected":false},"author":3,"featured_media":0,"parent":0,"menu_order":0,"comment_status":"closed","ping_status":"closed","template":"g1_template_page_sidebar_right.php","meta":[],"yoast_head":"<!-- This site is optimized with the Yoast SEO plugin v16.4 - https:\/\/yoast.com\/wordpress\/plugins\/seo\/ -->\n<meta name=\"robots\" content=\"index, follow, max-snippet:-1, max-image-preview:large, max-video-preview:-1\" \/>\n<link rel=\"canonical\" href=\"https:\/\/serversmtp.com\/tr\/cep-telefonu-pda-iphone-kullanicilari\/\" \/>\n<meta property=\"og:locale\" content=\"tr_TR\" \/>\n<meta property=\"og:type\" content=\"article\" \/>\n<meta property=\"og:title\" content=\"Cep Telefonu, PDA ve iPhone kullan\u0131c\u0131lar\u0131 - smtp mail server - professional SMTP service provider\" \/>\n<meta property=\"og:description\" content=\"turboSMTP, seyahat halindeyken e-posta g\u00f6ndermek i\u00e7in m\u00fckemmel bir \u00e7\u00f6z\u00fcmd\u00fcr. E\u011fer bir smartphone ve\/veya iPhone sahibiyseniz, kulland\u0131\u011f\u0131n\u0131z internet ba\u011flant\u0131s\u0131ndan ba\u011f\u0131ms\u0131z olarak nerede olursan\u0131z olun e-postalar g\u00f6nderebileceksiniz. T\u00fcm yapman\u0131z gereken smtp ayarlar\u0131n\u0131 sadece bir defaya mahsus yapmakt\u0131r. \u00d6zel bir Wi-Fi a\u011f\u0131, UMTS\/EDGE veya herkese a\u00e7\u0131k bir Wi-Fi eri\u015fim a\u011f\u0131n\u0131 da kullan\u0131yor olsan\u0131z turboSMTP e-posta mesajlar\u0131n\u0131z\u0131 h\u0131zl\u0131 ve [&hellip;]\" \/>\n<meta property=\"og:url\" content=\"https:\/\/serversmtp.com\/tr\/cep-telefonu-pda-iphone-kullanicilari\/\" \/>\n<meta property=\"og:site_name\" content=\"smtp mail server - professional SMTP service provider\" \/>\n<meta property=\"article:modified_time\" content=\"2018-08-29T15:45:58+00:00\" \/>\n<meta name=\"twitter:card\" content=\"summary_large_image\" \/>\n<meta name=\"twitter:label1\" content=\"Tahmini okuma s\u00fcresi\" \/>\n\t<meta name=\"twitter:data1\" content=\"1 dakika\" \/>\n<script type=\"application\/ld+json\" class=\"yoast-schema-graph\">{\"@context\":\"https:\/\/schema.org\",\"@graph\":[{\"@type\":\"WebSite\",\"@id\":\"https:\/\/serversmtp.com\/de\/#website\",\"url\":\"https:\/\/serversmtp.com\/de\/\",\"name\":\"smtp mail server - professional SMTP service provider\",\"description\":\"smtp mail server - professional SMTP service provider \",\"potentialAction\":[{\"@type\":\"SearchAction\",\"target\":\"https:\/\/serversmtp.com\/de\/?s={search_term_string}\",\"query-input\":\"required name=search_term_string\"}],\"inLanguage\":\"tr\"},{\"@type\":\"WebPage\",\"@id\":\"https:\/\/serversmtp.com\/tr\/cep-telefonu-pda-iphone-kullanicilari\/#webpage\",\"url\":\"https:\/\/serversmtp.com\/tr\/cep-telefonu-pda-iphone-kullanicilari\/\",\"name\":\"Cep Telefonu, PDA ve iPhone kullan\\u0131c\\u0131lar\\u0131 - smtp mail server - professional SMTP service provider\",\"isPartOf\":{\"@id\":\"https:\/\/serversmtp.com\/de\/#website\"},\"datePublished\":\"2018-04-26T16:22:08+00:00\",\"dateModified\":\"2018-08-29T15:45:58+00:00\",\"breadcrumb\":{\"@id\":\"https:\/\/serversmtp.com\/tr\/cep-telefonu-pda-iphone-kullanicilari\/#breadcrumb\"},\"inLanguage\":\"tr\",\"potentialAction\":[{\"@type\":\"ReadAction\",\"target\":[\"https:\/\/serversmtp.com\/tr\/cep-telefonu-pda-iphone-kullanicilari\/\"]}]},{\"@type\":\"BreadcrumbList\",\"@id\":\"https:\/\/serversmtp.com\/tr\/cep-telefonu-pda-iphone-kullanicilari\/#breadcrumb\",\"itemListElement\":[{\"@type\":\"ListItem\",\"position\":1,\"item\":{\"@type\":\"WebPage\",\"@id\":\"https:\/\/serversmtp.com\/tr\/\",\"url\":\"https:\/\/serversmtp.com\/tr\/\",\"name\":\"Home\"}},{\"@type\":\"ListItem\",\"position\":2,\"item\":{\"@id\":\"https:\/\/serversmtp.com\/tr\/cep-telefonu-pda-iphone-kullanicilari\/#webpage\"}}]}]}<\/script>\n<!-- \/ Yoast SEO plugin. -->","_links":{"self":[{"href":"https:\/\/serversmtp.com\/tr\/wp-json\/wp\/v2\/pages\/3234"}],"collection":[{"href":"https:\/\/serversmtp.com\/tr\/wp-json\/wp\/v2\/pages"}],"about":[{"href":"https:\/\/serversmtp.com\/tr\/wp-json\/wp\/v2\/types\/page"}],"author":[{"embeddable":true,"href":"https:\/\/serversmtp.com\/tr\/wp-json\/wp\/v2\/users\/3"}],"replies":[{"embeddable":true,"href":"https:\/\/serversmtp.com\/tr\/wp-json\/wp\/v2\/comments?post=3234"}],"version-history":[{"count":4,"href":"https:\/\/serversmtp.com\/tr\/wp-json\/wp\/v2\/pages\/3234\/revisions"}],"predecessor-version":[{"id":4911,"href":"https:\/\/serversmtp.com\/tr\/wp-json\/wp\/v2\/pages\/3234\/revisions\/4911"}],"wp:attachment":[{"href":"https:\/\/serversmtp.com\/tr\/wp-json\/wp\/v2\/media?parent=3234"}],"curies":[{"name":"wp","href":"https:\/\/api.w.org\/{rel}","templated":true}]}}