{"id":3231,"date":"2018-04-26T18:18:45","date_gmt":"2018-04-26T16:18:45","guid":{"rendered":"https:\/\/dev.serversmtp.com\/?page_id=3231"},"modified":"2025-10-23T11:04:39","modified_gmt":"2025-10-23T09:04:39","slug":"ozellikler","status":"publish","type":"page","link":"https:\/\/serversmtp.com\/tr\/ozellikler\/","title":{"rendered":"\u00d6zellikler"},"content":{"rendered":"<p>turboSMTP,  daha verimli ve daha iyi sonu\u00e7lar ile e-posta g\u00f6ndermek isteyen i\u00e7in idealdir<\/p>\n<ul class=\"featuresBoxes featuresBoxes-ru\">\n<li class=\"doubleli-box\"><a title=\"GER\u00c7EKTEN G\u00dcVEN\u0130L\u0130R SUNUCULAR\"><span class=\"features-rev2018-title\">GER\u00c7EKTEN G\u00dcVEN\u0130L\u0130R SUNUCULAR<\/span><br \/>\n<span class=\"features-rev2018-description\"><img decoding=\"async\" class=\"wp-image-2509\" src=\"\/wp-content\/uploads\/2018\/04\/server1.png\" alt=\"GER\u00c7EKTEN G\u00dcVEN\u0130L\u0130R SUNUCULAR\" width=\"50\" height=\"50\" srcset=\"https:\/\/serversmtp.com\/wp-content\/uploads\/2018\/04\/server1.png 64w, https:\/\/serversmtp.com\/wp-content\/uploads\/2018\/04\/server1-55x55.png 55w\" sizes=\"(max-width: 50px) 100vw, 50px\" \/>G\u00fcvenilir ve beyaz liste i\u00e7erisindeki sunucular\u0131m\u0131z, filtrelenmi\u015f e-posta say\u0131s\u0131n\u0131 azaltarak ve kara listeler taraf\u0131ndan engellenmekten ka\u00e7\u0131narak  e-posta da\u011f\u0131t\u0131m oranlar\u0131n\u0131z\u0131 art\u0131racakt\u0131r.<\/span><br \/>\n \t<\/a><\/li>\n<li class=\"half-leftli-box\"><a title=\"ISS \u0130L\u0130\u015eK\u0130LER\u0130\"><span class=\"features-rev2018-title\">ISS \u0130L\u0130\u015eK\u0130LER\u0130<\/span><br \/>\n<span class=\"features-rev2018-description\"><img decoding=\"async\" class=\"wp-image-1713\" src=\"\/wp-content\/uploads\/2018\/03\/reliable-servers-ISP-relationships.png\" alt=\"ISS \u0130L\u0130\u015eK\u0130LER\u0130\" width=\"50\" height=\"50\" \/>E-posta da\u011f\u0131t\u0131m\u0131n\u0131 maksimize etmek i\u00e7in t\u00fcm \u00f6nemli ISSler ile yak\u0131n ileti\u015fim ve geri bildirim d\u00f6ng\u00fcs\u00fc i\u00e7erisindeyiz.<\/span><br \/>\n<\/a><\/li>\n<li class=\"half-rightli-box\"><a title=\"HIZLI VE KOLAY KURULUM\"><span class=\"features-rev2018-title\">HIZLI VE KOLAY KURULUM<\/span><br \/>\n<span class=\"features-rev2018-description\"><img decoding=\"async\" class=\"wp-image-1716\" src=\"\/wp-content\/uploads\/2018\/03\/step-by-step-tutorials.png\" alt=\"HIZLI VE KOLAY KURULUM\" width=\"50\" height=\"50\" \/>Hi\u00e7 bir yaz\u0131l\u0131m y\u00fcklenmesine gerek yoktur. Sadece e-posta istemci program\u0131n\u0131z\u0131n SMTP ayarlar\u0131 b\u00f6l\u00fcm\u00fcne API Keys\u2019inizi (Consumer Key ve Consumer Secret) ve \u2018turbo-smtp.com\u2019 adresini girerek kimlik do\u011frulamas\u0131 yap\u0131n. Bir kere ayarlay\u0131n ve art\u0131k haz\u0131rs\u0131n\u0131z!<\/span><br \/>\n<\/a><\/li>\n<li class=\"half-leftli-box\"><a title=\"ESNEK SERV\u0130S PLANLARI\" ><span class=\"features-rev2018-title\">ESNEK SERV\u0130S PLANLARI<\/span><br \/>\n<span class=\"features-rev2018-description\"><img decoding=\"async\" class=\"wp-image-1695\" src=\"\/wp-content\/uploads\/2018\/03\/flexible-service-plans.png\" alt=\"ESNEK SERV\u0130S PLANLARI\" width=\"50\" height=\"50\" \/>Paketlerimiz, mobil kullan\u0131c\u0131lar, ev ve k\u00fc\u00e7\u00fck i\u015fletmeler, e-posta liste da\u011f\u0131t\u0131c\u0131lar\u0131 ve e-posta sunucu y\u00f6neticileri de dahil olmak \u00fczere farkl\u0131 m\u00fc\u015fterilerimizin ihtiya\u00e7lar\u0131n\u0131 kar\u015f\u0131lamak \u00fczere yarat\u0131lm\u0131\u015ft\u0131r.<\/span><br \/>\n<\/a><\/li>\n<li class=\"half-rightli-box\"><a title=\"HER T\u00dcRL\u00dc \u0130NTERNET SERV\u0130S\u0130 \u0130LE UYUMLU\" ><span class=\"features-rev2018-title\">HER T\u00dcRL\u00dc \u0130NTERNET SERV\u0130S\u0130 \u0130LE UYUMLU<\/span><br \/>\n<span class=\"features-rev2018-description\"><img decoding=\"async\" class=\"alignnone size-full wp-image-2502\" src=\"\/wp-content\/uploads\/2018\/04\/network.png\" alt=\"HER T\u00dcRL\u00dc \u0130NTERNET SERV\u0130S\u0130 \u0130LE UYUMLU\" width=\"50\" height=\"50\" srcset=\"https:\/\/serversmtp.com\/wp-content\/uploads\/2018\/04\/network.png 64w, https:\/\/serversmtp.com\/wp-content\/uploads\/2018\/04\/network-55x55.png 55w\" sizes=\"(max-width: 50px) 100vw, 50px\" \/>turboSMTP, t\u00fcm geni\u015f bant a\u011flar\u0131 ve halka a\u00e7\u0131k wi-fi eri\u015fim noktalar\u0131da dahil, d\u00fcnyadaki t\u00fcm Internet Servis Sa\u011flay\u0131c\u0131lar\u0131 ile \u00e7al\u0131\u015fmaktad\u0131r.<\/span><br \/>\n<\/a><\/li>\n<li class=\"half-leftli-box\"><a title=\"T\u00dcM YAYGIN E-POSTA PROGRAMLARI \u0130LE UYUMLU\" href=\"\/en\/compatible-with-all-major-clients\"><span class=\"features-rev2018-title\">T\u00dcM YAYGIN E-POSTA PROGRAMLARI \u0130LE UYUMLU<\/span><br \/>\n<span class=\"features-rev2018-description\"><img decoding=\"async\" class=\"wp-image-1692\" src=\"\/wp-content\/uploads\/2018\/03\/compatible-with-all-major-clients.png\" alt=\"T\u00dcM YAYGIN E-POSTA PROGRAMLARI \u0130LE UYUMLU\" width=\"50\" height=\"50\" \/>T\u00fcm yayg\u0131n e-posta istemcileri; t\u00fcm Microsoft Outlook versiyonlar\u0131, Microsoft Vista Mail, Microsoft Outlook Express, Mozilla Thunderbird, Opera Mail, Netscape Mail, Apple iPhone ve daha fazlas\u0131 turboSMTP servisi ile uyumludur.<\/span><br \/>\n<\/a><\/li>\n<li class=\"half-rightli-box\"><a title=\"E-POSTA TAK\u0130B\u0130 VE RAPORLAMASI\" href=\"\/en\/compatible-with-all-major-clients\"><span class=\"features-rev2018-title\">E-POSTA TAK\u0130B\u0130 VE RAPORLAMASI<\/span><br \/>\n<span class=\"features-rev2018-description\"><img decoding=\"async\" class=\"alignnone size-full wp-image-2486\" src=\"\/wp-content\/uploads\/2018\/04\/ethereal.png\" alt=\"E-POSTA TAK\u0130B\u0130 VE RAPORLAMASI\" width=\"50\" height=\"50\" srcset=\"https:\/\/serversmtp.com\/wp-content\/uploads\/2018\/04\/ethereal.png 64w, https:\/\/serversmtp.com\/wp-content\/uploads\/2018\/04\/ethereal-55x55.png 55w\" sizes=\"(max-width: 50px) 100vw, 50px\" \/>Hesap y\u00f6netim alan\u0131 i\u00e7erisinden giden t\u00fcm mesajlar\u0131 detayl\u0131 raporlar ve grafikler ile takip edin ve e-posta da\u011f\u0131t\u0131m raporlar\u0131n\u0131 daha detayl\u0131 analiz etmek i\u00e7in virg\u00fclle ayr\u0131lm\u0131\u015f dosya format\u0131nda (csv) indirin.<\/span><br \/>\n<\/a><\/li>\n<li class=\"half-leftli-box\"><a title=\"GER\u0130 D\u00d6NEN MESAJ Y\u00d6NET\u0130M\u0130\" href=\"\/en\/compatible-with-all-major-clients\"><span class=\"features-rev2018-title\">GER\u0130 D\u00d6NEN MESAJ Y\u00d6NET\u0130M\u0130<\/span><br \/>\n<span class=\"features-rev2018-description\"><img decoding=\"async\" class=\"wp-image-2493\" src=\"\/wp-content\/uploads\/2018\/04\/mail_message2.png\" alt=\"GER\u0130 D\u00d6NEN MESAJ Y\u00d6NET\u0130M\u0130\" width=\"50\" height=\"50\" srcset=\"https:\/\/serversmtp.com\/wp-content\/uploads\/2018\/04\/mail_message2.png 64w, https:\/\/serversmtp.com\/wp-content\/uploads\/2018\/04\/mail_message2-55x55.png 55w\" sizes=\"(max-width: 50px) 100vw, 50px\" \/>Geri d\u00f6nen e-posta mesajlar\u0131n\u0131 tekil olarak inceleyin ve tan\u0131mlanm\u0131\u015f al\u0131c\u0131s\u0131ndan neden geri d\u00f6nd\u00fcd\u00fc\u011f\u00fcn\u00fc \u00f6\u011frenin.<\/span><br \/>\n<\/a><\/li>\n<li class=\"half-rightli-box\"><a title=\"ADIM ADIM MAKALELER\" href=\"\/en\/compatible-with-all-major-clients\"><span class=\"features-rev2018-title\">ADIM ADIM MAKALELER<\/span><br \/>\n<span class=\"features-rev2018-description\"><img decoding=\"async\" class=\"wp-image-2505\" src=\"\/wp-content\/uploads\/2018\/04\/package_education.png\" alt=\"ADIM ADIM MAKALELER\" width=\"50\" height=\"50\" srcset=\"https:\/\/serversmtp.com\/wp-content\/uploads\/2018\/04\/package_education.png 64w, https:\/\/serversmtp.com\/wp-content\/uploads\/2018\/04\/package_education-55x55.png 55w\" sizes=\"(max-width: 50px) 100vw, 50px\" \/>turboSMTP hesab\u0131n\u0131z ile \u00e7al\u0131\u015fmak i\u00e7in, en pop\u00fcler e-posta istemcilerini yap\u0131land\u0131rman\u0131za yard\u0131mc\u0131 olacak baz\u0131 ayr\u0131nt\u0131l\u0131 dersler ve makaleler olu\u015fturduk<\/span><br \/>\n<\/a><\/li>\n<li class=\"half-leftli-box\"><a title=\"UZMAN M\u00dc\u015eTER\u0130 SERV\u0130S\u0130\" href=\"\/en\/multilanguage-customer-support\"><span class=\"features-rev2018-title\">UZMAN M\u00dc\u015eTER\u0130 SERV\u0130S\u0130<\/span><br \/>\n<span class=\"features-rev2018-description\"><img decoding=\"async\" class=\"wp-image-1704\" src=\"\/wp-content\/uploads\/2018\/03\/multilanguage-customer-support.png\" alt=\"UZMAN M\u00dc\u015eTER\u0130 SERV\u0130S\u0130\" width=\"50\" height=\"50\" \/>G\u00fcnde 24 saat, haftada 7 g\u00fcn, y\u0131lda 365 g\u00fcn: profesyonellerden olu\u015fan bir ekip e-posta yoluyla her t\u00fcrl\u00fc teknik konu ve genel sorgular i\u00e7in size yard\u0131mc\u0131 olmaya haz\u0131rd\u0131r.\ufeff<\/span><br \/>\n<\/a><\/li>\n<li class=\"half-rightli-box\"><a title=\"100% PENGARNA TILLBAKA GARANTI\" href=\"\/en\/money-back-guarantee\"><span class=\"features-rev2018-title\">100% PENGARNA TILLBAKA GARANTI<\/span><br \/>\n<span class=\"features-rev2018-description\"><img decoding=\"async\" class=\"wp-image-1701\" src=\"\/wp-content\/uploads\/2018\/03\/money-back-guarantee.png\" alt=\"100% PENGARNA TILLBAKA GARANTI\" width=\"50\" height=\"50\" \/>turboSMTP hizmetleri t\u00fcm yeni turboSMTP m\u00fc\u015fterilerine 15 g\u00fcn memnuniyet garantisi sunmaktad\u0131r.  15 g\u00fcn i\u00e7erisinde veya 100 e-posta g\u00f6nderene kadar (hangisi \u00f6nce ger\u00e7ekle\u015firse) iptal edilen servisler i\u00e7in t\u00fcm yeni turboSMTP m\u00fc\u015fterilerine tam para iadesi yapal\u0131r.<\/span><\/a><\/li>\n<\/ul>\n","protected":false},"excerpt":{"rendered":"<p>turboSMTP, daha verimli ve daha iyi sonu\u00e7lar ile e-posta g\u00f6ndermek isteyen i\u00e7in idealdir GER\u00c7EKTEN G\u00dcVEN\u0130L\u0130R SUNUCULAR G\u00fcvenilir ve beyaz liste i\u00e7erisindeki sunucular\u0131m\u0131z, filtrelenmi\u015f e-posta say\u0131s\u0131n\u0131 azaltarak ve kara listeler taraf\u0131ndan engellenmekten ka\u00e7\u0131narak e-posta da\u011f\u0131t\u0131m oranlar\u0131n\u0131z\u0131 art\u0131racakt\u0131r. ISS \u0130L\u0130\u015eK\u0130LER\u0130 E-posta da\u011f\u0131t\u0131m\u0131n\u0131 maksimize etmek i\u00e7in t\u00fcm \u00f6nemli ISSler ile yak\u0131n ileti\u015fim ve geri bildirim d\u00f6ng\u00fcs\u00fc i\u00e7erisindeyiz. HIZLI &#8230; <\/p>\n<p class=\"read-more-container\"><a title=\"\u00d6zellikler\" class=\"read-more button\" href=\"https:\/\/serversmtp.com\/tr\/ozellikler\/#more-3231\" aria-label=\"Read more about \u00d6zellikler\">Discover more<\/a><\/p>\n","protected":false},"author":3,"featured_media":0,"parent":0,"menu_order":0,"comment_status":"closed","ping_status":"closed","template":"","meta":{"_eb_attr":"","inline_featured_image":false,"_monsterinsights_skip_tracking":false,"_monsterinsights_sitenote_active":false,"_monsterinsights_sitenote_note":"","_monsterinsights_sitenote_category":0,"footnotes":""},"class_list":["post-3231","page","type-page","status-publish"],"yoast_head":"<!-- This site is optimized with the Yoast SEO plugin v25.3.1 - https:\/\/yoast.com\/wordpress\/plugins\/seo\/ -->\n<title>\u00d6zellikler - smtp mail server - professional SMTP service provider<\/title>\n<meta name=\"robots\" content=\"index, follow, max-snippet:-1, max-image-preview:large, max-video-preview:-1\" \/>\n<link rel=\"canonical\" href=\"https:\/\/serversmtp.com\/tr\/ozellikler\/\" \/>\n<meta name=\"twitter:label1\" content=\"Tahmini okuma s\u00fcresi\" \/>\n\t<meta name=\"twitter:data1\" content=\"4 dakika\" \/>\n<!-- \/ Yoast SEO plugin. -->","yoast_head_json":{"title":"\u00d6zellikler - smtp mail server - professional SMTP service provider","robots":{"index":"index","follow":"follow","max-snippet":"max-snippet:-1","max-image-preview":"max-image-preview:large","max-video-preview":"max-video-preview:-1"},"canonical":"https:\/\/serversmtp.com\/tr\/ozellikler\/","twitter_misc":{"Tahmini okuma s\u00fcresi":"4 dakika"},"schema":{"@context":"https:\/\/schema.org","@graph":[{"@type":"WebPage","@id":"https:\/\/serversmtp.com\/tr\/ozellikler\/","url":"https:\/\/serversmtp.com\/tr\/ozellikler\/","name":"\u00d6zellikler - smtp mail server - professional SMTP service provider","isPartOf":{"@id":"https:\/\/serversmtp.com\/de\/#website"},"datePublished":"2018-04-26T16:18:45+00:00","dateModified":"2025-10-23T09:04:39+00:00","breadcrumb":{"@id":"https:\/\/serversmtp.com\/tr\/ozellikler\/#breadcrumb"},"inLanguage":"tr","potentialAction":[{"@type":"ReadAction","target":["https:\/\/serversmtp.com\/tr\/ozellikler\/"]}]},{"@type":"BreadcrumbList","@id":"https:\/\/serversmtp.com\/tr\/ozellikler\/#breadcrumb","itemListElement":[{"@type":"ListItem","position":1,"name":"Home","item":"https:\/\/serversmtp.com\/tr\/"},{"@type":"ListItem","position":2,"name":"\u00d6zellikler"}]},{"@type":"WebSite","@id":"https:\/\/serversmtp.com\/de\/#website","url":"https:\/\/serversmtp.com\/de\/","name":"smtp mail server - professional SMTP service provider","description":"smtp mail server - professional SMTP service provider","publisher":{"@id":"https:\/\/serversmtp.com\/de\/#organization"},"potentialAction":[{"@type":"SearchAction","target":{"@type":"EntryPoint","urlTemplate":"https:\/\/serversmtp.com\/de\/?s={search_term_string}"},"query-input":{"@type":"PropertyValueSpecification","valueRequired":true,"valueName":"search_term_string"}}],"inLanguage":"tr"},{"@type":"Organization","@id":"https:\/\/serversmtp.com\/de\/#organization","name":"Delivery Tech","url":"https:\/\/serversmtp.com\/de\/","logo":{"@type":"ImageObject","inLanguage":"tr","@id":"https:\/\/serversmtp.com\/de\/#\/schema\/logo\/image\/","url":"https:\/\/serversmtp.com\/wp-content\/uploads\/2021\/11\/og-image-2.jpg","contentUrl":"https:\/\/serversmtp.com\/wp-content\/uploads\/2021\/11\/og-image-2.jpg","width":1200,"height":1128,"caption":"Delivery Tech"},"image":{"@id":"https:\/\/serversmtp.com\/de\/#\/schema\/logo\/image\/"}}]}},"_links":{"self":[{"href":"https:\/\/serversmtp.com\/tr\/wp-json\/wp\/v2\/pages\/3231"}],"collection":[{"href":"https:\/\/serversmtp.com\/tr\/wp-json\/wp\/v2\/pages"}],"about":[{"href":"https:\/\/serversmtp.com\/tr\/wp-json\/wp\/v2\/types\/page"}],"author":[{"embeddable":true,"href":"https:\/\/serversmtp.com\/tr\/wp-json\/wp\/v2\/users\/3"}],"replies":[{"embeddable":true,"href":"https:\/\/serversmtp.com\/tr\/wp-json\/wp\/v2\/comments?post=3231"}],"version-history":[{"count":6,"href":"https:\/\/serversmtp.com\/tr\/wp-json\/wp\/v2\/pages\/3231\/revisions"}],"predecessor-version":[{"id":22707,"href":"https:\/\/serversmtp.com\/tr\/wp-json\/wp\/v2\/pages\/3231\/revisions\/22707"}],"wp:attachment":[{"href":"https:\/\/serversmtp.com\/tr\/wp-json\/wp\/v2\/media?parent=3231"}],"curies":[{"name":"wp","href":"https:\/\/api.w.org\/{rel}","templated":true}]}}