{"id":3228,"date":"2018-04-26T18:16:47","date_gmt":"2018-04-26T16:16:47","guid":{"rendered":"https:\/\/dev.serversmtp.com\/?page_id=3228"},"modified":"2018-04-26T18:16:47","modified_gmt":"2018-04-26T16:16:47","slug":"neden-turbosmtp","status":"publish","type":"page","link":"https:\/\/serversmtp.com\/tr\/neden-turbosmtp\/","title":{"rendered":"Neden turboSMTP"},"content":{"rendered":"<p>Profesyonel bir SMTP sunucusu kullanmak i\u00e7in <strong>\u00e7ok \u00f6nemli nedenler vard\u0131r<\/strong>: ge\u00e7mi\u015fte (spam \u00e7a\u011f\u0131ndan \u00f6nce) e-posta g\u00f6ndermek sorun de\u011fildi fakat bu g\u00fcnlerde mesajlar\u0131n e-posta sunucular\u0131 taraf\u0131ndan <strong>spam dizinine konmas\u0131n\u0131<\/strong> ve<strong> hatta mesajlar\u0131n silinmesini engellemek<\/strong> i\u00e7in e-posta sunucular\u0131n\u0131n <strong>kurallar\u0131na<\/strong> s\u0131k\u0131 bir \u015fekilde uymak gerekmektedir.<\/p>\n<p><strong>SMTP sunucular\u0131n\u0131n g\u00fcvenilirlik durumuna, beyaz ve kara listelere<\/strong> uygun olarak farkl\u0131 e-posta sunucular\u0131 e-postalara farkl\u0131 davran\u0131rlar.<\/p>\n<p><strong>Standard ISSler<\/strong> taraf\u0131ndan sa\u011flanan SMTP servisleri (Internet turbo sa\u011flay\u0131c\u0131 &#8211; DSL ba\u011flant\u0131 sa\u011flay\u0131c\u0131) <strong>her zaman g\u00fcvenilir de\u011fildirler<\/strong>: rastgele IP adresleri kullan\u0131rlar ve \u00e7o\u011funlukla bu IP adresleri kara liste i\u00e7erisindedir ve bu da <strong>e-posta g\u00f6nderiminde problemlere yol a\u00e7ar<\/strong>.<\/p>\n<p><strong>En k\u00f6t\u00fcs\u00fcde sizin bu problemlerden haberdar olmay\u0131\u015f\u0131n\u0131zd\u0131r<\/strong>: sadece e-posta g\u00f6nderirsiniz ve bu mesajlar\u0131n al\u0131c\u0131s\u0131na ula\u015f\u0131p ula\u015fmad\u0131\u011f\u0131n\u0131 bilemezsiniz.<\/p>\n<p>Ayr\u0131ca, <strong>e\u011fer s\u0131k seyahat ediyorsan\u0131z<\/strong> ve Wi-fi, UMTS\/EDGE ve benzeri farkl\u0131 Internet ba\u011flant\u0131lar\u0131 kullan\u0131yorsan\u0131z <strong>smtp ayarlar\u0131n\u0131z\u0131 her defas\u0131nda tekrar de\u011fi\u015ftirmek zorundas\u0131n\u0131z<\/strong>.<\/p>\n<h3>&#8230;peki sonra?<\/h3>\n<p><strong>G\u00fcvenilir ve maliyetli SMTP servisi<\/strong> sunuyoruz Devaml\u0131 kara listeleri takip ediyor ve yayg\u0131n e-posta servis sa\u011flay\u0131c\u0131lar\u0131 ile olan iyi ili\u015fkilerimizi s\u00fcrd\u00fcrmeye odaklan\u0131yoruz. Bunun anlam\u0131, mesajlar\u0131n\u0131z\u0131n <strong>t\u00fcm<\/strong> <strong>e-posta sunucular\u0131 taraf\u0131ndan g\u00fcvenilir olarak tan\u0131nmas\u0131<\/strong> ve t<strong>\u00fcm mesajlar\u0131n\u0131z\u0131n teslim edilmesi anlam\u0131na geliyor<\/strong>. <span style=\"font-size: 12pt; font-family: Times New Roman; color: #000000; background-color: transparent; font-weight: normal; font-style: normal; text-decoration: none; vertical-align: baseline;\"><\/span>\ufeff<\/p>\n<h3>Hangisi normal bir SMTP sunucusu ile turboSMTP aras\u0131ndaki ger\u00e7ek farkd\u0131r?<\/h3>\n<ol class=\"boxes\">\n<li>\n<h2>E-posta teslim oran\u0131n\u0131 artt\u0131r\u0131p, filtrelere tak\u0131lma oran\u0131n\u0131 azalt\u0131n<\/h2>\n<p>Sunucular\u0131m\u0131z\u0131n, \u00f6nemli e-posta servis sa\u011flac\u0131lar\u0131n\u0131n beyaz listesinde kalmas\u0131 i\u00e7in aktif olarak \u00e7al\u0131\u015f\u0131yoruz ve e-posta g\u00f6nderimi i\u00e7in en iyi uygulamalar\u0131 ve k\u0131lavuzlar\u0131 takip ediyoruz.<\/p>\n<\/li>\n<li>\n<h2>Her yerden, her zaman e-posta g\u00f6nderin<\/h2>\n<p>E-posta istemci veya mesajla\u015fma program\u0131n\u0131zda <strong>SMTP ayarlar\u0131n\u0131z sadece bir kere ayarlay\u0131n<\/strong> ve <strong>bir daha asla de\u011fi\u015ftirmek zorunda kalmay\u0131n<\/strong>.<br \/> <strong>Mevcut yerinizden veya Internet ba\u011flant\u0131 t\u00fcr\u00fcn\u00fczden ba\u011f\u0131ms\u0131z olarak, diz\u00fcst\u00fc, masa\u00fcst\u00fc veya iPhone ile Internete ba\u011flant\u0131\u011f\u0131n\u0131z her zaman,<\/strong> e-posta g\u00f6ndermeye haz\u0131rs\u0131n\u0131zd\u0131r.<strong><\/strong><\/p>\n<\/li>\n<li>\n<h2>ISS K\u0131s\u0131tlamalar\u0131n\u0131 A\u015f\u0131n<\/h2>\n<p>ISS firmalar\u0131n\u0131n giden mesaj servisleri \u00fczerinde uygulad\u0131klar\u0131 <strong>t\u00fcm kullan\u0131m limitlerinden ka\u00e7\u0131n\u0131n<\/strong>.<br \/> Bug\u00fcnlerde, &#8216;spamming&#8217; olay\u0131n\u0131 \u00f6nlemek i\u00e7in ISSler g\u00f6ndericinin normal mi yoksa spam mesaj g\u00f6nderen biri mi olup olmad\u0131\u011f\u0131na bakmadan agresif filtreler uygulamakta hatta mesajlar\u0131 bloklamaktad\u0131rlar.<br \/> <strong>TurboSTMP&#8217;yi se\u00e7erek,<\/strong> y<strong>\u00fcksek oranlarda teslimin<\/strong> ve <strong>al\u0131c\u0131n\u0131n inbox kutusuna mesaj b\u0131rakman\u0131n<\/strong> keyfini ya\u015facaks\u0131n\u0131z.<strong><\/strong><\/p>\n<\/li>\n<li>\n<h2>S\u00fcper h\u0131zl\u0131 da\u011f\u0131t\u0131m\u0131n keyfini \u00e7\u0131kart\u0131n<\/h2>\n<p>Standard SMTP sunucular\u0131 a\u015f\u0131r\u0131 y\u00fcklenme ihtimaline a\u00e7\u0131kt\u0131rlar ve bu e-posta da\u011f\u0131t\u0131m i\u015fleminde \u00e7ok s\u0131k gecikmelere ve\/veya hatalara sebeb olmaktad\u0131r. Sahip oldu\u011fumuz teknoloji, her zaman ayn\u0131 servis kalitesini sa\u011flayarak e-postalar\u0131n\u0131z\u0131 daha h\u0131zl\u0131 ve g\u00fcvenilir da\u011f\u0131tmam\u0131za olanak sa\u011flar.<\/p>\n<\/li>\n<li>\n<h2>E-postalar\u0131n\u0131z\u0131 takip edin<\/h2>\n<p>Hesap y\u00f6netim alan\u0131n\u0131z i\u00e7erisinde ger\u00e7ek zamanl\u0131 grafik ve da\u011f\u0131t\u0131m istatistiklerini takip edebilirsiniz. Sistem, hangi mesajlar\u0131n ba\u015far\u0131l\u0131 bir \u015fekilde teslim edildi\u011fini ve daha da fazlas\u0131, bir mesaj\u0131n kar\u015f\u0131 tarafa neden iletilmedi\u011fini \u00f6\u011frenmenize olanak sa\u011flar.<\/p>\n<\/li>\n<\/ol>\n<h3>Soru basittir&#8230;<\/h3>\n<p><strong>Di\u011fer E-posta sunucular\u0131 sizin smtp sunucunuzu nas\u0131l de\u011ferlendirirler? Sayg\u0131n ve g\u00fcvenilir mi yoksa de\u011fil mi? <\/strong><\/p>\n<p>E\u011fer sunucunuz g\u00fcvenilmez ise, <strong>nedereyse t\u00fcm standard e-posta sunucular\u0131<\/strong> mesajlar\u0131n\u0131z\u0131 almay\u0131 <strong>erteleyecektir<\/strong> ve en iyi durumda mesajlar\u0131 gri listeye veya spam dizinine b\u0131rakacaklard\u0131r ve en k\u00f6t\u00fc durumda <strong>mesajlar\u0131n\u0131z\u0131 red edeceklerdir<\/strong>.<\/p>\n<p>Bu g\u00fcnlerde, e-posta servis sa\u011flay\u0131c\u0131lar\u0131 \u00f6rne\u011fin Hotmail, Gmail, Comcast ve di\u011ferleri (her g\u00fcn de\u011fi\u015fiyor) kullan\u0131c\u0131lar\u0131n\u0131 &#8216;spam&#8217; olay\u0131na kar\u015f\u0131 korumak i\u00e7in \u00e7ok kat\u0131 kurallar kullanmaktad\u0131rlar ve bu nedenledir ki normal mesajlar bile spam dizinlerinde sonlanlamaktad\u0131r.<\/p>\n<p><strong>E\u011fer e-postalar\u0131n\u0131za de\u011fer veriyorsan\u0131z<\/strong>, <strong>sayg\u0131n ve g\u00fcvenilir olarak tan\u0131nmak<\/strong> ve e-posta da\u011f\u0131t\u0131m\u0131n\u0131zda inan\u0131lmaz art\u0131\u015f yakalamak i\u00e7in&nbsp; <strong>turboSMTP servisini kullanman\u0131z\u0131<\/strong> \u015fiddetle \u00f6neriyoruz<strong><\/strong>.<\/p>\n<p>&nbsp;<\/p>\n<p style=\"font-size: 10px;\"><em>L\u00fctfen turboSMTP servisinin spam mesaj g\u00f6ndermek i\u00e7in de\u011fil fakat yasal mesaj g\u00f6ndermek i\u00e7in bir e-posta g\u00f6nderme servisi oldu\u011funu biliniz. <em><\/em><em><a class=\"fancyLink\" href=\"knowledgebase.php?action=displayarticle&amp;id=15\" target=\"_blank\">Anti-spam Politikam\u0131za <\/a><\/em>\ufeffuymayan m\u00fc\u015fterilerin hesaplar\u0131 dondurulabilir veya sonland\u0131r\u0131lablir.<\/em><\/p>\n","protected":false},"excerpt":{"rendered":"<p>Profesyonel bir SMTP sunucusu kullanmak i\u00e7in \u00e7ok \u00f6nemli nedenler vard\u0131r: ge\u00e7mi\u015fte (spam \u00e7a\u011f\u0131ndan \u00f6nce) e-posta g\u00f6ndermek sorun de\u011fildi fakat bu g\u00fcnlerde mesajlar\u0131n e-posta sunucular\u0131 taraf\u0131ndan spam dizinine konmas\u0131n\u0131 ve hatta mesajlar\u0131n silinmesini engellemek i\u00e7in e-posta sunucular\u0131n\u0131n kurallar\u0131na s\u0131k\u0131 bir \u015fekilde uymak gerekmektedir. SMTP sunucular\u0131n\u0131n g\u00fcvenilirlik durumuna, beyaz ve kara listelere uygun olarak farkl\u0131 e-posta sunucular\u0131 &#8230; <\/p>\n<p class=\"read-more-container\"><a title=\"Neden turboSMTP\" class=\"read-more button\" href=\"https:\/\/serversmtp.com\/tr\/neden-turbosmtp\/#more-3228\" aria-label=\"Read more about Neden turboSMTP\">Discover more<\/a><\/p>\n","protected":false},"author":3,"featured_media":0,"parent":0,"menu_order":0,"comment_status":"closed","ping_status":"closed","template":"g1_template_page_sidebar_right.php","meta":{"_eb_attr":"","inline_featured_image":false,"_monsterinsights_skip_tracking":false,"_monsterinsights_sitenote_active":false,"_monsterinsights_sitenote_note":"","_monsterinsights_sitenote_category":0,"footnotes":""},"class_list":["post-3228","page","type-page","status-publish"],"yoast_head":"<!-- This site is optimized with the Yoast SEO plugin v25.3.1 - https:\/\/yoast.com\/wordpress\/plugins\/seo\/ -->\n<title>Neden turboSMTP - smtp mail server - professional SMTP service provider<\/title>\n<meta name=\"robots\" content=\"index, follow, max-snippet:-1, max-image-preview:large, max-video-preview:-1\" \/>\n<link rel=\"canonical\" href=\"https:\/\/serversmtp.com\/tr\/neden-turbosmtp\/\" \/>\n<meta name=\"twitter:label1\" content=\"Tahmini okuma s\u00fcresi\" \/>\n\t<meta name=\"twitter:data1\" content=\"4 dakika\" \/>\n<!-- \/ Yoast SEO plugin. -->","yoast_head_json":{"title":"Neden turboSMTP - smtp mail server - professional SMTP service provider","robots":{"index":"index","follow":"follow","max-snippet":"max-snippet:-1","max-image-preview":"max-image-preview:large","max-video-preview":"max-video-preview:-1"},"canonical":"https:\/\/serversmtp.com\/tr\/neden-turbosmtp\/","twitter_misc":{"Tahmini okuma s\u00fcresi":"4 dakika"},"schema":{"@context":"https:\/\/schema.org","@graph":[{"@type":"WebPage","@id":"https:\/\/serversmtp.com\/tr\/neden-turbosmtp\/","url":"https:\/\/serversmtp.com\/tr\/neden-turbosmtp\/","name":"Neden turboSMTP - smtp mail server - professional SMTP service provider","isPartOf":{"@id":"https:\/\/serversmtp.com\/de\/#website"},"datePublished":"2018-04-26T16:16:47+00:00","breadcrumb":{"@id":"https:\/\/serversmtp.com\/tr\/neden-turbosmtp\/#breadcrumb"},"inLanguage":"tr","potentialAction":[{"@type":"ReadAction","target":["https:\/\/serversmtp.com\/tr\/neden-turbosmtp\/"]}]},{"@type":"BreadcrumbList","@id":"https:\/\/serversmtp.com\/tr\/neden-turbosmtp\/#breadcrumb","itemListElement":[{"@type":"ListItem","position":1,"name":"Home","item":"https:\/\/serversmtp.com\/tr\/"},{"@type":"ListItem","position":2,"name":"Neden turboSMTP"}]},{"@type":"WebSite","@id":"https:\/\/serversmtp.com\/de\/#website","url":"https:\/\/serversmtp.com\/de\/","name":"smtp mail server - professional SMTP service provider","description":"smtp mail server - professional SMTP service provider","publisher":{"@id":"https:\/\/serversmtp.com\/de\/#organization"},"potentialAction":[{"@type":"SearchAction","target":{"@type":"EntryPoint","urlTemplate":"https:\/\/serversmtp.com\/de\/?s={search_term_string}"},"query-input":{"@type":"PropertyValueSpecification","valueRequired":true,"valueName":"search_term_string"}}],"inLanguage":"tr"},{"@type":"Organization","@id":"https:\/\/serversmtp.com\/de\/#organization","name":"Delivery Tech","url":"https:\/\/serversmtp.com\/de\/","logo":{"@type":"ImageObject","inLanguage":"tr","@id":"https:\/\/serversmtp.com\/de\/#\/schema\/logo\/image\/","url":"https:\/\/serversmtp.com\/wp-content\/uploads\/2021\/11\/og-image-2.jpg","contentUrl":"https:\/\/serversmtp.com\/wp-content\/uploads\/2021\/11\/og-image-2.jpg","width":1200,"height":1128,"caption":"Delivery Tech"},"image":{"@id":"https:\/\/serversmtp.com\/de\/#\/schema\/logo\/image\/"}}]}},"_links":{"self":[{"href":"https:\/\/serversmtp.com\/tr\/wp-json\/wp\/v2\/pages\/3228"}],"collection":[{"href":"https:\/\/serversmtp.com\/tr\/wp-json\/wp\/v2\/pages"}],"about":[{"href":"https:\/\/serversmtp.com\/tr\/wp-json\/wp\/v2\/types\/page"}],"author":[{"embeddable":true,"href":"https:\/\/serversmtp.com\/tr\/wp-json\/wp\/v2\/users\/3"}],"replies":[{"embeddable":true,"href":"https:\/\/serversmtp.com\/tr\/wp-json\/wp\/v2\/comments?post=3228"}],"version-history":[{"count":2,"href":"https:\/\/serversmtp.com\/tr\/wp-json\/wp\/v2\/pages\/3228\/revisions"}],"predecessor-version":[{"id":3230,"href":"https:\/\/serversmtp.com\/tr\/wp-json\/wp\/v2\/pages\/3228\/revisions\/3230"}],"wp:attachment":[{"href":"https:\/\/serversmtp.com\/tr\/wp-json\/wp\/v2\/media?parent=3228"}],"curies":[{"name":"wp","href":"https:\/\/api.w.org\/{rel}","templated":true}]}}