{"id":3225,"date":"2018-04-26T18:13:57","date_gmt":"2018-04-26T16:13:57","guid":{"rendered":"https:\/\/dev.serversmtp.com\/?page_id=3225"},"modified":"2026-01-14T13:57:28","modified_gmt":"2026-01-14T12:57:28","slug":"hakkimizda","status":"publish","type":"page","link":"https:\/\/serversmtp.com\/tr\/hakkimizda\/","title":{"rendered":"Hakk\u0131m\u0131zda\ufeff"},"content":{"rendered":"<p>2009 y\u0131l\u0131nda kurulan, turboSMTP t\u00fcm d\u00fcnyada 100.000\u2019den fazla m\u00fc\u015fteriye hizmet veren bir ba\u011f\u0131ms\u0131z SMTP sa\u011flay\u0131c\u0131s\u0131d\u0131r.<\/p>\n<p>Hizmetlerimiz, maksimum e-posta teslim oranlar\u0131n\u0131 sa\u011flay\u0131p, istenmeyen posta filtreleri ve siyah\/gri listelerden ka\u00e7\u0131narak al\u0131c\u0131lar\u0131n\u0131z\u0131n gelen kutular\u0131na ula\u015fmas\u0131n\u0131 sa\u011flayarak, ev ve k\u00fc\u00e7\u00fck \u015firketlerden b\u00fcy\u00fck e-posta sa\u011flay\u0131c\u0131lar\u0131na kadar de\u011fi\u015fen her t\u00fcrl\u00fc i\u015f ihtiyac\u0131n\u0131 kar\u015f\u0131layabilir.<\/p>\n<p>\u00c7abam\u0131z, her zaman g\u00fcvenli, g\u00fcvenilir SMTP hizmeti ve profesyonel teknik destek sa\u011flayarak, m\u00fc\u015fterilerimize ve onlar\u0131n ihtiya\u00e7lar\u0131na y\u00f6neliktir.<\/p>\n<p>&nbsp;<\/p>\n<h3>Edisplay srl<\/h3><p>Via Palmanova 24<br>20132 Milano<\/p><p>Viale del Lavoro 53,<br>08023 Fonni (NU)<\/p>\n","protected":false},"excerpt":{"rendered":"<p>2009 y\u0131l\u0131nda kurulan, turboSMTP t\u00fcm d\u00fcnyada 100.000\u2019den fazla m\u00fc\u015fteriye hizmet veren bir ba\u011f\u0131ms\u0131z SMTP sa\u011flay\u0131c\u0131s\u0131d\u0131r. Hizmetlerimiz, maksimum e-posta teslim oranlar\u0131n\u0131 sa\u011flay\u0131p, istenmeyen posta filtreleri ve siyah\/gri listelerden ka\u00e7\u0131narak al\u0131c\u0131lar\u0131n\u0131z\u0131n gelen kutular\u0131na ula\u015fmas\u0131n\u0131 sa\u011flayarak, ev ve k\u00fc\u00e7\u00fck \u015firketlerden b\u00fcy\u00fck e-posta sa\u011flay\u0131c\u0131lar\u0131na kadar de\u011fi\u015fen her t\u00fcrl\u00fc i\u015f ihtiyac\u0131n\u0131 kar\u015f\u0131layabilir. \u00c7abam\u0131z, her zaman g\u00fcvenli, g\u00fcvenilir SMTP hizmeti ve &#8230; <\/p>\n<p class=\"read-more-container\"><a title=\"Hakk\u0131m\u0131zda\ufeff\" class=\"read-more button\" href=\"https:\/\/serversmtp.com\/tr\/hakkimizda\/#more-3225\" aria-label=\"Read more about Hakk\u0131m\u0131zda\ufeff\">Discover more<\/a><\/p>\n","protected":false},"author":3,"featured_media":0,"parent":0,"menu_order":0,"comment_status":"closed","ping_status":"closed","template":"","meta":{"_eb_attr":"","inline_featured_image":false,"_monsterinsights_skip_tracking":false,"_monsterinsights_sitenote_active":false,"_monsterinsights_sitenote_note":"","_monsterinsights_sitenote_category":0,"footnotes":""},"class_list":["post-3225","page","type-page","status-publish"],"yoast_head":"<!-- This site is optimized with the Yoast SEO plugin v25.3.1 - https:\/\/yoast.com\/wordpress\/plugins\/seo\/ -->\n<title>Hakk\u0131m\u0131zda\ufeff - smtp mail server - professional SMTP service provider<\/title>\n<meta name=\"robots\" content=\"index, follow, max-snippet:-1, max-image-preview:large, max-video-preview:-1\" \/>\n<link rel=\"canonical\" href=\"https:\/\/serversmtp.com\/tr\/hakkimizda\/\" \/>\n<meta name=\"twitter:label1\" content=\"Tahmini okuma s\u00fcresi\" \/>\n\t<meta name=\"twitter:data1\" content=\"1 dakika\" \/>\n<!-- \/ Yoast SEO plugin. -->","yoast_head_json":{"title":"Hakk\u0131m\u0131zda\ufeff - smtp mail server - professional SMTP service provider","robots":{"index":"index","follow":"follow","max-snippet":"max-snippet:-1","max-image-preview":"max-image-preview:large","max-video-preview":"max-video-preview:-1"},"canonical":"https:\/\/serversmtp.com\/tr\/hakkimizda\/","twitter_misc":{"Tahmini okuma s\u00fcresi":"1 dakika"},"schema":{"@context":"https:\/\/schema.org","@graph":[{"@type":"WebPage","@id":"https:\/\/serversmtp.com\/tr\/hakkimizda\/","url":"https:\/\/serversmtp.com\/tr\/hakkimizda\/","name":"Hakk\u0131m\u0131zda\ufeff - smtp mail server - professional SMTP service provider","isPartOf":{"@id":"https:\/\/serversmtp.com\/fr\/#website"},"datePublished":"2018-04-26T16:13:57+00:00","dateModified":"2026-01-14T12:57:28+00:00","breadcrumb":{"@id":"https:\/\/serversmtp.com\/tr\/hakkimizda\/#breadcrumb"},"inLanguage":"tr","potentialAction":[{"@type":"ReadAction","target":["https:\/\/serversmtp.com\/tr\/hakkimizda\/"]}]},{"@type":"BreadcrumbList","@id":"https:\/\/serversmtp.com\/tr\/hakkimizda\/#breadcrumb","itemListElement":[{"@type":"ListItem","position":1,"name":"Home","item":"https:\/\/serversmtp.com\/tr\/"},{"@type":"ListItem","position":2,"name":"Hakk\u0131m\u0131zda\ufeff"}]},{"@type":"WebSite","@id":"https:\/\/serversmtp.com\/fr\/#website","url":"https:\/\/serversmtp.com\/fr\/","name":"smtp mail server - professional SMTP service provider","description":"smtp mail server - professional SMTP service provider","publisher":{"@id":"https:\/\/serversmtp.com\/fr\/#organization"},"potentialAction":[{"@type":"SearchAction","target":{"@type":"EntryPoint","urlTemplate":"https:\/\/serversmtp.com\/fr\/?s={search_term_string}"},"query-input":{"@type":"PropertyValueSpecification","valueRequired":true,"valueName":"search_term_string"}}],"inLanguage":"tr"},{"@type":"Organization","@id":"https:\/\/serversmtp.com\/fr\/#organization","name":"Delivery Tech","url":"https:\/\/serversmtp.com\/fr\/","logo":{"@type":"ImageObject","inLanguage":"tr","@id":"https:\/\/serversmtp.com\/fr\/#\/schema\/logo\/image\/","url":"https:\/\/serversmtp.com\/wp-content\/uploads\/2021\/11\/og-image-2.jpg","contentUrl":"https:\/\/serversmtp.com\/wp-content\/uploads\/2021\/11\/og-image-2.jpg","width":1200,"height":1128,"caption":"Delivery Tech"},"image":{"@id":"https:\/\/serversmtp.com\/fr\/#\/schema\/logo\/image\/"}}]}},"_links":{"self":[{"href":"https:\/\/serversmtp.com\/tr\/wp-json\/wp\/v2\/pages\/3225"}],"collection":[{"href":"https:\/\/serversmtp.com\/tr\/wp-json\/wp\/v2\/pages"}],"about":[{"href":"https:\/\/serversmtp.com\/tr\/wp-json\/wp\/v2\/types\/page"}],"author":[{"embeddable":true,"href":"https:\/\/serversmtp.com\/tr\/wp-json\/wp\/v2\/users\/3"}],"replies":[{"embeddable":true,"href":"https:\/\/serversmtp.com\/tr\/wp-json\/wp\/v2\/comments?post=3225"}],"version-history":[{"count":5,"href":"https:\/\/serversmtp.com\/tr\/wp-json\/wp\/v2\/pages\/3225\/revisions"}],"predecessor-version":[{"id":22972,"href":"https:\/\/serversmtp.com\/tr\/wp-json\/wp\/v2\/pages\/3225\/revisions\/22972"}],"wp:attachment":[{"href":"https:\/\/serversmtp.com\/tr\/wp-json\/wp\/v2\/media?parent=3225"}],"curies":[{"name":"wp","href":"https:\/\/api.w.org\/{rel}","templated":true}]}}