{"id":4943,"date":"2018-04-05T16:13:29","date_gmt":"2018-04-05T14:13:29","guid":{"rendered":"https:\/\/serversmtp.com\/about-us\/"},"modified":"2026-05-09T21:58:10","modified_gmt":"2026-05-09T19:58:10","slug":"om-oss","status":"publish","type":"page","link":"https:\/\/serversmtp.com\/sv\/om-oss\/","title":{"rendered":"Om oss"},"content":{"rendered":"<p>urboSMTP grundades 2009, och \u00e4r en oberoende SMTP-leverant\u00f6r som betj\u00e4nar \u00f6ver 100 000 kunder \u00f6ver hela v\u00e4rlden..<\/p>\n<p>V\u00e5ra tj\u00e4nster kan m\u00f6ta behoven hos alla f\u00f6retag, fr\u00e5n hem och sm\u00e5 f\u00f6retag till stora e-postleverant\u00f6rer, s\u00e4kerst\u00e4lla maximal e-postleverans samt g\u00f6ra det m\u00f6jligt att n\u00e5 mottagarnas inkorgar utan att fastna i spamfilter eller p\u00e5 svarta\/gr\u00e5a listor.<\/p>\n<p>V\u00e5ra anstr\u00e4ngningar \u00e4r alltid inriktade p\u00e5 v\u00e5ra kunder och deras behov, genom att tillhandah\u00e5lla en s\u00e4ker, p\u00e5litlig SMTP-tj\u00e4nst och professionell teknisk support.<\/p>\n<h3>Edisplay srl<\/h3>\n<p>Via Palmanova 24<br \/>\n20132 Milano<br \/>\nItaly<\/p>\n<p>Viale del Lavoro 53,<br \/>\n08023 Fonni (NU)<br \/>\nItaly<\/p>\n","protected":false},"excerpt":{"rendered":"<p>urboSMTP grundades 2009, och \u00e4r en oberoende SMTP-leverant\u00f6r som betj\u00e4nar \u00f6ver 100 000 kunder \u00f6ver hela v\u00e4rlden.. V\u00e5ra tj\u00e4nster kan m\u00f6ta behoven hos alla f\u00f6retag, fr\u00e5n hem och sm\u00e5 f\u00f6retag till stora e-postleverant\u00f6rer, s\u00e4kerst\u00e4lla maximal e-postleverans samt g\u00f6ra det m\u00f6jligt att n\u00e5 mottagarnas inkorgar utan att fastna i spamfilter eller p\u00e5 svarta\/gr\u00e5a listor. V\u00e5ra anstr\u00e4ngningar [&hellip;]<\/p>\n","protected":false},"author":3,"featured_media":0,"parent":0,"menu_order":0,"comment_status":"closed","ping_status":"closed","template":"g1_template_page_sidebar_right.php","meta":[],"yoast_head":"<!-- This site is optimized with the Yoast SEO plugin v16.4 - https:\/\/yoast.com\/wordpress\/plugins\/seo\/ -->\n<meta name=\"robots\" content=\"index, follow, max-snippet:-1, max-image-preview:large, max-video-preview:-1\" \/>\n<link rel=\"canonical\" href=\"https:\/\/serversmtp.com\/sv\/om-oss\/\" \/>\n<meta property=\"og:locale\" content=\"sv_SE\" \/>\n<meta property=\"og:type\" content=\"article\" \/>\n<meta property=\"og:title\" content=\"Om oss - smtp mail server - professional SMTP service provider\" \/>\n<meta property=\"og:description\" content=\"urboSMTP grundades 2009, och \u00e4r en oberoende SMTP-leverant\u00f6r som betj\u00e4nar \u00f6ver 100 000 kunder \u00f6ver hela v\u00e4rlden.. V\u00e5ra tj\u00e4nster kan m\u00f6ta behoven hos alla f\u00f6retag, fr\u00e5n hem och sm\u00e5 f\u00f6retag till stora e-postleverant\u00f6rer, s\u00e4kerst\u00e4lla maximal e-postleverans samt g\u00f6ra det m\u00f6jligt att n\u00e5 mottagarnas inkorgar utan att fastna i spamfilter eller p\u00e5 svarta\/gr\u00e5a listor. V\u00e5ra anstr\u00e4ngningar [&hellip;]\" \/>\n<meta property=\"og:url\" content=\"https:\/\/serversmtp.com\/sv\/om-oss\/\" \/>\n<meta property=\"og:site_name\" content=\"smtp mail server - professional SMTP service provider\" \/>\n<meta property=\"article:modified_time\" content=\"2026-05-09T19:58:10+00:00\" \/>\n<meta name=\"twitter:card\" content=\"summary_large_image\" \/>\n<meta name=\"twitter:label1\" content=\"Ber\u00e4knad l\u00e4stid\" \/>\n\t<meta name=\"twitter:data1\" content=\"1 minut\" \/>\n<script type=\"application\/ld+json\" class=\"yoast-schema-graph\">{\"@context\":\"https:\/\/schema.org\",\"@graph\":[{\"@type\":\"WebSite\",\"@id\":\"http:\/\/serversmtp.com\/#website\",\"url\":\"http:\/\/serversmtp.com\/\",\"name\":\"smtp mail server - professional SMTP service provider\",\"description\":\"smtp mail server - professional SMTP service provider \",\"potentialAction\":[{\"@type\":\"SearchAction\",\"target\":\"http:\/\/serversmtp.com\/?s={search_term_string}\",\"query-input\":\"required name=search_term_string\"}],\"inLanguage\":\"sv-SE\"},{\"@type\":\"WebPage\",\"@id\":\"https:\/\/serversmtp.com\/sv\/om-oss\/#webpage\",\"url\":\"https:\/\/serversmtp.com\/sv\/om-oss\/\",\"name\":\"Om oss - smtp mail server - professional SMTP service provider\",\"isPartOf\":{\"@id\":\"http:\/\/serversmtp.com\/#website\"},\"datePublished\":\"2018-04-05T14:13:29+00:00\",\"dateModified\":\"2026-05-09T19:58:10+00:00\",\"breadcrumb\":{\"@id\":\"https:\/\/serversmtp.com\/sv\/om-oss\/#breadcrumb\"},\"inLanguage\":\"sv-SE\",\"potentialAction\":[{\"@type\":\"ReadAction\",\"target\":[\"https:\/\/serversmtp.com\/sv\/om-oss\/\"]}]},{\"@type\":\"BreadcrumbList\",\"@id\":\"https:\/\/serversmtp.com\/sv\/om-oss\/#breadcrumb\",\"itemListElement\":[{\"@type\":\"ListItem\",\"position\":1,\"item\":{\"@type\":\"WebPage\",\"@id\":\"https:\/\/staging.serversmtp.com\/sv\/home\/\",\"url\":\"https:\/\/staging.serversmtp.com\/sv\/home\/\",\"name\":\"Home\"}},{\"@type\":\"ListItem\",\"position\":2,\"item\":{\"@id\":\"https:\/\/serversmtp.com\/sv\/om-oss\/#webpage\"}}]}]}<\/script>\n<!-- \/ Yoast SEO plugin. -->","_links":{"self":[{"href":"https:\/\/serversmtp.com\/sv\/wp-json\/wp\/v2\/pages\/4943"}],"collection":[{"href":"https:\/\/serversmtp.com\/sv\/wp-json\/wp\/v2\/pages"}],"about":[{"href":"https:\/\/serversmtp.com\/sv\/wp-json\/wp\/v2\/types\/page"}],"author":[{"embeddable":true,"href":"https:\/\/serversmtp.com\/sv\/wp-json\/wp\/v2\/users\/3"}],"replies":[{"embeddable":true,"href":"https:\/\/serversmtp.com\/sv\/wp-json\/wp\/v2\/comments?post=4943"}],"version-history":[{"count":3,"href":"https:\/\/serversmtp.com\/sv\/wp-json\/wp\/v2\/pages\/4943\/revisions"}],"predecessor-version":[{"id":10013,"href":"https:\/\/serversmtp.com\/sv\/wp-json\/wp\/v2\/pages\/4943\/revisions\/10013"}],"wp:attachment":[{"href":"https:\/\/serversmtp.com\/sv\/wp-json\/wp\/v2\/media?parent=4943"}],"curies":[{"name":"wp","href":"https:\/\/api.w.org\/{rel}","templated":true}]}}