{"id":3330,"date":"2018-04-29T11:47:22","date_gmt":"2018-04-29T09:47:22","guid":{"rendered":"https:\/\/dev.serversmtp.com\/?page_id=3330"},"modified":"2018-07-16T20:02:54","modified_gmt":"2018-07-16T18:02:54","slug":"home","status":"publish","type":"page","link":"https:\/\/serversmtp.com\/sv\/","title":{"rendered":"Home"},"content":{"rendered":"<span id=\"g1-space-1\" class=\"g1-space \" style=\"height:30px;\"><\/span>\n<ul class=\"g1-grid\"><li class=\"g1-column g1-one-fourth g1-valign-top service-box-home\">\n<div class=\"div-service-box-home\">\n<p><a title=\"P\u00e5litlighet och ryktbarhet\" href=\"\/en\/multilanguage-customer-support\"><span class=\"service-img-home\"><img loading=\"lazy\" class=\"size-full wp-image-232 alignnone\" src=\"https:\/\/serversmtp.com\/wp-content\/uploads\/2018\/02\/ICONA-TURBOSMTP-100X90.png\" alt=\"\" width=\"100\" height=\"91\"><\/span><\/a><\/p>\n<h5><a title=\"P\u00e5litlighet och ryktbarhet\" href=\"\/en\/multilanguage-customer-support\"><strong>P\u00e5litlighet och ryktbarhet<\/strong><\/a><\/h5>\n<p><a title=\"P\u00e5litlighet och ryktbarhet\" href=\"\/en\/multilanguage-customer-support\"><span class=\"homeL1Desc ico1sup\">Vi \u00f6vervakar konstant svartlistor och fokuserar p\u00e5 att uppr\u00e4tth\u00e5lla goda f\u00f6rh\u00e5llanden med stora e-postleverant\u00f6rer<\/span><\/a><\/div>\n<\/li><!-- -->\n<li class=\"g1-column g1-one-fourth g1-valign-top service-box-home\">\n<div class=\"div-service-box-home \">\n<p><a title=\"Vitlistade servrar\" href=\"\/en\/reliable-servers-ISP-relationships\"><span class=\"service-img-home\"><img loading=\"lazy\" class=\"alignnone size-full wp-image-251\" src=\"https:\/\/serversmtp.com\/wp-content\/uploads\/2018\/02\/ICONA-SERVER-TSMTP.png\" alt=\"\" width=\"100\" height=\"90\"><\/span><\/a><\/p>\n<h5><a title=\"Vitlistade servrar\" href=\"\/en\/reliable-servers-ISP-relationships\"><strong>Vitlistade servrar<\/strong><br \/>\n<\/a><\/h5>\n<p><a title=\"Vitlistade servrar\" href=\"\/en\/reliable-servers-ISP-relationships\"><span class=\"homeL1Desc ico2\">Vi h\u00e5ller v\u00e5ra IP-adresser och servrar rena och litade genom att arbeta med Internetleverant\u00f6rer, svartlistor och skr\u00e4ppostfilter varje dag.<\/span><\/a><\/div>\n<\/li><!-- -->\n<li class=\"g1-column g1-one-fourth g1-valign-top service-box-home\">\n<div class=\"div-service-box-home \">\n<p><a title=\"Sp\u00e5rning av leverans\" href=\"\/en\/email-delivery-tracking\"><span class=\"service-img-home\"><img loading=\"lazy\" class=\"alignnone size-full wp-image-248\" src=\"https:\/\/serversmtp.com\/wp-content\/uploads\/2018\/02\/ICONA-REPORT-TSMTP.png\" alt=\"\" width=\"100\" height=\"92\"><\/span><\/a><\/p>\n<h5><a title=\"Sp\u00e5rning av leverans\" href=\"en\/email-delivery-tracking\"><strong>Sp\u00e5rning av leverans<\/strong><\/a><\/h5>\n<p><a title=\"Sp\u00e5rning av leverans\" href=\"en\/email-delivery-tracking\"><span class=\"homeL1Desc ico3\">L\u00e4s detaljerade rapporter och grafer f\u00f6r att se hur m\u00e5nga e-poster som levererades.<\/span><\/a><\/div>\n<\/li><!-- -->\n<li class=\"g1-column g1-one-fourth g1-valign-top service-box-home\">\n<div class=\"div-service-box-home \">\n<p><a title=\"Flexibla tj\u00e4nsteplaner\" href=\"\/sv\/cart.php\"><span class=\"service-img-home\"><img loading=\"lazy\" class=\"alignnone size-full wp-image-245\" src=\"https:\/\/serversmtp.com\/wp-content\/uploads\/2018\/02\/ICONA-ABBONAMENTI-tsmtp.png\" alt=\"\" width=\"101\" height=\"90\"><\/span><\/a><\/p>\n<h5><a title=\"Flexibla tj\u00e4nsteplaner\" href=\"\/sv\/cart.php\"><strong>Flexibla tj\u00e4nsteplaner<\/strong><\/a><\/h5>\n<p><a title=\"Flexibla tj\u00e4nsteplaner\" href=\"\/sv\/cart.php\"><span class=\"homeL1Desc ico1sup\">Vi erbjudar f\u00f6rhandsbetalda, m\u00e5natliga och \u00e5rliga planer baserat p\u00e5 m\u00e4ngden skickade e-poster.<\/span><\/a><\/div>\n<\/li><!-- --><\/ul>\n<span id=\"g1-space-2\" class=\"g1-space \" style=\"height:20px;\"><\/span>\n\n<br \/>\n<style type=\"text\/css\" scoped=\"scoped\">#g1-section-1.g1-section {background-color: #f5f5f5; background-repeat:repeat; background-position:center top; background-attachment:static;}<\/style><div id=\"g1-section-1\" class=\"g1-section home-grey-2box\"><div class=\"g1-layout-inner\">\n<ul class=\"g1-grid\"><li class=\"g1-column g1-one-half g1-valign-top\">\n<ul class=\"g1-grid\"><li class=\"g1-column g1-one-third g1-valign-top\">\n<p><img loading=\"lazy\" class=\"alignnone size-full wp-image-3797\" src=\"https:\/\/serversmtp.com\/wp-content\/uploads\/2018\/05\/GDPR-1.png\" alt=\"\" width=\"123\" height=\"124\" srcset=\"https:\/\/serversmtp.com\/wp-content\/uploads\/2018\/05\/GDPR-1.png 123w, https:\/\/serversmtp.com\/wp-content\/uploads\/2018\/05\/GDPR-1-55x55.png 55w\" sizes=\"(max-width: 123px) 100vw, 123px\" \/><\/p>\n<\/li><!-- -->\n<li class=\"g1-column g1-two-third g1-valign-top gdpr-text\">\n<h3>GDPR Regulation?<br \/>\nWe are ready!<\/h3>\n<p>We take the utmost measures and the best practices for data protection.<br \/>\n<style type=\"text\/css\" scoped=\"scoped\">#find-out-more.g1-button {background-color: #93ba19; border-color: #93ba19;}<\/style><a id=\"find-out-more\" class=\"g1-button g1-button--small g1-button--solid g1-button--standard \" href=\"\/regulation-eu-2016-679-gdpr\/\" >More info&#8230;<\/a><\/p>\n<\/li><!-- --><\/ul>\n<\/li><!-- -->\n<li class=\"g1-column g1-one-half g1-valign-top\">\n<ul class=\"g1-grid\"><li class=\"g1-column g1-one-third g1-valign-top\">\n<p><img loading=\"lazy\" class=\"alignnone size-full wp-image-3797\" src=\"https:\/\/serversmtp.com\/wp-content\/uploads\/2018\/07\/servers_eu.png\" alt=\"\" width=\"123\" height=\"124\" \/><\/p>\n<\/li><!-- -->\n<li class=\"g1-column g1-two-third g1-valign-top\">\n<h4 class=\"guideTitle\"><strong>Server infrastructure located in Europe<\/strong><\/h4>\n<p>E-mail servers and IP addresses dedicated to 100% European and compliant with <strong>EU regulations<\/strong> for the protection of personal data<\/p>\n<style type=\"text\/css\" scoped=\"scoped\">#find-out-more.g1-button {background-color: #93ba19; border-color: #93ba19;}<\/style><a id=\"find-out-more\" class=\"g1-button g1-button--small g1-button--solid g1-button--standard \" href=\"\/regulation-eu-2016-679-gdpr\/\" >More info\u2026<\/a>\n<\/li><!-- --><\/ul>\n<\/li><!-- --><\/ul>\n<\/div><\/div><br \/>\n<div id=\"g1-divider-1\" class=\"g1-divider g1-divider--none g1-divider--noicon \"><\/div>\n<p style=\"text-align: center;\"><strong>N\u00e5gra mellan v\u00e5ra 100 000 glada kunder<\/strong><\/p>\n<p style=\"text-align: center;\"><img loading=\"lazy\" class=\"aligncenter wp-image-178 size-full\" src=\"https:\/\/serversmtp.com\/wp-content\/uploads\/2018\/02\/customers_01.jpg\" alt=\"\" width=\"860\" height=\"160\" srcset=\"https:\/\/serversmtp.com\/wp-content\/uploads\/2018\/02\/customers_01.jpg 860w, https:\/\/serversmtp.com\/wp-content\/uploads\/2018\/02\/customers_01-300x56.jpg 300w, https:\/\/serversmtp.com\/wp-content\/uploads\/2018\/02\/customers_01-768x143.jpg 768w, https:\/\/serversmtp.com\/wp-content\/uploads\/2018\/02\/customers_01-636x118.jpg 636w, https:\/\/serversmtp.com\/wp-content\/uploads\/2018\/02\/customers_01-320x60.jpg 320w, https:\/\/serversmtp.com\/wp-content\/uploads\/2018\/02\/customers_01-239x44.jpg 239w\" sizes=\"(max-width: 860px) 100vw, 860px\" \/><\/p>\n<div id=\"g1-divider-2\" class=\"g1-divider g1-divider--none g1-divider--noicon \"><\/div>\n<style type=\"text\/css\" scoped=\"scoped\">#g1-section-2.g1-section {background-repeat:repeat; background-position:center top; background-attachment:static;}<\/style><div id=\"g1-section-2\" class=\"g1-section \"><div class=\"g1-layout-inner\">\n<p>Du kan skicka e-post med turboSMTP-servrarna fr\u00e5n <strong>vilken som helst dator eller vilken som helst mobilapparat<\/strong> i v\u00e4rlden, oberoende om du <strong>reser, \u00e4r p\u00e5 jobbet eller hemma<\/strong>.<br \/>\n<strong>St\u00e4ll in systemet endast en g\u00e5ng<\/strong>, och slappna av \u2013 ingen orsak att \u00e4ndra p\u00e5 n\u00e5got igen!<\/p>\n<p><strong>Erbjudanden f\u00f6r e-postmarknadsf\u00f6ring<\/strong><br \/>\nVi samarbetar med ledande e-postleverant\u00f6rer f\u00f6r att f\u00f6rs\u00e4kra h\u00f6gre leveranskvoter och erbjuder en fullst\u00e4ndig rykteshanteringstj\u00e4nst.<\/p>\n<p><strong>Kostnadseffektivt<\/strong><br \/>\nF\u00e5 reda p\u00e5 vad en professionell tj\u00e4nst kostar \u2013 det kan vara mindre \u00e4n du tror!<\/p>\n<\/div><\/div>\n","protected":false},"excerpt":{"rendered":"<p>N\u00e5gra mellan v\u00e5ra 100 000 glada kunder<\/p>\n","protected":false},"author":1,"featured_media":0,"parent":0,"menu_order":0,"comment_status":"closed","ping_status":"closed","template":"","meta":[],"yoast_head":"<!-- This site is optimized with the Yoast SEO plugin v16.4 - https:\/\/yoast.com\/wordpress\/plugins\/seo\/ -->\n<meta name=\"robots\" content=\"index, follow, max-snippet:-1, max-image-preview:large, max-video-preview:-1\" \/>\n<link rel=\"canonical\" href=\"https:\/\/serversmtp.com\/sv\/\" \/>\n<meta property=\"og:locale\" content=\"sv_SE\" \/>\n<meta property=\"og:type\" content=\"article\" \/>\n<meta property=\"og:title\" content=\"Home - smtp mail server - professional SMTP service provider\" \/>\n<meta property=\"og:description\" content=\"N\u00e5gra mellan v\u00e5ra 100 000 glada kunder\" \/>\n<meta property=\"og:url\" content=\"https:\/\/serversmtp.com\/sv\/\" \/>\n<meta property=\"og:site_name\" content=\"smtp mail server - professional SMTP service provider\" \/>\n<meta property=\"article:modified_time\" content=\"2018-07-16T18:02:54+00:00\" \/>\n<meta property=\"og:image\" content=\"https:\/\/serversmtp.com\/wp-content\/uploads\/2018\/02\/ICONA-TURBOSMTP-100X90.png\" \/>\n<meta name=\"twitter:card\" content=\"summary_large_image\" \/>\n<meta name=\"twitter:label1\" content=\"Ber\u00e4knad l\u00e4stid\" \/>\n\t<meta name=\"twitter:data1\" content=\"5 minuter\" \/>\n<script type=\"application\/ld+json\" class=\"yoast-schema-graph\">{\"@context\":\"https:\/\/schema.org\",\"@graph\":[{\"@type\":\"WebSite\",\"@id\":\"https:\/\/serversmtp.com\/de\/#website\",\"url\":\"https:\/\/serversmtp.com\/de\/\",\"name\":\"smtp mail server - professional SMTP service provider\",\"description\":\"smtp mail server - professional SMTP service provider \",\"potentialAction\":[{\"@type\":\"SearchAction\",\"target\":\"https:\/\/serversmtp.com\/de\/?s={search_term_string}\",\"query-input\":\"required name=search_term_string\"}],\"inLanguage\":\"sv-SE\"},{\"@type\":\"ImageObject\",\"@id\":\"https:\/\/serversmtp.com\/sv\/#primaryimage\",\"inLanguage\":\"sv-SE\",\"url\":\"https:\/\/serversmtp.com\/wp-content\/uploads\/2018\/02\/ICONA-TURBOSMTP-100X90.png\",\"contentUrl\":\"https:\/\/serversmtp.com\/wp-content\/uploads\/2018\/02\/ICONA-TURBOSMTP-100X90.png\",\"width\":100,\"height\":91},{\"@type\":\"WebPage\",\"@id\":\"https:\/\/serversmtp.com\/sv\/#webpage\",\"url\":\"https:\/\/serversmtp.com\/sv\/\",\"name\":\"Home - smtp mail server - professional SMTP service provider\",\"isPartOf\":{\"@id\":\"https:\/\/serversmtp.com\/de\/#website\"},\"primaryImageOfPage\":{\"@id\":\"https:\/\/serversmtp.com\/sv\/#primaryimage\"},\"datePublished\":\"2018-04-29T09:47:22+00:00\",\"dateModified\":\"2018-07-16T18:02:54+00:00\",\"breadcrumb\":{\"@id\":\"https:\/\/serversmtp.com\/sv\/#breadcrumb\"},\"inLanguage\":\"sv-SE\",\"potentialAction\":[{\"@type\":\"ReadAction\",\"target\":[\"https:\/\/serversmtp.com\/sv\/\"]}]},{\"@type\":\"BreadcrumbList\",\"@id\":\"https:\/\/serversmtp.com\/sv\/#breadcrumb\",\"itemListElement\":[{\"@type\":\"ListItem\",\"position\":1,\"item\":{\"@type\":\"WebPage\",\"@id\":\"https:\/\/serversmtp.com\/sv\/\",\"url\":\"https:\/\/serversmtp.com\/sv\/\",\"name\":\"Home\"}},{\"@type\":\"ListItem\",\"position\":2,\"item\":{\"@id\":\"https:\/\/serversmtp.com\/sv\/#webpage\"}}]}]}<\/script>\n<!-- \/ Yoast SEO plugin. -->","_links":{"self":[{"href":"https:\/\/serversmtp.com\/sv\/wp-json\/wp\/v2\/pages\/3330"}],"collection":[{"href":"https:\/\/serversmtp.com\/sv\/wp-json\/wp\/v2\/pages"}],"about":[{"href":"https:\/\/serversmtp.com\/sv\/wp-json\/wp\/v2\/types\/page"}],"author":[{"embeddable":true,"href":"https:\/\/serversmtp.com\/sv\/wp-json\/wp\/v2\/users\/1"}],"replies":[{"embeddable":true,"href":"https:\/\/serversmtp.com\/sv\/wp-json\/wp\/v2\/comments?post=3330"}],"version-history":[{"count":15,"href":"https:\/\/serversmtp.com\/sv\/wp-json\/wp\/v2\/pages\/3330\/revisions"}],"predecessor-version":[{"id":4816,"href":"https:\/\/serversmtp.com\/sv\/wp-json\/wp\/v2\/pages\/3330\/revisions\/4816"}],"wp:attachment":[{"href":"https:\/\/serversmtp.com\/sv\/wp-json\/wp\/v2\/media?parent=3330"}],"curies":[{"name":"wp","href":"https:\/\/api.w.org\/{rel}","templated":true}]}}