{"id":3222,"date":"2018-04-26T18:10:05","date_gmt":"2018-04-26T16:10:05","guid":{"rendered":"https:\/\/dev.serversmtp.com\/?page_id=3222"},"modified":"2018-08-29T18:01:16","modified_gmt":"2018-08-29T16:01:16","slug":"administratorer-av-e-postservrar","status":"publish","type":"page","link":"https:\/\/serversmtp.com\/sv\/administratorer-av-e-postservrar\/","title":{"rendered":"Administrat\u00f6rer av e-postservrar"},"content":{"rendered":"<p>Vet du vad din e-postservers <strong>levererbarhet<\/strong> och <strong>ryktbarhet<\/strong> \u00e4r?<br \/>\n\u00c4r din <strong>server vitlistad hos<\/strong> alla e-post-leverant\u00f6rer (Gmail, Hotmail etc.)?<br \/>\n\u00c4r din <strong>IP vitlistad<\/strong>?<strong><br \/>\n<\/strong><\/p>\n<h3>Leverans av e-postnotiser<\/h3>\n<p>Om du <strong>s\u00e4ljer tj\u00e4nster<\/strong> p\u00e5 webben eller \u00e4ger en <strong>onlinebutik<\/strong> anv\u00e4nder du m\u00f6jligtvis<strong> e-postnotiser.<\/strong><br \/>\nDe \u00e4r det b\u00e4sta s\u00e4ttet att kommunicera att en best\u00e4llning har mottagits eller f\u00f6r att skicka ut lisenskoder, aktiveringsl\u00e4nkar och dylikt.<\/p>\n<p>turboSMTP\u00a0l\u00e5ter dig n\u00e5 dina mottagares inkorgar och <strong>undvika skr\u00e4ppostfilter<\/strong> och <strong>svart\/gr\u00e5listor.<\/strong><\/p>\n<p>V\u00e5ra toppmoderna e-postservrar \u00e4r <strong>skalbara<\/strong> och <strong>ultras\u00e4kra<\/strong>, och \u00e4r utvecklade att f\u00f6rmedla<strong> stora e-postvolymer<\/strong> s\u00e5 <strong>snabbt<\/strong> och <strong>effektivt<\/strong> som m\u00f6jligt.<\/p>\n<p>Det finns m\u00e5nga f\u00f6rdelar med att v\u00e4lja turboSMTP ist\u00e4llet f\u00f6r en egen SMTP-server:<\/p>\n<ul>\n<li>Stenh\u00e5rd <strong>p\u00e5litlighet<\/strong><\/li>\n<li>Snabb <strong>leverans<\/strong><\/li>\n<li>Utvidgad <strong>s\u00e4kerhet<\/strong><\/li>\n<li><strong>\u00c5terkoppling<\/strong> med Internteleverant\u00f6rer<\/li>\n<li>SPF\/<strong>Autentisering <\/strong>av avs\u00e4ndar-ID<\/li>\n<li>Tillg\u00e5ng till SMTP<strong>-loggfiler<\/strong><\/li>\n<li><strong>Flexibla priser<\/strong><\/li>\n<\/ul>\n<p>turboSMTP \u00e4r <strong>l\u00e4tt att integrera<\/strong> med alla stora operativsystem och mjukvara f\u00f6r servrar, inklusive <strong>Microsoft Windows Server<\/strong>, <strong>Sendmail<\/strong>, och <strong>Postfix<\/strong>.<\/p>\n<p>Dessutom \u00e4r <strong>v\u00e5ra experttekniker<\/strong> redo att hj\u00e4lpa dig med v\u00e4rldsklassigt <strong>underst\u00f6d<\/strong> <strong>24\/7\/365<\/strong>.<\/p>\n<h3>K\u00e4nn skillnaden<\/h3>\n<p>Vi erbjuder en <strong>m\u00e4ngd olika planer<\/strong> s\u00e5 du kan v\u00e4lja vad som b\u00e4st passar ditt f\u00f6retags behov.<\/p>\n<p>Om du vill <strong>beg\u00e4ra ett erbjudande<\/strong>, var v\u00e4nlig och <span class=\"startLink\"><a title=\"SMTP tj\u00e4nsteerbjudande\" href=\"\/sv\/kontakter\/\">kontakta oss<\/a><\/span><\/p>\n","protected":false},"excerpt":{"rendered":"<p>Vet du vad din e-postservers levererbarhet och ryktbarhet \u00e4r? \u00c4r din server vitlistad hos alla e-post-leverant\u00f6rer (Gmail, Hotmail etc.)? \u00c4r din IP vitlistad? Leverans av e-postnotiser Om du s\u00e4ljer tj\u00e4nster p\u00e5 webben eller \u00e4ger en onlinebutik anv\u00e4nder du m\u00f6jligtvis e-postnotiser. De \u00e4r det b\u00e4sta s\u00e4ttet att kommunicera att en best\u00e4llning har mottagits eller f\u00f6r att &#8230; <\/p>\n<p class=\"read-more-container\"><a title=\"Administrat\u00f6rer av e-postservrar\" class=\"read-more button\" href=\"https:\/\/serversmtp.com\/sv\/administratorer-av-e-postservrar\/#more-3222\" aria-label=\"L\u00e4s mer om Administrat\u00f6rer av e-postservrar\">Discover more<\/a><\/p>\n","protected":false},"author":3,"featured_media":0,"parent":0,"menu_order":0,"comment_status":"closed","ping_status":"closed","template":"g1_template_page_sidebar_right.php","meta":{"_eb_attr":"","inline_featured_image":false,"_monsterinsights_skip_tracking":false,"_monsterinsights_sitenote_active":false,"_monsterinsights_sitenote_note":"","_monsterinsights_sitenote_category":0,"footnotes":""},"class_list":["post-3222","page","type-page","status-publish"],"yoast_head":"<!-- This site is optimized with the Yoast SEO plugin v25.3.1 - https:\/\/yoast.com\/wordpress\/plugins\/seo\/ -->\n<title>Administrat\u00f6rer av e-postservrar - smtp mail server - professional SMTP service provider<\/title>\n<meta name=\"robots\" content=\"index, follow, max-snippet:-1, max-image-preview:large, max-video-preview:-1\" \/>\n<link rel=\"canonical\" href=\"https:\/\/serversmtp.com\/sv\/administratorer-av-e-postservrar\/\" \/>\n<meta name=\"twitter:label1\" content=\"Ber\u00e4knad l\u00e4stid\" \/>\n\t<meta name=\"twitter:data1\" content=\"1 minut\" \/>\n<!-- \/ Yoast SEO plugin. -->","yoast_head_json":{"title":"Administrat\u00f6rer av e-postservrar - smtp mail server - professional SMTP service provider","robots":{"index":"index","follow":"follow","max-snippet":"max-snippet:-1","max-image-preview":"max-image-preview:large","max-video-preview":"max-video-preview:-1"},"canonical":"https:\/\/serversmtp.com\/sv\/administratorer-av-e-postservrar\/","twitter_misc":{"Ber\u00e4knad l\u00e4stid":"1 minut"},"schema":{"@context":"https:\/\/schema.org","@graph":[{"@type":"WebPage","@id":"https:\/\/serversmtp.com\/sv\/administratorer-av-e-postservrar\/","url":"https:\/\/serversmtp.com\/sv\/administratorer-av-e-postservrar\/","name":"Administrat\u00f6rer av e-postservrar - smtp mail server - professional SMTP service provider","isPartOf":{"@id":"https:\/\/serversmtp.com\/es\/#website"},"datePublished":"2018-04-26T16:10:05+00:00","dateModified":"2018-08-29T16:01:16+00:00","breadcrumb":{"@id":"https:\/\/serversmtp.com\/sv\/administratorer-av-e-postservrar\/#breadcrumb"},"inLanguage":"sv-SE","potentialAction":[{"@type":"ReadAction","target":["https:\/\/serversmtp.com\/sv\/administratorer-av-e-postservrar\/"]}]},{"@type":"BreadcrumbList","@id":"https:\/\/serversmtp.com\/sv\/administratorer-av-e-postservrar\/#breadcrumb","itemListElement":[{"@type":"ListItem","position":1,"name":"Home","item":"https:\/\/serversmtp.com\/sv\/"},{"@type":"ListItem","position":2,"name":"Administrat\u00f6rer av e-postservrar"}]},{"@type":"WebSite","@id":"https:\/\/serversmtp.com\/es\/#website","url":"https:\/\/serversmtp.com\/es\/","name":"smtp mail server - professional SMTP service provider","description":"smtp mail server - professional SMTP service provider","publisher":{"@id":"https:\/\/serversmtp.com\/es\/#organization"},"potentialAction":[{"@type":"SearchAction","target":{"@type":"EntryPoint","urlTemplate":"https:\/\/serversmtp.com\/es\/?s={search_term_string}"},"query-input":{"@type":"PropertyValueSpecification","valueRequired":true,"valueName":"search_term_string"}}],"inLanguage":"sv-SE"},{"@type":"Organization","@id":"https:\/\/serversmtp.com\/es\/#organization","name":"Delivery Tech","url":"https:\/\/serversmtp.com\/es\/","logo":{"@type":"ImageObject","inLanguage":"sv-SE","@id":"https:\/\/serversmtp.com\/es\/#\/schema\/logo\/image\/","url":"https:\/\/serversmtp.com\/wp-content\/uploads\/2021\/11\/og-image-2.jpg","contentUrl":"https:\/\/serversmtp.com\/wp-content\/uploads\/2021\/11\/og-image-2.jpg","width":1200,"height":1128,"caption":"Delivery Tech"},"image":{"@id":"https:\/\/serversmtp.com\/es\/#\/schema\/logo\/image\/"}}]}},"_links":{"self":[{"href":"https:\/\/serversmtp.com\/sv\/wp-json\/wp\/v2\/pages\/3222"}],"collection":[{"href":"https:\/\/serversmtp.com\/sv\/wp-json\/wp\/v2\/pages"}],"about":[{"href":"https:\/\/serversmtp.com\/sv\/wp-json\/wp\/v2\/types\/page"}],"author":[{"embeddable":true,"href":"https:\/\/serversmtp.com\/sv\/wp-json\/wp\/v2\/users\/3"}],"replies":[{"embeddable":true,"href":"https:\/\/serversmtp.com\/sv\/wp-json\/wp\/v2\/comments?post=3222"}],"version-history":[{"count":3,"href":"https:\/\/serversmtp.com\/sv\/wp-json\/wp\/v2\/pages\/3222\/revisions"}],"predecessor-version":[{"id":4926,"href":"https:\/\/serversmtp.com\/sv\/wp-json\/wp\/v2\/pages\/3222\/revisions\/4926"}],"wp:attachment":[{"href":"https:\/\/serversmtp.com\/sv\/wp-json\/wp\/v2\/media?parent=3222"}],"curies":[{"name":"wp","href":"https:\/\/api.w.org\/{rel}","templated":true}]}}