{"id":3218,"date":"2018-04-26T18:07:42","date_gmt":"2018-04-26T16:07:42","guid":{"rendered":"https:\/\/dev.serversmtp.com\/?page_id=3218"},"modified":"2018-08-29T17:13:03","modified_gmt":"2018-08-29T15:13:03","slug":"distributorer-av-postningslistor","status":"publish","type":"page","link":"https:\/\/serversmtp.com\/sv\/distributorer-av-postningslistor\/","title":{"rendered":"Distribut\u00f6rer av postningslistor\ufeff"},"content":{"rendered":"<p>turboSMTP representerar ett <strong>kostnadseffektivt<\/strong> s\u00e4tt att distribuera dina postningslistor och nyhetsbrev, oberoende av om du beh\u00f6ver skicka <strong>hundratals eller miljontals legitima e-poster<\/strong>.<\/p>\n<p>N\u00e4r du b\u00f6rjar skicka stora m\u00e4ngder e-poster kan du st\u00f6ta p\u00e5 problem med dina utg\u00e5ende e-poster, vilka kr\u00e4ver tid och m\u00f6da att unders\u00f6ka och l\u00f6sa.<\/p>\n<p>Genast du b\u00f6rjar anv\u00e4nda turboSMTP tillsammans med ditt stor volyms e-postprogram <strong>kommer du inte att beh\u00f6va oroa dig<\/strong> \u00f6ver<strong> svartlistor, Internetleverant\u00f6rers begr\u00e4nsningar<\/strong> eller d\u00e5ligt <strong>e-post-rykte.<\/strong><\/p>\n<p>V\u00e5ra<strong> vitlistade postservrar<\/strong> skickar ut dina e-post och<strong> f\u00f6rs\u00e4krar att de faktiskt levereras<\/strong> \u2013 vilket sparar dig tid och ger dig <strong>en h\u00f6gre svarsprocent<\/strong>.<\/p>\n<p>turboSMTP fungerar med <strong>alla stora e-post-klienter<\/strong>, inklusive:<\/p>\n<ul>\n<li>Max Bulk Mailer<\/li>\n<li>G-Lock Easy Mail<\/li>\n<li>SendBlaster<\/li>\n<li>Infacta Group Mail<\/li>\n<\/ul>\n<p>och m\u00e5nga fler.<\/p>\n<h3>K\u00e4nn skillnaden<\/h3>\n<p>Vi erbjuder olika planer s\u00e5 du kan v\u00e4lja vad som b\u00e4st passar ditt f\u00f6retags behov.<\/p>\n<p class=\"startLink\"><a title=\"B\u00f6rja skicka din e-post med turboSMTP inom minuter...\" href=\"\/sv\/order.php\">B\u00f6rja skicka din e-post med turboSMTP inom minuter&#8230;<\/a><\/p>\n","protected":false},"excerpt":{"rendered":"<p>turboSMTP representerar ett kostnadseffektivt s\u00e4tt att distribuera dina postningslistor och nyhetsbrev, oberoende av om du beh\u00f6ver skicka hundratals eller miljontals legitima e-poster. N\u00e4r du b\u00f6rjar skicka stora m\u00e4ngder e-poster kan du st\u00f6ta p\u00e5 problem med dina utg\u00e5ende e-poster, vilka kr\u00e4ver tid och m\u00f6da att unders\u00f6ka och l\u00f6sa. Genast du b\u00f6rjar anv\u00e4nda turboSMTP tillsammans med ditt &#8230; <\/p>\n<p class=\"read-more-container\"><a title=\"Distribut\u00f6rer av postningslistor\ufeff\" class=\"read-more button\" href=\"https:\/\/serversmtp.com\/sv\/distributorer-av-postningslistor\/#more-3218\" aria-label=\"L\u00e4s mer om Distribut\u00f6rer av postningslistor\ufeff\">Discover more<\/a><\/p>\n","protected":false},"author":3,"featured_media":0,"parent":0,"menu_order":0,"comment_status":"closed","ping_status":"closed","template":"g1_template_page_sidebar_right.php","meta":{"_eb_attr":"","inline_featured_image":false,"_monsterinsights_skip_tracking":false,"_monsterinsights_sitenote_active":false,"_monsterinsights_sitenote_note":"","_monsterinsights_sitenote_category":0,"footnotes":""},"class_list":["post-3218","page","type-page","status-publish"],"yoast_head":"<!-- This site is optimized with the Yoast SEO plugin v25.3.1 - https:\/\/yoast.com\/wordpress\/plugins\/seo\/ -->\n<title>Distribut\u00f6rer av postningslistor\ufeff - smtp mail server - professional SMTP service provider<\/title>\n<meta name=\"robots\" content=\"index, follow, max-snippet:-1, max-image-preview:large, max-video-preview:-1\" \/>\n<link rel=\"canonical\" href=\"https:\/\/serversmtp.com\/sv\/distributorer-av-postningslistor\/\" \/>\n<meta name=\"twitter:label1\" content=\"Ber\u00e4knad l\u00e4stid\" \/>\n\t<meta name=\"twitter:data1\" content=\"1 minut\" \/>\n<!-- \/ Yoast SEO plugin. -->","yoast_head_json":{"title":"Distribut\u00f6rer av postningslistor\ufeff - smtp mail server - professional SMTP service provider","robots":{"index":"index","follow":"follow","max-snippet":"max-snippet:-1","max-image-preview":"max-image-preview:large","max-video-preview":"max-video-preview:-1"},"canonical":"https:\/\/serversmtp.com\/sv\/distributorer-av-postningslistor\/","twitter_misc":{"Ber\u00e4knad l\u00e4stid":"1 minut"},"schema":{"@context":"https:\/\/schema.org","@graph":[{"@type":"WebPage","@id":"https:\/\/serversmtp.com\/sv\/distributorer-av-postningslistor\/","url":"https:\/\/serversmtp.com\/sv\/distributorer-av-postningslistor\/","name":"Distribut\u00f6rer av postningslistor\ufeff - smtp mail server - professional SMTP service provider","isPartOf":{"@id":"https:\/\/serversmtp.com\/de\/#website"},"datePublished":"2018-04-26T16:07:42+00:00","dateModified":"2018-08-29T15:13:03+00:00","breadcrumb":{"@id":"https:\/\/serversmtp.com\/sv\/distributorer-av-postningslistor\/#breadcrumb"},"inLanguage":"sv-SE","potentialAction":[{"@type":"ReadAction","target":["https:\/\/serversmtp.com\/sv\/distributorer-av-postningslistor\/"]}]},{"@type":"BreadcrumbList","@id":"https:\/\/serversmtp.com\/sv\/distributorer-av-postningslistor\/#breadcrumb","itemListElement":[{"@type":"ListItem","position":1,"name":"Home","item":"https:\/\/serversmtp.com\/sv\/"},{"@type":"ListItem","position":2,"name":"Distribut\u00f6rer av postningslistor\ufeff"}]},{"@type":"WebSite","@id":"https:\/\/serversmtp.com\/de\/#website","url":"https:\/\/serversmtp.com\/de\/","name":"smtp mail server - professional SMTP service provider","description":"smtp mail server - professional SMTP service provider","publisher":{"@id":"https:\/\/serversmtp.com\/de\/#organization"},"potentialAction":[{"@type":"SearchAction","target":{"@type":"EntryPoint","urlTemplate":"https:\/\/serversmtp.com\/de\/?s={search_term_string}"},"query-input":{"@type":"PropertyValueSpecification","valueRequired":true,"valueName":"search_term_string"}}],"inLanguage":"sv-SE"},{"@type":"Organization","@id":"https:\/\/serversmtp.com\/de\/#organization","name":"Delivery Tech","url":"https:\/\/serversmtp.com\/de\/","logo":{"@type":"ImageObject","inLanguage":"sv-SE","@id":"https:\/\/serversmtp.com\/de\/#\/schema\/logo\/image\/","url":"https:\/\/serversmtp.com\/wp-content\/uploads\/2021\/11\/og-image-2.jpg","contentUrl":"https:\/\/serversmtp.com\/wp-content\/uploads\/2021\/11\/og-image-2.jpg","width":1200,"height":1128,"caption":"Delivery Tech"},"image":{"@id":"https:\/\/serversmtp.com\/de\/#\/schema\/logo\/image\/"}}]}},"_links":{"self":[{"href":"https:\/\/serversmtp.com\/sv\/wp-json\/wp\/v2\/pages\/3218"}],"collection":[{"href":"https:\/\/serversmtp.com\/sv\/wp-json\/wp\/v2\/pages"}],"about":[{"href":"https:\/\/serversmtp.com\/sv\/wp-json\/wp\/v2\/types\/page"}],"author":[{"embeddable":true,"href":"https:\/\/serversmtp.com\/sv\/wp-json\/wp\/v2\/users\/3"}],"replies":[{"embeddable":true,"href":"https:\/\/serversmtp.com\/sv\/wp-json\/wp\/v2\/comments?post=3218"}],"version-history":[{"count":3,"href":"https:\/\/serversmtp.com\/sv\/wp-json\/wp\/v2\/pages\/3218\/revisions"}],"predecessor-version":[{"id":4898,"href":"https:\/\/serversmtp.com\/sv\/wp-json\/wp\/v2\/pages\/3218\/revisions\/4898"}],"wp:attachment":[{"href":"https:\/\/serversmtp.com\/sv\/wp-json\/wp\/v2\/media?parent=3218"}],"curies":[{"name":"wp","href":"https:\/\/api.w.org\/{rel}","templated":true}]}}