{"id":3215,"date":"2018-04-26T18:05:28","date_gmt":"2018-04-26T16:05:28","guid":{"rendered":"https:\/\/dev.serversmtp.com\/?page_id=3215"},"modified":"2018-08-29T17:22:27","modified_gmt":"2018-08-29T15:22:27","slug":"smtp-hem-och-smaforetag","status":"publish","type":"page","link":"https:\/\/serversmtp.com\/sv\/smtp-hem-och-smaforetag\/","title":{"rendered":"Hem och sm\u00e5f\u00f6retag"},"content":{"rendered":"<p>turboSMTP l\u00f6ser alla dina dagliga e-post-problem, genom att l\u00e5ta dig <strong>skicka dina personliga och ditt f\u00f6retags e-poster b\u00e5de fr\u00e5n hemmet och f\u00f6retaget,<\/strong> fr\u00e5n <strong>vilken som helst av dina e-post-adresser.<\/strong><\/p>\n<p><strong>Definiera smtp parametrarna en g\u00e5ng<\/strong> p\u00e5 din laptop eller dator, och du kan <strong>skicka e-post med vilken som helst internetanslutning<\/strong> med <strong>maximala leveranskvoter<\/strong>.<\/p>\n<h3>Ett konto, flera f\u00f6rdelar<\/h3>\n<p>Ett turboSMTP konto f\u00f6rs\u00e4krar dig flera <strong>f\u00f6rm\u00e5ner<\/strong>:<\/p>\n<ul>\n<li>Skicka e-post fr\u00e5n <strong>din egen domain<\/strong><\/li>\n<li>Anv\u00e4nd <strong>samma SMTP-inst\u00e4llningar<\/strong> p\u00e5 alla dina datorer<\/li>\n<li><strong>Obegr\u00e4nsade &#8216;Fr\u00e5n&#8217;<\/strong>-adresser<\/li>\n<li>Skicka <strong>e-poster l\u00e4gligt<\/strong>, undvik e-post-serverf\u00f6rdr\u00f6jningar och fel<\/li>\n<li><strong>\u00d6vervaka <\/strong>all utg\u00e5ende e-post<\/li>\n<\/ul>\n<p>och m\u00e5nga fler&#8230;<\/p>\n<p>turboSMTP fungerar med <strong>alla vikitga e-postklineter<\/strong>, inklusive:<\/p>\n<ul>\n<li>Microsoft Outlook<\/li>\n<li>Microsoft Windows Mail<\/li>\n<li>Mozilla Thunderbird<\/li>\n<li>Apple Mac Mail<\/li>\n<\/ul>\n<h3>Instruktioner<\/h3>\n<p>V\u00e5ra <strong><a href=\"\/sv\/knowledgebase.php?action=displaycat&amp;catid=1\">steg-f\u00f6r-steg instruktioner<\/a><\/strong> hj\u00e4lper dig att konfigurera alla stora e-post-klienter med turboSMTP-inst\u00e4llningar.<\/p>\n<h3>K\u00e4nn skillnaden<\/h3>\n<p>Vi erbjuder <strong>olika planer<\/strong> s\u00e5 du kan v\u00e4lja vad som b\u00e4st passar dina behov \u2013 b\u00f6rjande fr\u00e5n endast $7.00 per m\u00e5nad.<\/p>\n<p class=\"startLink\"><a title=\"B\u00f6rja skicka din e-post med turboSMTP inom minuter...\" href=\"\/sv\/order.php\">B\u00f6rja skicka din e-post med turboSMTP inom minuter&#8230;<\/a><\/p>\n","protected":false},"excerpt":{"rendered":"<p>turboSMTP l\u00f6ser alla dina dagliga e-post-problem, genom att l\u00e5ta dig skicka dina personliga och ditt f\u00f6retags e-poster b\u00e5de fr\u00e5n hemmet och f\u00f6retaget, fr\u00e5n vilken som helst av dina e-post-adresser. Definiera smtp parametrarna en g\u00e5ng p\u00e5 din laptop eller dator, och du kan skicka e-post med vilken som helst internetanslutning med maximala leveranskvoter. Ett konto, flera &#8230; <\/p>\n<p class=\"read-more-container\"><a title=\"Hem och sm\u00e5f\u00f6retag\" class=\"read-more button\" href=\"https:\/\/serversmtp.com\/sv\/smtp-hem-och-smaforetag\/#more-3215\" aria-label=\"L\u00e4s mer om Hem och sm\u00e5f\u00f6retag\">Discover more<\/a><\/p>\n","protected":false},"author":3,"featured_media":0,"parent":0,"menu_order":0,"comment_status":"closed","ping_status":"closed","template":"g1_template_page_sidebar_right.php","meta":{"_eb_attr":"","inline_featured_image":false,"_monsterinsights_skip_tracking":false,"_monsterinsights_sitenote_active":false,"_monsterinsights_sitenote_note":"","_monsterinsights_sitenote_category":0,"footnotes":""},"class_list":["post-3215","page","type-page","status-publish"],"yoast_head":"<!-- This site is optimized with the Yoast SEO plugin v25.3.1 - https:\/\/yoast.com\/wordpress\/plugins\/seo\/ -->\n<title>Hem och sm\u00e5f\u00f6retag - smtp mail server - professional SMTP service provider<\/title>\n<meta name=\"robots\" content=\"index, follow, max-snippet:-1, max-image-preview:large, max-video-preview:-1\" \/>\n<link rel=\"canonical\" href=\"https:\/\/serversmtp.com\/sv\/smtp-hem-och-smaforetag\/\" \/>\n<meta name=\"twitter:label1\" content=\"Ber\u00e4knad l\u00e4stid\" \/>\n\t<meta name=\"twitter:data1\" content=\"1 minut\" \/>\n<!-- \/ Yoast SEO plugin. -->","yoast_head_json":{"title":"Hem och sm\u00e5f\u00f6retag - smtp mail server - professional SMTP service provider","robots":{"index":"index","follow":"follow","max-snippet":"max-snippet:-1","max-image-preview":"max-image-preview:large","max-video-preview":"max-video-preview:-1"},"canonical":"https:\/\/serversmtp.com\/sv\/smtp-hem-och-smaforetag\/","twitter_misc":{"Ber\u00e4knad l\u00e4stid":"1 minut"},"schema":{"@context":"https:\/\/schema.org","@graph":[{"@type":"WebPage","@id":"https:\/\/serversmtp.com\/sv\/smtp-hem-och-smaforetag\/","url":"https:\/\/serversmtp.com\/sv\/smtp-hem-och-smaforetag\/","name":"Hem och sm\u00e5f\u00f6retag - smtp mail server - professional SMTP service provider","isPartOf":{"@id":"https:\/\/serversmtp.com\/#website"},"datePublished":"2018-04-26T16:05:28+00:00","dateModified":"2018-08-29T15:22:27+00:00","breadcrumb":{"@id":"https:\/\/serversmtp.com\/sv\/smtp-hem-och-smaforetag\/#breadcrumb"},"inLanguage":"sv-SE","potentialAction":[{"@type":"ReadAction","target":["https:\/\/serversmtp.com\/sv\/smtp-hem-och-smaforetag\/"]}]},{"@type":"BreadcrumbList","@id":"https:\/\/serversmtp.com\/sv\/smtp-hem-och-smaforetag\/#breadcrumb","itemListElement":[{"@type":"ListItem","position":1,"name":"Home","item":"https:\/\/serversmtp.com\/sv\/"},{"@type":"ListItem","position":2,"name":"Hem och sm\u00e5f\u00f6retag"}]},{"@type":"WebSite","@id":"https:\/\/serversmtp.com\/#website","url":"https:\/\/serversmtp.com\/","name":"smtp mail server - professional SMTP service provider","description":"smtp mail server - professional SMTP service provider","publisher":{"@id":"https:\/\/serversmtp.com\/#organization"},"potentialAction":[{"@type":"SearchAction","target":{"@type":"EntryPoint","urlTemplate":"https:\/\/serversmtp.com\/?s={search_term_string}"},"query-input":{"@type":"PropertyValueSpecification","valueRequired":true,"valueName":"search_term_string"}}],"inLanguage":"sv-SE"},{"@type":"Organization","@id":"https:\/\/serversmtp.com\/#organization","name":"Delivery Tech","url":"https:\/\/serversmtp.com\/","logo":{"@type":"ImageObject","inLanguage":"sv-SE","@id":"https:\/\/serversmtp.com\/#\/schema\/logo\/image\/","url":"https:\/\/serversmtp.com\/wp-content\/uploads\/2021\/11\/og-image-2.jpg","contentUrl":"https:\/\/serversmtp.com\/wp-content\/uploads\/2021\/11\/og-image-2.jpg","width":1200,"height":1128,"caption":"Delivery Tech"},"image":{"@id":"https:\/\/serversmtp.com\/#\/schema\/logo\/image\/"}}]}},"_links":{"self":[{"href":"https:\/\/serversmtp.com\/sv\/wp-json\/wp\/v2\/pages\/3215"}],"collection":[{"href":"https:\/\/serversmtp.com\/sv\/wp-json\/wp\/v2\/pages"}],"about":[{"href":"https:\/\/serversmtp.com\/sv\/wp-json\/wp\/v2\/types\/page"}],"author":[{"embeddable":true,"href":"https:\/\/serversmtp.com\/sv\/wp-json\/wp\/v2\/users\/3"}],"replies":[{"embeddable":true,"href":"https:\/\/serversmtp.com\/sv\/wp-json\/wp\/v2\/comments?post=3215"}],"version-history":[{"count":3,"href":"https:\/\/serversmtp.com\/sv\/wp-json\/wp\/v2\/pages\/3215\/revisions"}],"predecessor-version":[{"id":4902,"href":"https:\/\/serversmtp.com\/sv\/wp-json\/wp\/v2\/pages\/3215\/revisions\/4902"}],"wp:attachment":[{"href":"https:\/\/serversmtp.com\/sv\/wp-json\/wp\/v2\/media?parent=3215"}],"curies":[{"name":"wp","href":"https:\/\/api.w.org\/{rel}","templated":true}]}}