{"id":3212,"date":"2018-04-26T18:03:47","date_gmt":"2018-04-26T16:03:47","guid":{"rendered":"https:\/\/dev.serversmtp.com\/?page_id=3212"},"modified":"2018-08-29T17:23:11","modified_gmt":"2018-08-29T15:23:11","slug":"mobila-pda-och-iphone-anvandare","status":"publish","type":"page","link":"https:\/\/serversmtp.com\/sv\/mobila-pda-och-iphone-anvandare\/","title":{"rendered":"Mobila, PDA- och iPhone-anv\u00e4ndare"},"content":{"rendered":"<p>turboSMTP\u00a0\u00e4r den perfekta l\u00f6sningen f\u00f6r att <strong>skicka e-post n\u00e4r du i farten.<\/strong><\/p>\n<p>Om du \u00e4ger en smartphone och\/eller en iPhone kan du skicka e-post <strong>oberoende av var du \u00e4r<\/strong> och <strong>vilken internetanslutning du anv\u00e4nder<\/strong>.<\/p>\n<p>Det enda du beh\u00f6ver g\u00f6ra \u00e4r att <strong>konfigurera dina smtp-inst\u00e4llningar en g\u00e5ng<\/strong>.<\/p>\n<p>Oberoende av om du anv\u00e4nder ett privat Wi-Fi n\u00e4tverk, UMTS\/EDGE, ett offentligt Wi-Fi n\u00e4tverk eller n\u00e5got annat, levererar turboSMTP dina e-poster snabbt och s\u00e4kert.<\/p>\n<h3>H\u00e5ll dig produktiv medan du \u00e4r p\u00e5 resa.<\/h3>\n<p>Vissa Internetleverant\u00f6rer kan blockera e-post-skickande f\u00f6r att f\u00f6rhindra &#8217;spammande&#8217;. Genom att konfigurera dina SMTP inst\u00e4llningar i din mobila e-post-klient, kommer du att kunna skicka<strong> e-post fr\u00e5n alla dina e-post-adresser<\/strong> var du \u00e4n \u00e4r.<br \/>\nFritt fr\u00e5n kr\u00e5ngel.<\/p>\n<p>turboSMTP fungerar med<strong> alla viktiga mobilenheter<\/strong> med tillg\u00e5ng till Internet, inklusive:<\/p>\n<ul>\n<li>Mobiltelefon<\/li>\n<li>Smartphone<\/li>\n<li>iPhone, iPod touch<\/li>\n<li>PDA<\/li>\n<li>Netbook<\/li>\n<\/ul>\n<h3>K\u00e4nn skillnaden.<\/h3>\n<p>Vi erbjuder<strong> olika planer<\/strong> s\u00e5 att du kan v\u00e4lja vad som b\u00e4st <strong>passar dina personliga behov<\/strong>, b\u00f6rjande fr\u00e5n endast $7.00 per m\u00e5nad.<\/p>\n<p class=\"startLink\"><a title=\"B\u00f6rja skicka din e-post med turboSMTP inom minuter...\" href=\"\/sv\/order.php\">B\u00f6rja skicka din e-post med turboSMTP inom minuter&#8230;<\/a><\/p>\n","protected":false},"excerpt":{"rendered":"<p>turboSMTP\u00a0\u00e4r den perfekta l\u00f6sningen f\u00f6r att skicka e-post n\u00e4r du i farten. Om du \u00e4ger en smartphone och\/eller en iPhone kan du skicka e-post oberoende av var du \u00e4r och vilken internetanslutning du anv\u00e4nder. Det enda du beh\u00f6ver g\u00f6ra \u00e4r att konfigurera dina smtp-inst\u00e4llningar en g\u00e5ng. Oberoende av om du anv\u00e4nder ett privat Wi-Fi n\u00e4tverk, [&hellip;]<\/p>\n","protected":false},"author":3,"featured_media":0,"parent":0,"menu_order":0,"comment_status":"closed","ping_status":"closed","template":"g1_template_page_sidebar_right.php","meta":[],"yoast_head":"<!-- This site is optimized with the Yoast SEO plugin v16.4 - https:\/\/yoast.com\/wordpress\/plugins\/seo\/ -->\n<meta name=\"robots\" content=\"index, follow, max-snippet:-1, max-image-preview:large, max-video-preview:-1\" \/>\n<link rel=\"canonical\" href=\"https:\/\/serversmtp.com\/sv\/mobila-pda-och-iphone-anvandare\/\" \/>\n<meta property=\"og:locale\" content=\"sv_SE\" \/>\n<meta property=\"og:type\" content=\"article\" \/>\n<meta property=\"og:title\" content=\"Mobila, PDA- och iPhone-anv\u00e4ndare - smtp mail server - professional SMTP service provider\" \/>\n<meta property=\"og:description\" content=\"turboSMTP\u00a0\u00e4r den perfekta l\u00f6sningen f\u00f6r att skicka e-post n\u00e4r du i farten. Om du \u00e4ger en smartphone och\/eller en iPhone kan du skicka e-post oberoende av var du \u00e4r och vilken internetanslutning du anv\u00e4nder. Det enda du beh\u00f6ver g\u00f6ra \u00e4r att konfigurera dina smtp-inst\u00e4llningar en g\u00e5ng. Oberoende av om du anv\u00e4nder ett privat Wi-Fi n\u00e4tverk, [&hellip;]\" \/>\n<meta property=\"og:url\" content=\"https:\/\/serversmtp.com\/sv\/mobila-pda-och-iphone-anvandare\/\" \/>\n<meta property=\"og:site_name\" content=\"smtp mail server - professional SMTP service provider\" \/>\n<meta property=\"article:modified_time\" content=\"2018-08-29T15:23:11+00:00\" \/>\n<meta name=\"twitter:card\" content=\"summary_large_image\" \/>\n<meta name=\"twitter:label1\" content=\"Ber\u00e4knad l\u00e4stid\" \/>\n\t<meta name=\"twitter:data1\" content=\"1 minut\" \/>\n<script type=\"application\/ld+json\" class=\"yoast-schema-graph\">{\"@context\":\"https:\/\/schema.org\",\"@graph\":[{\"@type\":\"WebSite\",\"@id\":\"https:\/\/serversmtp.com\/de\/#website\",\"url\":\"https:\/\/serversmtp.com\/de\/\",\"name\":\"smtp mail server - professional SMTP service provider\",\"description\":\"smtp mail server - professional SMTP service provider \",\"potentialAction\":[{\"@type\":\"SearchAction\",\"target\":\"https:\/\/serversmtp.com\/de\/?s={search_term_string}\",\"query-input\":\"required name=search_term_string\"}],\"inLanguage\":\"sv-SE\"},{\"@type\":\"WebPage\",\"@id\":\"https:\/\/serversmtp.com\/sv\/mobila-pda-och-iphone-anvandare\/#webpage\",\"url\":\"https:\/\/serversmtp.com\/sv\/mobila-pda-och-iphone-anvandare\/\",\"name\":\"Mobila, PDA- och iPhone-anv\\u00e4ndare - smtp mail server - professional SMTP service provider\",\"isPartOf\":{\"@id\":\"https:\/\/serversmtp.com\/de\/#website\"},\"datePublished\":\"2018-04-26T16:03:47+00:00\",\"dateModified\":\"2018-08-29T15:23:11+00:00\",\"breadcrumb\":{\"@id\":\"https:\/\/serversmtp.com\/sv\/mobila-pda-och-iphone-anvandare\/#breadcrumb\"},\"inLanguage\":\"sv-SE\",\"potentialAction\":[{\"@type\":\"ReadAction\",\"target\":[\"https:\/\/serversmtp.com\/sv\/mobila-pda-och-iphone-anvandare\/\"]}]},{\"@type\":\"BreadcrumbList\",\"@id\":\"https:\/\/serversmtp.com\/sv\/mobila-pda-och-iphone-anvandare\/#breadcrumb\",\"itemListElement\":[{\"@type\":\"ListItem\",\"position\":1,\"item\":{\"@type\":\"WebPage\",\"@id\":\"https:\/\/serversmtp.com\/sv\/\",\"url\":\"https:\/\/serversmtp.com\/sv\/\",\"name\":\"Home\"}},{\"@type\":\"ListItem\",\"position\":2,\"item\":{\"@id\":\"https:\/\/serversmtp.com\/sv\/mobila-pda-och-iphone-anvandare\/#webpage\"}}]}]}<\/script>\n<!-- \/ Yoast SEO plugin. -->","_links":{"self":[{"href":"https:\/\/serversmtp.com\/sv\/wp-json\/wp\/v2\/pages\/3212"}],"collection":[{"href":"https:\/\/serversmtp.com\/sv\/wp-json\/wp\/v2\/pages"}],"about":[{"href":"https:\/\/serversmtp.com\/sv\/wp-json\/wp\/v2\/types\/page"}],"author":[{"embeddable":true,"href":"https:\/\/serversmtp.com\/sv\/wp-json\/wp\/v2\/users\/3"}],"replies":[{"embeddable":true,"href":"https:\/\/serversmtp.com\/sv\/wp-json\/wp\/v2\/comments?post=3212"}],"version-history":[{"count":3,"href":"https:\/\/serversmtp.com\/sv\/wp-json\/wp\/v2\/pages\/3212\/revisions"}],"predecessor-version":[{"id":4903,"href":"https:\/\/serversmtp.com\/sv\/wp-json\/wp\/v2\/pages\/3212\/revisions\/4903"}],"wp:attachment":[{"href":"https:\/\/serversmtp.com\/sv\/wp-json\/wp\/v2\/media?parent=3212"}],"curies":[{"name":"wp","href":"https:\/\/api.w.org\/{rel}","templated":true}]}}