{"id":3208,"date":"2018-04-26T18:00:59","date_gmt":"2018-04-26T16:00:59","guid":{"rendered":"https:\/\/dev.serversmtp.com\/?page_id=3208"},"modified":"2025-10-23T11:03:19","modified_gmt":"2025-10-23T09:03:19","slug":"egenskaper","status":"publish","type":"page","link":"https:\/\/serversmtp.com\/sv\/egenskaper\/","title":{"rendered":"Egenskaper\ufeff"},"content":{"rendered":"<p>turboSMTP \u00e4r perfekt f\u00f6r alla som vill skicka e-post mer effektivt och med b\u00e4ttre resultat.<\/p>\n<ul class=\"featuresBoxes featuresBoxes-ru\">\n<li class=\"doubleli-box\"><a title=\"VERKLIGEN P\u00c5LITLIGA SERVRAR\"><span class=\"features-rev2018-title\">VERKLIGEN P\u00c5LITLIGA SERVRAR<\/span><br \/>\n<span class=\"features-rev2018-description\"><img decoding=\"async\" class=\"wp-image-2509\" src=\"\/wp-content\/uploads\/2018\/04\/server1.png\" alt=\"VERKLIGEN P\u00c5LITLIGA SERVRAR\" width=\"50\" height=\"50\" srcset=\"https:\/\/serversmtp.com\/wp-content\/uploads\/2018\/04\/server1.png 64w, https:\/\/serversmtp.com\/wp-content\/uploads\/2018\/04\/server1-55x55.png 55w\" sizes=\"(max-width: 50px) 100vw, 50px\" \/>V\u00e5ra vitlistade och p\u00e5litliga servrar h\u00f6jer dina levereringsprocenter genom att undvika att bli svartlistade och att minska m\u00e4ngden filtrerade e-poster.<\/span><br \/>\n \t<\/a><\/li>\n<li class=\"half-leftli-box\"><a title=\"F\u00d6RH\u00c5LLANDEN MED INTERNETLEVERANT\u00d6RER\"><span class=\"features-rev2018-title\">F\u00d6RH\u00c5LLANDEN MED INTERNETLEVERANT\u00d6RER<\/span><br \/>\n<span class=\"features-rev2018-description\"><img decoding=\"async\" class=\"wp-image-1713\" src=\"\/wp-content\/uploads\/2018\/03\/reliable-servers-ISP-relationships.png\" alt=\"F\u00d6RH\u00c5LLANDEN MED INTERNETLEVERANT\u00d6RER\" width=\"50\" height=\"50\" \/>Vi uppr\u00e4tth\u00e5ller kommunikation med viktiga Internetleverant\u00f6rer och anv\u00e4nder \u00e5terkopplingar f\u00f6r att maximera leverans av e-poster.<\/span><br \/>\n<\/a><\/li>\n<li class=\"half-rightli-box\"><a title=\"ENKEL OCH SNABB INSTALLATION\"><span class=\"features-rev2018-title\">ENKEL OCH SNABB INSTALLATION<\/span><br \/>\n<span class=\"features-rev2018-description\"><img decoding=\"async\" class=\"wp-image-1716\" src=\"\/wp-content\/uploads\/2018\/03\/step-by-step-tutorials.png\" alt=\"ENKEL OCH SNABB INSTALLATION\" width=\"50\" height=\"50\" \/>Ingen mjukvara att installera. Autentisera helt enkelt din e-postklient genom att logga in p\u00e5 \u2018turbo-smtp.com\u2019 och anv\u00e4nd dina API Keys (Consumer Key och Consumer Secret) i dina SMTP-inst\u00e4llningar. Konfigurera en g\u00e5ng och du \u00e4r f\u00e4rdig!<\/span><br \/>\n<\/a><\/li>\n<li class=\"half-leftli-box\"><a title=\"FLEXIBLA TJ\u00c4NSTEPLANER\" ><span class=\"features-rev2018-title\">FLEXIBLA TJ\u00c4NSTEPLANER<\/span><br \/>\n<span class=\"features-rev2018-description\"><img decoding=\"async\" class=\"wp-image-1695\" src=\"\/wp-content\/uploads\/2018\/03\/flexible-service-plans.png\" alt=\"FLEXIBLA TJ\u00c4NSTEPLANER\" width=\"50\" height=\"50\" \/>V\u00e5ra planer \u00e4r skapade att m\u00f6ta behoven hos v\u00e5ra m\u00e5ngfaldiga kunder inklusive mobila anv\u00e4ndare, hem och sm\u00e5 f\u00f6retag, distribuerare av e-postlistor och postserveradministrat\u00f6rer.<\/span><br \/>\n<\/a><\/li>\n<li class=\"half-rightli-box\"><a title=\"KOMPATIBEL MED VILKEN SOM HELST INTERNETANSLUTNING\" ><span class=\"features-rev2018-title\">KOMPATIBEL MED VILKEN SOM HELST INTERNETANSLUTNING<\/span><br \/>\n<span class=\"features-rev2018-description\"><img decoding=\"async\" class=\"alignnone size-full wp-image-2502\" src=\"\/wp-content\/uploads\/2018\/04\/network.png\" alt=\"KOMPATIBEL MED VILKEN SOM HELST INTERNETANSLUTNING\" width=\"50\" height=\"50\" srcset=\"https:\/\/serversmtp.com\/wp-content\/uploads\/2018\/04\/network.png 64w, https:\/\/serversmtp.com\/wp-content\/uploads\/2018\/04\/network-55x55.png 55w\" sizes=\"(max-width: 50px) 100vw, 50px\" \/>turboSMTP fungerar med alla Internet-leverant\u00f6rer i v\u00e4rlden, inklusive alla stora bredbandsn\u00e4tverk och offentliga WiFi-hotspots.<\/span><br \/>\n<\/a><\/li>\n<li class=\"half-leftli-box\"><a title=\"KOMPATIBEL MED ALLA STORA E-POSTKLIENTER\" href=\"\/en\/compatible-with-all-major-clients\"><span class=\"features-rev2018-title\">KOMPATIBEL MED ALLA STORA E-POSTKLIENTER<\/span><br \/>\n<span class=\"features-rev2018-description\"><img decoding=\"async\" class=\"wp-image-1692\" src=\"\/wp-content\/uploads\/2018\/03\/compatible-with-all-major-clients.png\" alt=\"KOMPATIBEL MED ALLA STORA E-POSTKLIENTER\" width=\"50\" height=\"50\" \/>Alla stora e-postklienter \u00e4r kompatible med turboSMTP-tj\u00e4nsten, inklusive alla versioner av Microsoft Outlook, Microsoft Vista Mail, Microsoft Outlook Express, Mozilla Thunderbird, Opera Mail,Netscape Mail, Apple iPhone, och m\u00e5nga fler.<\/span><br \/>\n<\/a><\/li>\n<li class=\"half-rightli-box\"><a title=\"SP\u00c5RNING AV E-POST OCH RAPPORTERING\" href=\"\/en\/compatible-with-all-major-clients\"><span class=\"features-rev2018-title\">SP\u00c5RNING AV E-POST OCH RAPPORTERING<\/span><br \/>\n<span class=\"features-rev2018-description\"><img decoding=\"async\" class=\"alignnone size-full wp-image-2486\" src=\"\/wp-content\/uploads\/2018\/04\/ethereal.png\" alt=\"SP\u00c5RNING AV E-POST OCH RAPPORTERING\" width=\"50\" height=\"50\" srcset=\"https:\/\/serversmtp.com\/wp-content\/uploads\/2018\/04\/ethereal.png 64w, https:\/\/serversmtp.com\/wp-content\/uploads\/2018\/04\/ethereal-55x55.png 55w\" sizes=\"(max-width: 50px) 100vw, 50px\" \/>Sp\u00e5ra alla dina utg\u00e5ende meddelanden med detaljerade statistiker och grafer i din kontohanterings-avdelning och ladda ner leveransrapporter i kommaseparerat filformat (csv) f\u00f6r djupare analys.<\/span><br \/>\n<\/a><\/li>\n<li class=\"half-leftli-box\"><a title=\"HANTERING AV F\u00d6RKASTADE E-POSTER\" href=\"\/en\/compatible-with-all-major-clients\"><span class=\"features-rev2018-title\">HANTERING AV F\u00d6RKASTADE E-POSTER<\/span><br \/>\n<span class=\"features-rev2018-description\"><img decoding=\"async\" class=\"wp-image-2493\" src=\"\/wp-content\/uploads\/2018\/04\/mail_message2.png\" alt=\"HANTERING AV F\u00d6RKASTADE E-POSTER\" width=\"50\" height=\"50\" srcset=\"https:\/\/serversmtp.com\/wp-content\/uploads\/2018\/04\/mail_message2.png 64w, https:\/\/serversmtp.com\/wp-content\/uploads\/2018\/04\/mail_message2-55x55.png 55w\" sizes=\"(max-width: 50px) 100vw, 50px\" \/>Granska individuella f\u00f6rkastade e-poster f\u00f6r att ta reda p\u00e5 varf\u00f6r de returnerades fr\u00e5n den \u00e4mnade mottagaren.<\/span><br \/>\n<\/a><\/li>\n<li class=\"half-rightli-box\"><a title=\"STEG-f\u00f6r-STEG INSTRUKTIONER\" href=\"\/en\/compatible-with-all-major-clients\"><span class=\"features-rev2018-title\">STEG-f\u00f6r-STEG INSTRUKTIONER<\/span><br \/>\n<span class=\"features-rev2018-description\"><img decoding=\"async\" class=\"wp-image-2505\" src=\"\/wp-content\/uploads\/2018\/04\/package_education.png\" alt=\"STEG-f\u00f6r-STEG INSTRUKTIONER\" width=\"50\" height=\"50\" srcset=\"https:\/\/serversmtp.com\/wp-content\/uploads\/2018\/04\/package_education.png 64w, https:\/\/serversmtp.com\/wp-content\/uploads\/2018\/04\/package_education-55x55.png 55w\" sizes=\"(max-width: 50px) 100vw, 50px\" \/>Vi har skapat detaljerade instruktioner som hj\u00e4lper dig konfigurera de mest popul\u00e4ra e-post-klienterna f\u00f6r att fungera med ditt turboSMTP konto.<\/span><br \/>\n<\/a><\/li>\n<li class=\"half-leftli-box\"><a title=\"SAKKUNNIG KUNDTJ\u00c4NST\" href=\"\/en\/multilanguage-customer-support\"><span class=\"features-rev2018-title\">SAKKUNNIG KUNDTJ\u00c4NST<\/span><br \/>\n<span class=\"features-rev2018-description\"><img decoding=\"async\" class=\"wp-image-1704\" src=\"\/wp-content\/uploads\/2018\/03\/multilanguage-customer-support.png\" alt=\"SAKKUNNIG KUNDTJ\u00c4NST\" width=\"50\" height=\"50\" \/>Ett dedikerat team proffs \u00e4r redo att hj\u00e4lpa dig med vilka som helst tekniska problem och allm\u00e4nna fr\u00e5gor via e-post: 24 timmar om dagen, 7 dagar i veckan, 365 dagar i \u00e5ret.<\/span><br \/>\n<\/a><\/li>\n<li class=\"half-rightli-box\"><a title=\"100% PENGARNA TILLBAKA GARANTI\" href=\"\/en\/money-back-guarantee\"><span class=\"features-rev2018-title\">100% PENGARNA TILLBAKA GARANTI<\/span><br \/>\n<span class=\"features-rev2018-description\"><img decoding=\"async\" class=\"wp-image-1701\" src=\"\/wp-content\/uploads\/2018\/03\/money-back-guarantee.png\" alt=\"100% PENGARNA TILLBAKA GARANTI\" width=\"50\" height=\"50\" \/>turboSMTP tj\u00e4nster har en 15 dagars n\u00f6jdhetsgaranti f\u00f6r alla nya turboSMTP kunder. En full \u00e5terbetalning beviljas \u00e5t alla nya turboSMTP konton som avbest\u00e4lls inom de f\u00f6rsta 15 dagarna eller f\u00f6re anv\u00e4ndaren har s\u00e4nt 100 meddelanden (den tidigare av de tv\u00e5).<\/span><\/a><\/li>\n<\/ul>\n","protected":false},"excerpt":{"rendered":"<p>turboSMTP \u00e4r perfekt f\u00f6r alla som vill skicka e-post mer effektivt och med b\u00e4ttre resultat. VERKLIGEN P\u00c5LITLIGA SERVRAR V\u00e5ra vitlistade och p\u00e5litliga servrar h\u00f6jer dina levereringsprocenter genom att undvika att bli svartlistade och att minska m\u00e4ngden filtrerade e-poster. F\u00d6RH\u00c5LLANDEN MED INTERNETLEVERANT\u00d6RER Vi uppr\u00e4tth\u00e5ller kommunikation med viktiga Internetleverant\u00f6rer och anv\u00e4nder \u00e5terkopplingar f\u00f6r att maximera leverans av &#8230; <\/p>\n<p class=\"read-more-container\"><a title=\"Egenskaper\ufeff\" class=\"read-more button\" href=\"https:\/\/serversmtp.com\/sv\/egenskaper\/#more-3208\" aria-label=\"L\u00e4s mer om Egenskaper\ufeff\">Discover more<\/a><\/p>\n","protected":false},"author":3,"featured_media":0,"parent":0,"menu_order":0,"comment_status":"closed","ping_status":"closed","template":"","meta":{"_eb_attr":"","inline_featured_image":false,"_monsterinsights_skip_tracking":false,"_monsterinsights_sitenote_active":false,"_monsterinsights_sitenote_note":"","_monsterinsights_sitenote_category":0,"footnotes":""},"class_list":["post-3208","page","type-page","status-publish"],"yoast_head":"<!-- This site is optimized with the Yoast SEO plugin v25.3.1 - https:\/\/yoast.com\/wordpress\/plugins\/seo\/ -->\n<title>Egenskaper\ufeff - smtp mail server - professional SMTP service provider<\/title>\n<meta name=\"robots\" content=\"index, follow, max-snippet:-1, max-image-preview:large, max-video-preview:-1\" \/>\n<link rel=\"canonical\" href=\"https:\/\/serversmtp.com\/sv\/egenskaper\/\" \/>\n<meta name=\"twitter:label1\" content=\"Ber\u00e4knad l\u00e4stid\" \/>\n\t<meta name=\"twitter:data1\" content=\"4 minuter\" \/>\n<!-- \/ Yoast SEO plugin. -->","yoast_head_json":{"title":"Egenskaper\ufeff - smtp mail server - professional SMTP service provider","robots":{"index":"index","follow":"follow","max-snippet":"max-snippet:-1","max-image-preview":"max-image-preview:large","max-video-preview":"max-video-preview:-1"},"canonical":"https:\/\/serversmtp.com\/sv\/egenskaper\/","twitter_misc":{"Ber\u00e4knad l\u00e4stid":"4 minuter"},"schema":{"@context":"https:\/\/schema.org","@graph":[{"@type":"WebPage","@id":"https:\/\/serversmtp.com\/sv\/egenskaper\/","url":"https:\/\/serversmtp.com\/sv\/egenskaper\/","name":"Egenskaper\ufeff - smtp mail server - professional SMTP service provider","isPartOf":{"@id":"https:\/\/serversmtp.com\/it\/#website"},"datePublished":"2018-04-26T16:00:59+00:00","dateModified":"2025-10-23T09:03:19+00:00","breadcrumb":{"@id":"https:\/\/serversmtp.com\/sv\/egenskaper\/#breadcrumb"},"inLanguage":"sv-SE","potentialAction":[{"@type":"ReadAction","target":["https:\/\/serversmtp.com\/sv\/egenskaper\/"]}]},{"@type":"BreadcrumbList","@id":"https:\/\/serversmtp.com\/sv\/egenskaper\/#breadcrumb","itemListElement":[{"@type":"ListItem","position":1,"name":"Home","item":"https:\/\/serversmtp.com\/sv\/"},{"@type":"ListItem","position":2,"name":"Egenskaper\ufeff"}]},{"@type":"WebSite","@id":"https:\/\/serversmtp.com\/it\/#website","url":"https:\/\/serversmtp.com\/it\/","name":"smtp mail server - professional SMTP service provider","description":"smtp mail server - professional SMTP service provider","publisher":{"@id":"https:\/\/serversmtp.com\/it\/#organization"},"potentialAction":[{"@type":"SearchAction","target":{"@type":"EntryPoint","urlTemplate":"https:\/\/serversmtp.com\/it\/?s={search_term_string}"},"query-input":{"@type":"PropertyValueSpecification","valueRequired":true,"valueName":"search_term_string"}}],"inLanguage":"sv-SE"},{"@type":"Organization","@id":"https:\/\/serversmtp.com\/it\/#organization","name":"Delivery Tech","url":"https:\/\/serversmtp.com\/it\/","logo":{"@type":"ImageObject","inLanguage":"sv-SE","@id":"https:\/\/serversmtp.com\/it\/#\/schema\/logo\/image\/","url":"https:\/\/serversmtp.com\/wp-content\/uploads\/2021\/11\/og-image-2.jpg","contentUrl":"https:\/\/serversmtp.com\/wp-content\/uploads\/2021\/11\/og-image-2.jpg","width":1200,"height":1128,"caption":"Delivery Tech"},"image":{"@id":"https:\/\/serversmtp.com\/it\/#\/schema\/logo\/image\/"}}]}},"_links":{"self":[{"href":"https:\/\/serversmtp.com\/sv\/wp-json\/wp\/v2\/pages\/3208"}],"collection":[{"href":"https:\/\/serversmtp.com\/sv\/wp-json\/wp\/v2\/pages"}],"about":[{"href":"https:\/\/serversmtp.com\/sv\/wp-json\/wp\/v2\/types\/page"}],"author":[{"embeddable":true,"href":"https:\/\/serversmtp.com\/sv\/wp-json\/wp\/v2\/users\/3"}],"replies":[{"embeddable":true,"href":"https:\/\/serversmtp.com\/sv\/wp-json\/wp\/v2\/comments?post=3208"}],"version-history":[{"count":7,"href":"https:\/\/serversmtp.com\/sv\/wp-json\/wp\/v2\/pages\/3208\/revisions"}],"predecessor-version":[{"id":22683,"href":"https:\/\/serversmtp.com\/sv\/wp-json\/wp\/v2\/pages\/3208\/revisions\/22683"}],"wp:attachment":[{"href":"https:\/\/serversmtp.com\/sv\/wp-json\/wp\/v2\/media?parent=3208"}],"curies":[{"name":"wp","href":"https:\/\/api.w.org\/{rel}","templated":true}]}}