{"id":3206,"date":"2018-04-26T17:59:07","date_gmt":"2018-04-26T15:59:07","guid":{"rendered":"https:\/\/dev.serversmtp.com\/?page_id=3206"},"modified":"2018-04-26T17:59:07","modified_gmt":"2018-04-26T15:59:07","slug":"varfor-turbosmtp","status":"publish","type":"page","link":"https:\/\/serversmtp.com\/sv\/varfor-turbosmtp\/","title":{"rendered":"Varf\u00f6r turboSMTP"},"content":{"rendered":"<p>Det finns <strong>viktiga orsaker<\/strong> att anv\u00e4nda en professionell SMTP server: tidigare (f\u00f6re skr\u00e4ppost\u00e5ldern) var skickandet av e-post inte problematiskt, medan det nuf\u00f6rtiden \u00e4r ytterst viktigt att f\u00f6lja alla <strong>reglement f\u00f6r e-postservrar<\/strong> f\u00f6r att undvika att meddelanden hamnar i<strong> skr\u00e4ppostmappar<\/strong> eller helt enkelt<strong> raderas av andra e-postservrar.<\/strong>\ufeff<\/p>\n<p>Olika e-postservrar behandlar e-post p\u00e5 olika s\u00e4tt beroende p\u00e5 <strong>SMTP-serverns ryktbarhet<\/strong>, <strong>svartlistor<\/strong> och<strong> vitlistor<\/strong>.\ufeff<\/p>\n<p>SMTP servrar som erbjuds av <strong>vanliga Internetleverant\u00f6rer<\/strong> (Internet turbo Provider \u2013 DSL internet connection) \u00e4r <strong>inte alltid p\u00e5litliga<\/strong>: de anv\u00e4nder slumpm\u00e4ssiga IP-adresser och ibland \u00e4r en eller flera leverant\u00f6rer svartlistade, vilket kan orsaka <strong>problem i skickandet av e-post<\/strong>.\ufeff<\/p>\n<p>Det<strong> v\u00e4rsta<\/strong> \u00e4r att du <strong>kanske inte \u00e4r medveten<\/strong> om problemet: du skickar ut e-post och f\u00e5r inte veta om de kommer fram eller inte.\ufeff<\/p>\n<p>Om <strong>du dessutom reser<\/strong> och anv\u00e4nder olika internetanslutningar s\u00e5som WiFi, UMTS\/EDGE och dylikt, m\u00e5ste du <strong>\u00e4ndra dina smtp inst\u00e4lnningar varje g\u00e5ng<\/strong>.\ufeff<\/p>\n<h3>&#8230;\u00e4n sen d\u00e5?\ufeff<\/h3>\n<p>Vi erbjuder en <strong>p\u00e5litlig<\/strong> och <strong>kostnadseffektiv SMTP-tj\u00e4nst<\/strong>. Vi bevakar konstant svartlistor och koncentrerar oss p\u00e5 att uppr\u00e4tth\u00e5lla goda f\u00f6rh\u00e5llanden till stora e-postleverant\u00f6rer f\u00f6r att h\u00e5lla v\u00e5r tj\u00e4nst vitlistad. Detta betyder att <strong>alla e-postservrar k\u00e4nner igen dina meddelanden som s\u00e4kra<\/strong> och alla <strong>dina meddelande levereras<\/strong>.\ufeff<\/p>\n<h3>Vad \u00e4r de verkliga skillnaderna mellan en vanlig SMTP-server och turboSMTP?\ufeff<\/h3>\n<ol class=\"boxes\">\n<li>\n<h2>F\u00f6rb\u00e4ttra leveransen av e-poster, f\u00f6rminska e-postfiltreringen\ufeff<\/h2>\n<p>Vi str\u00e4var aktivt efter att f\u00e5 v\u00e5ra servrar vitlistade av viktiga e-postleverant\u00f6rer och f\u00f6ljer strikt e-postskickarnas b\u00e4sta praxis och riktlinjer.\ufeff<\/p>\n<\/li>\n<li>\n<h2>Skicka e-post varifr\u00e5n som helst, n\u00e4r som helst\ufeff<\/h2>\n<p>Du <strong>beh\u00f6ver redigera dina SMTP-inst\u00e4llningar endast en g\u00e5ng<\/strong>, i din e-postklient eller postningsprogram, och du <strong>beh\u00f6ver aldrig \u00e4ndra p\u00e5<\/strong> dem igen.\ufeff<br \/> N\u00e4r du \u00e4n \u00e4r ansluten till Internet, fr\u00e5n din <strong>laptop, iPhone<\/strong> eller<strong> dator<\/strong>, \u00e4r du redo att skicka e-post, <strong>oberoende av din Internetanslutning eller ditt tillf\u00e4lleliga l\u00e4ge<\/strong>.\ufeff<\/p>\n<\/li>\n<li>\n<h2>Kringg\u00e5 Internetleverant\u00f6rers begr\u00e4nsningar\ufeff<\/h2>\n<p><strong>Kringg\u00e5<\/strong> alla <strong>anv\u00e4ndningsbegr\u00e4nsnigar<\/strong> som Internetleverant\u00f6rer st\u00e4ller p\u00e5 sina utg\u00e5ende e-post-tj\u00e4nster. Internetleverant\u00f6rer \u00e4r nuf\u00f6rtiden tvungna att anv\u00e4nda kraftiga anti-skr\u00e4ppostfilter f\u00f6r att f\u00f6rhindra skickandet av skr\u00e4ppost, vilket kan leda till att de v\u00e4grar skicka dina meddelanden eller blockera dem, oberoende om avs\u00e4ndaren \u00e4r legitim eller inte.Genom att<strong> v\u00e4lja turboSMTP<\/strong> f\u00e5r du njuta av<strong> en h\u00f6gre leveransprocent<\/strong> och f\u00f6rb\u00e4ttra <strong>m\u00e4ngden post som n\u00e5r mottagarnas inkorg<\/strong>.\ufeff<\/p>\n<\/li>\n<li>\n<h2>Njut av supersnabb leverans\ufeff<\/h2>\n<p>Vanliga SMTP-servrar blir ofta \u00f6verbelastade, vilket ofta orsakar f\u00f6rdr\u00f6jningar eoch\/eller fel i e-postleverans. V\u00e5r toppmoderna teknologi l\u00e5ter oss leverera din e-post snabbt och p\u00e5litligt, vilket garanterar samma niv\u00e5 av professionell tj\u00e4nst, alltid.\ufeff<\/p>\n<\/li>\n<li>\n<h2>H\u00e5ll koll p\u00e5 din e-post\ufeff<\/h2>\n<p>Granska realtids-grafer och leveransstatistik tillg\u00e4ngligt i din kontohanterings-avdelning. V\u00e5rt system cisar dig vilka meddelanden som levererats och l\u00e5ter dig veta varf\u00f6r n\u00e5got visst meddelande inte n\u00e5tt sitt m\u00e5l.\ufeff<\/p>\n<\/li>\n<\/ol>\n<h3>Fr\u00e5gan \u00e4r&#8230;<\/h3>\n<p><strong>Hur betraktar e-postservrar din smtp-server? P\u00e5litlig eller inte? <\/strong><\/p>\n<p>Om din server inte anses vara p\u00e5litlig kommer s\u00e5 gott som alla <strong>standare-postservrar att f\u00f6rdr\u00f6ja dina meddelanden <\/strong>och ib\u00e4sta fall skickas de till en gr\u00e5lista eller till skr\u00e4ppostmappen, i v\u00e4rsta fall <strong>f\u00f6rkastas de.<\/strong><\/p>\n<p>Nuf\u00f6rtiden anv\u00e4nder e-postservrar s\u00e5som Hotmail, Gmail, Comcast och m\u00e5nga andra (det \u00e4ndras varje dag) <strong>strikta regler<\/strong> p\u00e5 grund av anv\u00e4ndarnas skr\u00e4ppostbeteende, vilket \u00e4r orsaken att m\u00e5nga vanliga meddelanden hamnar i skr\u00e4ppostmappar.&nbsp;<\/p>\n<p><strong>Om du v\u00e4rderar din e-poster <\/strong>rekommenderar vi starkt att du <strong>anv\u00e4nder<\/strong> <strong>turboSMTP <\/strong>f\u00f6r att k\u00e4nnas igen som <strong>p\u00e5litlig<\/strong> av e-postservrar och <strong>\u00f6ka<\/strong> leveranskvoten av dina e-poster.<\/p>\n<p>&nbsp;<\/p>\n<p style=\"font-size: 10px;\"><em>Notera att turboSMTP \u00e4r en utg\u00e5ende e-posttj\u00e4nst \u00e4mnad att hj\u00e4lpa legitima e-postskickare, inte skr\u00e4ppostare. Kunder som bryter mot v\u00e5r&nbsp; <a class=\"fancyLink\" href=\"knowledgebase.php?action=displayarticle&amp;id=15\" target=\"_blank\">Anti-skr\u00e4ppost Policy<\/a> kommer att f\u00e5 sina konton inaktiverade eller avslutade.<\/em><\/p>\n","protected":false},"excerpt":{"rendered":"<p>Det finns viktiga orsaker att anv\u00e4nda en professionell SMTP server: tidigare (f\u00f6re skr\u00e4ppost\u00e5ldern) var skickandet av e-post inte problematiskt, medan det nuf\u00f6rtiden \u00e4r ytterst viktigt att f\u00f6lja alla reglement f\u00f6r e-postservrar f\u00f6r att undvika att meddelanden hamnar i skr\u00e4ppostmappar eller helt enkelt raderas av andra e-postservrar.\ufeff Olika e-postservrar behandlar e-post p\u00e5 olika s\u00e4tt beroende p\u00e5 &#8230; <\/p>\n<p class=\"read-more-container\"><a title=\"Varf\u00f6r turboSMTP\" class=\"read-more button\" href=\"https:\/\/serversmtp.com\/sv\/varfor-turbosmtp\/#more-3206\" aria-label=\"L\u00e4s mer om Varf\u00f6r turboSMTP\">Discover more<\/a><\/p>\n","protected":false},"author":3,"featured_media":0,"parent":0,"menu_order":0,"comment_status":"closed","ping_status":"closed","template":"g1_template_page_sidebar_right.php","meta":{"_eb_attr":"","inline_featured_image":false,"_monsterinsights_skip_tracking":false,"_monsterinsights_sitenote_active":false,"_monsterinsights_sitenote_note":"","_monsterinsights_sitenote_category":0,"footnotes":""},"class_list":["post-3206","page","type-page","status-publish"],"yoast_head":"<!-- This site is optimized with the Yoast SEO plugin v25.3.1 - https:\/\/yoast.com\/wordpress\/plugins\/seo\/ -->\n<title>Varf\u00f6r turboSMTP - smtp mail server - professional SMTP service provider<\/title>\n<meta name=\"robots\" content=\"index, follow, max-snippet:-1, max-image-preview:large, max-video-preview:-1\" \/>\n<link rel=\"canonical\" href=\"https:\/\/serversmtp.com\/sv\/varfor-turbosmtp\/\" \/>\n<meta name=\"twitter:label1\" content=\"Ber\u00e4knad l\u00e4stid\" \/>\n\t<meta name=\"twitter:data1\" content=\"3 minuter\" \/>\n<!-- \/ Yoast SEO plugin. -->","yoast_head_json":{"title":"Varf\u00f6r turboSMTP - smtp mail server - professional SMTP service provider","robots":{"index":"index","follow":"follow","max-snippet":"max-snippet:-1","max-image-preview":"max-image-preview:large","max-video-preview":"max-video-preview:-1"},"canonical":"https:\/\/serversmtp.com\/sv\/varfor-turbosmtp\/","twitter_misc":{"Ber\u00e4knad l\u00e4stid":"3 minuter"},"schema":{"@context":"https:\/\/schema.org","@graph":[{"@type":"WebPage","@id":"https:\/\/serversmtp.com\/sv\/varfor-turbosmtp\/","url":"https:\/\/serversmtp.com\/sv\/varfor-turbosmtp\/","name":"Varf\u00f6r turboSMTP - smtp mail server - professional SMTP service provider","isPartOf":{"@id":"https:\/\/serversmtp.com\/de\/#website"},"datePublished":"2018-04-26T15:59:07+00:00","breadcrumb":{"@id":"https:\/\/serversmtp.com\/sv\/varfor-turbosmtp\/#breadcrumb"},"inLanguage":"sv-SE","potentialAction":[{"@type":"ReadAction","target":["https:\/\/serversmtp.com\/sv\/varfor-turbosmtp\/"]}]},{"@type":"BreadcrumbList","@id":"https:\/\/serversmtp.com\/sv\/varfor-turbosmtp\/#breadcrumb","itemListElement":[{"@type":"ListItem","position":1,"name":"Home","item":"https:\/\/serversmtp.com\/sv\/"},{"@type":"ListItem","position":2,"name":"Varf\u00f6r turboSMTP"}]},{"@type":"WebSite","@id":"https:\/\/serversmtp.com\/de\/#website","url":"https:\/\/serversmtp.com\/de\/","name":"smtp mail server - professional SMTP service provider","description":"smtp mail server - professional SMTP service provider","publisher":{"@id":"https:\/\/serversmtp.com\/de\/#organization"},"potentialAction":[{"@type":"SearchAction","target":{"@type":"EntryPoint","urlTemplate":"https:\/\/serversmtp.com\/de\/?s={search_term_string}"},"query-input":{"@type":"PropertyValueSpecification","valueRequired":true,"valueName":"search_term_string"}}],"inLanguage":"sv-SE"},{"@type":"Organization","@id":"https:\/\/serversmtp.com\/de\/#organization","name":"Delivery Tech","url":"https:\/\/serversmtp.com\/de\/","logo":{"@type":"ImageObject","inLanguage":"sv-SE","@id":"https:\/\/serversmtp.com\/de\/#\/schema\/logo\/image\/","url":"https:\/\/serversmtp.com\/wp-content\/uploads\/2021\/11\/og-image-2.jpg","contentUrl":"https:\/\/serversmtp.com\/wp-content\/uploads\/2021\/11\/og-image-2.jpg","width":1200,"height":1128,"caption":"Delivery Tech"},"image":{"@id":"https:\/\/serversmtp.com\/de\/#\/schema\/logo\/image\/"}}]}},"_links":{"self":[{"href":"https:\/\/serversmtp.com\/sv\/wp-json\/wp\/v2\/pages\/3206"}],"collection":[{"href":"https:\/\/serversmtp.com\/sv\/wp-json\/wp\/v2\/pages"}],"about":[{"href":"https:\/\/serversmtp.com\/sv\/wp-json\/wp\/v2\/types\/page"}],"author":[{"embeddable":true,"href":"https:\/\/serversmtp.com\/sv\/wp-json\/wp\/v2\/users\/3"}],"replies":[{"embeddable":true,"href":"https:\/\/serversmtp.com\/sv\/wp-json\/wp\/v2\/comments?post=3206"}],"version-history":[{"count":1,"href":"https:\/\/serversmtp.com\/sv\/wp-json\/wp\/v2\/pages\/3206\/revisions"}],"predecessor-version":[{"id":3207,"href":"https:\/\/serversmtp.com\/sv\/wp-json\/wp\/v2\/pages\/3206\/revisions\/3207"}],"wp:attachment":[{"href":"https:\/\/serversmtp.com\/sv\/wp-json\/wp\/v2\/media?parent=3206"}],"curies":[{"name":"wp","href":"https:\/\/api.w.org\/{rel}","templated":true}]}}