{"id":4945,"date":"2018-08-30T10:57:32","date_gmt":"2018-08-30T08:57:32","guid":{"rendered":"https:\/\/serversmtp.com\/?page_id=4945"},"modified":"2022-02-10T16:11:20","modified_gmt":"2022-02-10T15:11:20","slug":"smtp-configurar","status":"publish","type":"page","link":"https:\/\/serversmtp.com\/pt-pt\/smtp-configurar\/","title":{"rendered":"Configurar SMTP\ufeff"},"content":{"rendered":"<p>Como configurar o servidor SMTP para o cliente de e-mail e resolver os problemas comuns.<\/p>\n<div class=\"lpCategoryList\">\n<h2><a title=\"Como configurar um servidor SMTP\" href=\"\/pt-pt\/configurar-um-servidor-smtp\">C\u00f3mo configurar um servidor SMTP<\/a><\/h2>\n<p>Para definir um cliente de e-mail \u00e9 necess\u00e1rio configurar um servidor SMTP que tratar\u00e1 da entrega dos seus e-mails.<\/p>\n<h2><a title=\"Porta SMTP\" href=\"\/pt-pt\/porta-de-saida-smtp\">Porta SMTP<\/a><\/h2>\n<p>Que porta deve escolher para o seu servidor SMTP quando est\u00e1 a gerir um cliente de email?<\/p>\n<h2><a title=\"SMTP para Windows\" href=\"\/pt-pt\/servidor-smtp-windows\">Servidor SMTP para Windows<\/a><\/h2>\n<p>Visto que as novas vers\u00f5es do sistema operativo \u2013 desde o Windows 7 \u2013 n\u00e3o v\u00eam com um servi\u00e7o SMTP interno, \u00e9 necess\u00e1rio confiar num externo profissional para o envio de e-mails do seu website.<\/p>\n<h2><a title=\"Defini\u00e7\u00f5es SMTP para Outlook\" href=\"\/pt-pt\/outlook-smtp-definicoes\">Defini\u00e7\u00f5es SMTP para Outlook<\/a><\/h2>\n<p>Para definir um servidor SMTP para Outlook e come\u00e7ar a enviar e-mails \u00e9 necess\u00e1rio seguir alguns passos simples.<\/p>\n<\/div>\n","protected":false},"excerpt":{"rendered":"<p>Como configurar o servidor SMTP para o cliente de e-mail e resolver os problemas comuns. C\u00f3mo configurar um servidor SMTP Para definir um cliente de e-mail \u00e9 necess\u00e1rio configurar um servidor SMTP que tratar\u00e1 da entrega dos seus e-mails. Porta SMTP Que porta deve escolher para o seu servidor SMTP quando est\u00e1 a gerir um &#8230; <\/p>\n<p class=\"read-more-container\"><a title=\"Configurar SMTP\ufeff\" class=\"read-more button\" href=\"https:\/\/serversmtp.com\/pt-pt\/smtp-configurar\/#more-4945\" aria-label=\"Leia mais sobre Configurar SMTP\ufeff\">Discover more<\/a><\/p>\n","protected":false},"author":1,"featured_media":0,"parent":0,"menu_order":0,"comment_status":"closed","ping_status":"closed","template":"","meta":{"_eb_attr":"","inline_featured_image":false,"_monsterinsights_skip_tracking":false,"_monsterinsights_sitenote_active":false,"_monsterinsights_sitenote_note":"","_monsterinsights_sitenote_category":0,"footnotes":""},"class_list":["post-4945","page","type-page","status-publish"],"yoast_head":"<!-- This site is optimized with the Yoast SEO plugin v25.3.1 - https:\/\/yoast.com\/wordpress\/plugins\/seo\/ -->\n<title>Configurar SMTP\ufeff - smtp mail server - professional SMTP service provider<\/title>\n<meta name=\"robots\" content=\"index, follow, max-snippet:-1, max-image-preview:large, max-video-preview:-1\" \/>\n<link rel=\"canonical\" href=\"https:\/\/serversmtp.com\/pt-pt\/smtp-configurar\/\" \/>\n<meta name=\"twitter:label1\" content=\"Tempo estimado de leitura\" \/>\n\t<meta name=\"twitter:data1\" content=\"1 minuto\" \/>\n<!-- \/ Yoast SEO plugin. -->","yoast_head_json":{"title":"Configurar SMTP\ufeff - smtp mail server - professional SMTP service provider","robots":{"index":"index","follow":"follow","max-snippet":"max-snippet:-1","max-image-preview":"max-image-preview:large","max-video-preview":"max-video-preview:-1"},"canonical":"https:\/\/serversmtp.com\/pt-pt\/smtp-configurar\/","twitter_misc":{"Tempo estimado de leitura":"1 minuto"},"schema":{"@context":"https:\/\/schema.org","@graph":[{"@type":"WebPage","@id":"https:\/\/serversmtp.com\/pt-pt\/smtp-configurar\/","url":"https:\/\/serversmtp.com\/pt-pt\/smtp-configurar\/","name":"Configurar SMTP\ufeff - smtp mail server - professional SMTP service provider","isPartOf":{"@id":"https:\/\/serversmtp.com\/de\/#website"},"datePublished":"2018-08-30T08:57:32+00:00","dateModified":"2022-02-10T15:11:20+00:00","breadcrumb":{"@id":"https:\/\/serversmtp.com\/pt-pt\/smtp-configurar\/#breadcrumb"},"inLanguage":"pt-PT","potentialAction":[{"@type":"ReadAction","target":["https:\/\/serversmtp.com\/pt-pt\/smtp-configurar\/"]}]},{"@type":"BreadcrumbList","@id":"https:\/\/serversmtp.com\/pt-pt\/smtp-configurar\/#breadcrumb","itemListElement":[{"@type":"ListItem","position":1,"name":"Home","item":"https:\/\/serversmtp.com\/pt-pt\/"},{"@type":"ListItem","position":2,"name":"Configurar SMTP\ufeff"}]},{"@type":"WebSite","@id":"https:\/\/serversmtp.com\/de\/#website","url":"https:\/\/serversmtp.com\/de\/","name":"smtp mail server - professional SMTP service provider","description":"smtp mail server - professional SMTP service provider","publisher":{"@id":"https:\/\/serversmtp.com\/de\/#organization"},"potentialAction":[{"@type":"SearchAction","target":{"@type":"EntryPoint","urlTemplate":"https:\/\/serversmtp.com\/de\/?s={search_term_string}"},"query-input":{"@type":"PropertyValueSpecification","valueRequired":true,"valueName":"search_term_string"}}],"inLanguage":"pt-PT"},{"@type":"Organization","@id":"https:\/\/serversmtp.com\/de\/#organization","name":"Delivery Tech","url":"https:\/\/serversmtp.com\/de\/","logo":{"@type":"ImageObject","inLanguage":"pt-PT","@id":"https:\/\/serversmtp.com\/de\/#\/schema\/logo\/image\/","url":"https:\/\/serversmtp.com\/wp-content\/uploads\/2021\/11\/og-image-2.jpg","contentUrl":"https:\/\/serversmtp.com\/wp-content\/uploads\/2021\/11\/og-image-2.jpg","width":1200,"height":1128,"caption":"Delivery Tech"},"image":{"@id":"https:\/\/serversmtp.com\/de\/#\/schema\/logo\/image\/"}}]}},"_links":{"self":[{"href":"https:\/\/serversmtp.com\/pt-pt\/wp-json\/wp\/v2\/pages\/4945"}],"collection":[{"href":"https:\/\/serversmtp.com\/pt-pt\/wp-json\/wp\/v2\/pages"}],"about":[{"href":"https:\/\/serversmtp.com\/pt-pt\/wp-json\/wp\/v2\/types\/page"}],"author":[{"embeddable":true,"href":"https:\/\/serversmtp.com\/pt-pt\/wp-json\/wp\/v2\/users\/1"}],"replies":[{"embeddable":true,"href":"https:\/\/serversmtp.com\/pt-pt\/wp-json\/wp\/v2\/comments?post=4945"}],"version-history":[{"count":2,"href":"https:\/\/serversmtp.com\/pt-pt\/wp-json\/wp\/v2\/pages\/4945\/revisions"}],"predecessor-version":[{"id":4947,"href":"https:\/\/serversmtp.com\/pt-pt\/wp-json\/wp\/v2\/pages\/4945\/revisions\/4947"}],"wp:attachment":[{"href":"https:\/\/serversmtp.com\/pt-pt\/wp-json\/wp\/v2\/media?parent=4945"}],"curies":[{"name":"wp","href":"https:\/\/api.w.org\/{rel}","templated":true}]}}