{"id":4259,"date":"2018-06-27T14:33:53","date_gmt":"2018-06-27T12:33:53","guid":{"rendered":"https:\/\/serversmtp.com\/?page_id=4259"},"modified":"2026-01-15T15:24:54","modified_gmt":"2026-01-15T14:24:54","slug":"seguranca","status":"publish","type":"page","link":"https:\/\/serversmtp.com\/pt-pt\/politica-de-privacidade-regulamento-da-ue-2016-79-rgpd\/seguranca\/","title":{"rendered":"Seguran\u00e7a"},"content":{"rendered":"<p><img decoding=\"async\" class=\"noBorders aligncenter wp-image-7025 size-full\" src=\"https:\/\/emailchef.com\/wp-content\/uploads\/2018\/05\/gdpr-protect.png\" alt=\"\" width=\"1280\" height=\"700\" \/><\/p>\n<ul class=\"g1-grid\"><li class=\"g1-column g1-one-fourth g1-valign-top\">\n<h4>Medidas t\u00e9cnicas<\/h4>\n<\/li><!-- -->\n<li class=\"g1-column g1-three-fourth g1-valign-top\">\n<p>A eDisplay Srl atribui a m\u00e1xima import\u00e2ncia \u00e0 seguran\u00e7a e \u00e0 integridade dos teus dados pessoais.<br \/>\nEm conformidade com o GDPR, comprometemo-nos diariamente a adotar todas as precau\u00e7\u00f5es necess\u00e1rias para preservar a seguran\u00e7a dos teus dados e, em particular, a proteg\u00ea-los contra:<\/p>\n\n<ul id=\"\" class=\"g1-list g1-list--upper-alpha g1-list--none \">\n<li>destrui\u00e7\u00e3o acidental ou il\u00edcita;<\/li>\n<li>perda acidental ou il\u00edcita;<\/li>\n<li>corrup\u00e7\u00e3o acidental ou il\u00edcita;<\/li>\n<li>circula\u00e7\u00e3o ou divulga\u00e7\u00e3o a pessoas n\u00e3o autorizadas;<\/li>\n<li>acesso n\u00e3o autorizado;<\/li>\n<li>tratamento il\u00edcito.<\/li>\n<\/ul>\n\n<p>Para esse efeito, adot\u00e1mos medidas t\u00e9cnicas de seguran\u00e7a padr\u00e3o do setor:<\/p>\n\n<ul id=\"\" class=\"g1-list g1-list--upper-alpha g1-list--none \">\n<li>firewalls multin\u00edvel;<\/li>\n<li>antiv\u00edrus de efic\u00e1cia comprovada e dete\u00e7\u00e3o de tentativas de intrus\u00e3o;<\/li>\n<li>transmiss\u00e3o encriptada de dados atrav\u00e9s da tecnologia SSL\/https\/VPN.<\/li>\n<\/ul>\n\n<p>Para proteger os dados pessoais contra divulga\u00e7\u00f5es n\u00e3o autorizadas, utiliz\u00e1mos m\u00e9todos de codifica\u00e7\u00e3o especificamente desenvolvidos, juntamente com algoritmos que garantem a seguran\u00e7a das transa\u00e7\u00f5es, dos acessos e dos backups de dados.<br \/>\nAsseguramos a exatid\u00e3o e a utiliza\u00e7\u00e3o correta dos dados:<\/p>\n\n<ul id=\"\" class=\"g1-list g1-list--upper-alpha g1-list--none \">\n<li>atrav\u00e9s de procedimentos eletr\u00f3nicos, f\u00edsicos e organizacionais adequados, destinados a salvaguardar e preservar os dados recolhidos atrav\u00e9s dos nossos servi\u00e7os;<\/li>\n<li>atrav\u00e9s da forma\u00e7\u00e3o adequada do nosso pessoal, que recebeu instru\u00e7\u00f5es espec\u00edficas para aceder aos dados, em conformidade com o previsto pelo GDPR.<\/li>\n<\/ul>\n\n<p>Recorda, no entanto, que atualmente n\u00e3o existe uma defesa absoluta contra ataques de pirataria ou hackers. Caso ocorra uma viola\u00e7\u00e3o de seguran\u00e7a (data breach), comprometemo-nos a informar-te sem atrasos indevidos, atuando simultaneamente com o m\u00e1ximo das nossas capacidades para neutralizar a intrus\u00e3o e minimizar o impacto.<br \/>\nCaso sofras um preju\u00edzo em consequ\u00eancia de uma viola\u00e7\u00e3o de seguran\u00e7a, comprometemo-nos a prestar toda a assist\u00eancia necess\u00e1ria para que possas fazer valer os teus direitos.<br \/>\nSe, em casos excecionais, o preju\u00edzo sofrido resultar de uma grave falha da eDisplay Srl, procederemos \u00e0 indemniza\u00e7\u00e3o dentro dos limites de responsabilidade previstos nas nossas Condi\u00e7\u00f5es Gerais de Utiliza\u00e7\u00e3o.<br \/>\nSe um utilizador, um inscrito em listas de contactos ou um hacker descobrir e explorar uma viola\u00e7\u00e3o de seguran\u00e7a, ser\u00e1 respons\u00e1vel por uma infra\u00e7\u00e3o penal. A eDisplay Srl tomar\u00e1 todas as medidas necess\u00e1rias, incluindo a apresenta\u00e7\u00e3o de uma reclama\u00e7\u00e3o e\/ou a\u00e7\u00e3o judicial, para proteger os dados e os direitos dos seus utilizadores e os seus pr\u00f3prios, bem como para limitar eventuais impactos.<\/p>\n<p>As medidas acima descritas s\u00e3o aquelas que adotamos para a prote\u00e7\u00e3o dos teus dados; contudo, sendo tu o utilizador dos nossos servi\u00e7os, aplica\u00e7\u00f5es ou softwares, dever\u00e1s adotar as seguintes a\u00e7\u00f5es:<\/p>\n\n<ul id=\"\" class=\"g1-list g1-list--upper-alpha g1-list--none \">\n<li>verificar a autentica\u00e7\u00e3o das pessoas que acedem aos dados;<\/li>\n<li>utilizar uma palavra-passe individual e suficientemente segura, lembrando-te de a alterar regularmente e de n\u00e3o a deixar desprotegida;<\/li>\n<li>assegurar a ado\u00e7\u00e3o de medidas de seguran\u00e7a para os dados que transitem por canais de comunica\u00e7\u00e3o n\u00e3o protegidos e que sejam objeto de tratamento por parte da eDisplay Srl.<\/li>\n<\/ul>\n\n<p>O objetivo destas medidas t\u00e9cnicas \u00e9 tornar os teus dados incompreens\u00edveis ou inacess\u00edveis a pessoas n\u00e3o autorizadas.<br \/>\nPara quaisquer quest\u00f5es relacionadas com a seguran\u00e7a dos nossos servi\u00e7os, aplica\u00e7\u00f5es e softwares, convidamos-te a contactar o nosso pessoal de apoio t\u00e9cnico, dispon\u00edvel atrav\u00e9s dos nossos canais oficiais: e-mail, chat online e telefone.<\/p>\n<\/li><!-- --><\/ul>\n<div  class=\"g1-divider g1-divider--none g1-divider--noicon \"><\/div>\n<ul class=\"g1-grid\"><li class=\"g1-column g1-one-fourth g1-valign-top\">\n<h4>Gest\u00e3o de viola\u00e7\u00f5es de dados <em>(data breach)<\/em><\/h4>\n<\/li><!-- -->\n<li class=\"g1-column g1-three-fourth g1-valign-top\">\n<p>O artigo 33.\u00ba do GDPR imp\u00f5e ao respons\u00e1vel pelo tratamento a obriga\u00e7\u00e3o de notificar a autoridade de controlo sobre uma viola\u00e7\u00e3o de dados pessoais (data breach) no prazo de setenta e duas horas a contar do momento em que dela tenha conhecimento.<\/p>\n<p>Podem distinguir-se tr\u00eas tipos de viola\u00e7\u00f5es:<\/p>\n\n<ul id=\"\" class=\"g1-list g1-list--upper-alpha g1-list--none \">\n<li>viola\u00e7\u00e3o de confidencialidade, quando ocorre a divulga\u00e7\u00e3o ou o acesso n\u00e3o autorizado ou acidental a dados pessoais;<\/li>\n<li>viola\u00e7\u00e3o de integridade, quando ocorre a altera\u00e7\u00e3o n\u00e3o autorizada ou acidental de dados pessoais;<\/li>\n<li>viola\u00e7\u00e3o de disponibilidade, quando ocorre a perda, inacessibilidade ou destrui\u00e7\u00e3o, acidental ou n\u00e3o autorizada, de dados pessoais.<\/li>\n<\/ul>\n\n<p>Caso a eventual viola\u00e7\u00e3o envolva tamb\u00e9m os teus dados, a eDisplay Srl, enquanto subcontratante do tratamento de dados, informar-te-\u00e1 das seguintes formas:<\/p>\n\n<ul id=\"\" class=\"g1-list g1-list--upper-alpha g1-list--none \">\n<li>de forma pessoal e direta;<\/li>\n<li>por meio de uma comunica\u00e7\u00e3o p\u00fablica ou de uma medida semelhante e eficaz, caso uma comunica\u00e7\u00e3o direta e pessoal implique esfor\u00e7os desproporcionados.<\/li>\n<\/ul>\n\n<p>Deves ter sempre presente que tu, enquanto utilizador, \u00e9s o respons\u00e1vel pelo tratamento dos dados; por conseguinte, caber-te-\u00e1 informar atempadamente os inscritos nas tuas listas de contactos sobre a viola\u00e7\u00e3o.<br \/>\nNeste caso, poder\u00e1s comunicar a viola\u00e7\u00e3o ocorrida das seguintes formas:<\/p>\n\n<ul id=\"\" class=\"g1-list g1-list--upper-alpha g1-list--none \">\n<li>pessoal e diretamente aos teus inscritos;<\/li>\n<li>atrav\u00e9s de uma comunica\u00e7\u00e3o p\u00fablica ou igualmente eficaz, capaz de alcan\u00e7ar todos os teus contactos afetados pelo data breach.<\/li>\n<\/ul>\n\n<p>A comunica\u00e7\u00e3o direta aos teus inscritos dever\u00e1 ser claramente distingu\u00edvel das comunica\u00e7\u00f5es habituais: o aviso da viola\u00e7\u00e3o deve ser claro, inequ\u00edvoco e chamar a aten\u00e7\u00e3o do destinat\u00e1rio.<br \/>\nEm particular, s\u00e3o fundamentais os artigos 24.\u00ba e 32.\u00ba do GDPR, que imp\u00f5em ao respons\u00e1vel pelo tratamento dos dados a obriga\u00e7\u00e3o de:<\/p>\n\n<ul id=\"\" class=\"g1-list g1-list--upper-alpha g1-list--none \">\n<li>implementar medidas t\u00e9cnicas e organizativas adequadas para garantir o cumprimento do GDPR;<\/li>\n<li>ser capaz de demonstrar que o tratamento dos dados foi efetuado em conformidade com o GDPR;<\/li>\n<li>rever e atualizar as medidas acima referidas sempre que necess\u00e1rio;<\/li>\n<li>assegurar um n\u00edvel de seguran\u00e7a adequado ao risco.<\/li>\n<\/ul>\n\n<\/li><!-- --><\/ul>\n<div  class=\"g1-divider g1-divider--none g1-divider--noicon \"><\/div>\n<ul class=\"g1-grid\"><li class=\"g1-column g1-one-fourth g1-valign-top\">\n<h4>Acesso autorizado aos dados para apoio ao cliente e assist\u00eancia t\u00e9cnica<\/h4>\n<\/li><!-- -->\n<li class=\"g1-column g1-three-fourth g1-valign-top\">\n<p>Os dados recolhidos ser\u00e3o utilizados sempre que tal seja necess\u00e1rio ou instrumental para a prossecu\u00e7\u00e3o das seguintes finalidades:<\/p>\n\n<ul id=\"\" class=\"g1-list g1-list--upper-alpha g1-list--none \">\n<li>assist\u00eancia t\u00e9cnica aos utilizadores, relativamente aos servi\u00e7os prestados pela eDisplay Srl que envolvam os respons\u00e1veis pelo tratamento de dados ou as respetivas listas de contactos;<\/li>\n<li>chamadas telef\u00f3nicas ou e-mails para a conclus\u00e3o de negocia\u00e7\u00f5es comerciais;<\/li>\n<li>consultoria comercial direta ou indireta.<\/li>\n<\/ul>\n\n<p>Os teus dados poder\u00e3o ser tratados por colaboradores da eDisplay Srl ou por terceiros, que ser\u00e3o designados como subcontratantes do tratamento, conforme o caso. O propriet\u00e1rio ou titular dos dados pessoais ser\u00e1 informado, caso a caso, sobre as modalidades de tratamento.<\/p>\n<\/li><!-- --><\/ul>\n<div  class=\"g1-divider g1-divider--none g1-divider--noicon \"><\/div>\n<ul class=\"g1-grid\"><li class=\"g1-column g1-one-fourth g1-valign-top\">\n<h4>Minimiza\u00e7\u00e3o dos dados tratados e arquivo<\/h4>\n<\/li><!-- -->\n<li class=\"g1-column g1-three-fourth g1-valign-top\">\n<p>Adot\u00e1mos medidas t\u00e9cnicas e organizativas destinadas a garantir o princ\u00edpio da minimiza\u00e7\u00e3o dos dados tratados, que ser\u00e3o sempre adequados, pertinentes e limitados ao que \u00e9 necess\u00e1rio para a prossecu\u00e7\u00e3o das finalidades declaradas.<br \/>\nO tratamento de dados para fins estat\u00edsticos, de arquivo no interesse p\u00fablico, de investiga\u00e7\u00e3o cient\u00edfica ou hist\u00f3rica est\u00e1 sujeito a garantias adequadas aos direitos e \u00e0s liberdades do titular dos dados, em conformidade com o previsto pelo GDPR.<\/p>\n<\/li><!-- --><\/ul>\n","protected":false},"excerpt":{"rendered":"","protected":false},"author":2,"featured_media":0,"parent":4254,"menu_order":5,"comment_status":"closed","ping_status":"closed","template":"","meta":{"_eb_attr":"","inline_featured_image":false,"_monsterinsights_skip_tracking":false,"_monsterinsights_sitenote_active":false,"_monsterinsights_sitenote_note":"","_monsterinsights_sitenote_category":0,"footnotes":""},"class_list":["post-4259","page","type-page","status-publish"],"yoast_head":"<!-- This site is optimized with the Yoast SEO plugin v25.3.1 - https:\/\/yoast.com\/wordpress\/plugins\/seo\/ -->\n<title>Seguran\u00e7a - smtp mail server - professional SMTP service provider<\/title>\n<meta name=\"robots\" content=\"index, follow, max-snippet:-1, max-image-preview:large, max-video-preview:-1\" \/>\n<link rel=\"canonical\" href=\"https:\/\/serversmtp.com\/pt-pt\/politica-de-privacidade-regulamento-da-ue-2016-79-rgpd\/seguranca\/\" \/>\n<meta name=\"twitter:label1\" content=\"Tempo estimado de leitura\" \/>\n\t<meta name=\"twitter:data1\" content=\"4 minutos\" \/>\n<!-- \/ Yoast SEO plugin. -->","yoast_head_json":{"title":"Seguran\u00e7a - smtp mail server - professional SMTP service provider","robots":{"index":"index","follow":"follow","max-snippet":"max-snippet:-1","max-image-preview":"max-image-preview:large","max-video-preview":"max-video-preview:-1"},"canonical":"https:\/\/serversmtp.com\/pt-pt\/politica-de-privacidade-regulamento-da-ue-2016-79-rgpd\/seguranca\/","twitter_misc":{"Tempo estimado de leitura":"4 minutos"},"schema":{"@context":"https:\/\/schema.org","@graph":[{"@type":"WebPage","@id":"https:\/\/serversmtp.com\/pt-pt\/politica-de-privacidade-regulamento-da-ue-2016-79-rgpd\/seguranca\/","url":"https:\/\/serversmtp.com\/pt-pt\/politica-de-privacidade-regulamento-da-ue-2016-79-rgpd\/seguranca\/","name":"Seguran\u00e7a - smtp mail server - professional SMTP service provider","isPartOf":{"@id":"https:\/\/serversmtp.com\/#website"},"primaryImageOfPage":{"@id":"https:\/\/serversmtp.com\/pt-pt\/politica-de-privacidade-regulamento-da-ue-2016-79-rgpd\/seguranca\/#primaryimage"},"image":{"@id":"https:\/\/serversmtp.com\/pt-pt\/politica-de-privacidade-regulamento-da-ue-2016-79-rgpd\/seguranca\/#primaryimage"},"thumbnailUrl":"https:\/\/emailchef.com\/wp-content\/uploads\/2018\/05\/gdpr-protect.png","datePublished":"2018-06-27T12:33:53+00:00","dateModified":"2026-01-15T14:24:54+00:00","breadcrumb":{"@id":"https:\/\/serversmtp.com\/pt-pt\/politica-de-privacidade-regulamento-da-ue-2016-79-rgpd\/seguranca\/#breadcrumb"},"inLanguage":"pt-PT","potentialAction":[{"@type":"ReadAction","target":["https:\/\/serversmtp.com\/pt-pt\/politica-de-privacidade-regulamento-da-ue-2016-79-rgpd\/seguranca\/"]}]},{"@type":"ImageObject","inLanguage":"pt-PT","@id":"https:\/\/serversmtp.com\/pt-pt\/politica-de-privacidade-regulamento-da-ue-2016-79-rgpd\/seguranca\/#primaryimage","url":"https:\/\/emailchef.com\/wp-content\/uploads\/2018\/05\/gdpr-protect.png","contentUrl":"https:\/\/emailchef.com\/wp-content\/uploads\/2018\/05\/gdpr-protect.png"},{"@type":"BreadcrumbList","@id":"https:\/\/serversmtp.com\/pt-pt\/politica-de-privacidade-regulamento-da-ue-2016-79-rgpd\/seguranca\/#breadcrumb","itemListElement":[{"@type":"ListItem","position":1,"name":"Home","item":"https:\/\/serversmtp.com\/pt-pt\/"},{"@type":"ListItem","position":2,"name":"RGPD &#8211; Introdu\u00e7\u00e3o &#8211; Objetivos","item":"https:\/\/serversmtp.com\/pt-pt\/politica-de-privacidade-regulamento-da-ue-2016-79-rgpd\/"},{"@type":"ListItem","position":3,"name":"Seguran\u00e7a"}]},{"@type":"WebSite","@id":"https:\/\/serversmtp.com\/#website","url":"https:\/\/serversmtp.com\/","name":"smtp mail server - professional SMTP service provider","description":"smtp mail server - professional SMTP service provider","publisher":{"@id":"https:\/\/serversmtp.com\/#organization"},"potentialAction":[{"@type":"SearchAction","target":{"@type":"EntryPoint","urlTemplate":"https:\/\/serversmtp.com\/?s={search_term_string}"},"query-input":{"@type":"PropertyValueSpecification","valueRequired":true,"valueName":"search_term_string"}}],"inLanguage":"pt-PT"},{"@type":"Organization","@id":"https:\/\/serversmtp.com\/#organization","name":"Delivery Tech","url":"https:\/\/serversmtp.com\/","logo":{"@type":"ImageObject","inLanguage":"pt-PT","@id":"https:\/\/serversmtp.com\/#\/schema\/logo\/image\/","url":"https:\/\/serversmtp.com\/wp-content\/uploads\/2021\/11\/og-image-2.jpg","contentUrl":"https:\/\/serversmtp.com\/wp-content\/uploads\/2021\/11\/og-image-2.jpg","width":1200,"height":1128,"caption":"Delivery Tech"},"image":{"@id":"https:\/\/serversmtp.com\/#\/schema\/logo\/image\/"}}]}},"_links":{"self":[{"href":"https:\/\/serversmtp.com\/pt-pt\/wp-json\/wp\/v2\/pages\/4259"}],"collection":[{"href":"https:\/\/serversmtp.com\/pt-pt\/wp-json\/wp\/v2\/pages"}],"about":[{"href":"https:\/\/serversmtp.com\/pt-pt\/wp-json\/wp\/v2\/types\/page"}],"author":[{"embeddable":true,"href":"https:\/\/serversmtp.com\/pt-pt\/wp-json\/wp\/v2\/users\/2"}],"replies":[{"embeddable":true,"href":"https:\/\/serversmtp.com\/pt-pt\/wp-json\/wp\/v2\/comments?post=4259"}],"version-history":[{"count":5,"href":"https:\/\/serversmtp.com\/pt-pt\/wp-json\/wp\/v2\/pages\/4259\/revisions"}],"predecessor-version":[{"id":23055,"href":"https:\/\/serversmtp.com\/pt-pt\/wp-json\/wp\/v2\/pages\/4259\/revisions\/23055"}],"up":[{"embeddable":true,"href":"https:\/\/serversmtp.com\/pt-pt\/wp-json\/wp\/v2\/pages\/4254"}],"wp:attachment":[{"href":"https:\/\/serversmtp.com\/pt-pt\/wp-json\/wp\/v2\/media?parent=4259"}],"curies":[{"name":"wp","href":"https:\/\/api.w.org\/{rel}","templated":true}]}}