{"id":4258,"date":"2018-06-27T14:33:21","date_gmt":"2018-06-27T12:33:21","guid":{"rendered":"https:\/\/serversmtp.com\/?page_id=4258"},"modified":"2026-01-15T15:22:58","modified_gmt":"2026-01-15T14:22:58","slug":"aceder-exportar-modificar-e-remover-informacao","status":"publish","type":"page","link":"https:\/\/serversmtp.com\/pt-pt\/politica-de-privacidade-regulamento-da-ue-2016-79-rgpd\/aceder-exportar-modificar-e-remover-informacao\/","title":{"rendered":"Aceder, exportar, modificar e remover informa\u00e7\u00e3o"},"content":{"rendered":"<p><img decoding=\"async\" class=\"aligncenter size-full wp-image-4044\" src=\"https:\/\/serversmtp.com\/wp-content\/uploads\/2018\/06\/gdpr-esporta.png\" alt=\"\" width=\"1280\" height=\"700\" srcset=\"https:\/\/serversmtp.com\/wp-content\/uploads\/2018\/06\/gdpr-esporta.png 1280w, https:\/\/serversmtp.com\/wp-content\/uploads\/2018\/06\/gdpr-esporta-300x164.png 300w, https:\/\/serversmtp.com\/wp-content\/uploads\/2018\/06\/gdpr-esporta-768x420.png 768w, https:\/\/serversmtp.com\/wp-content\/uploads\/2018\/06\/gdpr-esporta-1024x560.png 1024w, https:\/\/serversmtp.com\/wp-content\/uploads\/2018\/06\/gdpr-esporta-968x529.png 968w, https:\/\/serversmtp.com\/wp-content\/uploads\/2018\/06\/gdpr-esporta-636x348.png 636w, https:\/\/serversmtp.com\/wp-content\/uploads\/2018\/06\/gdpr-esporta-320x175.png 320w, https:\/\/serversmtp.com\/wp-content\/uploads\/2018\/06\/gdpr-esporta-239x131.png 239w\" sizes=\"(max-width: 1280px) 100vw, 1280px\" \/><\/p>\n<ul class=\"g1-grid\"><li class=\"g1-column g1-one-fourth g1-valign-top\">\n<h4>Direito de acesso, retifica\u00e7\u00e3o e oposi\u00e7\u00e3o<\/h4>\n<\/li><!-- -->\n<li class=\"g1-column g1-three-fourth g1-valign-top\">\n<p>Disponibiliz\u00e1mos mecanismos e procedimentos que, a qualquer momento e por motivos leg\u00edtimos, te garantem a possibilidade de:<\/p>\n\n<ul id=\"\" class=\"g1-list g1-list--upper-alpha g1-list--none \">\n<li>te opores ao tratamento dos dados;<\/li>\n<li>solicitares a elimina\u00e7\u00e3o, a altera\u00e7\u00e3o ou a atualiza\u00e7\u00e3o de todas as tuas informa\u00e7\u00f5es pessoais na nossa posse.<\/li>\n<\/ul>\n\n<p>A eDisplay Srl permite-te alterar os teus dados quando quiseres, acedendo ao teu pr\u00f3prio perfil atrav\u00e9s dos nossos portais ou contactando-nos atrav\u00e9s do endere\u00e7o de e-mail indicado na sec\u00e7\u00e3o de privacidade do website a que o servi\u00e7o espec\u00edfico se refere.<br \/>\nPoder\u00e1s cancelar a subscri\u00e7\u00e3o da nossa newsletter ou escolher n\u00e3o receber mais comunica\u00e7\u00f5es comerciais por e-mail: basta utilizar o link de cancelamento presente em cada uma delas.<br \/>\nPoder\u00e1s tamb\u00e9m enviar os pedidos de elimina\u00e7\u00e3o, altera\u00e7\u00e3o ou atualiza\u00e7\u00e3o de todas as informa\u00e7\u00f5es pessoais por via eletr\u00f3nica, utilizando os formul\u00e1rios pr\u00f3prios ou informando-nos por e-mail.<br \/>\nTais pedidos ser\u00e3o tratados no prazo m\u00e1ximo de 30 dias, sem atraso injustificado, indicando tamb\u00e9m os motivos de uma eventual decis\u00e3o de n\u00e3o os aceitar.<br \/>\nCaso a eDisplay Srl seja subcontratante do tratamento dos dados, em virtude do princ\u00edpio de coopera\u00e7\u00e3o, ajudaremos o respons\u00e1vel pelo tratamento a dar resposta aos pedidos acima referidos.<\/p>\n<\/li><!-- --><\/ul>\n<div  class=\"g1-divider g1-divider--none g1-divider--noicon \"><\/div>\n<ul class=\"g1-grid\"><li class=\"g1-column g1-one-fourth g1-valign-top\">\n<h4>Direito ao esquecimento<\/h4>\n<\/li><!-- -->\n<li class=\"g1-column g1-three-fourth g1-valign-top\">\n<p>Cri\u00e1mos todos os procedimentos necess\u00e1rios para garantir o teu direito ao esquecimento, que te permite obter a retifica\u00e7\u00e3o dos teus dados pessoais.<br \/>\nMediante o teu pedido leg\u00edtimo, procederemos \u00e0 elimina\u00e7\u00e3o dos teus dados, que deixar\u00e3o de estar sujeitos a qualquer tipo de tratamento e deixar\u00e3o de ser necess\u00e1rios para as finalidades para as quais foram recolhidos ou anteriormente tratados.<br \/>\nTens a possibilidade de retirar o consentimento ou de te opor ao tratamento dos dados, se considerares que este \u00faltimo n\u00e3o est\u00e1 em conformidade com o presente regulamento.<br \/>\nPara exercer este direito, dever\u00e1s demonstrar que \u00e9s realmente tu a efetuar o pedido, enviando-nos documentos que comprovem a tua identidade; al\u00e9m disso, lembra-te de fundamentar a tua decis\u00e3o.<br \/>\nAssim que recebermos a tua comunica\u00e7\u00e3o, iremos, no mais curto prazo poss\u00edvel, confirmar-te e demonstrar-te que a elimina\u00e7\u00e3o dos teus dados foi efetuada.<\/p>\n<\/li><!-- --><\/ul>\n<div  class=\"g1-divider g1-divider--none g1-divider--noicon \"><\/div>\n<ul class=\"g1-grid\"><li class=\"g1-column g1-one-fourth g1-valign-top\">\n<h4>Direito \u00e0 portabilidade dos dados<\/h4>\n<\/li><!-- -->\n<li class=\"g1-column g1-three-fourth g1-valign-top\">\n<p>Para refor\u00e7ar ainda mais o controlo sobre os teus dados, caso sejam tratados por meios automatizados, ter\u00e1s a possibilidade de os descarregar a partir das nossas aplica\u00e7\u00f5es.<br \/>\nOs dados estar\u00e3o dispon\u00edveis num formato estruturado, de uso comum e leg\u00edvel por dispositivo autom\u00e1tico (por exemplo, computador, smartphone, tablet, etc.).<br \/>\nDesta forma, os ficheiros com os teus dados pessoais poder\u00e3o ser transmitidos a outro respons\u00e1vel pelo tratamento, garantindo assim o teu direito \u00e0 portabilidade dos dados.<\/p>\n<\/li><!-- --><\/ul>\n<div  class=\"g1-divider g1-divider--none g1-divider--noicon \"><\/div>\n<ul class=\"g1-grid\"><li class=\"g1-column g1-one-fourth g1-valign-top\">\n<h4>Direito de revoga\u00e7\u00e3o do consentimento para o tratamento dos dados<\/h4>\n<\/li><!-- -->\n<li class=\"g1-column g1-three-fourth g1-valign-top\">\n<p>Se n\u00e3o quiseres mais receber os nossos e-mails promocionais, segue as instru\u00e7\u00f5es de remo\u00e7\u00e3o da nossa lista de contactos presentes em cada e-mail.<br \/>\nLembra-te: a revoga\u00e7\u00e3o do consentimento para o tratamento dos dados, limitada \u00e0 utiliza\u00e7\u00e3o de um servi\u00e7o oferecido gratuitamente, suspende ipso jure o respetivo fornecimento.<\/p>\n<\/li><!-- --><\/ul>\n<div  class=\"g1-divider g1-divider--none g1-divider--noicon \"><\/div>\n<ul class=\"g1-grid\"><li class=\"g1-column g1-one-fourth g1-valign-top\">\n<h4>Direito de revoga\u00e7\u00e3o do consentimento para o tratamento de dados para pessoas pertencentes \u00e0s listas de clientes<\/h4>\n<\/li><!-- -->\n<li class=\"g1-column g1-three-fourth g1-valign-top\">\n<p>Se est\u00e1s inscrito na lista de contactos de um dos nossos utilizadores, recordamos que n\u00f3s somos apenas os subcontratantes do tratamento dos dados, enquanto o nosso utilizador \u00e9 o respons\u00e1vel pelo tratamento: cabe-lhe a ele a elimina\u00e7\u00e3o ou a atualiza\u00e7\u00e3o dos teus dados.<br \/>\nSe n\u00e3o quiseres mais receber as comunica\u00e7\u00f5es enviadas por um dos nossos utilizadores, convidamos-te a cancelar a subscri\u00e7\u00e3o atrav\u00e9s do link de cancelamento presente no e-mail que recebeste, ou a contactar diretamente o utilizador em quest\u00e3o para lhe comunicar o teu pedido.<br \/>\nSe nos comunicasses a revoga\u00e7\u00e3o do consentimento para o tratamento dos teus dados, a eDisplay Srl transmitir\u00e1 o pedido ao utilizador que possui o teu contacto na sua lista, mas ter\u00e1 de ser ele a remover ou atualizar os teus dados.<\/p>\n<\/li><!-- --><\/ul>\n","protected":false},"excerpt":{"rendered":"","protected":false},"author":2,"featured_media":0,"parent":4254,"menu_order":4,"comment_status":"closed","ping_status":"closed","template":"","meta":{"_eb_attr":"","inline_featured_image":false,"_monsterinsights_skip_tracking":false,"_monsterinsights_sitenote_active":false,"_monsterinsights_sitenote_note":"","_monsterinsights_sitenote_category":0,"footnotes":""},"class_list":["post-4258","page","type-page","status-publish"],"yoast_head":"<!-- This site is optimized with the Yoast SEO plugin v25.3.1 - https:\/\/yoast.com\/wordpress\/plugins\/seo\/ -->\n<title>Aceder, exportar, modificar e remover informa\u00e7\u00e3o - smtp mail server - professional SMTP service provider<\/title>\n<meta name=\"robots\" content=\"index, follow, max-snippet:-1, max-image-preview:large, max-video-preview:-1\" \/>\n<link rel=\"canonical\" href=\"https:\/\/serversmtp.com\/pt-pt\/politica-de-privacidade-regulamento-da-ue-2016-79-rgpd\/aceder-exportar-modificar-e-remover-informacao\/\" \/>\n<meta name=\"twitter:label1\" content=\"Tempo estimado de leitura\" \/>\n\t<meta name=\"twitter:data1\" content=\"4 minutos\" \/>\n<!-- \/ Yoast SEO plugin. -->","yoast_head_json":{"title":"Aceder, exportar, modificar e remover informa\u00e7\u00e3o - smtp mail server - professional SMTP service provider","robots":{"index":"index","follow":"follow","max-snippet":"max-snippet:-1","max-image-preview":"max-image-preview:large","max-video-preview":"max-video-preview:-1"},"canonical":"https:\/\/serversmtp.com\/pt-pt\/politica-de-privacidade-regulamento-da-ue-2016-79-rgpd\/aceder-exportar-modificar-e-remover-informacao\/","twitter_misc":{"Tempo estimado de leitura":"4 minutos"},"schema":{"@context":"https:\/\/schema.org","@graph":[{"@type":"WebPage","@id":"https:\/\/serversmtp.com\/pt-pt\/politica-de-privacidade-regulamento-da-ue-2016-79-rgpd\/aceder-exportar-modificar-e-remover-informacao\/","url":"https:\/\/serversmtp.com\/pt-pt\/politica-de-privacidade-regulamento-da-ue-2016-79-rgpd\/aceder-exportar-modificar-e-remover-informacao\/","name":"Aceder, exportar, modificar e remover informa\u00e7\u00e3o - smtp mail server - professional SMTP service provider","isPartOf":{"@id":"https:\/\/serversmtp.com\/fr\/#website"},"primaryImageOfPage":{"@id":"https:\/\/serversmtp.com\/pt-pt\/politica-de-privacidade-regulamento-da-ue-2016-79-rgpd\/aceder-exportar-modificar-e-remover-informacao\/#primaryimage"},"image":{"@id":"https:\/\/serversmtp.com\/pt-pt\/politica-de-privacidade-regulamento-da-ue-2016-79-rgpd\/aceder-exportar-modificar-e-remover-informacao\/#primaryimage"},"thumbnailUrl":"https:\/\/serversmtp.com\/wp-content\/uploads\/2018\/06\/gdpr-esporta.png","datePublished":"2018-06-27T12:33:21+00:00","dateModified":"2026-01-15T14:22:58+00:00","breadcrumb":{"@id":"https:\/\/serversmtp.com\/pt-pt\/politica-de-privacidade-regulamento-da-ue-2016-79-rgpd\/aceder-exportar-modificar-e-remover-informacao\/#breadcrumb"},"inLanguage":"pt-PT","potentialAction":[{"@type":"ReadAction","target":["https:\/\/serversmtp.com\/pt-pt\/politica-de-privacidade-regulamento-da-ue-2016-79-rgpd\/aceder-exportar-modificar-e-remover-informacao\/"]}]},{"@type":"ImageObject","inLanguage":"pt-PT","@id":"https:\/\/serversmtp.com\/pt-pt\/politica-de-privacidade-regulamento-da-ue-2016-79-rgpd\/aceder-exportar-modificar-e-remover-informacao\/#primaryimage","url":"https:\/\/serversmtp.com\/wp-content\/uploads\/2018\/06\/gdpr-esporta.png","contentUrl":"https:\/\/serversmtp.com\/wp-content\/uploads\/2018\/06\/gdpr-esporta.png"},{"@type":"BreadcrumbList","@id":"https:\/\/serversmtp.com\/pt-pt\/politica-de-privacidade-regulamento-da-ue-2016-79-rgpd\/aceder-exportar-modificar-e-remover-informacao\/#breadcrumb","itemListElement":[{"@type":"ListItem","position":1,"name":"Home","item":"https:\/\/serversmtp.com\/pt-pt\/"},{"@type":"ListItem","position":2,"name":"RGPD &#8211; Introdu\u00e7\u00e3o &#8211; Objetivos","item":"https:\/\/serversmtp.com\/pt-pt\/politica-de-privacidade-regulamento-da-ue-2016-79-rgpd\/"},{"@type":"ListItem","position":3,"name":"Aceder, exportar, modificar e remover informa\u00e7\u00e3o"}]},{"@type":"WebSite","@id":"https:\/\/serversmtp.com\/fr\/#website","url":"https:\/\/serversmtp.com\/fr\/","name":"smtp mail server - professional SMTP service provider","description":"smtp mail server - professional SMTP service provider","publisher":{"@id":"https:\/\/serversmtp.com\/fr\/#organization"},"potentialAction":[{"@type":"SearchAction","target":{"@type":"EntryPoint","urlTemplate":"https:\/\/serversmtp.com\/fr\/?s={search_term_string}"},"query-input":{"@type":"PropertyValueSpecification","valueRequired":true,"valueName":"search_term_string"}}],"inLanguage":"pt-PT"},{"@type":"Organization","@id":"https:\/\/serversmtp.com\/fr\/#organization","name":"Delivery Tech","url":"https:\/\/serversmtp.com\/fr\/","logo":{"@type":"ImageObject","inLanguage":"pt-PT","@id":"https:\/\/serversmtp.com\/fr\/#\/schema\/logo\/image\/","url":"https:\/\/serversmtp.com\/wp-content\/uploads\/2021\/11\/og-image-2.jpg","contentUrl":"https:\/\/serversmtp.com\/wp-content\/uploads\/2021\/11\/og-image-2.jpg","width":1200,"height":1128,"caption":"Delivery Tech"},"image":{"@id":"https:\/\/serversmtp.com\/fr\/#\/schema\/logo\/image\/"}}]}},"_links":{"self":[{"href":"https:\/\/serversmtp.com\/pt-pt\/wp-json\/wp\/v2\/pages\/4258"}],"collection":[{"href":"https:\/\/serversmtp.com\/pt-pt\/wp-json\/wp\/v2\/pages"}],"about":[{"href":"https:\/\/serversmtp.com\/pt-pt\/wp-json\/wp\/v2\/types\/page"}],"author":[{"embeddable":true,"href":"https:\/\/serversmtp.com\/pt-pt\/wp-json\/wp\/v2\/users\/2"}],"replies":[{"embeddable":true,"href":"https:\/\/serversmtp.com\/pt-pt\/wp-json\/wp\/v2\/comments?post=4258"}],"version-history":[{"count":4,"href":"https:\/\/serversmtp.com\/pt-pt\/wp-json\/wp\/v2\/pages\/4258\/revisions"}],"predecessor-version":[{"id":23053,"href":"https:\/\/serversmtp.com\/pt-pt\/wp-json\/wp\/v2\/pages\/4258\/revisions\/23053"}],"up":[{"embeddable":true,"href":"https:\/\/serversmtp.com\/pt-pt\/wp-json\/wp\/v2\/pages\/4254"}],"wp:attachment":[{"href":"https:\/\/serversmtp.com\/pt-pt\/wp-json\/wp\/v2\/media?parent=4258"}],"curies":[{"name":"wp","href":"https:\/\/api.w.org\/{rel}","templated":true}]}}