{"id":4257,"date":"2018-06-27T14:32:41","date_gmt":"2018-06-27T12:32:41","guid":{"rendered":"https:\/\/serversmtp.com\/?page_id=4257"},"modified":"2026-01-15T15:21:17","modified_gmt":"2026-01-15T14:21:17","slug":"de-que-modo-a-delivery-tech-usa-as-suas-informacoes","status":"publish","type":"page","link":"https:\/\/serversmtp.com\/pt-pt\/politica-de-privacidade-regulamento-da-ue-2016-79-rgpd\/de-que-modo-a-delivery-tech-usa-as-suas-informacoes\/","title":{"rendered":"De que modo a Edisplay usa as suas informa\u00e7\u00f5es"},"content":{"rendered":"<p><img decoding=\"async\" class=\"aligncenter size-full wp-image-4046\" src=\"https:\/\/serversmtp.com\/wp-content\/uploads\/2018\/06\/GDPR-intro.png\" alt=\"\" width=\"1280\" height=\"700\" srcset=\"https:\/\/serversmtp.com\/wp-content\/uploads\/2018\/06\/GDPR-intro.png 1280w, https:\/\/serversmtp.com\/wp-content\/uploads\/2018\/06\/GDPR-intro-300x164.png 300w, https:\/\/serversmtp.com\/wp-content\/uploads\/2018\/06\/GDPR-intro-768x420.png 768w, https:\/\/serversmtp.com\/wp-content\/uploads\/2018\/06\/GDPR-intro-1024x560.png 1024w, https:\/\/serversmtp.com\/wp-content\/uploads\/2018\/06\/GDPR-intro-968x529.png 968w, https:\/\/serversmtp.com\/wp-content\/uploads\/2018\/06\/GDPR-intro-636x348.png 636w, https:\/\/serversmtp.com\/wp-content\/uploads\/2018\/06\/GDPR-intro-320x175.png 320w, https:\/\/serversmtp.com\/wp-content\/uploads\/2018\/06\/GDPR-intro-239x131.png 239w\" sizes=\"(max-width: 1280px) 100vw, 1280px\" \/><\/p>\n<ul class=\"g1-grid\"><li class=\"g1-column g1-one-fourth g1-valign-top\">\n<h4>Finalidade e objetivo do tratamento de dados \u2013 Bases jur\u00eddicas na qualidade de respons\u00e1vel pelo tratamento<\/h4>\n<\/li><!-- -->\n<li class=\"g1-column g1-three-fourth g1-valign-top\">\n<p>Tratamos as tuas informa\u00e7\u00f5es para prosseguir os nossos objetivos e os de terceiros, aplicando as medidas de salvaguarda adequadas para proteger a tua privacidade.<\/p>\n<p>O principal objetivo da recolha de dados pessoais \u00e9 oferecer uma experi\u00eancia segura, ideal, eficiente e personalizada. Para atingir este objetivo, informamos-te de que prosseguimos interesses leg\u00edtimos, conforme previsto no art. 6.\u00ba do GDPR sobre a licitude do tratamento: \u00abConstitui igualmente um interesse leg\u00edtimo do respons\u00e1vel pelo tratamento proceder ao tratamento de dados pessoais estritamente necess\u00e1rios para efeitos de preven\u00e7\u00e3o de fraude. Pode ser considerado um interesse leg\u00edtimo tratar dados pessoais para fins de marketing direto\u00bb.<\/p>\n<p>Garantimos que os teus dados ser\u00e3o utilizados apenas para os seguintes fins:<\/p>\n\n<ul id=\"\" class=\"g1-list g1-list--upper-alpha g1-list--none \">\n<li><strong>Promover a utiliza\u00e7\u00e3o dos nossos servi\u00e7os<\/strong>. Quando nos solicitas informa\u00e7\u00f5es ou te registas em servi\u00e7os gratuitos, fornecendo-nos os teus dados, poderemos contactar-te por telefone ou enviar-te um e-mail:\n<ul id=\"\" class=\"g1-list g1-list--upper-alpha g1-list--none \" style=\"list-style-type: lower-alpha;\">\n<li>para pedir o teu feedback;<\/li>\n<li>para te propor que te registes num dos nossos servi\u00e7os, aplica\u00e7\u00f5es ou softwares.<\/li>\n<\/ul>\n<p>Se j\u00e1 utilizas um dos nossos servi\u00e7os (gratuito ou pago) e considerarmos que poder\u00e1s beneficiar da utiliza\u00e7\u00e3o de outro servi\u00e7o, aplica\u00e7\u00e3o ou software da eDisplay Srl, poderemos enviar-te um e-mail sobre isso ou contactar-te para te enviar conte\u00fados informativos e promocionais, em conformidade com as tuas prefer\u00eancias de marketing.<\/li>\n<li><strong>Para faturar ou enviar-te avisos de pagamento<\/strong>. Poderemos utilizar os teus dados para te enviar e-mails com faturas, recibos e avisos de falta de pagamento. Utilizamos terceiros para o tratamento seguro de transa\u00e7\u00f5es com cart\u00e3o de cr\u00e9dito e enviamos a esses terceiros os dados de fatura\u00e7\u00e3o, para processar as vossas encomendas e pagamentos.<\/li>\n<li><strong>Para enviar-te mensagens de aviso do sistema<\/strong>. Poder\u00e1s receber comunica\u00e7\u00f5es relativas a servi\u00e7os, aplica\u00e7\u00f5es ou softwares da eDisplay Srl que utilizas. O objetivo \u00e9 avisar-te em caso de:\n<ul id=\"\" class=\"g1-list g1-list--upper-alpha g1-list--none \" style=\"list-style-type: lower-alpha;\">\n<li>altera\u00e7\u00f5es tempor\u00e1rias ou permanentes aos nossos servi\u00e7os, aplica\u00e7\u00f5es ou softwares;<\/li>\n<li>altera\u00e7\u00e3o das condi\u00e7\u00f5es de utiliza\u00e7\u00e3o;<\/li>\n<li>interrup\u00e7\u00f5es programadas;<\/li>\n<li>novas funcionalidades;<\/li>\n<li>atualiza\u00e7\u00f5es de vers\u00e3o;<\/li>\n<li>avisos de abuso ou viola\u00e7\u00e3o de dados (tamb\u00e9m chamada <em>data breach<\/em>);<\/li>\n<li>atualiza\u00e7\u00f5es e altera\u00e7\u00f5es \u00e0 nossa Pol\u00edtica de Privacidade.<\/li>\n<\/ul>\n<\/li>\n<li><strong>Para prestar assist\u00eancia<\/strong>. Poderemos comunicar contigo, ou com os subscritores de uma tua lista de contactos, para prestar assist\u00eancia e suporte relativamente aos servi\u00e7os, aplica\u00e7\u00f5es e softwares utilizados.<\/li>\n<li><strong>Por quest\u00f5es legais<\/strong>. Poder\u00e1s receber comunica\u00e7\u00f5es de natureza legal, como o cumprimento de ordens judiciais.<\/li>\n<li><strong>Para fornecer informa\u00e7\u00f5es a representantes e consultores, incluindo advogados e contabilistas<\/strong>. Para cumprir requisitos legais, contabil\u00edsticos ou de seguran\u00e7a previstos na lei, poderemos utilizar as tuas informa\u00e7\u00f5es.<\/li>\n<li><strong>Para responder a pedidos leg\u00edtimos de autoridades p\u00fablicas<\/strong>. Se uma autoridade p\u00fablica apresentar um pedido leg\u00edtimo, motivado por exig\u00eancias de seguran\u00e7a nacional ou pela aplica\u00e7\u00e3o da lei, os teus dados poder\u00e3o ser utilizados.<\/li>\n<li><strong>Para transferir as tuas informa\u00e7\u00f5es em caso de venda, fus\u00e3o, consolida\u00e7\u00e3o, liquida\u00e7\u00e3o, reorganiza\u00e7\u00e3o ou aquisi\u00e7\u00e3o<\/strong>. Nesse caso, qualquer adquirente ficar\u00e1 sujeito \u00e0s nossas obriga\u00e7\u00f5es nos termos desta Pol\u00edtica de Privacidade, incluindo os direitos de acesso e escolha. Informar-te-emos da altera\u00e7\u00e3o enviando-te um e-mail ou publicando um aviso no nosso website.<\/li>\n<\/ul>\n\n<\/li><!-- --><\/ul>\n<div  class=\"g1-divider g1-divider--none g1-divider--noicon \"><\/div>\n<ul class=\"g1-grid\"><li class=\"g1-column g1-one-fourth g1-valign-top\">\n<h4>Quando a eDisplay Srl partilha as tuas informa\u00e7\u00f5es \u2013 Destinat\u00e1rios dos dados<\/h4>\n<\/li><!-- -->\n<li class=\"g1-column g1-three-fourth g1-valign-top\">\n<p>Os dados pessoais recolhidos destinam-se a servi\u00e7os de natureza comercial, contabil\u00edstica e de assist\u00eancia t\u00e9cnica da eDisplay Srl e poder\u00e3o, al\u00e9m disso, ser transmitidos a empresas contratadas \u00e0s quais a eDisplay Srl recorreu no \u00e2mbito da execu\u00e7\u00e3o dos servi\u00e7os.<br \/>\nOs dados pessoais n\u00e3o podem ser cedidos a terceiros para fins de marketing sem o teu consentimento expl\u00edcito. A divulga\u00e7\u00e3o a terceiros de dados pessoais por ti fornecidos s\u00f3 poder\u00e1 ocorrer nos seguintes casos:<\/p>\n\n<ul id=\"\" class=\"g1-list g1-list--upper-alpha g1-list--none \">\n<li>mediante a tua autoriza\u00e7\u00e3o;<\/li>\n<li>a pedido de autoridades legais competentes, para fins de investiga\u00e7\u00e3o judicial ou no \u00e2mbito de um lit\u00edgio.<\/li>\n<\/ul>\n\n<\/li><!-- --><\/ul>\n<div  class=\"g1-divider g1-divider--none g1-divider--noicon \"><\/div>\n<ul class=\"g1-grid\"><li class=\"g1-column g1-one-fourth g1-valign-top\">\n<h4>Finalidade e objetivo do tratamento de dados na qualidade de subcontratante \u2013 Utilizador B2B<\/h4>\n<\/li><!-- -->\n<li class=\"g1-column g1-three-fourth g1-valign-top\">\n<p>Quando utilizas os nossos servi\u00e7os, podes importar para o nosso sistema informa\u00e7\u00f5es pessoais que recolheste dos teus subscritores ou de outras pessoas. N\u00e3o temos qualquer rela\u00e7\u00e3o direta com os teus subscritores nem com pessoas diferentes de ti, pelo que cabe a ti assegurar que disp\u00f5es da autoriza\u00e7\u00e3o adequada para a recolha e o tratamento dos dados relativos a esses titulares.<br \/>\nEm conformidade com as indica\u00e7\u00f5es do GDPR, poderemos transferir as tuas informa\u00e7\u00f5es pessoais ou as dos teus subscritores para empresas que nos apoiam e ajudam a assegurar os nossos servi\u00e7os.<br \/>\nPara fins estat\u00edsticos ou de investiga\u00e7\u00e3o, poderemos agrupar por categorias as informa\u00e7\u00f5es recolhidas atrav\u00e9s dos nossos servi\u00e7os. Em concreto, falamos de:<\/p>\n\n<ul id=\"\" class=\"g1-list g1-list--upper-alpha g1-list--none \">\n<li>dados fornecidos a n\u00f3s diretamente por ti;<\/li>\n<li>dados recolhidos por ti;<\/li>\n<li>dados recolhidos de forma indistinta pelos subscritores das tuas listas.<\/li>\n<\/ul>\n\n<\/li><!-- --><\/ul>\n<div  class=\"g1-divider g1-divider--none g1-divider--noicon \"><\/div>\n<ul class=\"g1-grid\"><li class=\"g1-column g1-one-fourth g1-valign-top\">\n<h4>Dados tratados para fornecer, apoiar e melhorar os servi\u00e7os que te oferecemos e para dar sugest\u00f5es<\/h4>\n<\/li><!-- -->\n<li class=\"g1-column g1-three-fourth g1-valign-top\">\n<p>Recolhemos dados para fins leg\u00edtimos e espec\u00edficos:<\/p>\n\n<ul id=\"\" class=\"g1-list g1-list--upper-alpha g1-list--none \">\n<li><strong>para oferecer servi\u00e7os melhores e fornecer-te estat\u00edsticas cada vez mais precisas<\/strong>, que te ajudem a aumentar o desempenho das tuas campanhas e a percentagem de entrega dos e-mails;<\/li>\n<li><strong>para adicionar novas funcionalidades<\/strong>, de modo a garantir a melhor oferta aos nossos utilizadores;<\/li>\n<li><strong>para sugerir-te produtos ou servi\u00e7os que possam ser do teu interesse<\/strong> ou que possam ser relevantes para ti ou para os subscritores das tuas listas (algumas destas sugest\u00f5es s\u00e3o geradas pelos nossos algoritmos de \u201cdata science\u201d).<\/li>\n<\/ul>\n\n<p>A defini\u00e7\u00e3o de perfis permite-nos combinar informa\u00e7\u00f5es pessoais com outras informa\u00e7\u00f5es que recolhemos ou obtemos sobre ti (como informa\u00e7\u00f5es provenientes dos nossos parceiros que gerem pagamentos com cart\u00e3o de cr\u00e9dito), para te servir de forma personalizada com base nas tuas prefer\u00eancias ou restri\u00e7\u00f5es, ou para fins publicit\u00e1rios ou de segmenta\u00e7\u00e3o, em conformidade com esta Pol\u00edtica de Privacidade.<br \/>\nQuando combinamos informa\u00e7\u00f5es pessoais com outras informa\u00e7\u00f5es desta forma, tratamo-las cumprindo rigorosamente todas as medidas de seguran\u00e7a aplic\u00e1veis ao tratamento de dados pessoais, as quais est\u00e3o previstas nesta Pol\u00edtica.<\/p>\n<\/li><!-- --><\/ul>\n<div  class=\"g1-divider g1-divider--none g1-divider--noicon \"><\/div>\n<ul class=\"g1-grid\"><li class=\"g1-column g1-one-fourth g1-valign-top\">\n<h4>Defini\u00e7\u00e3o de perfis<\/h4>\n<\/li><!-- -->\n<li class=\"g1-column g1-three-fourth g1-valign-top\">\n<p>Tratamos os teus dados tamb\u00e9m para fins de marketing direto, mas tens a possibilidade de te opores a qualquer momento a este tipo de atividade; al\u00e9m disso, \u00e9s e ser\u00e1s sempre informado sobre como, onde e quando aplicamos esta medida.<br \/>\nNos nossos servi\u00e7os n\u00e3o existe qualquer tratamento automatizado que possa produzir efeitos jur\u00eddicos que te digam respeito ou que possa afetar-te significativamente.<\/p>\n<\/li><!-- --><\/ul>\n","protected":false},"excerpt":{"rendered":"","protected":false},"author":2,"featured_media":0,"parent":4254,"menu_order":3,"comment_status":"closed","ping_status":"closed","template":"","meta":{"_eb_attr":"","inline_featured_image":false,"_monsterinsights_skip_tracking":false,"_monsterinsights_sitenote_active":false,"_monsterinsights_sitenote_note":"","_monsterinsights_sitenote_category":0,"footnotes":""},"class_list":["post-4257","page","type-page","status-publish"],"yoast_head":"<!-- This site is optimized with the Yoast SEO plugin v25.3.1 - https:\/\/yoast.com\/wordpress\/plugins\/seo\/ -->\n<title>De que modo a Edisplay usa as suas informa\u00e7\u00f5es - smtp mail server - professional SMTP service provider<\/title>\n<meta name=\"robots\" content=\"index, follow, max-snippet:-1, max-image-preview:large, max-video-preview:-1\" \/>\n<link rel=\"canonical\" href=\"https:\/\/serversmtp.com\/pt-pt\/politica-de-privacidade-regulamento-da-ue-2016-79-rgpd\/de-que-modo-a-delivery-tech-usa-as-suas-informacoes\/\" \/>\n<meta name=\"twitter:label1\" content=\"Tempo estimado de leitura\" \/>\n\t<meta name=\"twitter:data1\" content=\"5 minutos\" \/>\n<!-- \/ Yoast SEO plugin. -->","yoast_head_json":{"title":"De que modo a Edisplay usa as suas informa\u00e7\u00f5es - smtp mail server - professional SMTP service provider","robots":{"index":"index","follow":"follow","max-snippet":"max-snippet:-1","max-image-preview":"max-image-preview:large","max-video-preview":"max-video-preview:-1"},"canonical":"https:\/\/serversmtp.com\/pt-pt\/politica-de-privacidade-regulamento-da-ue-2016-79-rgpd\/de-que-modo-a-delivery-tech-usa-as-suas-informacoes\/","twitter_misc":{"Tempo estimado de leitura":"5 minutos"},"schema":{"@context":"https:\/\/schema.org","@graph":[{"@type":"WebPage","@id":"https:\/\/serversmtp.com\/pt-pt\/politica-de-privacidade-regulamento-da-ue-2016-79-rgpd\/de-que-modo-a-delivery-tech-usa-as-suas-informacoes\/","url":"https:\/\/serversmtp.com\/pt-pt\/politica-de-privacidade-regulamento-da-ue-2016-79-rgpd\/de-que-modo-a-delivery-tech-usa-as-suas-informacoes\/","name":"De que modo a Edisplay usa as suas informa\u00e7\u00f5es - smtp mail server - professional SMTP service provider","isPartOf":{"@id":"https:\/\/serversmtp.com\/#website"},"primaryImageOfPage":{"@id":"https:\/\/serversmtp.com\/pt-pt\/politica-de-privacidade-regulamento-da-ue-2016-79-rgpd\/de-que-modo-a-delivery-tech-usa-as-suas-informacoes\/#primaryimage"},"image":{"@id":"https:\/\/serversmtp.com\/pt-pt\/politica-de-privacidade-regulamento-da-ue-2016-79-rgpd\/de-que-modo-a-delivery-tech-usa-as-suas-informacoes\/#primaryimage"},"thumbnailUrl":"https:\/\/serversmtp.com\/wp-content\/uploads\/2018\/06\/GDPR-intro.png","datePublished":"2018-06-27T12:32:41+00:00","dateModified":"2026-01-15T14:21:17+00:00","breadcrumb":{"@id":"https:\/\/serversmtp.com\/pt-pt\/politica-de-privacidade-regulamento-da-ue-2016-79-rgpd\/de-que-modo-a-delivery-tech-usa-as-suas-informacoes\/#breadcrumb"},"inLanguage":"pt-PT","potentialAction":[{"@type":"ReadAction","target":["https:\/\/serversmtp.com\/pt-pt\/politica-de-privacidade-regulamento-da-ue-2016-79-rgpd\/de-que-modo-a-delivery-tech-usa-as-suas-informacoes\/"]}]},{"@type":"ImageObject","inLanguage":"pt-PT","@id":"https:\/\/serversmtp.com\/pt-pt\/politica-de-privacidade-regulamento-da-ue-2016-79-rgpd\/de-que-modo-a-delivery-tech-usa-as-suas-informacoes\/#primaryimage","url":"https:\/\/serversmtp.com\/wp-content\/uploads\/2018\/06\/GDPR-intro.png","contentUrl":"https:\/\/serversmtp.com\/wp-content\/uploads\/2018\/06\/GDPR-intro.png"},{"@type":"BreadcrumbList","@id":"https:\/\/serversmtp.com\/pt-pt\/politica-de-privacidade-regulamento-da-ue-2016-79-rgpd\/de-que-modo-a-delivery-tech-usa-as-suas-informacoes\/#breadcrumb","itemListElement":[{"@type":"ListItem","position":1,"name":"Home","item":"https:\/\/serversmtp.com\/pt-pt\/"},{"@type":"ListItem","position":2,"name":"RGPD &#8211; Introdu\u00e7\u00e3o &#8211; Objetivos","item":"https:\/\/serversmtp.com\/pt-pt\/politica-de-privacidade-regulamento-da-ue-2016-79-rgpd\/"},{"@type":"ListItem","position":3,"name":"De que modo a Edisplay usa as suas informa\u00e7\u00f5es"}]},{"@type":"WebSite","@id":"https:\/\/serversmtp.com\/#website","url":"https:\/\/serversmtp.com\/","name":"smtp mail server - professional SMTP service provider","description":"smtp mail server - professional SMTP service provider","publisher":{"@id":"https:\/\/serversmtp.com\/#organization"},"potentialAction":[{"@type":"SearchAction","target":{"@type":"EntryPoint","urlTemplate":"https:\/\/serversmtp.com\/?s={search_term_string}"},"query-input":{"@type":"PropertyValueSpecification","valueRequired":true,"valueName":"search_term_string"}}],"inLanguage":"pt-PT"},{"@type":"Organization","@id":"https:\/\/serversmtp.com\/#organization","name":"Delivery Tech","url":"https:\/\/serversmtp.com\/","logo":{"@type":"ImageObject","inLanguage":"pt-PT","@id":"https:\/\/serversmtp.com\/#\/schema\/logo\/image\/","url":"https:\/\/serversmtp.com\/wp-content\/uploads\/2021\/11\/og-image-2.jpg","contentUrl":"https:\/\/serversmtp.com\/wp-content\/uploads\/2021\/11\/og-image-2.jpg","width":1200,"height":1128,"caption":"Delivery Tech"},"image":{"@id":"https:\/\/serversmtp.com\/#\/schema\/logo\/image\/"}}]}},"_links":{"self":[{"href":"https:\/\/serversmtp.com\/pt-pt\/wp-json\/wp\/v2\/pages\/4257"}],"collection":[{"href":"https:\/\/serversmtp.com\/pt-pt\/wp-json\/wp\/v2\/pages"}],"about":[{"href":"https:\/\/serversmtp.com\/pt-pt\/wp-json\/wp\/v2\/types\/page"}],"author":[{"embeddable":true,"href":"https:\/\/serversmtp.com\/pt-pt\/wp-json\/wp\/v2\/users\/2"}],"replies":[{"embeddable":true,"href":"https:\/\/serversmtp.com\/pt-pt\/wp-json\/wp\/v2\/comments?post=4257"}],"version-history":[{"count":4,"href":"https:\/\/serversmtp.com\/pt-pt\/wp-json\/wp\/v2\/pages\/4257\/revisions"}],"predecessor-version":[{"id":23051,"href":"https:\/\/serversmtp.com\/pt-pt\/wp-json\/wp\/v2\/pages\/4257\/revisions\/23051"}],"up":[{"embeddable":true,"href":"https:\/\/serversmtp.com\/pt-pt\/wp-json\/wp\/v2\/pages\/4254"}],"wp:attachment":[{"href":"https:\/\/serversmtp.com\/pt-pt\/wp-json\/wp\/v2\/media?parent=4257"}],"curies":[{"name":"wp","href":"https:\/\/api.w.org\/{rel}","templated":true}]}}