{"id":4255,"date":"2018-06-27T14:31:37","date_gmt":"2018-06-27T12:31:37","guid":{"rendered":"https:\/\/serversmtp.com\/?page_id=4255"},"modified":"2026-01-15T15:16:29","modified_gmt":"2026-01-15T14:16:29","slug":"informacao-basica","status":"publish","type":"page","link":"https:\/\/serversmtp.com\/pt-pt\/politica-de-privacidade-regulamento-da-ue-2016-79-rgpd\/informacao-basica\/","title":{"rendered":"Informa\u00e7\u00e3o b\u00e1sica"},"content":{"rendered":"<p><img decoding=\"async\" class=\"aligncenter size-full wp-image-4049\" src=\"https:\/\/serversmtp.com\/wp-content\/uploads\/2018\/06\/gdpr-base.png\" alt=\"\" width=\"1280\" height=\"700\" srcset=\"https:\/\/serversmtp.com\/wp-content\/uploads\/2018\/06\/gdpr-base.png 1280w, https:\/\/serversmtp.com\/wp-content\/uploads\/2018\/06\/gdpr-base-300x164.png 300w, https:\/\/serversmtp.com\/wp-content\/uploads\/2018\/06\/gdpr-base-768x420.png 768w, https:\/\/serversmtp.com\/wp-content\/uploads\/2018\/06\/gdpr-base-1024x560.png 1024w, https:\/\/serversmtp.com\/wp-content\/uploads\/2018\/06\/gdpr-base-968x529.png 968w, https:\/\/serversmtp.com\/wp-content\/uploads\/2018\/06\/gdpr-base-636x348.png 636w, https:\/\/serversmtp.com\/wp-content\/uploads\/2018\/06\/gdpr-base-320x175.png 320w, https:\/\/serversmtp.com\/wp-content\/uploads\/2018\/06\/gdpr-base-239x131.png 239w\" sizes=\"(max-width: 1280px) 100vw, 1280px\" \/><\/p>\n<ul class=\"g1-grid\"><li class=\"g1-column g1-one-fourth g1-valign-top\">\n<h4>Quem somos<\/h4>\n<\/li><!-- -->\n<li class=\"g1-column g1-three-fourth g1-valign-top\">\n\n<ul id=\"\" class=\"g1-list g1-list--icon g1-list--simple \">\n<li><i class=\"fa fa-arrow-circle-right g1-list__icon\"><\/i><strong>eDisplay Srl, Viale del lavoro 53, 08023, Fonni (NU)<\/strong><\/li>\n<\/ul>\n\n<\/li><!-- --><\/ul>\n<div  class=\"g1-divider g1-divider--none g1-divider--noicon \"><\/div>\n<ul class=\"g1-grid\"><li class=\"g1-column g1-one-fourth g1-valign-top\">\n<h4>Extens\u00e3o das normas de privacidade e seguran\u00e7a em conformidade com a UE \u2013 Requisitos europeus<\/h4>\n<\/li><!-- -->\n<li class=\"g1-column g1-three-fourth g1-valign-top\">\n<p>Estamos sempre muito atentos \u00e0 privacidade e \u00e0 seguran\u00e7a dos nossos utilizadores em todo o mundo; por isso, adot\u00e1mos medidas para garantir o servi\u00e7o mais seguro e transparente poss\u00edvel, incluindo a extens\u00e3o da nossa pol\u00edtica ao Regulamento UE 2016\/79, em vigor desde 25 de maio de 2018.<br \/>\nAo utilizar os nossos websites e servi\u00e7os, o utilizador consente a recolha, o armazenamento e o tratamento dos dados, que ser\u00e3o tratados e conservados exclusivamente em servidores europeus.<br \/>\nPara proteger os dados dos cidad\u00e3os europeus, introduzidos nos nossos sistemas pelos nossos utilizadores, aplicamos um modelo de Data Privacy Agreement (DPA), no qual indicamos as modalidades de tratamento, de coopera\u00e7\u00e3o e as condi\u00e7\u00f5es de servi\u00e7o adotadas.<br \/>\nOs utilizadores registados (subscritores ou utilizadores de vers\u00f5es gratuitas) na UE, que utilizem os servi\u00e7os da turboSMTP para fins comerciais, dever\u00e3o necessariamente aderir ao nosso DPA para continuar a utilizar as nossas aplica\u00e7\u00f5es.<\/p>\n<\/li><!-- --><\/ul>\n<div  class=\"g1-divider g1-divider--none g1-divider--noicon \"><\/div>\n<ul class=\"g1-grid\"><li class=\"g1-column g1-one-fourth g1-valign-top\">\n<h4>Respons\u00e1vel pelo tratamento dos dados<\/h4>\n<\/li><!-- -->\n<li class=\"g1-column g1-three-fourth g1-valign-top\">\n<p><strong>N\u00f3s, da eDisplay Srl, atuamos tamb\u00e9m como respons\u00e1veis pelo tratamento dos dados, mas apenas quando recolhemos os teus dados pessoais para n\u00f3s durante a presta\u00e7\u00e3o dos servi\u00e7os por ti adquiridos<\/strong>: neste caso, estabelecemos uma rela\u00e7\u00e3o direta entre n\u00f3s e ti.<br \/>\n<strong>Enquanto respons\u00e1veis pelo tratamento, garantimos o cumprimento das normas relativas \u00e0 prote\u00e7\u00e3o de dados pessoais, fornecendo-te todas as informa\u00e7\u00f5es \u00fateis sobre o tratamento dos dados que nos comunicaste direta e voluntariamente, ou que o sistema recolhe durante a navega\u00e7\u00e3o no site e enquanto utilizas os nossos servi\u00e7os.<\/strong><br \/>\nEm concreto, o respons\u00e1vel pelo tratamento dos dados da eDisplay Srl \u00e9 o seu administrador pro tempore, assistido pelo Data Protection Officer (DPO), que garante o cumprimento das regras impostas pelo GDPR.<br \/>\nO respons\u00e1vel pode ser sempre contactado atrav\u00e9s do seguinte endere\u00e7o de e-mail: <a href=\"mailto:dpo@edisplay.it\" target=\"_blank\" rel=\"noopener noreferrer\">dpo@edisplay.it<\/a>.<\/p>\n<\/li><!-- --><\/ul>\n<div  class=\"g1-divider g1-divider--none g1-divider--noicon \"><\/div>\n<ul class=\"g1-grid\"><li class=\"g1-column g1-one-fourth g1-valign-top\">\n<h4>Subcontratante do tratamento dos dados<\/h4>\n<\/li><!-- -->\n<li class=\"g1-column g1-three-fourth g1-valign-top\">\n<p><strong>Quando utilizas os nossos servi\u00e7os, podes importar para o nosso sistema dados com informa\u00e7\u00f5es pessoais que recolheste dos teus subscritores ou de outras pessoas<\/strong>. Neste caso, n\u00e3o temos qualquer rela\u00e7\u00e3o direta com os teus subscritores ou com pessoas diferentes de ti e, por esse motivo, <strong>\u00e9s tu o respons\u00e1vel pelo tratamento dos dados<\/strong>: caber\u00e1 a ti assegurar que disp\u00f5es da autoriza\u00e7\u00e3o adequada para a recolha e o tratamento das informa\u00e7\u00f5es relativas aos v\u00e1rios titulares.<br \/>\nDe forma coerente com a utiliza\u00e7\u00e3o dos dados pessoais tratados, celebras um contrato (DPA) com a eDisplay Srl enquanto prestadora de servi\u00e7os aos teus subscritores atrav\u00e9s das nossas plataformas. O acordo serve para garantir a utiliza\u00e7\u00e3o correta dos dados com as devidas garantias, que te fornecemos enquanto subcontratantes do tratamento dos dados por ti recolhidos.<br \/>\nNeste caso, conservaremos os dados pessoais tratados por conta dos nossos utilizadores pelo tempo necess\u00e1rio para:<\/p>\n\n<ul id=\"\" class=\"g1-list g1-list--upper-alpha g1-list--none \">\n<li>prestar os nossos servi\u00e7os;<\/li>\n<li>cumprir as nossas obriga\u00e7\u00f5es legais;<\/li>\n<li>resolver lit\u00edgios;<\/li>\n<li>prevenir abusos;<\/li>\n<li>fazer cumprir os nossos acordos.<\/li>\n<\/ul>\n\n<\/li><!-- --><\/ul>\n<div  class=\"g1-divider g1-divider--none g1-divider--noicon \"><\/div>\n<ul class=\"g1-grid\"><li class=\"g1-column g1-one-fourth g1-valign-top\">\n<h4>Representante na UE: nomea\u00e7\u00e3o do respons\u00e1vel pelo tratamento dos dados<\/h4>\n<\/li><!-- -->\n<li class=\"g1-column g1-three-fourth g1-valign-top\">\n<p>Para os clientes europeus, a eDisplay Srl \u00e9 respons\u00e1vel pelo tratamento dos dados no \u00e2mbito da UE e tamb\u00e9m pela fatura\u00e7\u00e3o dos servi\u00e7os. Nenhum dado de clientes europeus ser\u00e1 transferido para fora dos limites designados. Nenhum dado ser\u00e1 tratado ou transferido para o Reino Unido a partir da data oficial do Brexit.<\/p>\n<\/li><!-- --><\/ul>\n","protected":false},"excerpt":{"rendered":"","protected":false},"author":2,"featured_media":0,"parent":4254,"menu_order":1,"comment_status":"closed","ping_status":"closed","template":"","meta":{"_eb_attr":"","inline_featured_image":false,"_monsterinsights_skip_tracking":false,"_monsterinsights_sitenote_active":false,"_monsterinsights_sitenote_note":"","_monsterinsights_sitenote_category":0,"footnotes":""},"class_list":["post-4255","page","type-page","status-publish"],"yoast_head":"<!-- This site is optimized with the Yoast SEO plugin v25.3.1 - https:\/\/yoast.com\/wordpress\/plugins\/seo\/ -->\n<title>Informa\u00e7\u00e3o b\u00e1sica - smtp mail server - professional SMTP service provider<\/title>\n<meta name=\"robots\" content=\"index, follow, max-snippet:-1, max-image-preview:large, max-video-preview:-1\" \/>\n<link rel=\"canonical\" href=\"https:\/\/serversmtp.com\/pt-pt\/politica-de-privacidade-regulamento-da-ue-2016-79-rgpd\/informacao-basica\/\" \/>\n<meta name=\"twitter:label1\" content=\"Tempo estimado de leitura\" \/>\n\t<meta name=\"twitter:data1\" content=\"5 minutos\" \/>\n<!-- \/ Yoast SEO plugin. -->","yoast_head_json":{"title":"Informa\u00e7\u00e3o b\u00e1sica - smtp mail server - professional SMTP service provider","robots":{"index":"index","follow":"follow","max-snippet":"max-snippet:-1","max-image-preview":"max-image-preview:large","max-video-preview":"max-video-preview:-1"},"canonical":"https:\/\/serversmtp.com\/pt-pt\/politica-de-privacidade-regulamento-da-ue-2016-79-rgpd\/informacao-basica\/","twitter_misc":{"Tempo estimado de leitura":"5 minutos"},"schema":{"@context":"https:\/\/schema.org","@graph":[{"@type":"WebPage","@id":"https:\/\/serversmtp.com\/pt-pt\/politica-de-privacidade-regulamento-da-ue-2016-79-rgpd\/informacao-basica\/","url":"https:\/\/serversmtp.com\/pt-pt\/politica-de-privacidade-regulamento-da-ue-2016-79-rgpd\/informacao-basica\/","name":"Informa\u00e7\u00e3o b\u00e1sica - smtp mail server - professional SMTP service provider","isPartOf":{"@id":"https:\/\/serversmtp.com\/it\/#website"},"primaryImageOfPage":{"@id":"https:\/\/serversmtp.com\/pt-pt\/politica-de-privacidade-regulamento-da-ue-2016-79-rgpd\/informacao-basica\/#primaryimage"},"image":{"@id":"https:\/\/serversmtp.com\/pt-pt\/politica-de-privacidade-regulamento-da-ue-2016-79-rgpd\/informacao-basica\/#primaryimage"},"thumbnailUrl":"https:\/\/serversmtp.com\/wp-content\/uploads\/2018\/06\/gdpr-base.png","datePublished":"2018-06-27T12:31:37+00:00","dateModified":"2026-01-15T14:16:29+00:00","breadcrumb":{"@id":"https:\/\/serversmtp.com\/pt-pt\/politica-de-privacidade-regulamento-da-ue-2016-79-rgpd\/informacao-basica\/#breadcrumb"},"inLanguage":"pt-PT","potentialAction":[{"@type":"ReadAction","target":["https:\/\/serversmtp.com\/pt-pt\/politica-de-privacidade-regulamento-da-ue-2016-79-rgpd\/informacao-basica\/"]}]},{"@type":"ImageObject","inLanguage":"pt-PT","@id":"https:\/\/serversmtp.com\/pt-pt\/politica-de-privacidade-regulamento-da-ue-2016-79-rgpd\/informacao-basica\/#primaryimage","url":"https:\/\/serversmtp.com\/wp-content\/uploads\/2018\/06\/gdpr-base.png","contentUrl":"https:\/\/serversmtp.com\/wp-content\/uploads\/2018\/06\/gdpr-base.png"},{"@type":"BreadcrumbList","@id":"https:\/\/serversmtp.com\/pt-pt\/politica-de-privacidade-regulamento-da-ue-2016-79-rgpd\/informacao-basica\/#breadcrumb","itemListElement":[{"@type":"ListItem","position":1,"name":"Home","item":"https:\/\/serversmtp.com\/pt-pt\/"},{"@type":"ListItem","position":2,"name":"RGPD &#8211; Introdu\u00e7\u00e3o &#8211; Objetivos","item":"https:\/\/serversmtp.com\/pt-pt\/politica-de-privacidade-regulamento-da-ue-2016-79-rgpd\/"},{"@type":"ListItem","position":3,"name":"Informa\u00e7\u00e3o b\u00e1sica"}]},{"@type":"WebSite","@id":"https:\/\/serversmtp.com\/it\/#website","url":"https:\/\/serversmtp.com\/it\/","name":"smtp mail server - professional SMTP service provider","description":"smtp mail server - professional SMTP service provider","publisher":{"@id":"https:\/\/serversmtp.com\/it\/#organization"},"potentialAction":[{"@type":"SearchAction","target":{"@type":"EntryPoint","urlTemplate":"https:\/\/serversmtp.com\/it\/?s={search_term_string}"},"query-input":{"@type":"PropertyValueSpecification","valueRequired":true,"valueName":"search_term_string"}}],"inLanguage":"pt-PT"},{"@type":"Organization","@id":"https:\/\/serversmtp.com\/it\/#organization","name":"Delivery Tech","url":"https:\/\/serversmtp.com\/it\/","logo":{"@type":"ImageObject","inLanguage":"pt-PT","@id":"https:\/\/serversmtp.com\/it\/#\/schema\/logo\/image\/","url":"https:\/\/serversmtp.com\/wp-content\/uploads\/2021\/11\/og-image-2.jpg","contentUrl":"https:\/\/serversmtp.com\/wp-content\/uploads\/2021\/11\/og-image-2.jpg","width":1200,"height":1128,"caption":"Delivery Tech"},"image":{"@id":"https:\/\/serversmtp.com\/it\/#\/schema\/logo\/image\/"}}]}},"_links":{"self":[{"href":"https:\/\/serversmtp.com\/pt-pt\/wp-json\/wp\/v2\/pages\/4255"}],"collection":[{"href":"https:\/\/serversmtp.com\/pt-pt\/wp-json\/wp\/v2\/pages"}],"about":[{"href":"https:\/\/serversmtp.com\/pt-pt\/wp-json\/wp\/v2\/types\/page"}],"author":[{"embeddable":true,"href":"https:\/\/serversmtp.com\/pt-pt\/wp-json\/wp\/v2\/users\/2"}],"replies":[{"embeddable":true,"href":"https:\/\/serversmtp.com\/pt-pt\/wp-json\/wp\/v2\/comments?post=4255"}],"version-history":[{"count":4,"href":"https:\/\/serversmtp.com\/pt-pt\/wp-json\/wp\/v2\/pages\/4255\/revisions"}],"predecessor-version":[{"id":23047,"href":"https:\/\/serversmtp.com\/pt-pt\/wp-json\/wp\/v2\/pages\/4255\/revisions\/23047"}],"up":[{"embeddable":true,"href":"https:\/\/serversmtp.com\/pt-pt\/wp-json\/wp\/v2\/pages\/4254"}],"wp:attachment":[{"href":"https:\/\/serversmtp.com\/pt-pt\/wp-json\/wp\/v2\/media?parent=4255"}],"curies":[{"name":"wp","href":"https:\/\/api.w.org\/{rel}","templated":true}]}}