{"id":4254,"date":"2018-06-27T14:30:53","date_gmt":"2018-06-27T12:30:53","guid":{"rendered":"https:\/\/serversmtp.com\/?page_id=4254"},"modified":"2018-06-27T14:31:04","modified_gmt":"2018-06-27T12:31:04","slug":"politica-de-privacidade-regulamento-da-ue-2016-79-rgpd","status":"publish","type":"page","link":"https:\/\/serversmtp.com\/pt-pt\/politica-de-privacidade-regulamento-da-ue-2016-79-rgpd\/","title":{"rendered":"RGPD &#8211; Introdu\u00e7\u00e3o &#8211; Objetivos"},"content":{"rendered":"<p><img loading=\"lazy\" class=\"aligncenter wp-image-4045 size-full\" src=\"https:\/\/serversmtp.com\/wp-content\/uploads\/2018\/06\/gdpr-intro-2.png\" alt=\"\" width=\"1280\" height=\"700\" srcset=\"https:\/\/serversmtp.com\/wp-content\/uploads\/2018\/06\/gdpr-intro-2.png 1280w, https:\/\/serversmtp.com\/wp-content\/uploads\/2018\/06\/gdpr-intro-2-300x164.png 300w, https:\/\/serversmtp.com\/wp-content\/uploads\/2018\/06\/gdpr-intro-2-768x420.png 768w, https:\/\/serversmtp.com\/wp-content\/uploads\/2018\/06\/gdpr-intro-2-1024x560.png 1024w, https:\/\/serversmtp.com\/wp-content\/uploads\/2018\/06\/gdpr-intro-2-968x529.png 968w, https:\/\/serversmtp.com\/wp-content\/uploads\/2018\/06\/gdpr-intro-2-636x348.png 636w, https:\/\/serversmtp.com\/wp-content\/uploads\/2018\/06\/gdpr-intro-2-320x175.png 320w, https:\/\/serversmtp.com\/wp-content\/uploads\/2018\/06\/gdpr-intro-2-239x131.png 239w\" sizes=\"(max-width: 1280px) 100vw, 1280px\" \/><\/p>\n<p><em>Atualiza\u00e7\u00e3o de 25 de maio de 2018<\/em><\/p>\n<p>Redigimos este documento para o ajudar a compreender as nossas pol\u00edticas de privacidade. Para o tornar o mais claro poss\u00edvel, usamos uma linguagem clara e uma estrutura simples.<\/p>\n<p>Com a entrada em vigor do Regulamento Geral de Prote\u00e7\u00e3o de Dados (UE 2016\/679), estamos a introduzir algumas melhorias na utiliza\u00e7\u00e3o da Edisplay Srl. Embora muitas destas regras se apliquem apenas a utilizadores na Uni\u00e3o Europeia (UE), as altera\u00e7\u00f5es afetar\u00e3o todos os utilizadores.<\/p>\n<p>Com este documento, ficar\u00e1 a saber quais os dados que recolhemos, qual o motivo e durante quanto tempo armazenamos essa informa\u00e7\u00e3o. O nosso objetivo \u00e9 explicar, de uma maneira simples, de que forma atualizamos, gerimos, exportamos e eliminamos os seus dados.<\/p>\n<p>Conforme expressamente exigido pelo RGPD, ao usar os nossos servi\u00e7os, pode exercer os seus direitos a qualquer momento e com total transpar\u00eancia. Convidamo-lo a ler cuidadosamente as seguintes instru\u00e7\u00f5es e a tomar particular aten\u00e7\u00e3o \u00e0s \u00e1reas de maior interesse para si.<\/p>\n","protected":false},"excerpt":{"rendered":"<p>Atualiza\u00e7\u00e3o de 25 de maio de 2018 Redigimos este documento para o ajudar a compreender as nossas pol\u00edticas de privacidade. Para o tornar o mais claro poss\u00edvel, usamos uma linguagem clara e uma estrutura simples. Com a entrada em vigor do Regulamento Geral de Prote\u00e7\u00e3o de Dados (UE 2016\/679), estamos a introduzir algumas melhorias na [&hellip;]<\/p>\n","protected":false},"author":2,"featured_media":0,"parent":0,"menu_order":0,"comment_status":"closed","ping_status":"closed","template":"g1_template_page_nav_left.php","meta":[],"yoast_head":"<!-- This site is optimized with the Yoast SEO plugin v16.4 - https:\/\/yoast.com\/wordpress\/plugins\/seo\/ -->\n<meta name=\"robots\" content=\"index, follow, max-snippet:-1, max-image-preview:large, max-video-preview:-1\" \/>\n<link rel=\"canonical\" href=\"https:\/\/staging.serversmtp.com\/pt-pt\/politica-de-privacidade-regulamento-da-ue-2016-79-rgpd\/\" \/>\n<meta property=\"og:locale\" content=\"pt_PT\" \/>\n<meta property=\"og:type\" content=\"article\" \/>\n<meta property=\"og:title\" content=\"RGPD - Introdu\u00e7\u00e3o - Objetivos - smtp mail server - professional SMTP service provider\" \/>\n<meta property=\"og:description\" content=\"Atualiza\u00e7\u00e3o de 25 de maio de 2018 Redigimos este documento para o ajudar a compreender as nossas pol\u00edticas de privacidade. Para o tornar o mais claro poss\u00edvel, usamos uma linguagem clara e uma estrutura simples. Com a entrada em vigor do Regulamento Geral de Prote\u00e7\u00e3o de Dados (UE 2016\/679), estamos a introduzir algumas melhorias na [&hellip;]\" \/>\n<meta property=\"og:url\" content=\"https:\/\/staging.serversmtp.com\/pt-pt\/politica-de-privacidade-regulamento-da-ue-2016-79-rgpd\/\" \/>\n<meta property=\"og:site_name\" content=\"smtp mail server - professional SMTP service provider\" \/>\n<meta property=\"article:modified_time\" content=\"2018-06-27T12:31:04+00:00\" \/>\n<meta property=\"og:image\" content=\"https:\/\/serversmtp.com\/wp-content\/uploads\/2018\/06\/gdpr-intro-2.png\" \/>\n<meta name=\"twitter:card\" content=\"summary_large_image\" \/>\n<meta name=\"twitter:label1\" content=\"Tempo estimado de leitura\" \/>\n\t<meta name=\"twitter:data1\" content=\"1 minuto\" \/>\n<script type=\"application\/ld+json\" class=\"yoast-schema-graph\">{\"@context\":\"https:\/\/schema.org\",\"@graph\":[{\"@type\":\"WebSite\",\"@id\":\"http:\/\/serversmtp.com\/#website\",\"url\":\"http:\/\/serversmtp.com\/\",\"name\":\"smtp mail server - professional SMTP service provider\",\"description\":\"smtp mail server - professional SMTP service provider \",\"potentialAction\":[{\"@type\":\"SearchAction\",\"target\":\"http:\/\/serversmtp.com\/?s={search_term_string}\",\"query-input\":\"required name=search_term_string\"}],\"inLanguage\":\"pt-PT\"},{\"@type\":\"ImageObject\",\"@id\":\"https:\/\/staging.serversmtp.com\/pt-pt\/politica-de-privacidade-regulamento-da-ue-2016-79-rgpd\/#primaryimage\",\"inLanguage\":\"pt-PT\",\"url\":\"https:\/\/serversmtp.com\/wp-content\/uploads\/2018\/06\/gdpr-intro-2.png\",\"contentUrl\":\"https:\/\/serversmtp.com\/wp-content\/uploads\/2018\/06\/gdpr-intro-2.png\",\"width\":1280,\"height\":700},{\"@type\":\"WebPage\",\"@id\":\"https:\/\/staging.serversmtp.com\/pt-pt\/politica-de-privacidade-regulamento-da-ue-2016-79-rgpd\/#webpage\",\"url\":\"https:\/\/staging.serversmtp.com\/pt-pt\/politica-de-privacidade-regulamento-da-ue-2016-79-rgpd\/\",\"name\":\"RGPD - Introdu\\u00e7\\u00e3o - Objetivos - smtp mail server - professional SMTP service provider\",\"isPartOf\":{\"@id\":\"http:\/\/serversmtp.com\/#website\"},\"primaryImageOfPage\":{\"@id\":\"https:\/\/staging.serversmtp.com\/pt-pt\/politica-de-privacidade-regulamento-da-ue-2016-79-rgpd\/#primaryimage\"},\"datePublished\":\"2018-06-27T12:30:53+00:00\",\"dateModified\":\"2018-06-27T12:31:04+00:00\",\"breadcrumb\":{\"@id\":\"https:\/\/staging.serversmtp.com\/pt-pt\/politica-de-privacidade-regulamento-da-ue-2016-79-rgpd\/#breadcrumb\"},\"inLanguage\":\"pt-PT\",\"potentialAction\":[{\"@type\":\"ReadAction\",\"target\":[\"https:\/\/staging.serversmtp.com\/pt-pt\/politica-de-privacidade-regulamento-da-ue-2016-79-rgpd\/\"]}]},{\"@type\":\"BreadcrumbList\",\"@id\":\"https:\/\/staging.serversmtp.com\/pt-pt\/politica-de-privacidade-regulamento-da-ue-2016-79-rgpd\/#breadcrumb\",\"itemListElement\":[{\"@type\":\"ListItem\",\"position\":1,\"item\":{\"@type\":\"WebPage\",\"@id\":\"https:\/\/staging.serversmtp.com\/pt-pt\/home\/\",\"url\":\"https:\/\/staging.serversmtp.com\/pt-pt\/home\/\",\"name\":\"Home\"}},{\"@type\":\"ListItem\",\"position\":2,\"item\":{\"@id\":\"https:\/\/staging.serversmtp.com\/pt-pt\/politica-de-privacidade-regulamento-da-ue-2016-79-rgpd\/#webpage\"}}]}]}<\/script>\n<!-- \/ Yoast SEO plugin. -->","_links":{"self":[{"href":"https:\/\/serversmtp.com\/pt-pt\/wp-json\/wp\/v2\/pages\/4254"}],"collection":[{"href":"https:\/\/serversmtp.com\/pt-pt\/wp-json\/wp\/v2\/pages"}],"about":[{"href":"https:\/\/serversmtp.com\/pt-pt\/wp-json\/wp\/v2\/types\/page"}],"author":[{"embeddable":true,"href":"https:\/\/serversmtp.com\/pt-pt\/wp-json\/wp\/v2\/users\/2"}],"replies":[{"embeddable":true,"href":"https:\/\/serversmtp.com\/pt-pt\/wp-json\/wp\/v2\/comments?post=4254"}],"version-history":[{"count":2,"href":"https:\/\/serversmtp.com\/pt-pt\/wp-json\/wp\/v2\/pages\/4254\/revisions"}],"predecessor-version":[{"id":4267,"href":"https:\/\/serversmtp.com\/pt-pt\/wp-json\/wp\/v2\/pages\/4254\/revisions\/4267"}],"wp:attachment":[{"href":"https:\/\/serversmtp.com\/pt-pt\/wp-json\/wp\/v2\/media?parent=4254"}],"curies":[{"name":"wp","href":"https:\/\/api.w.org\/{rel}","templated":true}]}}