{"id":3114,"date":"2018-04-26T12:47:32","date_gmt":"2018-04-26T10:47:32","guid":{"rendered":"https:\/\/dev.serversmtp.com\/?page_id=3114"},"modified":"2025-10-23T10:43:42","modified_gmt":"2025-10-23T08:43:42","slug":"funcionalidades","status":"publish","type":"page","link":"https:\/\/serversmtp.com\/pt-pt\/funcionalidades\/","title":{"rendered":"Funcionalidades\ufeff \ufeff"},"content":{"rendered":"<p>turboSMTP \u00e9 perfeito para quem quer enviar e-mails com mais efici\u00eancia e melhores resultados.<span>&nbsp;<\/span><br \/><span><\/span><\/p>\n<ul class=\"featuresBoxes featuresBoxes-ru\">\n<li class=\"doubleli-box\"><a title=\"SERVIDORES REALMENTE DE CONFIAN\u00c7A\"><span class=\"features-rev2018-title\">SERVIDORES REALMENTE DE CONFIAN\u00c7A<\/span><br \/>\n<span class=\"features-rev2018-description\"><img decoding=\"async\" class=\"wp-image-2509\" src=\"\/wp-content\/uploads\/2018\/04\/server1.png\" alt=\"SERVIDORES REALMENTE DE CONFIAN\u00c7A\" width=\"50\" height=\"50\" srcset=\"https:\/\/serversmtp.com\/wp-content\/uploads\/2018\/04\/server1.png 64w, https:\/\/serversmtp.com\/wp-content\/uploads\/2018\/04\/server1-55x55.png 55w\" sizes=\"(max-width: 50px) 100vw, 50px\" \/>Os nossos servidores confi\u00e1veis de email listados na lista branca impulsionam a sua taxa de entrega de mails, evitando serem colocados na lista negra e reduzindo os emails filtrados.<\/span><br \/>\n \t<\/a><\/li>\n<li class=\"half-leftli-box\"><a title=\"RELA\u00c7\u00d5ES COM OS ISPs\"><span class=\"features-rev2018-title\">RELA\u00c7\u00d5ES COM OS ISPs<\/span><br \/>\n<span class=\"features-rev2018-description\"><img decoding=\"async\" class=\"wp-image-1713\" src=\"\/wp-content\/uploads\/2018\/03\/reliable-servers-ISP-relationships.png\" alt=\"RELA\u00c7\u00d5ES COM OS ISPs\" width=\"50\" height=\"50\" \/>Mantemos uma comunica\u00e7\u00e3o pr\u00f3xima com os ISPs de topo e ciclos de feedback para maximizar a entrega de emails.<\/span><br \/>\n<\/a><\/li>\n<li class=\"half-rightli-box\"><a title=\"INSTALA\u00c7\u00c3O F\u00c1CIL E R\u00c1PIDA\"><span class=\"features-rev2018-title\">INSTALA\u00c7\u00c3O F\u00c1CIL E R\u00c1PIDA<\/span><br \/>\n<span class=\"features-rev2018-description\"><img decoding=\"async\" class=\"wp-image-1716\" src=\"\/wp-content\/uploads\/2018\/03\/step-by-step-tutorials.png\" alt=\"INSTALA\u00c7\u00c3O F\u00c1CIL E R\u00c1PIDA\" width=\"50\" height=\"50\" \/>Sem precisar de instalar software. Simplesmente autentique o seu software de cliente de email introduzindo \u2018tubo-smtp.com\u2019 e usando as suas API Keys (Consumer Key e Consumer Secret) nas configura\u00e7\u00f5es do seu SMTP. Configure-o uma \u00fanica vez e estar\u00e1 sempre pronto a usar!<\/span><br \/>\n<\/a><\/li>\n<li class=\"half-leftli-box\"><a title=\"PLANOS E SERVI\u00c7OS FLEX\u00cdVIES\" ><span class=\"features-rev2018-title\">PLANOS E SERVI\u00c7OS FLEX\u00cdVIES<\/span><br \/>\n<span class=\"features-rev2018-description\"><img decoding=\"async\" class=\"wp-image-1695\" src=\"\/wp-content\/uploads\/2018\/03\/flexible-service-plans.png\" alt=\"PLANOS E SERVI\u00c7OS FLEX\u00cdVIES\" width=\"50\" height=\"50\" \/>Os nossos pacotes s\u00e3o criados para atender \u00e0s necessidades da nossa lista diversa de clientes, incluindo utilizadores m\u00f3veis, de acesso dom\u00e9stico ou de pequenas empresas, lista de distribuidores de emails e servidores administrativos de email.<\/span><br \/>\n<\/a><\/li>\n<li class=\"half-rightli-box\"><a title=\"COMPATIBILIDADE COM QUALQUER SERVI\u00c7O DE INTERNET\" ><span class=\"features-rev2018-title\">COMPATIBILIDADE COM QUALQUER SERVI\u00c7O DE INTERNET<\/span><br \/>\n<span class=\"features-rev2018-description\"><img decoding=\"async\" class=\"alignnone size-full wp-image-2502\" src=\"\/wp-content\/uploads\/2018\/04\/network.png\" alt=\"COMPATIBILIDADE COM QUALQUER SERVI\u00c7O DE INTERNET\" width=\"50\" height=\"50\" srcset=\"https:\/\/serversmtp.com\/wp-content\/uploads\/2018\/04\/network.png 64w, https:\/\/serversmtp.com\/wp-content\/uploads\/2018\/04\/network-55x55.png 55w\" sizes=\"(max-width: 50px) 100vw, 50px\" \/>O turboSMTP trabalha com qualquer Provedor de Servi\u00e7os de Internet, incluindo a maioria de redes de banda larga e hotspots p\u00fablicos de Wi-Fi.<\/span><br \/>\n<\/a><\/li>\n<li class=\"half-leftli-box\"><a title=\"COMPATIBILIDADE COM A MAIORIA DOS CLIENTES DE EMAIL\" href=\"\/en\/compatible-with-all-major-clients\"><span class=\"features-rev2018-title\">COMPATIBILIDADE COM A MAIORIA DOS CLIENTES DE EMAIL<\/span><br \/>\n<span class=\"features-rev2018-description\"><img decoding=\"async\" class=\"wp-image-1692\" src=\"\/wp-content\/uploads\/2018\/03\/compatible-with-all-major-clients.png\" alt=\"COMPATIBILIDADE COM A MAIORIA DOS CLIENTES DE EMAIL\" width=\"50\" height=\"50\" \/>A maioria dos clientes de email s\u00e3o compat\u00edveis com o servi\u00e7o turboSMTP, incluindo todas as vers\u00f5es do Microsoft Outlook, Microsoft Vista Mail, Microsoft Outlook Express, Mozilla Thunderbird, Opera Mail, Netscape Mail, Apple iPhone, e muitos mais.<\/span><br \/>\n<\/a><\/li>\n<li class=\"half-rightli-box\"><a title=\"ACOMPANHAMENTO DE EMAILS E RELAT\u00d3RIOS\" href=\"\/en\/compatible-with-all-major-clients\"><span class=\"features-rev2018-title\">ACOMPANHAMENTO DE EMAILS E RELAT\u00d3RIOS<\/span><br \/>\n<span class=\"features-rev2018-description\"><img decoding=\"async\" class=\"alignnone size-full wp-image-2486\" src=\"\/wp-content\/uploads\/2018\/04\/ethereal.png\" alt=\"ACOMPANHAMENTO DE EMAILS E RELAT\u00d3RIOS\" width=\"50\" height=\"50\" srcset=\"https:\/\/serversmtp.com\/wp-content\/uploads\/2018\/04\/ethereal.png 64w, https:\/\/serversmtp.com\/wp-content\/uploads\/2018\/04\/ethereal-55x55.png 55w\" sizes=\"(max-width: 50px) 100vw, 50px\" \/>Acompanhe todas as suas mensagens enviadas com estado e gr\u00e1ficos detalhados na sua \u00e1rea de gest\u00e3o de conta e descarregue relat\u00f3rios de entrega de emails, no formato CSV para uma melhor an\u00e1lise.<\/span><br \/>\n<\/a><\/li>\n<li class=\"half-leftli-box\"><a title=\"GEST\u00c3O DA DEVOLU\u00c7\u00c3O\" href=\"\/en\/compatible-with-all-major-clients\"><span class=\"features-rev2018-title\">GEST\u00c3O DA DEVOLU\u00c7\u00c3O<\/span><br \/>\n<span class=\"features-rev2018-description\"><img decoding=\"async\" class=\"wp-image-2493\" src=\"\/wp-content\/uploads\/2018\/04\/mail_message2.png\" alt=\"GEST\u00c3O DA DEVOLU\u00c7\u00c3O\" width=\"50\" height=\"50\" srcset=\"https:\/\/serversmtp.com\/wp-content\/uploads\/2018\/04\/mail_message2.png 64w, https:\/\/serversmtp.com\/wp-content\/uploads\/2018\/04\/mail_message2-55x55.png 55w\" sizes=\"(max-width: 50px) 100vw, 50px\" \/>Verifique individualmente os emails devolvidos e descubra porque voltaram dos seus destinat\u00e1rios.<\/span><br \/>\n<\/a><\/li>\n<li class=\"half-rightli-box\"><a title=\"TUTORIAIS PASSO-A-PASSO\" href=\"\/en\/compatible-with-all-major-clients\"><span class=\"features-rev2018-title\">TUTORIAIS PASSO-A-PASSO<\/span><br \/>\n<span class=\"features-rev2018-description\"><img decoding=\"async\" class=\"wp-image-2505\" src=\"\/wp-content\/uploads\/2018\/04\/package_education.png\" alt=\"TUTORIAIS PASSO-A-PASSO\" width=\"50\" height=\"50\" srcset=\"https:\/\/serversmtp.com\/wp-content\/uploads\/2018\/04\/package_education.png 64w, https:\/\/serversmtp.com\/wp-content\/uploads\/2018\/04\/package_education-55x55.png 55w\" sizes=\"(max-width: 50px) 100vw, 50px\" \/>Criamos alguns tutoriais detalhados que o ir\u00e3o ajudar a configurar os clientes de emails mais populares para trabalhar com a sua conta turboSMTP.<\/span><br \/>\n<\/a><\/li>\n<li class=\"half-leftli-box\"><a title=\"SERVI\u00c7O ESPECIALIZADO DE APOIO AO CLIENTE\" href=\"\/en\/multilanguage-customer-support\"><span class=\"features-rev2018-title\">SERVI\u00c7O ESPECIALIZADO DE APOIO AO CLIENTE<\/span><br \/>\n<span class=\"features-rev2018-description\"><img decoding=\"async\" class=\"wp-image-1704\" src=\"\/wp-content\/uploads\/2018\/03\/multilanguage-customer-support.png\" alt=\"SERVI\u00c7O ESPECIALIZADO DE APOIO AO CLIENTE\" width=\"50\" height=\"50\" \/>Uma equipa de profissionais dedicados est\u00e1 pronta para o assistir em qualquer quest\u00e3o t\u00e9cnica e quest\u00f5es gerais via email: 24 horas por dia, 7 dias por semana, 365 dias por ano.<\/span><br \/>\n<\/a><\/li>\n<li class=\"half-rightli-box\"><a title=\"GARANTIA DE DEVOLU\u00c7\u00c3O TOTAL DO SEU DINHEIRO\" href=\"\/en\/money-back-guarantee\"><span class=\"features-rev2018-title\">GARANTIA DE DEVOLU\u00c7\u00c3O TOTAL DO SEU DINHEIRO<\/span><br \/>\n<span class=\"features-rev2018-description\"><img decoding=\"async\" class=\"wp-image-1701\" src=\"\/wp-content\/uploads\/2018\/03\/money-back-guarantee.png\" alt=\"GARANTIA DE DEVOLU\u00c7\u00c3O TOTAL DO SEU DINHEIRO\" width=\"50\" height=\"50\" \/>Os servi\u00e7os da turboSMTP oferecem uma garantia de satisfa\u00e7\u00e3o de 15 dias a todos os novos clientes turboSMTP.<br \/>\nUm reembolso total ser\u00e1 garantido a todas as novas contas turboSMTP canceladas nos primeiros 15 dias ou at\u00e9 que o utilizador envie 100 mensagens (o que ocorrer primeiro).<\/span><\/a><\/li>\n<\/ul>\n","protected":false},"excerpt":{"rendered":"<p>turboSMTP \u00e9 perfeito para quem quer enviar e-mails com mais efici\u00eancia e melhores resultados.&nbsp; SERVIDORES REALMENTE DE CONFIAN\u00c7A Os nossos servidores confi\u00e1veis de email listados na lista branca impulsionam a sua taxa de entrega de mails, evitando serem colocados na lista negra e reduzindo os emails filtrados. RELA\u00c7\u00d5ES COM OS ISPs Mantemos uma comunica\u00e7\u00e3o pr\u00f3xima &#8230; <\/p>\n<p class=\"read-more-container\"><a title=\"Funcionalidades\ufeff \ufeff\" class=\"read-more button\" href=\"https:\/\/serversmtp.com\/pt-pt\/funcionalidades\/#more-3114\" aria-label=\"Leia mais sobre Funcionalidades\ufeff \ufeff\">Discover more<\/a><\/p>\n","protected":false},"author":3,"featured_media":0,"parent":0,"menu_order":0,"comment_status":"closed","ping_status":"closed","template":"","meta":{"_eb_attr":"","inline_featured_image":false,"_monsterinsights_skip_tracking":false,"_monsterinsights_sitenote_active":false,"_monsterinsights_sitenote_note":"","_monsterinsights_sitenote_category":0,"footnotes":""},"class_list":["post-3114","page","type-page","status-publish"],"yoast_head":"<!-- This site is optimized with the Yoast SEO plugin v25.3.1 - https:\/\/yoast.com\/wordpress\/plugins\/seo\/ -->\n<title>Funcionalidades\ufeff \ufeff - smtp mail server - professional SMTP service provider<\/title>\n<meta name=\"robots\" content=\"index, follow, max-snippet:-1, max-image-preview:large, max-video-preview:-1\" \/>\n<link rel=\"canonical\" href=\"https:\/\/serversmtp.com\/pt-pt\/funcionalidades\/\" \/>\n<meta name=\"twitter:label1\" content=\"Tempo estimado de leitura\" \/>\n\t<meta name=\"twitter:data1\" content=\"4 minutos\" \/>\n<!-- \/ Yoast SEO plugin. -->","yoast_head_json":{"title":"Funcionalidades\ufeff \ufeff - smtp mail server - professional SMTP service provider","robots":{"index":"index","follow":"follow","max-snippet":"max-snippet:-1","max-image-preview":"max-image-preview:large","max-video-preview":"max-video-preview:-1"},"canonical":"https:\/\/serversmtp.com\/pt-pt\/funcionalidades\/","twitter_misc":{"Tempo estimado de leitura":"4 minutos"},"schema":{"@context":"https:\/\/schema.org","@graph":[{"@type":"WebPage","@id":"https:\/\/serversmtp.com\/pt-pt\/funcionalidades\/","url":"https:\/\/serversmtp.com\/pt-pt\/funcionalidades\/","name":"Funcionalidades\ufeff \ufeff - smtp mail server - professional SMTP service provider","isPartOf":{"@id":"https:\/\/serversmtp.com\/#website"},"datePublished":"2018-04-26T10:47:32+00:00","dateModified":"2025-10-23T08:43:42+00:00","breadcrumb":{"@id":"https:\/\/serversmtp.com\/pt-pt\/funcionalidades\/#breadcrumb"},"inLanguage":"pt-PT","potentialAction":[{"@type":"ReadAction","target":["https:\/\/serversmtp.com\/pt-pt\/funcionalidades\/"]}]},{"@type":"BreadcrumbList","@id":"https:\/\/serversmtp.com\/pt-pt\/funcionalidades\/#breadcrumb","itemListElement":[{"@type":"ListItem","position":1,"name":"Home","item":"https:\/\/serversmtp.com\/pt-pt\/"},{"@type":"ListItem","position":2,"name":"Funcionalidades\ufeff \ufeff"}]},{"@type":"WebSite","@id":"https:\/\/serversmtp.com\/#website","url":"https:\/\/serversmtp.com\/","name":"smtp mail server - professional SMTP service provider","description":"smtp mail server - professional SMTP service provider","publisher":{"@id":"https:\/\/serversmtp.com\/#organization"},"potentialAction":[{"@type":"SearchAction","target":{"@type":"EntryPoint","urlTemplate":"https:\/\/serversmtp.com\/?s={search_term_string}"},"query-input":{"@type":"PropertyValueSpecification","valueRequired":true,"valueName":"search_term_string"}}],"inLanguage":"pt-PT"},{"@type":"Organization","@id":"https:\/\/serversmtp.com\/#organization","name":"Delivery Tech","url":"https:\/\/serversmtp.com\/","logo":{"@type":"ImageObject","inLanguage":"pt-PT","@id":"https:\/\/serversmtp.com\/#\/schema\/logo\/image\/","url":"https:\/\/serversmtp.com\/wp-content\/uploads\/2021\/11\/og-image-2.jpg","contentUrl":"https:\/\/serversmtp.com\/wp-content\/uploads\/2021\/11\/og-image-2.jpg","width":1200,"height":1128,"caption":"Delivery Tech"},"image":{"@id":"https:\/\/serversmtp.com\/#\/schema\/logo\/image\/"}}]}},"_links":{"self":[{"href":"https:\/\/serversmtp.com\/pt-pt\/wp-json\/wp\/v2\/pages\/3114"}],"collection":[{"href":"https:\/\/serversmtp.com\/pt-pt\/wp-json\/wp\/v2\/pages"}],"about":[{"href":"https:\/\/serversmtp.com\/pt-pt\/wp-json\/wp\/v2\/types\/page"}],"author":[{"embeddable":true,"href":"https:\/\/serversmtp.com\/pt-pt\/wp-json\/wp\/v2\/users\/3"}],"replies":[{"embeddable":true,"href":"https:\/\/serversmtp.com\/pt-pt\/wp-json\/wp\/v2\/comments?post=3114"}],"version-history":[{"count":5,"href":"https:\/\/serversmtp.com\/pt-pt\/wp-json\/wp\/v2\/pages\/3114\/revisions"}],"predecessor-version":[{"id":22561,"href":"https:\/\/serversmtp.com\/pt-pt\/wp-json\/wp\/v2\/pages\/3114\/revisions\/22561"}],"wp:attachment":[{"href":"https:\/\/serversmtp.com\/pt-pt\/wp-json\/wp\/v2\/media?parent=3114"}],"curies":[{"name":"wp","href":"https:\/\/api.w.org\/{rel}","templated":true}]}}