{"id":3065,"date":"2018-04-25T20:57:58","date_gmt":"2018-04-25T18:57:58","guid":{"rendered":"https:\/\/dev.serversmtp.com\/?page_id=3065"},"modified":"2018-04-25T20:58:59","modified_gmt":"2018-04-25T18:58:59","slug":"servidor-smtp-dedicado","status":"publish","type":"page","link":"https:\/\/serversmtp.com\/pt-pt\/servidor-smtp-dedicado\/","title":{"rendered":"Porque usar um servidor de SMTP dedicado"},"content":{"rendered":"<p>Muitos profissionais de marketing ainda pensam que para fazer com que os seus destinat\u00e1rios recebam um <strong>e-mail de envio em massa<\/strong> \u2013 um boletim informativo por exemplo \u2013 podem confiar num <strong>servidor SMTP<\/strong> comum e gratuito. Bem, esse \u00e9 um grande erro. H\u00e1 tr\u00eas raz\u00f5es principais porque \u00e9 imperativo o uso de um <strong><a title=\"smtp ilimitado\" href=\"\/en\/signup\">servidor SMTP dedicado<\/a><\/strong>&nbsp;y limitado no que toca ao marketing por e-mail:<\/p>\n<p><strong>1.<\/strong> Um <strong>servidor SMTP normal<\/strong> &#8211; como o associado a um provedor de e-mail comum, como o Gmail \u2013 tem duas grandes limita\u00e7\u00f5es: em primeiro lugar, <strong>n\u00e3o lhe permite enviar mais do que um certo n\u00famero de e-mails<\/strong> (ou para gerir mais do que um certo n\u00famero de destinat\u00e1rios) por dia. Em segundo lugar, n\u00e3o sendo concebido para envios em massa, <strong>n\u00e3o pode garantir uma boa taxa de entrega<\/strong> \u2013 ou seja, as suas mensagens correm sempre o risco de serem rejeitadas por filtros anti-spam e ISPs. Por outro lado, um servidor de envio dedicado como o <a title=\"servidor smtp\" href=\"\/pt-pt\/signup\">turboSMTP<\/a> deix\u00e1-lo-\u00e1 <strong>enviar e-mails ilimitados<\/strong> assegurando-lhe a maior taxa de entrega.<\/p>\n<p><strong>2.<\/strong> Um servi\u00e7o profissional de SMTP geralmente vem com algumas <strong>ferramentas<\/strong> <strong>avan\u00e7adas para analisar a sua campanha de e-mails<\/strong>, obter estat\u00edsticas \u00fateis tais como a taxa de retorno, taxa de abertura, de cliques, etc.<\/p>\n<p><strong>3.<\/strong> Se encontrar algum problema t\u00e9cnico \u2013 seja um erro t\u00edpico de SMTP ou algo mais s\u00e9rio \u2013 um bom e dedicado servidor SMTP ir\u00e1 prover um<strong> apoio ao cliente<\/strong> de forma a ajud\u00e1-lo a resolver rapidamente certificando-se de que todos os seus e-mails chegar\u00e3o corretamente \u00e0 caixa de entrada. (turboSMTP, particularmente, oferece um <strong>servi\u00e7o de apoio 24h<\/strong>).<\/p>\n<p>Portanto, se est\u00e1 a gerir uma campanha por e-mail ou simplesmente precisa enviar uma mensagem em massa, \u00e9 sem d\u00favida tempo de <strong>mudar para um servi\u00e7o profissional<\/strong>.<\/p>\n<p>Pode testar o turboSMTP <a title=\"servidor smtp\" href=\"\/pt-pt\/signup\">subscrevendo agora<\/a> e ganha 6.000 e-mails gr\u00e1tis por m\u00eas, para sempre.<\/p>\n","protected":false},"excerpt":{"rendered":"<p>Muitos profissionais de marketing ainda pensam que para fazer com que os seus destinat\u00e1rios recebam um e-mail de envio em massa \u2013 um boletim informativo por exemplo \u2013 podem confiar num servidor SMTP comum e gratuito. Bem, esse \u00e9 um grande erro. H\u00e1 tr\u00eas raz\u00f5es principais porque \u00e9 imperativo o uso de um servidor SMTP &#8230; <\/p>\n<p class=\"read-more-container\"><a title=\"Porque usar um servidor de SMTP dedicado\" class=\"read-more button\" href=\"https:\/\/serversmtp.com\/pt-pt\/servidor-smtp-dedicado\/#more-3065\" aria-label=\"Leia mais sobre Porque usar um servidor de SMTP dedicado\">Discover more<\/a><\/p>\n","protected":false},"author":3,"featured_media":0,"parent":0,"menu_order":0,"comment_status":"closed","ping_status":"closed","template":"g1_template_page_sidebar_right.php","meta":{"_eb_attr":"","inline_featured_image":false,"_monsterinsights_skip_tracking":false,"_monsterinsights_sitenote_active":false,"_monsterinsights_sitenote_note":"","_monsterinsights_sitenote_category":0,"footnotes":""},"class_list":["post-3065","page","type-page","status-publish"],"yoast_head":"<!-- This site is optimized with the Yoast SEO plugin v25.3.1 - https:\/\/yoast.com\/wordpress\/plugins\/seo\/ -->\n<title>Porque usar um servidor de SMTP dedicado - smtp mail server - professional SMTP service provider<\/title>\n<meta name=\"robots\" content=\"index, follow, max-snippet:-1, max-image-preview:large, max-video-preview:-1\" \/>\n<link rel=\"canonical\" href=\"https:\/\/serversmtp.com\/pt-pt\/servidor-smtp-dedicado\/\" \/>\n<meta name=\"twitter:label1\" content=\"Tempo estimado de leitura\" \/>\n\t<meta name=\"twitter:data1\" content=\"2 minutos\" \/>\n<!-- \/ Yoast SEO plugin. -->","yoast_head_json":{"title":"Porque usar um servidor de SMTP dedicado - smtp mail server - professional SMTP service provider","robots":{"index":"index","follow":"follow","max-snippet":"max-snippet:-1","max-image-preview":"max-image-preview:large","max-video-preview":"max-video-preview:-1"},"canonical":"https:\/\/serversmtp.com\/pt-pt\/servidor-smtp-dedicado\/","twitter_misc":{"Tempo estimado de leitura":"2 minutos"},"schema":{"@context":"https:\/\/schema.org","@graph":[{"@type":"WebPage","@id":"https:\/\/serversmtp.com\/pt-pt\/servidor-smtp-dedicado\/","url":"https:\/\/serversmtp.com\/pt-pt\/servidor-smtp-dedicado\/","name":"Porque usar um servidor de SMTP dedicado - smtp mail server - professional SMTP service provider","isPartOf":{"@id":"https:\/\/serversmtp.com\/de\/#website"},"datePublished":"2018-04-25T18:57:58+00:00","dateModified":"2018-04-25T18:58:59+00:00","breadcrumb":{"@id":"https:\/\/serversmtp.com\/pt-pt\/servidor-smtp-dedicado\/#breadcrumb"},"inLanguage":"pt-PT","potentialAction":[{"@type":"ReadAction","target":["https:\/\/serversmtp.com\/pt-pt\/servidor-smtp-dedicado\/"]}]},{"@type":"BreadcrumbList","@id":"https:\/\/serversmtp.com\/pt-pt\/servidor-smtp-dedicado\/#breadcrumb","itemListElement":[{"@type":"ListItem","position":1,"name":"Home","item":"https:\/\/serversmtp.com\/pt-pt\/"},{"@type":"ListItem","position":2,"name":"Porque usar um servidor de SMTP dedicado"}]},{"@type":"WebSite","@id":"https:\/\/serversmtp.com\/de\/#website","url":"https:\/\/serversmtp.com\/de\/","name":"smtp mail server - professional SMTP service provider","description":"smtp mail server - professional SMTP service provider","publisher":{"@id":"https:\/\/serversmtp.com\/de\/#organization"},"potentialAction":[{"@type":"SearchAction","target":{"@type":"EntryPoint","urlTemplate":"https:\/\/serversmtp.com\/de\/?s={search_term_string}"},"query-input":{"@type":"PropertyValueSpecification","valueRequired":true,"valueName":"search_term_string"}}],"inLanguage":"pt-PT"},{"@type":"Organization","@id":"https:\/\/serversmtp.com\/de\/#organization","name":"Delivery Tech","url":"https:\/\/serversmtp.com\/de\/","logo":{"@type":"ImageObject","inLanguage":"pt-PT","@id":"https:\/\/serversmtp.com\/de\/#\/schema\/logo\/image\/","url":"https:\/\/serversmtp.com\/wp-content\/uploads\/2021\/11\/og-image-2.jpg","contentUrl":"https:\/\/serversmtp.com\/wp-content\/uploads\/2021\/11\/og-image-2.jpg","width":1200,"height":1128,"caption":"Delivery Tech"},"image":{"@id":"https:\/\/serversmtp.com\/de\/#\/schema\/logo\/image\/"}}]}},"_links":{"self":[{"href":"https:\/\/serversmtp.com\/pt-pt\/wp-json\/wp\/v2\/pages\/3065"}],"collection":[{"href":"https:\/\/serversmtp.com\/pt-pt\/wp-json\/wp\/v2\/pages"}],"about":[{"href":"https:\/\/serversmtp.com\/pt-pt\/wp-json\/wp\/v2\/types\/page"}],"author":[{"embeddable":true,"href":"https:\/\/serversmtp.com\/pt-pt\/wp-json\/wp\/v2\/users\/3"}],"replies":[{"embeddable":true,"href":"https:\/\/serversmtp.com\/pt-pt\/wp-json\/wp\/v2\/comments?post=3065"}],"version-history":[{"count":3,"href":"https:\/\/serversmtp.com\/pt-pt\/wp-json\/wp\/v2\/pages\/3065\/revisions"}],"predecessor-version":[{"id":3068,"href":"https:\/\/serversmtp.com\/pt-pt\/wp-json\/wp\/v2\/pages\/3065\/revisions\/3068"}],"wp:attachment":[{"href":"https:\/\/serversmtp.com\/pt-pt\/wp-json\/wp\/v2\/media?parent=3065"}],"curies":[{"name":"wp","href":"https:\/\/api.w.org\/{rel}","templated":true}]}}