{"id":3058,"date":"2018-04-25T20:36:33","date_gmt":"2018-04-25T18:36:33","guid":{"rendered":"https:\/\/dev.serversmtp.com\/?page_id=3058"},"modified":"2018-04-25T21:26:43","modified_gmt":"2018-04-25T19:26:43","slug":"servidor-de-email","status":"publish","type":"page","link":"https:\/\/serversmtp.com\/pt-pt\/servidor-de-email\/","title":{"rendered":"Servidor de email"},"content":{"rendered":"<p>Um<strong> servidor de entrega de email profissional<\/strong> \u00e9 essencial quando se trata de envios em massa, marketing e emails transacionais. Na verdade, apenas um servidor de entrega de email dedicado ir\u00e1 garantir que todas as suas v\u00e1rias mensagens cheguem \u00e0 caixa de entrada pretendida, evitando qualquer <strong>restri\u00e7\u00e3o ISP<\/strong> ou <strong>filtro de spam<\/strong>.<\/p>\n<p>turboSMTP oferece-lhe exactamente isso. Um <strong>provedor de servi\u00e7o SMTP<\/strong> \u2013 ou seja, um motor de entrega de email \u2013 que ir\u00e1 melhorar incrivelmente a sua capacidade de entrega por um <strong>pre\u00e7o muito competitivo<\/strong>, definido de acordo com as suas necessidades de envio de e-mail.<\/p>\n<p>Tamb\u00e9m vem com um <a title=\"servidor de email\" href=\"\/pt-pt\/signup\">plano 100% gratuito<\/a> se necessitar de enviar menos de 6.000 emails\/m\u00eas, e uma nova <a title=\"SMTP API\" href=\"\/pt-pt\/servico-smtp-api\">SMTP API<\/a> para integrar o servi\u00e7o de envio na sua aplica\u00e7\u00e3o ou website.<\/p>\n<p>Finalmente, turboSMTP fornece um poderoso <strong>sistema de rastreamento on-line<\/strong>, para que possa analisar o estado das suas mensagens para cada um do destinat\u00e1rios e obter m\u00e9tricas \u00fateis para <strong>melhorar a sua campanha de marketing<\/strong>. Com as nossas ferramentas poder\u00e1 ter uma confirma\u00e7\u00e3o de entrega de email em tempo real.<\/p>\n<p>N\u00e3o importa o tipo de email que envia \u2013 DEM, boletins informativos, pessoal ou de neg\u00f3cios \u2013 a nossa fun\u00e7\u00e3o \u00e9 envi\u00e1-lo. <a title=\"servidor smtp\" href=\"\/pt-pt\/signup\">Inscreva-se<\/a> e<strong> deixe-nos faz\u00ea-lo por si<\/strong>.<\/p>\n","protected":false},"excerpt":{"rendered":"<p>Um servidor de entrega de email profissional \u00e9 essencial quando se trata de envios em massa, marketing e emails transacionais. Na verdade, apenas um servidor de entrega de email dedicado ir\u00e1 garantir que todas as suas v\u00e1rias mensagens cheguem \u00e0 caixa de entrada pretendida, evitando qualquer restri\u00e7\u00e3o ISP ou filtro de spam. turboSMTP oferece-lhe exactamente &#8230; <\/p>\n<p class=\"read-more-container\"><a title=\"Servidor de email\" class=\"read-more button\" href=\"https:\/\/serversmtp.com\/pt-pt\/servidor-de-email\/#more-3058\" aria-label=\"Leia mais sobre Servidor de email\">Discover more<\/a><\/p>\n","protected":false},"author":3,"featured_media":0,"parent":0,"menu_order":0,"comment_status":"closed","ping_status":"closed","template":"g1_template_page_sidebar_right.php","meta":{"_eb_attr":"","inline_featured_image":false,"_monsterinsights_skip_tracking":false,"_monsterinsights_sitenote_active":false,"_monsterinsights_sitenote_note":"","_monsterinsights_sitenote_category":0,"footnotes":""},"class_list":["post-3058","page","type-page","status-publish"],"yoast_head":"<!-- This site is optimized with the Yoast SEO plugin v25.3.1 - https:\/\/yoast.com\/wordpress\/plugins\/seo\/ -->\n<title>Servidor de email - smtp mail server - professional SMTP service provider<\/title>\n<meta name=\"robots\" content=\"index, follow, max-snippet:-1, max-image-preview:large, max-video-preview:-1\" \/>\n<link rel=\"canonical\" href=\"https:\/\/serversmtp.com\/pt-pt\/servidor-de-email\/\" \/>\n<meta name=\"twitter:label1\" content=\"Tempo estimado de leitura\" \/>\n\t<meta name=\"twitter:data1\" content=\"1 minuto\" \/>\n<!-- \/ Yoast SEO plugin. -->","yoast_head_json":{"title":"Servidor de email - smtp mail server - professional SMTP service provider","robots":{"index":"index","follow":"follow","max-snippet":"max-snippet:-1","max-image-preview":"max-image-preview:large","max-video-preview":"max-video-preview:-1"},"canonical":"https:\/\/serversmtp.com\/pt-pt\/servidor-de-email\/","twitter_misc":{"Tempo estimado de leitura":"1 minuto"},"schema":{"@context":"https:\/\/schema.org","@graph":[{"@type":"WebPage","@id":"https:\/\/serversmtp.com\/pt-pt\/servidor-de-email\/","url":"https:\/\/serversmtp.com\/pt-pt\/servidor-de-email\/","name":"Servidor de email - smtp mail server - professional SMTP service provider","isPartOf":{"@id":"https:\/\/serversmtp.com\/fr\/#website"},"datePublished":"2018-04-25T18:36:33+00:00","dateModified":"2018-04-25T19:26:43+00:00","breadcrumb":{"@id":"https:\/\/serversmtp.com\/pt-pt\/servidor-de-email\/#breadcrumb"},"inLanguage":"pt-PT","potentialAction":[{"@type":"ReadAction","target":["https:\/\/serversmtp.com\/pt-pt\/servidor-de-email\/"]}]},{"@type":"BreadcrumbList","@id":"https:\/\/serversmtp.com\/pt-pt\/servidor-de-email\/#breadcrumb","itemListElement":[{"@type":"ListItem","position":1,"name":"Home","item":"https:\/\/serversmtp.com\/pt-pt\/"},{"@type":"ListItem","position":2,"name":"Servidor de email"}]},{"@type":"WebSite","@id":"https:\/\/serversmtp.com\/fr\/#website","url":"https:\/\/serversmtp.com\/fr\/","name":"smtp mail server - professional SMTP service provider","description":"smtp mail server - professional SMTP service provider","publisher":{"@id":"https:\/\/serversmtp.com\/fr\/#organization"},"potentialAction":[{"@type":"SearchAction","target":{"@type":"EntryPoint","urlTemplate":"https:\/\/serversmtp.com\/fr\/?s={search_term_string}"},"query-input":{"@type":"PropertyValueSpecification","valueRequired":true,"valueName":"search_term_string"}}],"inLanguage":"pt-PT"},{"@type":"Organization","@id":"https:\/\/serversmtp.com\/fr\/#organization","name":"Delivery Tech","url":"https:\/\/serversmtp.com\/fr\/","logo":{"@type":"ImageObject","inLanguage":"pt-PT","@id":"https:\/\/serversmtp.com\/fr\/#\/schema\/logo\/image\/","url":"https:\/\/serversmtp.com\/wp-content\/uploads\/2021\/11\/og-image-2.jpg","contentUrl":"https:\/\/serversmtp.com\/wp-content\/uploads\/2021\/11\/og-image-2.jpg","width":1200,"height":1128,"caption":"Delivery Tech"},"image":{"@id":"https:\/\/serversmtp.com\/fr\/#\/schema\/logo\/image\/"}}]}},"_links":{"self":[{"href":"https:\/\/serversmtp.com\/pt-pt\/wp-json\/wp\/v2\/pages\/3058"}],"collection":[{"href":"https:\/\/serversmtp.com\/pt-pt\/wp-json\/wp\/v2\/pages"}],"about":[{"href":"https:\/\/serversmtp.com\/pt-pt\/wp-json\/wp\/v2\/types\/page"}],"author":[{"embeddable":true,"href":"https:\/\/serversmtp.com\/pt-pt\/wp-json\/wp\/v2\/users\/3"}],"replies":[{"embeddable":true,"href":"https:\/\/serversmtp.com\/pt-pt\/wp-json\/wp\/v2\/comments?post=3058"}],"version-history":[{"count":2,"href":"https:\/\/serversmtp.com\/pt-pt\/wp-json\/wp\/v2\/pages\/3058\/revisions"}],"predecessor-version":[{"id":3060,"href":"https:\/\/serversmtp.com\/pt-pt\/wp-json\/wp\/v2\/pages\/3058\/revisions\/3060"}],"wp:attachment":[{"href":"https:\/\/serversmtp.com\/pt-pt\/wp-json\/wp\/v2\/media?parent=3058"}],"curies":[{"name":"wp","href":"https:\/\/api.w.org\/{rel}","templated":true}]}}