{"id":3053,"date":"2018-04-25T20:25:20","date_gmt":"2018-04-25T18:25:20","guid":{"rendered":"https:\/\/dev.serversmtp.com\/?page_id=3053"},"modified":"2025-10-23T10:40:53","modified_gmt":"2025-10-23T08:40:53","slug":"smtp-ipad-definicoes","status":"publish","type":"page","link":"https:\/\/serversmtp.com\/pt-pt\/smtp-ipad-definicoes\/","title":{"rendered":"Defini\u00e7\u00f5es SMTP para iPad"},"content":{"rendered":"<p>Para fazer com que o cliente de e-mail do seu iPad funcione e envie correctamente os seus e-mails, precisa de<strong> configurar as defini\u00e7\u00f5es do seu SMTP<\/strong>.<\/p>\n<p>N\u00e3o \u00e9 de admirar que o iPad se tenha tornado uma das ferramentas mais usadas para o envio de e-mails quando estamos em movimento: o facto de ser pr\u00e1tico e o seu bonito design fazem dele um excelente dispositivo para o <strong>envio de e-mails<\/strong>.<\/p>\n<p>Lembre-se de qualquer forma que se utilizar um servidor SMTP normal como os que v\u00eam com a sua conta do Gmail ou Hotmail, \u00e9 necess\u00e1rio alterar a configura\u00e7\u00e3o sempre que <strong>alterar liga\u00e7\u00e3o \u00e0 internet<\/strong>.<\/p>\n<p>Para <strong>evitar este problema<\/strong>, pode mudar para um <a title=\"servidor smtp profissional\" href=\"\/pt-pt\/signup\">servi\u00e7o SMTP profissional<\/a> que trabalha com qualquer tipo de ISP (e por isso \u00e9 ideal se viaja muito e actualmente usa o seu iPad para verificar a sua caixa de entrada).<\/p>\n<p>E aqui est\u00e1 como <strong>configurar um SMTP para o seu iPad<\/strong>.<\/p>\n<p><strong>1.<\/strong> Seleccione \u201cDefini\u00e7\u00f5es &gt; Mail, Contactos, Calend\u00e1rios\u201d.<\/p>\n<p><strong>2.<\/strong> Escolha a conta de e-mail pela qual quer enviar mensagens (ou adicione uma nova se for o caso.<\/p>\n<p><strong>3.<\/strong> Escolha \u201cSMTP\u201d por baixo de \u201cServidor de envio de e-mail\u201d e clique em \u201cAdicionar servidor&#8230;\u201d.<\/p>\n<p><strong>4.<\/strong> Introduza a seguinte informa\u00e7\u00e3o:<\/p>\n<p><img decoding=\"async\" class=\"aligncenter wp-image-3055 size-full\" src=\"https:\/\/serversmtp.com\/wp-content\/uploads\/2018\/04\/servidor-correio-saida-ipad.jpg\" alt=\"\" width=\"537\" height=\"562\" srcset=\"https:\/\/serversmtp.com\/wp-content\/uploads\/2018\/04\/servidor-correio-saida-ipad.jpg 537w, https:\/\/serversmtp.com\/wp-content\/uploads\/2018\/04\/servidor-correio-saida-ipad-287x300.jpg 287w, https:\/\/serversmtp.com\/wp-content\/uploads\/2018\/04\/servidor-correio-saida-ipad-320x335.jpg 320w, https:\/\/serversmtp.com\/wp-content\/uploads\/2018\/04\/servidor-correio-saida-ipad-239x250.jpg 239w\" sizes=\"(max-width: 537px) 100vw, 537px\" \/><\/p>\n<ul>\n<li><strong>Servidor<\/strong>: ligado.<\/li>\n<li><strong>Nome do Host:<\/strong> o nome do seu servidor SMTP. Se n\u00e3o sabe, verifique a nossa <a title=\"lista parametros smtp\" href=\"\/pt-pt\/servidores-smtp\">lista de par\u00e2metros dos servidores de sa\u00edda<\/a>.<\/li>\n<li><strong>Nome de Usuario<\/strong>: o seuendere\u00e7o de e-mail para envio (se usar o turboSMTP, deve introduzir em seu lugar a sua Consumer Key \u2014 <a href=\"https:\/\/serversmtp.com\/understanding-and-creating-api-keys-with-turbosmtp-a-comprehensive-guide\/#how-to\" title=\"Como criar as suas API Keys\" target=\"_blank\" rel=\"noopener\">veja como criar as suas API Keys<\/a>).<\/li>\n<li><strong>Senha<\/strong>: a password que escolheu (se usar o turboSMTP, deve introduzir em seu lugar a sua Consumer Secret \u2014 <a href=\"https:\/\/serversmtp.com\/understanding-and-creating-api-keys-with-turbosmtp-a-comprehensive-guide\/#how-to\" title=\"Como criar as suas API Keys\" target=\"_blank\" rel=\"noopener\">veja como criar as suas API Keys<\/a>).<\/li>\n<li><strong>Usar SSL<\/strong>: ligado.<\/li>\n<li><strong>Autentica\u00e7\u00e3o<\/strong>: clique e seleccione \u201cPassword\u201d; introduza a sua password (se usar o turboSMTP, deve introduzir em seu lugar a sua Consumer Secret \u2014 <a href=\"https:\/\/serversmtp.com\/understanding-and-creating-api-keys-with-turbosmtp-a-comprehensive-guide\/#how-to\" title=\"Como criar as suas API Keys\" target=\"_blank\" rel=\"noopener\">veja como criar as suas API Keys<\/a>).<\/li>\n<li><strong>Porta do servidor<\/strong>: a porta pr\u00e9-definida \u00e9 25, mas alguns ISPs bloqueiam-na devido ao grande n\u00famero de spam; por isso <a title=\"porta de saida smtp\" href=\"\/pt-pt\/porta-de-saida-smtp\">pode definir outra<\/a>, como a 587.<\/li>\n<\/ul>\n<p><strong>6.<\/strong> Clique em \u201cConcluir\u201d e est\u00e1 pronto para enviar e-mails!<\/p>\n","protected":false},"excerpt":{"rendered":"<p>Para fazer com que o cliente de e-mail do seu iPad funcione e envie correctamente os seus e-mails, precisa de configurar as defini\u00e7\u00f5es do seu SMTP. N\u00e3o \u00e9 de admirar que o iPad se tenha tornado uma das ferramentas mais usadas para o envio de e-mails quando estamos em movimento: o facto de ser pr\u00e1tico &#8230; <\/p>\n<p class=\"read-more-container\"><a title=\"Defini\u00e7\u00f5es SMTP para iPad\" class=\"read-more button\" href=\"https:\/\/serversmtp.com\/pt-pt\/smtp-ipad-definicoes\/#more-3053\" aria-label=\"Leia mais sobre Defini\u00e7\u00f5es SMTP para iPad\">Discover more<\/a><\/p>\n","protected":false},"author":3,"featured_media":0,"parent":0,"menu_order":0,"comment_status":"closed","ping_status":"closed","template":"","meta":{"_eb_attr":"","inline_featured_image":false,"_monsterinsights_skip_tracking":false,"_monsterinsights_sitenote_active":false,"_monsterinsights_sitenote_note":"","_monsterinsights_sitenote_category":0,"footnotes":""},"class_list":["post-3053","page","type-page","status-publish"],"yoast_head":"<!-- This site is optimized with the Yoast SEO plugin v25.3.1 - https:\/\/yoast.com\/wordpress\/plugins\/seo\/ -->\n<title>Defini\u00e7\u00f5es SMTP para iPad - smtp mail server - professional SMTP service provider<\/title>\n<meta name=\"robots\" content=\"index, follow, max-snippet:-1, max-image-preview:large, max-video-preview:-1\" \/>\n<link rel=\"canonical\" href=\"https:\/\/serversmtp.com\/pt-pt\/smtp-ipad-definicoes\/\" \/>\n<meta name=\"twitter:label1\" content=\"Tempo estimado de leitura\" \/>\n\t<meta name=\"twitter:data1\" content=\"2 minutos\" \/>\n<!-- \/ Yoast SEO plugin. -->","yoast_head_json":{"title":"Defini\u00e7\u00f5es SMTP para iPad - smtp mail server - professional SMTP service provider","robots":{"index":"index","follow":"follow","max-snippet":"max-snippet:-1","max-image-preview":"max-image-preview:large","max-video-preview":"max-video-preview:-1"},"canonical":"https:\/\/serversmtp.com\/pt-pt\/smtp-ipad-definicoes\/","twitter_misc":{"Tempo estimado de leitura":"2 minutos"},"schema":{"@context":"https:\/\/schema.org","@graph":[{"@type":"WebPage","@id":"https:\/\/serversmtp.com\/pt-pt\/smtp-ipad-definicoes\/","url":"https:\/\/serversmtp.com\/pt-pt\/smtp-ipad-definicoes\/","name":"Defini\u00e7\u00f5es SMTP para iPad - smtp mail server - professional SMTP service provider","isPartOf":{"@id":"https:\/\/serversmtp.com\/#website"},"primaryImageOfPage":{"@id":"https:\/\/serversmtp.com\/pt-pt\/smtp-ipad-definicoes\/#primaryimage"},"image":{"@id":"https:\/\/serversmtp.com\/pt-pt\/smtp-ipad-definicoes\/#primaryimage"},"thumbnailUrl":"https:\/\/serversmtp.com\/wp-content\/uploads\/2018\/04\/servidor-correio-saida-ipad.jpg","datePublished":"2018-04-25T18:25:20+00:00","dateModified":"2025-10-23T08:40:53+00:00","breadcrumb":{"@id":"https:\/\/serversmtp.com\/pt-pt\/smtp-ipad-definicoes\/#breadcrumb"},"inLanguage":"pt-PT","potentialAction":[{"@type":"ReadAction","target":["https:\/\/serversmtp.com\/pt-pt\/smtp-ipad-definicoes\/"]}]},{"@type":"ImageObject","inLanguage":"pt-PT","@id":"https:\/\/serversmtp.com\/pt-pt\/smtp-ipad-definicoes\/#primaryimage","url":"https:\/\/serversmtp.com\/wp-content\/uploads\/2018\/04\/servidor-correio-saida-ipad.jpg","contentUrl":"https:\/\/serversmtp.com\/wp-content\/uploads\/2018\/04\/servidor-correio-saida-ipad.jpg"},{"@type":"BreadcrumbList","@id":"https:\/\/serversmtp.com\/pt-pt\/smtp-ipad-definicoes\/#breadcrumb","itemListElement":[{"@type":"ListItem","position":1,"name":"Home","item":"https:\/\/serversmtp.com\/pt-pt\/"},{"@type":"ListItem","position":2,"name":"Defini\u00e7\u00f5es SMTP para iPad"}]},{"@type":"WebSite","@id":"https:\/\/serversmtp.com\/#website","url":"https:\/\/serversmtp.com\/","name":"smtp mail server - professional SMTP service provider","description":"smtp mail server - professional SMTP service provider","publisher":{"@id":"https:\/\/serversmtp.com\/#organization"},"potentialAction":[{"@type":"SearchAction","target":{"@type":"EntryPoint","urlTemplate":"https:\/\/serversmtp.com\/?s={search_term_string}"},"query-input":{"@type":"PropertyValueSpecification","valueRequired":true,"valueName":"search_term_string"}}],"inLanguage":"pt-PT"},{"@type":"Organization","@id":"https:\/\/serversmtp.com\/#organization","name":"Delivery Tech","url":"https:\/\/serversmtp.com\/","logo":{"@type":"ImageObject","inLanguage":"pt-PT","@id":"https:\/\/serversmtp.com\/#\/schema\/logo\/image\/","url":"https:\/\/serversmtp.com\/wp-content\/uploads\/2021\/11\/og-image-2.jpg","contentUrl":"https:\/\/serversmtp.com\/wp-content\/uploads\/2021\/11\/og-image-2.jpg","width":1200,"height":1128,"caption":"Delivery Tech"},"image":{"@id":"https:\/\/serversmtp.com\/#\/schema\/logo\/image\/"}}]}},"_links":{"self":[{"href":"https:\/\/serversmtp.com\/pt-pt\/wp-json\/wp\/v2\/pages\/3053"}],"collection":[{"href":"https:\/\/serversmtp.com\/pt-pt\/wp-json\/wp\/v2\/pages"}],"about":[{"href":"https:\/\/serversmtp.com\/pt-pt\/wp-json\/wp\/v2\/types\/page"}],"author":[{"embeddable":true,"href":"https:\/\/serversmtp.com\/pt-pt\/wp-json\/wp\/v2\/users\/3"}],"replies":[{"embeddable":true,"href":"https:\/\/serversmtp.com\/pt-pt\/wp-json\/wp\/v2\/comments?post=3053"}],"version-history":[{"count":3,"href":"https:\/\/serversmtp.com\/pt-pt\/wp-json\/wp\/v2\/pages\/3053\/revisions"}],"predecessor-version":[{"id":22560,"href":"https:\/\/serversmtp.com\/pt-pt\/wp-json\/wp\/v2\/pages\/3053\/revisions\/22560"}],"wp:attachment":[{"href":"https:\/\/serversmtp.com\/pt-pt\/wp-json\/wp\/v2\/media?parent=3053"}],"curies":[{"name":"wp","href":"https:\/\/api.w.org\/{rel}","templated":true}]}}