{"id":3049,"date":"2018-04-25T20:22:17","date_gmt":"2018-04-25T18:22:17","guid":{"rendered":"https:\/\/dev.serversmtp.com\/?page_id=3049"},"modified":"2025-10-23T10:39:58","modified_gmt":"2025-10-23T08:39:58","slug":"smtp-iphone-configurar","status":"publish","type":"page","link":"https:\/\/serversmtp.com\/pt-pt\/smtp-iphone-configurar\/","title":{"rendered":"Configurar SMTP para iPhone"},"content":{"rendered":"<p>O <strong>iPhone<\/strong> \u00e9 \u00f3ptimo para ver e enviar os seus e-mails de onde estiver. Infelizmente, se estiver a utilizar um <strong>servidor SMTP normal<\/strong> &#8211; o que vem com a sua conta no Gmail ou Hotmail ou Yahoo &#8211; precisa <strong>alterar as suas configura\u00e7\u00f5es<\/strong> de cada vez que muda a sua liga\u00e7\u00e3o \u00e0 internet.<\/p>\n<p>Se quiser evitar esse problema de uma vez por todas, pode optar por um <strong>servi\u00e7o SMTP profissional<\/strong> como <a title=\"servidor SMTP\" href=\"\/pt-pt\/signup\">turboSMTP<\/a>: s\u00f3 precisa de configurar as defini\u00e7\u00f5es do nosso servidor <strong>uma vez<\/strong> e ele vai funcionar, n\u00e3o importa que provedor est\u00e1 a utilizar; por isso \u00e9 ideal se viaja com frequ\u00eancia e tem sempre os olhos na sua conta de e-mail.<\/p>\n<p>E aqui est\u00e1 como<strong> configurar um SMTP para o seu iPhone<\/strong>.<\/p>\n<p><strong>1.<\/strong> Clique em \u201cDefini\u00e7\u00f5es &gt; Mail, Contactos, Calend\u00e1rio\u201d.<\/p>\n<p><strong>2<\/strong>. Escolha a conta de e-mail pela qual quer enviar mensagens (ou adicione uma nova se for o caso).<\/p>\n<p><strong>3.<\/strong> Escolha \u201cSMTP\u201d por baixo de \u201cServidor de envio de e-mail\u201d e depois \u201cAdicionar servidor&#8230;\u201d. Esta janela ir\u00e1 surgir:<\/p>\n<p><img decoding=\"async\" class=\"aligncenter wp-image-3051 size-full\" src=\"https:\/\/serversmtp.com\/wp-content\/uploads\/2018\/04\/smtp-iphone-configuracao.gif\" alt=\"\" width=\"320\" height=\"451\" \/><\/p>\n<p><strong>4. <\/strong>Introduza todas as defini\u00e7\u00f5es necess\u00e1rias:<\/p>\n<ul>\n<li><strong>Servidor<\/strong>: \u201cLigado\u201d.<\/li>\n<li><strong>Nome do Host<\/strong>: o nome do seu servidor SMTP (por exemplo pro.turbo-smtp.com se voc\u00ea usar turboSMTP). Se n\u00e3o sabe, verifique a nossa <a title=\"servidores smtp\" href=\"\/pt-pt\/servidores-smtp\">lista de par\u00e2metros dos servidores de sa\u00edda<\/a>.<\/li>\n<li><strong>Nome de usuario<\/strong>: o seu endere\u00e7o de e-mail para envio (se usar o turboSMTP, deve introduzir em seu lugar a sua Consumer Key \u2014 <a href=\"https:\/\/serversmtp.com\/understanding-and-creating-api-keys-with-turbosmtp-a-comprehensive-guide\/#how-to\" title=\"Como criar as suas API Keys\" target=\"_blank\" rel=\"noopener\">veja como criar as suas API Keys<\/a>).<\/li>\n<li><strong>Senha<\/strong>\u00a0a password que escolheu (se usar o turboSMTP, deve introduzir em seu lugar a sua Consumer Secret \u2014 <a href=\"https:\/\/serversmtp.com\/understanding-and-creating-api-keys-with-turbosmtp-a-comprehensive-guide\/#how-to\" title=\"Como criar as suas API Keys\" target=\"_blank\" rel=\"noopener\">veja como criar as suas API Keys<\/a>).<\/li>\n<li><strong>Usar SSL<\/strong>: desligado \u2013 a n\u00e3o ser que tenha activado um modo SSL no seu servidor SMTP.<\/li>\n<li><strong>Autentica\u00e7\u00e3o<\/strong>: clique e seleccione \u201cPassword\u201d; introduza a sua password (se usar o turboSMTP, deve introduzir em seu lugar a sua Consumer Secret \u2014 <a href=\"https:\/\/serversmtp.com\/understanding-and-creating-api-keys-with-turbosmtp-a-comprehensive-guide\/#how-to\" title=\"Como criar as suas API Keys\" target=\"_blank\" rel=\"noopener\">veja como criar as suas API Keys<\/a>).<\/li>\n<li><strong>Porta do servidor<\/strong>: a porta pr\u00e9-definida \u00e9 25, mas alguns ISPs bloqueiam-na devido ao grande n\u00famero de spam; por isso pode <a title=\"porta de saida SMTP\" href=\"\/pt-pt\/porta-de-saida-smtp\">definir outra<\/a> (por exemplo porta 587).<\/li>\n<\/ul>\n","protected":false},"excerpt":{"rendered":"<p>O iPhone \u00e9 \u00f3ptimo para ver e enviar os seus e-mails de onde estiver. Infelizmente, se estiver a utilizar um servidor SMTP normal &#8211; o que vem com a sua conta no Gmail ou Hotmail ou Yahoo &#8211; precisa alterar as suas configura\u00e7\u00f5es de cada vez que muda a sua liga\u00e7\u00e3o \u00e0 internet. Se quiser &#8230; <\/p>\n<p class=\"read-more-container\"><a title=\"Configurar SMTP para iPhone\" class=\"read-more button\" href=\"https:\/\/serversmtp.com\/pt-pt\/smtp-iphone-configurar\/#more-3049\" aria-label=\"Leia mais sobre Configurar SMTP para iPhone\">Discover more<\/a><\/p>\n","protected":false},"author":3,"featured_media":0,"parent":0,"menu_order":0,"comment_status":"closed","ping_status":"closed","template":"","meta":{"_eb_attr":"","inline_featured_image":false,"_monsterinsights_skip_tracking":false,"_monsterinsights_sitenote_active":false,"_monsterinsights_sitenote_note":"","_monsterinsights_sitenote_category":0,"footnotes":""},"class_list":["post-3049","page","type-page","status-publish"],"yoast_head":"<!-- This site is optimized with the Yoast SEO plugin v25.3.1 - https:\/\/yoast.com\/wordpress\/plugins\/seo\/ -->\n<title>Configurar SMTP para iPhone - smtp mail server - professional SMTP service provider<\/title>\n<meta name=\"robots\" content=\"index, follow, max-snippet:-1, max-image-preview:large, max-video-preview:-1\" \/>\n<link rel=\"canonical\" href=\"https:\/\/serversmtp.com\/pt-pt\/smtp-iphone-configurar\/\" \/>\n<meta name=\"twitter:label1\" content=\"Tempo estimado de leitura\" \/>\n\t<meta name=\"twitter:data1\" content=\"2 minutos\" \/>\n<!-- \/ Yoast SEO plugin. -->","yoast_head_json":{"title":"Configurar SMTP para iPhone - smtp mail server - professional SMTP service provider","robots":{"index":"index","follow":"follow","max-snippet":"max-snippet:-1","max-image-preview":"max-image-preview:large","max-video-preview":"max-video-preview:-1"},"canonical":"https:\/\/serversmtp.com\/pt-pt\/smtp-iphone-configurar\/","twitter_misc":{"Tempo estimado de leitura":"2 minutos"},"schema":{"@context":"https:\/\/schema.org","@graph":[{"@type":"WebPage","@id":"https:\/\/serversmtp.com\/pt-pt\/smtp-iphone-configurar\/","url":"https:\/\/serversmtp.com\/pt-pt\/smtp-iphone-configurar\/","name":"Configurar SMTP para iPhone - smtp mail server - professional SMTP service provider","isPartOf":{"@id":"https:\/\/serversmtp.com\/fr\/#website"},"primaryImageOfPage":{"@id":"https:\/\/serversmtp.com\/pt-pt\/smtp-iphone-configurar\/#primaryimage"},"image":{"@id":"https:\/\/serversmtp.com\/pt-pt\/smtp-iphone-configurar\/#primaryimage"},"thumbnailUrl":"https:\/\/serversmtp.com\/wp-content\/uploads\/2018\/04\/smtp-iphone-configuracao.gif","datePublished":"2018-04-25T18:22:17+00:00","dateModified":"2025-10-23T08:39:58+00:00","breadcrumb":{"@id":"https:\/\/serversmtp.com\/pt-pt\/smtp-iphone-configurar\/#breadcrumb"},"inLanguage":"pt-PT","potentialAction":[{"@type":"ReadAction","target":["https:\/\/serversmtp.com\/pt-pt\/smtp-iphone-configurar\/"]}]},{"@type":"ImageObject","inLanguage":"pt-PT","@id":"https:\/\/serversmtp.com\/pt-pt\/smtp-iphone-configurar\/#primaryimage","url":"https:\/\/serversmtp.com\/wp-content\/uploads\/2018\/04\/smtp-iphone-configuracao.gif","contentUrl":"https:\/\/serversmtp.com\/wp-content\/uploads\/2018\/04\/smtp-iphone-configuracao.gif"},{"@type":"BreadcrumbList","@id":"https:\/\/serversmtp.com\/pt-pt\/smtp-iphone-configurar\/#breadcrumb","itemListElement":[{"@type":"ListItem","position":1,"name":"Home","item":"https:\/\/serversmtp.com\/pt-pt\/"},{"@type":"ListItem","position":2,"name":"Configurar SMTP para iPhone"}]},{"@type":"WebSite","@id":"https:\/\/serversmtp.com\/fr\/#website","url":"https:\/\/serversmtp.com\/fr\/","name":"smtp mail server - professional SMTP service provider","description":"smtp mail server - professional SMTP service provider","publisher":{"@id":"https:\/\/serversmtp.com\/fr\/#organization"},"potentialAction":[{"@type":"SearchAction","target":{"@type":"EntryPoint","urlTemplate":"https:\/\/serversmtp.com\/fr\/?s={search_term_string}"},"query-input":{"@type":"PropertyValueSpecification","valueRequired":true,"valueName":"search_term_string"}}],"inLanguage":"pt-PT"},{"@type":"Organization","@id":"https:\/\/serversmtp.com\/fr\/#organization","name":"Delivery Tech","url":"https:\/\/serversmtp.com\/fr\/","logo":{"@type":"ImageObject","inLanguage":"pt-PT","@id":"https:\/\/serversmtp.com\/fr\/#\/schema\/logo\/image\/","url":"https:\/\/serversmtp.com\/wp-content\/uploads\/2021\/11\/og-image-2.jpg","contentUrl":"https:\/\/serversmtp.com\/wp-content\/uploads\/2021\/11\/og-image-2.jpg","width":1200,"height":1128,"caption":"Delivery Tech"},"image":{"@id":"https:\/\/serversmtp.com\/fr\/#\/schema\/logo\/image\/"}}]}},"_links":{"self":[{"href":"https:\/\/serversmtp.com\/pt-pt\/wp-json\/wp\/v2\/pages\/3049"}],"collection":[{"href":"https:\/\/serversmtp.com\/pt-pt\/wp-json\/wp\/v2\/pages"}],"about":[{"href":"https:\/\/serversmtp.com\/pt-pt\/wp-json\/wp\/v2\/types\/page"}],"author":[{"embeddable":true,"href":"https:\/\/serversmtp.com\/pt-pt\/wp-json\/wp\/v2\/users\/3"}],"replies":[{"embeddable":true,"href":"https:\/\/serversmtp.com\/pt-pt\/wp-json\/wp\/v2\/comments?post=3049"}],"version-history":[{"count":5,"href":"https:\/\/serversmtp.com\/pt-pt\/wp-json\/wp\/v2\/pages\/3049\/revisions"}],"predecessor-version":[{"id":22559,"href":"https:\/\/serversmtp.com\/pt-pt\/wp-json\/wp\/v2\/pages\/3049\/revisions\/22559"}],"wp:attachment":[{"href":"https:\/\/serversmtp.com\/pt-pt\/wp-json\/wp\/v2\/media?parent=3049"}],"curies":[{"name":"wp","href":"https:\/\/api.w.org\/{rel}","templated":true}]}}