{"id":3045,"date":"2018-04-25T20:17:14","date_gmt":"2018-04-25T18:17:14","guid":{"rendered":"https:\/\/dev.serversmtp.com\/?page_id=3045"},"modified":"2022-02-10T16:20:30","modified_gmt":"2022-02-10T15:20:30","slug":"smtp-para-mobile","status":"publish","type":"page","link":"https:\/\/serversmtp.com\/pt-pt\/smtp-para-mobile\/","title":{"rendered":"SMTP para mobile"},"content":{"rendered":"<p>La configura\u00e7ao do SMTP para enviar e-mails para iPhone ou iPad.<\/p>\n<div class=\"lpCategoryList\">\n<h2><a title=\"Configurar SMTP para iPhone\" href=\"\/pt-pt\/smtp-iphone-configurar\">Configurar SMTP para iPhone<\/a><\/h2>\n<p>Como um servidor SMTP est\u00e1 configurado para enviar e-mails com o seu iPhone.<\/p>\n<h2><a title=\"Defini\u00e7\u00f5es SMTP para iPad\" href=\"\/pt-pt\/smtp-ipad-definicoes\">Defini\u00e7\u00f5es SMTP para iPad<\/a><\/h2>\n<p>Para fazer com que o cliente de e-mail do seu iPad funcione e envie correctamente os seus e-mails, precisa de configurar as defini\u00e7\u00f5es do seu SMTP..<\/p>\n<\/div>\n","protected":false},"excerpt":{"rendered":"<p>La configura\u00e7ao do SMTP para enviar e-mails para iPhone ou iPad. Configurar SMTP para iPhone Como um servidor SMTP est\u00e1 configurado para enviar e-mails com o seu iPhone. Defini\u00e7\u00f5es SMTP para iPad Para fazer com que o cliente de e-mail do seu iPad funcione e envie correctamente os seus e-mails, precisa de configurar as defini\u00e7\u00f5es &#8230; <\/p>\n<p class=\"read-more-container\"><a title=\"SMTP para mobile\" class=\"read-more button\" href=\"https:\/\/serversmtp.com\/pt-pt\/smtp-para-mobile\/#more-3045\" aria-label=\"Leia mais sobre SMTP para mobile\">Discover more<\/a><\/p>\n","protected":false},"author":3,"featured_media":0,"parent":0,"menu_order":0,"comment_status":"closed","ping_status":"closed","template":"","meta":{"_eb_attr":"","inline_featured_image":false,"_monsterinsights_skip_tracking":false,"_monsterinsights_sitenote_active":false,"_monsterinsights_sitenote_note":"","_monsterinsights_sitenote_category":0,"footnotes":""},"class_list":["post-3045","page","type-page","status-publish"],"yoast_head":"<!-- This site is optimized with the Yoast SEO plugin v25.3.1 - https:\/\/yoast.com\/wordpress\/plugins\/seo\/ -->\n<title>SMTP para mobile - smtp mail server - professional SMTP service provider<\/title>\n<meta name=\"robots\" content=\"index, follow, max-snippet:-1, max-image-preview:large, max-video-preview:-1\" \/>\n<link rel=\"canonical\" href=\"https:\/\/serversmtp.com\/pt-pt\/smtp-para-mobile\/\" \/>\n<!-- \/ Yoast SEO plugin. -->","yoast_head_json":{"title":"SMTP para mobile - smtp mail server - professional SMTP service provider","robots":{"index":"index","follow":"follow","max-snippet":"max-snippet:-1","max-image-preview":"max-image-preview:large","max-video-preview":"max-video-preview:-1"},"canonical":"https:\/\/serversmtp.com\/pt-pt\/smtp-para-mobile\/","schema":{"@context":"https:\/\/schema.org","@graph":[{"@type":"WebPage","@id":"https:\/\/serversmtp.com\/pt-pt\/smtp-para-mobile\/","url":"https:\/\/serversmtp.com\/pt-pt\/smtp-para-mobile\/","name":"SMTP para mobile - smtp mail server - professional SMTP service provider","isPartOf":{"@id":"https:\/\/serversmtp.com\/de\/#website"},"datePublished":"2018-04-25T18:17:14+00:00","dateModified":"2022-02-10T15:20:30+00:00","breadcrumb":{"@id":"https:\/\/serversmtp.com\/pt-pt\/smtp-para-mobile\/#breadcrumb"},"inLanguage":"pt-PT","potentialAction":[{"@type":"ReadAction","target":["https:\/\/serversmtp.com\/pt-pt\/smtp-para-mobile\/"]}]},{"@type":"BreadcrumbList","@id":"https:\/\/serversmtp.com\/pt-pt\/smtp-para-mobile\/#breadcrumb","itemListElement":[{"@type":"ListItem","position":1,"name":"Home","item":"https:\/\/serversmtp.com\/pt-pt\/"},{"@type":"ListItem","position":2,"name":"SMTP para mobile"}]},{"@type":"WebSite","@id":"https:\/\/serversmtp.com\/de\/#website","url":"https:\/\/serversmtp.com\/de\/","name":"smtp mail server - professional SMTP service provider","description":"smtp mail server - professional SMTP service provider","publisher":{"@id":"https:\/\/serversmtp.com\/de\/#organization"},"potentialAction":[{"@type":"SearchAction","target":{"@type":"EntryPoint","urlTemplate":"https:\/\/serversmtp.com\/de\/?s={search_term_string}"},"query-input":{"@type":"PropertyValueSpecification","valueRequired":true,"valueName":"search_term_string"}}],"inLanguage":"pt-PT"},{"@type":"Organization","@id":"https:\/\/serversmtp.com\/de\/#organization","name":"Delivery Tech","url":"https:\/\/serversmtp.com\/de\/","logo":{"@type":"ImageObject","inLanguage":"pt-PT","@id":"https:\/\/serversmtp.com\/de\/#\/schema\/logo\/image\/","url":"https:\/\/serversmtp.com\/wp-content\/uploads\/2021\/11\/og-image-2.jpg","contentUrl":"https:\/\/serversmtp.com\/wp-content\/uploads\/2021\/11\/og-image-2.jpg","width":1200,"height":1128,"caption":"Delivery Tech"},"image":{"@id":"https:\/\/serversmtp.com\/de\/#\/schema\/logo\/image\/"}}]}},"_links":{"self":[{"href":"https:\/\/serversmtp.com\/pt-pt\/wp-json\/wp\/v2\/pages\/3045"}],"collection":[{"href":"https:\/\/serversmtp.com\/pt-pt\/wp-json\/wp\/v2\/pages"}],"about":[{"href":"https:\/\/serversmtp.com\/pt-pt\/wp-json\/wp\/v2\/types\/page"}],"author":[{"embeddable":true,"href":"https:\/\/serversmtp.com\/pt-pt\/wp-json\/wp\/v2\/users\/3"}],"replies":[{"embeddable":true,"href":"https:\/\/serversmtp.com\/pt-pt\/wp-json\/wp\/v2\/comments?post=3045"}],"version-history":[{"count":3,"href":"https:\/\/serversmtp.com\/pt-pt\/wp-json\/wp\/v2\/pages\/3045\/revisions"}],"predecessor-version":[{"id":3048,"href":"https:\/\/serversmtp.com\/pt-pt\/wp-json\/wp\/v2\/pages\/3045\/revisions\/3048"}],"wp:attachment":[{"href":"https:\/\/serversmtp.com\/pt-pt\/wp-json\/wp\/v2\/media?parent=3045"}],"curies":[{"name":"wp","href":"https:\/\/api.w.org\/{rel}","templated":true}]}}