{"id":3041,"date":"2018-04-25T20:13:35","date_gmt":"2018-04-25T18:13:35","guid":{"rendered":"https:\/\/dev.serversmtp.com\/?page_id=3041"},"modified":"2022-02-10T16:14:28","modified_gmt":"2022-02-10T15:14:28","slug":"envio-de-emails","status":"publish","type":"page","link":"https:\/\/serversmtp.com\/pt-pt\/envio-de-emails\/","title":{"rendered":"Envio de emails"},"content":{"rendered":"<p>O que est\u00e1 por tr\u00e1s do ato de pressionar &#8220;Enviar&#8221;, e como faz\u00ea-lo funcionar perfeitamente.\ufeff<\/p>\n<div class=\"lpCategoryList\">\n<h2><a title=\"Enviar email em massa\" href=\"\/pt-pt\/enviar-email-em-massa\">Enviar email em massa<\/a><\/h2>\n<p>Se voc\u00ea est\u00e1 come\u00e7ando uma campanha de email e voc\u00ea precisa de enviar uma newsletter para um grande n\u00famero de contas, voc\u00ea precisa usar um servi\u00e7o SMTP profissional.\ufeff<\/p>\n<h2><a title=\"SMTP ilimitado\" href=\"\/pt-pt\/servidor-smtp-ilimitado\">SMTP ilimitado<\/a><\/h2>\n<p>Porque \u00e9 importante n\u00e3o subestimar os aspectos t\u00e9cnicos de entrega de e-mail: em primeiro lugar\ufeff, un SMTP ilimitado y confi\u00e1vel\ufeff.<\/p>\n<h2><a title=\"Servidor de saida SMTP\" href=\"\/pt-pt\/servidor-saida-smtp\">Servidor de saida SMTP<\/a><\/h2>\n<p>Escolher o servidor de correio de sa\u00edda certo \u00e9 essencial quando se trata de marketing por e-mail; mas n\u00e3o \u00e9 s\u00f3.<\/p>\n<h2><a title=\"Porque usar um servidor de SMTP dedicado\" href=\"\/pt-pt\/servidor-smtp-dedicado\">Porque usar um servidor de SMTP dedicado<\/a><\/h2>\n<p>H\u00e1 tr\u00eas raz\u00f5es principais porque \u00e9 imperativo o uso de um servidor de saida dedicado no que toca ao marketing por e-mail.<\/p>\n<\/div>\n","protected":false},"excerpt":{"rendered":"<p>O que est\u00e1 por tr\u00e1s do ato de pressionar &#8220;Enviar&#8221;, e como faz\u00ea-lo funcionar perfeitamente.\ufeff Enviar email em massa Se voc\u00ea est\u00e1 come\u00e7ando uma campanha de email e voc\u00ea precisa de enviar uma newsletter para um grande n\u00famero de contas, voc\u00ea precisa usar um servi\u00e7o SMTP profissional.\ufeff SMTP ilimitado Porque \u00e9 importante n\u00e3o subestimar os &#8230; <\/p>\n<p class=\"read-more-container\"><a title=\"Envio de emails\" class=\"read-more button\" href=\"https:\/\/serversmtp.com\/pt-pt\/envio-de-emails\/#more-3041\" aria-label=\"Leia mais sobre Envio de emails\">Discover more<\/a><\/p>\n","protected":false},"author":3,"featured_media":0,"parent":0,"menu_order":0,"comment_status":"closed","ping_status":"closed","template":"","meta":{"_eb_attr":"","inline_featured_image":false,"_monsterinsights_skip_tracking":false,"_monsterinsights_sitenote_active":false,"_monsterinsights_sitenote_note":"","_monsterinsights_sitenote_category":0,"footnotes":""},"class_list":["post-3041","page","type-page","status-publish"],"yoast_head":"<!-- This site is optimized with the Yoast SEO plugin v25.3.1 - https:\/\/yoast.com\/wordpress\/plugins\/seo\/ -->\n<title>Envio de emails - smtp mail server - professional SMTP service provider<\/title>\n<meta name=\"robots\" content=\"index, follow, max-snippet:-1, max-image-preview:large, max-video-preview:-1\" \/>\n<link rel=\"canonical\" href=\"https:\/\/serversmtp.com\/pt-pt\/envio-de-emails\/\" \/>\n<meta name=\"twitter:label1\" content=\"Tempo estimado de leitura\" \/>\n\t<meta name=\"twitter:data1\" content=\"1 minuto\" \/>\n<!-- \/ Yoast SEO plugin. -->","yoast_head_json":{"title":"Envio de emails - smtp mail server - professional SMTP service provider","robots":{"index":"index","follow":"follow","max-snippet":"max-snippet:-1","max-image-preview":"max-image-preview:large","max-video-preview":"max-video-preview:-1"},"canonical":"https:\/\/serversmtp.com\/pt-pt\/envio-de-emails\/","twitter_misc":{"Tempo estimado de leitura":"1 minuto"},"schema":{"@context":"https:\/\/schema.org","@graph":[{"@type":"WebPage","@id":"https:\/\/serversmtp.com\/pt-pt\/envio-de-emails\/","url":"https:\/\/serversmtp.com\/pt-pt\/envio-de-emails\/","name":"Envio de emails - smtp mail server - professional SMTP service provider","isPartOf":{"@id":"https:\/\/serversmtp.com\/fr\/#website"},"datePublished":"2018-04-25T18:13:35+00:00","dateModified":"2022-02-10T15:14:28+00:00","breadcrumb":{"@id":"https:\/\/serversmtp.com\/pt-pt\/envio-de-emails\/#breadcrumb"},"inLanguage":"pt-PT","potentialAction":[{"@type":"ReadAction","target":["https:\/\/serversmtp.com\/pt-pt\/envio-de-emails\/"]}]},{"@type":"BreadcrumbList","@id":"https:\/\/serversmtp.com\/pt-pt\/envio-de-emails\/#breadcrumb","itemListElement":[{"@type":"ListItem","position":1,"name":"Home","item":"https:\/\/serversmtp.com\/pt-pt\/"},{"@type":"ListItem","position":2,"name":"Envio de emails"}]},{"@type":"WebSite","@id":"https:\/\/serversmtp.com\/fr\/#website","url":"https:\/\/serversmtp.com\/fr\/","name":"smtp mail server - professional SMTP service provider","description":"smtp mail server - professional SMTP service provider","publisher":{"@id":"https:\/\/serversmtp.com\/fr\/#organization"},"potentialAction":[{"@type":"SearchAction","target":{"@type":"EntryPoint","urlTemplate":"https:\/\/serversmtp.com\/fr\/?s={search_term_string}"},"query-input":{"@type":"PropertyValueSpecification","valueRequired":true,"valueName":"search_term_string"}}],"inLanguage":"pt-PT"},{"@type":"Organization","@id":"https:\/\/serversmtp.com\/fr\/#organization","name":"Delivery Tech","url":"https:\/\/serversmtp.com\/fr\/","logo":{"@type":"ImageObject","inLanguage":"pt-PT","@id":"https:\/\/serversmtp.com\/fr\/#\/schema\/logo\/image\/","url":"https:\/\/serversmtp.com\/wp-content\/uploads\/2021\/11\/og-image-2.jpg","contentUrl":"https:\/\/serversmtp.com\/wp-content\/uploads\/2021\/11\/og-image-2.jpg","width":1200,"height":1128,"caption":"Delivery Tech"},"image":{"@id":"https:\/\/serversmtp.com\/fr\/#\/schema\/logo\/image\/"}}]}},"_links":{"self":[{"href":"https:\/\/serversmtp.com\/pt-pt\/wp-json\/wp\/v2\/pages\/3041"}],"collection":[{"href":"https:\/\/serversmtp.com\/pt-pt\/wp-json\/wp\/v2\/pages"}],"about":[{"href":"https:\/\/serversmtp.com\/pt-pt\/wp-json\/wp\/v2\/types\/page"}],"author":[{"embeddable":true,"href":"https:\/\/serversmtp.com\/pt-pt\/wp-json\/wp\/v2\/users\/3"}],"replies":[{"embeddable":true,"href":"https:\/\/serversmtp.com\/pt-pt\/wp-json\/wp\/v2\/comments?post=3041"}],"version-history":[{"count":3,"href":"https:\/\/serversmtp.com\/pt-pt\/wp-json\/wp\/v2\/pages\/3041\/revisions"}],"predecessor-version":[{"id":3070,"href":"https:\/\/serversmtp.com\/pt-pt\/wp-json\/wp\/v2\/pages\/3041\/revisions\/3070"}],"wp:attachment":[{"href":"https:\/\/serversmtp.com\/pt-pt\/wp-json\/wp\/v2\/media?parent=3041"}],"curies":[{"name":"wp","href":"https:\/\/api.w.org\/{rel}","templated":true}]}}