{"id":3038,"date":"2018-04-25T20:08:25","date_gmt":"2018-04-25T18:08:25","guid":{"rendered":"https:\/\/dev.serversmtp.com\/?page_id=3038"},"modified":"2018-04-25T21:06:57","modified_gmt":"2018-04-25T19:06:57","slug":"servidor-saida-smtp","status":"publish","type":"page","link":"https:\/\/serversmtp.com\/pt-pt\/servidor-saida-smtp\/","title":{"rendered":"Servidor de saida SMTP"},"content":{"rendered":"<p>Escolher o <strong>servidor de correio de sa\u00edda<\/strong> certo \u00e9 essencial quando se trata de marketing por e-mail; mas n\u00e3o \u00e9 s\u00f3. De facto, sempre que <strong>envia um e-mail<\/strong> (at\u00e9 mesmo uma simples linha para um colega ou um amigo) voc\u00ea confia em tal m\u00e1quina &#8211; que \u00e9 tamb\u00e9m e mais frequentemente chamado, uma vez que &#8220;fala&#8221; o protocolo SMTP, <strong>servidor SMTP<\/strong>.<\/p>\n<p>De forma simples, um servidor de saida SMTP trata do processo de envio dos seus e-mails, transferindo-os do seu cliente ou webmail para outro computador &#8211; o servidor de entrada \u2013 de onde o destinat\u00e1rio os recolhe. \u00c9 mais ou menos como um <strong>carteiro digital<\/strong>.<\/p>\n<p>\u00c9 por isso que \u00e9 sempre necess\u00e1rio <strong>configurar um servidor de correio de sa\u00edda<\/strong> quando utiliza um cliente de e-mail como o Mozilla Thunderbird ou Microsoft Outlook, fornecendo o nome do servidor correcto, a porta correcta e todas as outras defini\u00e7\u00f5es.<\/p>\n<p>Apenas algo crucial: se precisa enviar um e-mail em massa, como um boletim informativo ou uma oferta para uma grande quantidade de endere\u00e7os, <strong>nunca deve utilizar um servidor SMTP comum<\/strong>, como os associados a provedores de e-mail gratuitos (Gmail, Yahoo&#8230; ).<\/p>\n<p>A raz\u00e3o \u00e9 simples. Como n\u00e3o est\u00e3o estruturados para lidar com mensagens em massa, colocaram um <strong>limite para o n\u00famero de destinat\u00e1rios<\/strong> que podem ser geridos por e-mail. Al\u00e9m disso, voc\u00ea certamente ir\u00e1 ter <strong>problemas de entrega<\/strong>: a grande maioria das suas mensagens ser\u00e3o simplesmente filtradas pelos ISPs e servidores de entrada.<\/p>\n<p>Assim, lembre-se: para enviar m\u00faltiplos ou e-mails em massa, confie sempre num <strong>servidor SMTP profissional<\/strong> como o <a title=\"servidor SMTP profissional\" href=\"\/pt-pt\/signup\">turboSMTP<\/a>. Pode subscrever agora e obter imediatamente 6.000 relays gratuitos por m\u00eas, para sempre.<\/p>\n","protected":false},"excerpt":{"rendered":"<p>Escolher o servidor de correio de sa\u00edda certo \u00e9 essencial quando se trata de marketing por e-mail; mas n\u00e3o \u00e9 s\u00f3. De facto, sempre que envia um e-mail (at\u00e9 mesmo uma simples linha para um colega ou um amigo) voc\u00ea confia em tal m\u00e1quina &#8211; que \u00e9 tamb\u00e9m e mais frequentemente chamado, uma vez que &#8230; <\/p>\n<p class=\"read-more-container\"><a title=\"Servidor de saida SMTP\" class=\"read-more button\" href=\"https:\/\/serversmtp.com\/pt-pt\/servidor-saida-smtp\/#more-3038\" aria-label=\"Leia mais sobre Servidor de saida SMTP\">Discover more<\/a><\/p>\n","protected":false},"author":3,"featured_media":0,"parent":0,"menu_order":0,"comment_status":"closed","ping_status":"closed","template":"g1_template_page_sidebar_right.php","meta":{"_eb_attr":"","inline_featured_image":false,"_monsterinsights_skip_tracking":false,"_monsterinsights_sitenote_active":false,"_monsterinsights_sitenote_note":"","_monsterinsights_sitenote_category":0,"footnotes":""},"class_list":["post-3038","page","type-page","status-publish"],"yoast_head":"<!-- This site is optimized with the Yoast SEO plugin v25.3.1 - https:\/\/yoast.com\/wordpress\/plugins\/seo\/ -->\n<title>Servidor de saida SMTP - smtp mail server - professional SMTP service provider<\/title>\n<meta name=\"robots\" content=\"index, follow, max-snippet:-1, max-image-preview:large, max-video-preview:-1\" \/>\n<link rel=\"canonical\" href=\"https:\/\/serversmtp.com\/pt-pt\/servidor-saida-smtp\/\" \/>\n<meta name=\"twitter:label1\" content=\"Tempo estimado de leitura\" \/>\n\t<meta name=\"twitter:data1\" content=\"1 minuto\" \/>\n<!-- \/ Yoast SEO plugin. -->","yoast_head_json":{"title":"Servidor de saida SMTP - smtp mail server - professional SMTP service provider","robots":{"index":"index","follow":"follow","max-snippet":"max-snippet:-1","max-image-preview":"max-image-preview:large","max-video-preview":"max-video-preview:-1"},"canonical":"https:\/\/serversmtp.com\/pt-pt\/servidor-saida-smtp\/","twitter_misc":{"Tempo estimado de leitura":"1 minuto"},"schema":{"@context":"https:\/\/schema.org","@graph":[{"@type":"WebPage","@id":"https:\/\/serversmtp.com\/pt-pt\/servidor-saida-smtp\/","url":"https:\/\/serversmtp.com\/pt-pt\/servidor-saida-smtp\/","name":"Servidor de saida SMTP - smtp mail server - professional SMTP service provider","isPartOf":{"@id":"https:\/\/serversmtp.com\/it\/#website"},"datePublished":"2018-04-25T18:08:25+00:00","dateModified":"2018-04-25T19:06:57+00:00","breadcrumb":{"@id":"https:\/\/serversmtp.com\/pt-pt\/servidor-saida-smtp\/#breadcrumb"},"inLanguage":"pt-PT","potentialAction":[{"@type":"ReadAction","target":["https:\/\/serversmtp.com\/pt-pt\/servidor-saida-smtp\/"]}]},{"@type":"BreadcrumbList","@id":"https:\/\/serversmtp.com\/pt-pt\/servidor-saida-smtp\/#breadcrumb","itemListElement":[{"@type":"ListItem","position":1,"name":"Home","item":"https:\/\/serversmtp.com\/pt-pt\/"},{"@type":"ListItem","position":2,"name":"Servidor de saida SMTP"}]},{"@type":"WebSite","@id":"https:\/\/serversmtp.com\/it\/#website","url":"https:\/\/serversmtp.com\/it\/","name":"smtp mail server - professional SMTP service provider","description":"smtp mail server - professional SMTP service provider","publisher":{"@id":"https:\/\/serversmtp.com\/it\/#organization"},"potentialAction":[{"@type":"SearchAction","target":{"@type":"EntryPoint","urlTemplate":"https:\/\/serversmtp.com\/it\/?s={search_term_string}"},"query-input":{"@type":"PropertyValueSpecification","valueRequired":true,"valueName":"search_term_string"}}],"inLanguage":"pt-PT"},{"@type":"Organization","@id":"https:\/\/serversmtp.com\/it\/#organization","name":"Delivery Tech","url":"https:\/\/serversmtp.com\/it\/","logo":{"@type":"ImageObject","inLanguage":"pt-PT","@id":"https:\/\/serversmtp.com\/it\/#\/schema\/logo\/image\/","url":"https:\/\/serversmtp.com\/wp-content\/uploads\/2021\/11\/og-image-2.jpg","contentUrl":"https:\/\/serversmtp.com\/wp-content\/uploads\/2021\/11\/og-image-2.jpg","width":1200,"height":1128,"caption":"Delivery Tech"},"image":{"@id":"https:\/\/serversmtp.com\/it\/#\/schema\/logo\/image\/"}}]}},"_links":{"self":[{"href":"https:\/\/serversmtp.com\/pt-pt\/wp-json\/wp\/v2\/pages\/3038"}],"collection":[{"href":"https:\/\/serversmtp.com\/pt-pt\/wp-json\/wp\/v2\/pages"}],"about":[{"href":"https:\/\/serversmtp.com\/pt-pt\/wp-json\/wp\/v2\/types\/page"}],"author":[{"embeddable":true,"href":"https:\/\/serversmtp.com\/pt-pt\/wp-json\/wp\/v2\/users\/3"}],"replies":[{"embeddable":true,"href":"https:\/\/serversmtp.com\/pt-pt\/wp-json\/wp\/v2\/comments?post=3038"}],"version-history":[{"count":2,"href":"https:\/\/serversmtp.com\/pt-pt\/wp-json\/wp\/v2\/pages\/3038\/revisions"}],"predecessor-version":[{"id":3040,"href":"https:\/\/serversmtp.com\/pt-pt\/wp-json\/wp\/v2\/pages\/3038\/revisions\/3040"}],"wp:attachment":[{"href":"https:\/\/serversmtp.com\/pt-pt\/wp-json\/wp\/v2\/media?parent=3038"}],"curies":[{"name":"wp","href":"https:\/\/api.w.org\/{rel}","templated":true}]}}