{"id":3034,"date":"2018-04-25T20:03:31","date_gmt":"2018-04-25T18:03:31","guid":{"rendered":"https:\/\/dev.serversmtp.com\/?page_id=3034"},"modified":"2018-04-25T21:08:33","modified_gmt":"2018-04-25T19:08:33","slug":"servidor-smtp-ilimitado","status":"publish","type":"page","link":"https:\/\/serversmtp.com\/pt-pt\/servidor-smtp-ilimitado\/","title":{"rendered":"SMTP ilimitado"},"content":{"rendered":"<p><strong>Marketing por e-mail<\/strong> j\u00e1 provou ser uma das mais eficazes t\u00e9cnicas de promo\u00e7\u00e3o digital, com a sua capacidade de atingir uma vasta audi\u00eancia de <strong>forma r\u00e1pida<\/strong> e ao mais <strong>baixo custo<\/strong>. Por isso \u00e9 t\u00e3o importante n\u00e3o subestimar os aspectos t\u00e9cnicos de entrega de e-mail:&nbsp;em primeiro lugar\ufeff, un <strong>SMTP ilimitado<\/strong>&nbsp;y&nbsp;confi\u00e1vel\ufeff.<\/p>\n<p>Neste momento, provedores de e-mail comuns como o Yahoo! Mail ou Gmail n\u00e3o lhe permitem enviar e-mails ilimitados de uma s\u00f3 vez: eles t\u00eam <strong>algumas limita\u00e7\u00f5es rigorosas<\/strong>, tanto para o n\u00famero de mensagens como para os destinat\u00e1rios que pode tratar por dia.<\/p>\n<p>Portanto, se est\u00e1 a come\u00e7ar uma campanha por e-mail e precisa de enviar um boletim informativo para um grande n\u00famero de contas, ir\u00e1 necessitar de um <strong><a title=\"servidor SMTP\" href=\"\/pt-pt\/signup\">servi\u00e7o profissional SMTP<\/a><\/strong>&nbsp;ilimitado, como turboSMTP. Ou seja, um servidor de envio monitorizado que lhe permite <strong>enviar e-mails ilimitados<\/strong> sem preocupa\u00e7\u00f5es, maximizando a sua taxa de entrega.<\/p>\n<p>Tamb\u00e9m, turboSMTP prov\u00ea uma<strong> ferramenta de rastreio em tempo real<\/strong> para saber mais dos efeitos da sua campanha de envio de e-mails em massa (taxas de abertura, de cliques, n\u00famero de devolu\u00e7\u00f5es, etc.).<\/p>\n","protected":false},"excerpt":{"rendered":"<p>Marketing por e-mail j\u00e1 provou ser uma das mais eficazes t\u00e9cnicas de promo\u00e7\u00e3o digital, com a sua capacidade de atingir uma vasta audi\u00eancia de forma r\u00e1pida e ao mais baixo custo. Por isso \u00e9 t\u00e3o importante n\u00e3o subestimar os aspectos t\u00e9cnicos de entrega de e-mail:&nbsp;em primeiro lugar\ufeff, un SMTP ilimitado&nbsp;y&nbsp;confi\u00e1vel\ufeff. Neste momento, provedores de e-mail &#8230; <\/p>\n<p class=\"read-more-container\"><a title=\"SMTP ilimitado\" class=\"read-more button\" href=\"https:\/\/serversmtp.com\/pt-pt\/servidor-smtp-ilimitado\/#more-3034\" aria-label=\"Leia mais sobre SMTP ilimitado\">Discover more<\/a><\/p>\n","protected":false},"author":3,"featured_media":0,"parent":0,"menu_order":0,"comment_status":"closed","ping_status":"closed","template":"g1_template_page_sidebar_right.php","meta":{"_eb_attr":"","inline_featured_image":false,"_monsterinsights_skip_tracking":false,"_monsterinsights_sitenote_active":false,"_monsterinsights_sitenote_note":"","_monsterinsights_sitenote_category":0,"footnotes":""},"class_list":["post-3034","page","type-page","status-publish"],"yoast_head":"<!-- This site is optimized with the Yoast SEO plugin v25.3.1 - https:\/\/yoast.com\/wordpress\/plugins\/seo\/ -->\n<title>SMTP ilimitado - smtp mail server - professional SMTP service provider<\/title>\n<meta name=\"robots\" content=\"index, follow, max-snippet:-1, max-image-preview:large, max-video-preview:-1\" \/>\n<link rel=\"canonical\" href=\"https:\/\/serversmtp.com\/pt-pt\/servidor-smtp-ilimitado\/\" \/>\n<meta name=\"twitter:label1\" content=\"Tempo estimado de leitura\" \/>\n\t<meta name=\"twitter:data1\" content=\"1 minuto\" \/>\n<!-- \/ Yoast SEO plugin. -->","yoast_head_json":{"title":"SMTP ilimitado - smtp mail server - professional SMTP service provider","robots":{"index":"index","follow":"follow","max-snippet":"max-snippet:-1","max-image-preview":"max-image-preview:large","max-video-preview":"max-video-preview:-1"},"canonical":"https:\/\/serversmtp.com\/pt-pt\/servidor-smtp-ilimitado\/","twitter_misc":{"Tempo estimado de leitura":"1 minuto"},"schema":{"@context":"https:\/\/schema.org","@graph":[{"@type":"WebPage","@id":"https:\/\/serversmtp.com\/pt-pt\/servidor-smtp-ilimitado\/","url":"https:\/\/serversmtp.com\/pt-pt\/servidor-smtp-ilimitado\/","name":"SMTP ilimitado - smtp mail server - professional SMTP service provider","isPartOf":{"@id":"https:\/\/serversmtp.com\/#website"},"datePublished":"2018-04-25T18:03:31+00:00","dateModified":"2018-04-25T19:08:33+00:00","breadcrumb":{"@id":"https:\/\/serversmtp.com\/pt-pt\/servidor-smtp-ilimitado\/#breadcrumb"},"inLanguage":"pt-PT","potentialAction":[{"@type":"ReadAction","target":["https:\/\/serversmtp.com\/pt-pt\/servidor-smtp-ilimitado\/"]}]},{"@type":"BreadcrumbList","@id":"https:\/\/serversmtp.com\/pt-pt\/servidor-smtp-ilimitado\/#breadcrumb","itemListElement":[{"@type":"ListItem","position":1,"name":"Home","item":"https:\/\/serversmtp.com\/pt-pt\/"},{"@type":"ListItem","position":2,"name":"SMTP ilimitado"}]},{"@type":"WebSite","@id":"https:\/\/serversmtp.com\/#website","url":"https:\/\/serversmtp.com\/","name":"smtp mail server - professional SMTP service provider","description":"smtp mail server - professional SMTP service provider","publisher":{"@id":"https:\/\/serversmtp.com\/#organization"},"potentialAction":[{"@type":"SearchAction","target":{"@type":"EntryPoint","urlTemplate":"https:\/\/serversmtp.com\/?s={search_term_string}"},"query-input":{"@type":"PropertyValueSpecification","valueRequired":true,"valueName":"search_term_string"}}],"inLanguage":"pt-PT"},{"@type":"Organization","@id":"https:\/\/serversmtp.com\/#organization","name":"Delivery Tech","url":"https:\/\/serversmtp.com\/","logo":{"@type":"ImageObject","inLanguage":"pt-PT","@id":"https:\/\/serversmtp.com\/#\/schema\/logo\/image\/","url":"https:\/\/serversmtp.com\/wp-content\/uploads\/2021\/11\/og-image-2.jpg","contentUrl":"https:\/\/serversmtp.com\/wp-content\/uploads\/2021\/11\/og-image-2.jpg","width":1200,"height":1128,"caption":"Delivery Tech"},"image":{"@id":"https:\/\/serversmtp.com\/#\/schema\/logo\/image\/"}}]}},"_links":{"self":[{"href":"https:\/\/serversmtp.com\/pt-pt\/wp-json\/wp\/v2\/pages\/3034"}],"collection":[{"href":"https:\/\/serversmtp.com\/pt-pt\/wp-json\/wp\/v2\/pages"}],"about":[{"href":"https:\/\/serversmtp.com\/pt-pt\/wp-json\/wp\/v2\/types\/page"}],"author":[{"embeddable":true,"href":"https:\/\/serversmtp.com\/pt-pt\/wp-json\/wp\/v2\/users\/3"}],"replies":[{"embeddable":true,"href":"https:\/\/serversmtp.com\/pt-pt\/wp-json\/wp\/v2\/comments?post=3034"}],"version-history":[{"count":2,"href":"https:\/\/serversmtp.com\/pt-pt\/wp-json\/wp\/v2\/pages\/3034\/revisions"}],"predecessor-version":[{"id":3036,"href":"https:\/\/serversmtp.com\/pt-pt\/wp-json\/wp\/v2\/pages\/3034\/revisions\/3036"}],"wp:attachment":[{"href":"https:\/\/serversmtp.com\/pt-pt\/wp-json\/wp\/v2\/media?parent=3034"}],"curies":[{"name":"wp","href":"https:\/\/api.w.org\/{rel}","templated":true}]}}