{"id":3031,"date":"2018-04-25T19:58:59","date_gmt":"2018-04-25T17:58:59","guid":{"rendered":"https:\/\/dev.serversmtp.com\/?page_id=3031"},"modified":"2022-02-10T17:16:59","modified_gmt":"2022-02-10T16:16:59","slug":"enviar-email-em-massa","status":"publish","type":"page","link":"https:\/\/serversmtp.com\/pt-pt\/enviar-email-em-massa\/","title":{"rendered":"Enviar email em massa"},"content":{"rendered":"<p>O <strong>email marketing<\/strong>&nbsp;&#8211; o envio de <strong>emails promocionais em massa<\/strong> &#8211; tem provado ser uma das t\u00e9cnicas mais eficazes de comunica\u00e7\u00f5es digitais\ufeff, com a sua capacidade de atingir um grande p\u00fablico muito rapidamente e com o menor custo. \u00c9 por isso que \u00e9 importante n\u00e3o subestimar os <strong>aspectos t\u00e9cnicos<\/strong> de entrega de email.<\/p>\n<p>Os provedores de email agora comuns, como o Yahoo! Mail ou Gmail n\u00e3o permite que voc\u00ea <strong>envie emails em massa (ilimitados)<\/strong> ao mesmo tempo: eles t\u00eam algumas limita\u00e7\u00f5es rigorosas, tanto para o n\u00famero de mensagens e os destinat\u00e1rios n\u00famero que voc\u00ea pode manipular por dia.<\/p>\n<p>Ent\u00e3o, se voc\u00ea est\u00e1 come\u00e7ando uma campanha de email e voc\u00ea precisa de <strong>enviar uma newsletter<\/strong> para um grande n\u00famero de contas, voc\u00ea precisa usar um <strong><a title=\"servi\u00e7o SMTP profissional\" href=\"\/pt-pt\/signup\">servi\u00e7o SMTP profissional<\/a><\/strong>. Ou seja, um servidor de sa\u00edda monitorada que permite o envio de emails ilimitados, sem preocupa\u00e7\u00f5es, maximizando a sua taxa de entrega.<\/p>\n<p>Al\u00e9m disso, turboSMTP fornece uma poderosa ferramenta em tempo real de <strong>rastreamento de<\/strong> <strong>email<\/strong> para saber mais sobre os efeitos de sua campanha em massa de email (taxas de abertura, as taxas de click-through, n\u00famero de rejei\u00e7\u00f5es etc.)<\/p>\n","protected":false},"excerpt":{"rendered":"<p>O email marketing&nbsp;&#8211; o envio de emails promocionais em massa &#8211; tem provado ser uma das t\u00e9cnicas mais eficazes de comunica\u00e7\u00f5es digitais\ufeff, com a sua capacidade de atingir um grande p\u00fablico muito rapidamente e com o menor custo. \u00c9 por isso que \u00e9 importante n\u00e3o subestimar os aspectos t\u00e9cnicos de entrega de email. Os provedores &#8230; <\/p>\n<p class=\"read-more-container\"><a title=\"Enviar email em massa\" class=\"read-more button\" href=\"https:\/\/serversmtp.com\/pt-pt\/enviar-email-em-massa\/#more-3031\" aria-label=\"Leia mais sobre Enviar email em massa\">Discover more<\/a><\/p>\n","protected":false},"author":3,"featured_media":0,"parent":0,"menu_order":0,"comment_status":"closed","ping_status":"closed","template":"","meta":{"_eb_attr":"","inline_featured_image":false,"_monsterinsights_skip_tracking":false,"_monsterinsights_sitenote_active":false,"_monsterinsights_sitenote_note":"","_monsterinsights_sitenote_category":0,"footnotes":""},"class_list":["post-3031","page","type-page","status-publish"],"yoast_head":"<!-- This site is optimized with the Yoast SEO plugin v25.3.1 - https:\/\/yoast.com\/wordpress\/plugins\/seo\/ -->\n<title>Enviar email em massa - smtp mail server - professional SMTP service provider<\/title>\n<meta name=\"robots\" content=\"index, follow, max-snippet:-1, max-image-preview:large, max-video-preview:-1\" \/>\n<link rel=\"canonical\" href=\"https:\/\/serversmtp.com\/pt-pt\/enviar-email-em-massa\/\" \/>\n<meta name=\"twitter:label1\" content=\"Tempo estimado de leitura\" \/>\n\t<meta name=\"twitter:data1\" content=\"1 minuto\" \/>\n<!-- \/ Yoast SEO plugin. -->","yoast_head_json":{"title":"Enviar email em massa - smtp mail server - professional SMTP service provider","robots":{"index":"index","follow":"follow","max-snippet":"max-snippet:-1","max-image-preview":"max-image-preview:large","max-video-preview":"max-video-preview:-1"},"canonical":"https:\/\/serversmtp.com\/pt-pt\/enviar-email-em-massa\/","twitter_misc":{"Tempo estimado de leitura":"1 minuto"},"schema":{"@context":"https:\/\/schema.org","@graph":[{"@type":"WebPage","@id":"https:\/\/serversmtp.com\/pt-pt\/enviar-email-em-massa\/","url":"https:\/\/serversmtp.com\/pt-pt\/enviar-email-em-massa\/","name":"Enviar email em massa - smtp mail server - professional SMTP service provider","isPartOf":{"@id":"https:\/\/serversmtp.com\/#website"},"datePublished":"2018-04-25T17:58:59+00:00","dateModified":"2022-02-10T16:16:59+00:00","breadcrumb":{"@id":"https:\/\/serversmtp.com\/pt-pt\/enviar-email-em-massa\/#breadcrumb"},"inLanguage":"pt-PT","potentialAction":[{"@type":"ReadAction","target":["https:\/\/serversmtp.com\/pt-pt\/enviar-email-em-massa\/"]}]},{"@type":"BreadcrumbList","@id":"https:\/\/serversmtp.com\/pt-pt\/enviar-email-em-massa\/#breadcrumb","itemListElement":[{"@type":"ListItem","position":1,"name":"Home","item":"https:\/\/serversmtp.com\/pt-pt\/"},{"@type":"ListItem","position":2,"name":"Enviar email em massa"}]},{"@type":"WebSite","@id":"https:\/\/serversmtp.com\/#website","url":"https:\/\/serversmtp.com\/","name":"smtp mail server - professional SMTP service provider","description":"smtp mail server - professional SMTP service provider","publisher":{"@id":"https:\/\/serversmtp.com\/#organization"},"potentialAction":[{"@type":"SearchAction","target":{"@type":"EntryPoint","urlTemplate":"https:\/\/serversmtp.com\/?s={search_term_string}"},"query-input":{"@type":"PropertyValueSpecification","valueRequired":true,"valueName":"search_term_string"}}],"inLanguage":"pt-PT"},{"@type":"Organization","@id":"https:\/\/serversmtp.com\/#organization","name":"Delivery Tech","url":"https:\/\/serversmtp.com\/","logo":{"@type":"ImageObject","inLanguage":"pt-PT","@id":"https:\/\/serversmtp.com\/#\/schema\/logo\/image\/","url":"https:\/\/serversmtp.com\/wp-content\/uploads\/2021\/11\/og-image-2.jpg","contentUrl":"https:\/\/serversmtp.com\/wp-content\/uploads\/2021\/11\/og-image-2.jpg","width":1200,"height":1128,"caption":"Delivery Tech"},"image":{"@id":"https:\/\/serversmtp.com\/#\/schema\/logo\/image\/"}}]}},"_links":{"self":[{"href":"https:\/\/serversmtp.com\/pt-pt\/wp-json\/wp\/v2\/pages\/3031"}],"collection":[{"href":"https:\/\/serversmtp.com\/pt-pt\/wp-json\/wp\/v2\/pages"}],"about":[{"href":"https:\/\/serversmtp.com\/pt-pt\/wp-json\/wp\/v2\/types\/page"}],"author":[{"embeddable":true,"href":"https:\/\/serversmtp.com\/pt-pt\/wp-json\/wp\/v2\/users\/3"}],"replies":[{"embeddable":true,"href":"https:\/\/serversmtp.com\/pt-pt\/wp-json\/wp\/v2\/comments?post=3031"}],"version-history":[{"count":2,"href":"https:\/\/serversmtp.com\/pt-pt\/wp-json\/wp\/v2\/pages\/3031\/revisions"}],"predecessor-version":[{"id":3033,"href":"https:\/\/serversmtp.com\/pt-pt\/wp-json\/wp\/v2\/pages\/3031\/revisions\/3033"}],"wp:attachment":[{"href":"https:\/\/serversmtp.com\/pt-pt\/wp-json\/wp\/v2\/media?parent=3031"}],"curies":[{"name":"wp","href":"https:\/\/api.w.org\/{rel}","templated":true}]}}