{"id":3028,"date":"2018-04-25T19:55:23","date_gmt":"2018-04-25T17:55:23","guid":{"rendered":"https:\/\/dev.serversmtp.com\/?page_id=3028"},"modified":"2025-10-23T10:33:48","modified_gmt":"2025-10-23T08:33:48","slug":"outlook-smtp-definicoes","status":"publish","type":"page","link":"https:\/\/serversmtp.com\/pt-pt\/outlook-smtp-definicoes\/","title":{"rendered":"Defini\u00e7\u00f5es SMTP para Outlook"},"content":{"rendered":"<p>Para definir um <strong>servidor SMTP para Outlook<\/strong> e come\u00e7ar a enviar e-mails \u00e9 necess\u00e1rio seguir alguns passos simples. Lembre-se sempre de que apenas por confiar num <strong><a title=\"server smtp professional\" href=\"\/pt-pt\/signup\">servi\u00e7o SMTP profissional<\/a><\/strong> garantir\u00e1 a total entrega dos seus e-mails: de facto, servidores de envio normais tais como Gmail ou Hotmail v\u00eam com s\u00e9rias restri\u00e7\u00f5es e n\u00e3o podem prover a mas alta taxa de entrega.<\/p>\n<p>Aqui est\u00e1 a<strong> configura\u00e7\u00e3o de SMTP para Outlook<\/strong>:<\/p>\n<p><strong>1.<\/strong> Seleccione \u201cConfigura\u00e7\u00f5es de Conta&#8230;\u201d no menu \u201cFerramentas\u201d.<\/p>\n<p><strong>2.<\/strong> Seleccione a sua conta de e-mail e clique no bot\u00e3o \u201cAlterar\u201d, o clique &#8220;Novo&#8221; para inseri-lo.<\/p>\n<p><strong>3.<\/strong> Insira o nome do seu servidor no campo \u201cServidor de envio de e-mail (SMTP)\u201d. Se n\u00e3o sabe pode verificar o nosso <a title=\"lista provedores smtp\" href=\"\/pt-pt\/servidores-smtp\">guia pr\u00e1tico de detalhes SMTP dos provedores mais populares<\/a>.<\/p>\n<p><strong>4.<\/strong> Clique no bot\u00e3o \u201cMais configura\u00e7\u00f5es&#8230;\u201d.<\/p>\n<p><strong>5.<\/strong> Seleccione o separador \u201cServidor de Sa\u00edda\u201d.<\/p>\n<p><strong>6.<\/strong> Se pretend enviar os seus e-mails com autentica\u00e7\u00e3o, seleccione a caixa \u201cMeu servidor de envio (SMTP) requer autentica\u00e7\u00e3o\u201d e introduza o seu nome de utilizador (o endere\u00e7o de e-mail por onde envia) e a sua password (se usar o turboSMTP, deve introduzir em seu lugar a sua Consumer Key e Consumer Secret \u2014 <a href=\"https:\/\/serversmtp.com\/understanding-and-creating-api-keys-with-turbosmtp-a-comprehensive-guide\/#how-to\" title=\"Como criar as suas API Keys\" target=\"_blank\" rel=\"noopener\">veja como criar as suas API Keys<\/a>). Depois seleccione \u201cAvan\u00e7ado\u201d.<\/p>\n<p><strong>7.<\/strong> Defina a porta SMTP para 25 no separador \u201cServidor de sa\u00edda (SMTP)\u201d. Alguns servidores podem rejeitar e-mails vindos desta porta devido a grande quantidade de spam, portanto pode sermpre <a title=\"porta smtp\" href=\"\/pt-pt\/porta-de-saida-smtp\">alterar para outra<\/a>, por exemplo a porta 587.<\/p>\n<p><strong>8.<\/strong> Clique \u201cOk\u201d e salve as configura\u00e7\u00f5es.<\/p>\n<p>Aqui est\u00e1, pode come\u00e7ar a enviar e-mails!<\/p>\n","protected":false},"excerpt":{"rendered":"<p>Para definir um servidor SMTP para Outlook e come\u00e7ar a enviar e-mails \u00e9 necess\u00e1rio seguir alguns passos simples. Lembre-se sempre de que apenas por confiar num servi\u00e7o SMTP profissional garantir\u00e1 a total entrega dos seus e-mails: de facto, servidores de envio normais tais como Gmail ou Hotmail v\u00eam com s\u00e9rias restri\u00e7\u00f5es e n\u00e3o podem prover &#8230; <\/p>\n<p class=\"read-more-container\"><a title=\"Defini\u00e7\u00f5es SMTP para Outlook\" class=\"read-more button\" href=\"https:\/\/serversmtp.com\/pt-pt\/outlook-smtp-definicoes\/#more-3028\" aria-label=\"Leia mais sobre Defini\u00e7\u00f5es SMTP para Outlook\">Discover more<\/a><\/p>\n","protected":false},"author":3,"featured_media":0,"parent":0,"menu_order":0,"comment_status":"closed","ping_status":"closed","template":"","meta":{"_eb_attr":"","inline_featured_image":false,"_monsterinsights_skip_tracking":false,"_monsterinsights_sitenote_active":false,"_monsterinsights_sitenote_note":"","_monsterinsights_sitenote_category":0,"footnotes":""},"class_list":["post-3028","page","type-page","status-publish"],"yoast_head":"<!-- This site is optimized with the Yoast SEO plugin v25.3.1 - https:\/\/yoast.com\/wordpress\/plugins\/seo\/ -->\n<title>Defini\u00e7\u00f5es SMTP para Outlook - smtp mail server - professional SMTP service provider<\/title>\n<meta name=\"robots\" content=\"index, follow, max-snippet:-1, max-image-preview:large, max-video-preview:-1\" \/>\n<link rel=\"canonical\" href=\"https:\/\/serversmtp.com\/pt-pt\/outlook-smtp-definicoes\/\" \/>\n<meta name=\"twitter:label1\" content=\"Tempo estimado de leitura\" \/>\n\t<meta name=\"twitter:data1\" content=\"2 minutos\" \/>\n<!-- \/ Yoast SEO plugin. -->","yoast_head_json":{"title":"Defini\u00e7\u00f5es SMTP para Outlook - smtp mail server - professional SMTP service provider","robots":{"index":"index","follow":"follow","max-snippet":"max-snippet:-1","max-image-preview":"max-image-preview:large","max-video-preview":"max-video-preview:-1"},"canonical":"https:\/\/serversmtp.com\/pt-pt\/outlook-smtp-definicoes\/","twitter_misc":{"Tempo estimado de leitura":"2 minutos"},"schema":{"@context":"https:\/\/schema.org","@graph":[{"@type":"WebPage","@id":"https:\/\/serversmtp.com\/pt-pt\/outlook-smtp-definicoes\/","url":"https:\/\/serversmtp.com\/pt-pt\/outlook-smtp-definicoes\/","name":"Defini\u00e7\u00f5es SMTP para Outlook - smtp mail server - professional SMTP service provider","isPartOf":{"@id":"https:\/\/serversmtp.com\/de\/#website"},"datePublished":"2018-04-25T17:55:23+00:00","dateModified":"2025-10-23T08:33:48+00:00","breadcrumb":{"@id":"https:\/\/serversmtp.com\/pt-pt\/outlook-smtp-definicoes\/#breadcrumb"},"inLanguage":"pt-PT","potentialAction":[{"@type":"ReadAction","target":["https:\/\/serversmtp.com\/pt-pt\/outlook-smtp-definicoes\/"]}]},{"@type":"BreadcrumbList","@id":"https:\/\/serversmtp.com\/pt-pt\/outlook-smtp-definicoes\/#breadcrumb","itemListElement":[{"@type":"ListItem","position":1,"name":"Home","item":"https:\/\/serversmtp.com\/pt-pt\/"},{"@type":"ListItem","position":2,"name":"Defini\u00e7\u00f5es SMTP para Outlook"}]},{"@type":"WebSite","@id":"https:\/\/serversmtp.com\/de\/#website","url":"https:\/\/serversmtp.com\/de\/","name":"smtp mail server - professional SMTP service provider","description":"smtp mail server - professional SMTP service provider","publisher":{"@id":"https:\/\/serversmtp.com\/de\/#organization"},"potentialAction":[{"@type":"SearchAction","target":{"@type":"EntryPoint","urlTemplate":"https:\/\/serversmtp.com\/de\/?s={search_term_string}"},"query-input":{"@type":"PropertyValueSpecification","valueRequired":true,"valueName":"search_term_string"}}],"inLanguage":"pt-PT"},{"@type":"Organization","@id":"https:\/\/serversmtp.com\/de\/#organization","name":"Delivery Tech","url":"https:\/\/serversmtp.com\/de\/","logo":{"@type":"ImageObject","inLanguage":"pt-PT","@id":"https:\/\/serversmtp.com\/de\/#\/schema\/logo\/image\/","url":"https:\/\/serversmtp.com\/wp-content\/uploads\/2021\/11\/og-image-2.jpg","contentUrl":"https:\/\/serversmtp.com\/wp-content\/uploads\/2021\/11\/og-image-2.jpg","width":1200,"height":1128,"caption":"Delivery Tech"},"image":{"@id":"https:\/\/serversmtp.com\/de\/#\/schema\/logo\/image\/"}}]}},"_links":{"self":[{"href":"https:\/\/serversmtp.com\/pt-pt\/wp-json\/wp\/v2\/pages\/3028"}],"collection":[{"href":"https:\/\/serversmtp.com\/pt-pt\/wp-json\/wp\/v2\/pages"}],"about":[{"href":"https:\/\/serversmtp.com\/pt-pt\/wp-json\/wp\/v2\/types\/page"}],"author":[{"embeddable":true,"href":"https:\/\/serversmtp.com\/pt-pt\/wp-json\/wp\/v2\/users\/3"}],"replies":[{"embeddable":true,"href":"https:\/\/serversmtp.com\/pt-pt\/wp-json\/wp\/v2\/comments?post=3028"}],"version-history":[{"count":4,"href":"https:\/\/serversmtp.com\/pt-pt\/wp-json\/wp\/v2\/pages\/3028\/revisions"}],"predecessor-version":[{"id":22555,"href":"https:\/\/serversmtp.com\/pt-pt\/wp-json\/wp\/v2\/pages\/3028\/revisions\/22555"}],"wp:attachment":[{"href":"https:\/\/serversmtp.com\/pt-pt\/wp-json\/wp\/v2\/media?parent=3028"}],"curies":[{"name":"wp","href":"https:\/\/api.w.org\/{rel}","templated":true}]}}