{"id":3025,"date":"2018-04-25T19:51:51","date_gmt":"2018-04-25T17:51:51","guid":{"rendered":"https:\/\/dev.serversmtp.com\/?page_id=3025"},"modified":"2022-02-10T17:25:48","modified_gmt":"2022-02-10T16:25:48","slug":"servidor-smtp-windows","status":"publish","type":"page","link":"https:\/\/serversmtp.com\/pt-pt\/servidor-smtp-windows\/","title":{"rendered":"Servidor SMTP para Windows"},"content":{"rendered":"<p>turboSMTP pode facilmente trabalhar como um <strong>servidor SMTP para Windows<\/strong>. Visto que as novas vers\u00f5es do sistema operativo \u2013 desde o Windows 7 \u2013 n\u00e3o v\u00eam com um <strong>servi\u00e7o SMTP interno<\/strong>, \u00e9 necess\u00e1rio confiar num externo profissional para o envio de e-mails do seu website.<\/p>\n<p>Depois de <a title=\"servidor smtp windows\" href=\"\/pt-pt\/signup\">subscrever<\/a> e receber os detalhes do nosso servidor, ter\u00e1 de configur\u00e1-los em IIS Manager, clicando no icon &#8220;SMTP E-mail&#8221; e depois preencher todos os campos solicitados: o nome do servidor \u00e9 <strong>pro.turbo-smtp.com<\/strong>; a porta predefinida \u00e9 587; e pode escolher o seu processo de autentica\u00e7\u00e3o favorito.<\/p>\n<p><img decoding=\"async\" class=\"aligncenter wp-image-2412 size-full\" src=\"https:\/\/serversmtp.com\/wp-content\/uploads\/2018\/04\/smtp-windows-7.png\" alt=\"\" width=\"652\" height=\"396\" srcset=\"https:\/\/serversmtp.com\/wp-content\/uploads\/2018\/04\/smtp-windows-7.png 652w, https:\/\/serversmtp.com\/wp-content\/uploads\/2018\/04\/smtp-windows-7-300x182.png 300w, https:\/\/serversmtp.com\/wp-content\/uploads\/2018\/04\/smtp-windows-7-636x386.png 636w, https:\/\/serversmtp.com\/wp-content\/uploads\/2018\/04\/smtp-windows-7-320x194.png 320w, https:\/\/serversmtp.com\/wp-content\/uploads\/2018\/04\/smtp-windows-7-239x145.png 239w\" sizes=\"(max-width: 652px) 100vw, 652px\" \/><\/p>\n<p>Se \u00e9 um utilizador de Windows, ter um bom servidor SMTP \u00e9 muito importante. De facto, se utilizar um servi\u00e7o SMTP de e-mail comum, n\u00e3o monitorizado, filtros antispam dos provedores de e-mail podem rejeitar as suas mensagens \u2013 mesmo que sejam leg\u00edtimas.<\/p>\n<p>Um <strong>servi\u00e7o SMTP confi\u00e1vel e profissional<\/strong> como o turboSMTP, pelo contr\u00e1rio, tem uma forte reputa\u00e7\u00e3o entre todos os ISP e ir\u00e1 maximizar a entrega dos seus e-mails.<\/p>\n<p>Ent\u00e3o, as principais funcionalidades que um <strong>servi\u00e7o de envio para Windows<\/strong> dever\u00e1 garantir s\u00e3o:<\/p>\n<ol>\n<li><strong>Deve utilizar apenas IPs confi\u00e1veis<\/strong>. E tamb\u00e9m manter um contacto constante com os principais provedores de e-mail, a fim de garantir que todos os seus e-mails chegam \u00e0 caixa de entrada.<\/li>\n<li><strong>Deve prover uma r\u00e1pida entrega de e-mail<\/strong>. Um SMTP dedicado n\u00e3o deve cair em quest\u00f5es de sobrecarga e deve melhorar significativamente a velocidade da entrega dos seus e-mails.<\/li>\n<li><strong>Deve ignorar a filtragem ISP<\/strong>. Um servidor de sa\u00edda profissional ir\u00e1 maximizar a sua taxa de entrega evitando todos os modernos filtros antispam agressivos que possam rejeitar tamb\u00e9m e-mails leg\u00edtimos.<\/li>\n<li><strong>Deve ser acess\u00edvel a qualquer hora e em qualquer lugar<\/strong>. Se voc\u00ea est\u00e1 em movimento e a utilizar uma conex\u00e3o diferente de internet, n\u00e3o deveria alterar as suas configura\u00e7\u00f5es de cada vez que o faz.<\/li>\n<li><strong>Deve monitorizar as suas mensagens<\/strong>. Para compreender os resultados do seu envio, um servi\u00e7o de SMTP dedicado deve fornecer tamb\u00e9m um sistema de rastreamento de e-mail correcto.<\/li>\n<\/ol>\n<p>turboSMTP preenche todos estes requisitos, provendo um<strong> servi\u00e7o de apoio ao cliente 24h<\/strong>, que ir\u00e1 ajud\u00e1-lo a resolver qualquer problema.<\/p>\n<p>Pode registar-se e <a title=\"servidor smtp windows\" href=\"\/pt-pt\/signup\">receber um pacote de 6.000 relays gr\u00e1tis por m\u00eas<\/a>, j\u00e1 e para sempre, depois escolher um plano de acordo com as suas necessidades.<\/p>\n","protected":false},"excerpt":{"rendered":"<p>turboSMTP pode facilmente trabalhar como um servidor SMTP para Windows. Visto que as novas vers\u00f5es do sistema operativo \u2013 desde o Windows 7 \u2013 n\u00e3o v\u00eam com um servi\u00e7o SMTP interno, \u00e9 necess\u00e1rio confiar num externo profissional para o envio de e-mails do seu website. Depois de subscrever e receber os detalhes do nosso servidor, &#8230; <\/p>\n<p class=\"read-more-container\"><a title=\"Servidor SMTP para Windows\" class=\"read-more button\" href=\"https:\/\/serversmtp.com\/pt-pt\/servidor-smtp-windows\/#more-3025\" aria-label=\"Leia mais sobre Servidor SMTP para Windows\">Discover more<\/a><\/p>\n","protected":false},"author":3,"featured_media":0,"parent":0,"menu_order":0,"comment_status":"closed","ping_status":"closed","template":"","meta":{"_eb_attr":"","inline_featured_image":false,"_monsterinsights_skip_tracking":false,"_monsterinsights_sitenote_active":false,"_monsterinsights_sitenote_note":"","_monsterinsights_sitenote_category":0,"footnotes":""},"class_list":["post-3025","page","type-page","status-publish"],"yoast_head":"<!-- This site is optimized with the Yoast SEO plugin v25.3.1 - https:\/\/yoast.com\/wordpress\/plugins\/seo\/ -->\n<title>Servidor SMTP para Windows - smtp mail server - professional SMTP service provider<\/title>\n<meta name=\"robots\" content=\"index, follow, max-snippet:-1, max-image-preview:large, max-video-preview:-1\" \/>\n<link rel=\"canonical\" href=\"https:\/\/serversmtp.com\/pt-pt\/servidor-smtp-windows\/\" \/>\n<meta name=\"twitter:label1\" content=\"Tempo estimado de leitura\" \/>\n\t<meta name=\"twitter:data1\" content=\"2 minutos\" \/>\n<!-- \/ Yoast SEO plugin. -->","yoast_head_json":{"title":"Servidor SMTP para Windows - smtp mail server - professional SMTP service provider","robots":{"index":"index","follow":"follow","max-snippet":"max-snippet:-1","max-image-preview":"max-image-preview:large","max-video-preview":"max-video-preview:-1"},"canonical":"https:\/\/serversmtp.com\/pt-pt\/servidor-smtp-windows\/","twitter_misc":{"Tempo estimado de leitura":"2 minutos"},"schema":{"@context":"https:\/\/schema.org","@graph":[{"@type":"WebPage","@id":"https:\/\/serversmtp.com\/pt-pt\/servidor-smtp-windows\/","url":"https:\/\/serversmtp.com\/pt-pt\/servidor-smtp-windows\/","name":"Servidor SMTP para Windows - smtp mail server - professional SMTP service provider","isPartOf":{"@id":"https:\/\/serversmtp.com\/it\/#website"},"primaryImageOfPage":{"@id":"https:\/\/serversmtp.com\/pt-pt\/servidor-smtp-windows\/#primaryimage"},"image":{"@id":"https:\/\/serversmtp.com\/pt-pt\/servidor-smtp-windows\/#primaryimage"},"thumbnailUrl":"https:\/\/serversmtp.com\/wp-content\/uploads\/2018\/04\/smtp-windows-7.png","datePublished":"2018-04-25T17:51:51+00:00","dateModified":"2022-02-10T16:25:48+00:00","breadcrumb":{"@id":"https:\/\/serversmtp.com\/pt-pt\/servidor-smtp-windows\/#breadcrumb"},"inLanguage":"pt-PT","potentialAction":[{"@type":"ReadAction","target":["https:\/\/serversmtp.com\/pt-pt\/servidor-smtp-windows\/"]}]},{"@type":"ImageObject","inLanguage":"pt-PT","@id":"https:\/\/serversmtp.com\/pt-pt\/servidor-smtp-windows\/#primaryimage","url":"https:\/\/serversmtp.com\/wp-content\/uploads\/2018\/04\/smtp-windows-7.png","contentUrl":"https:\/\/serversmtp.com\/wp-content\/uploads\/2018\/04\/smtp-windows-7.png"},{"@type":"BreadcrumbList","@id":"https:\/\/serversmtp.com\/pt-pt\/servidor-smtp-windows\/#breadcrumb","itemListElement":[{"@type":"ListItem","position":1,"name":"Home","item":"https:\/\/serversmtp.com\/pt-pt\/"},{"@type":"ListItem","position":2,"name":"Servidor SMTP para Windows"}]},{"@type":"WebSite","@id":"https:\/\/serversmtp.com\/it\/#website","url":"https:\/\/serversmtp.com\/it\/","name":"smtp mail server - professional SMTP service provider","description":"smtp mail server - professional SMTP service provider","publisher":{"@id":"https:\/\/serversmtp.com\/it\/#organization"},"potentialAction":[{"@type":"SearchAction","target":{"@type":"EntryPoint","urlTemplate":"https:\/\/serversmtp.com\/it\/?s={search_term_string}"},"query-input":{"@type":"PropertyValueSpecification","valueRequired":true,"valueName":"search_term_string"}}],"inLanguage":"pt-PT"},{"@type":"Organization","@id":"https:\/\/serversmtp.com\/it\/#organization","name":"Delivery Tech","url":"https:\/\/serversmtp.com\/it\/","logo":{"@type":"ImageObject","inLanguage":"pt-PT","@id":"https:\/\/serversmtp.com\/it\/#\/schema\/logo\/image\/","url":"https:\/\/serversmtp.com\/wp-content\/uploads\/2021\/11\/og-image-2.jpg","contentUrl":"https:\/\/serversmtp.com\/wp-content\/uploads\/2021\/11\/og-image-2.jpg","width":1200,"height":1128,"caption":"Delivery Tech"},"image":{"@id":"https:\/\/serversmtp.com\/it\/#\/schema\/logo\/image\/"}}]}},"_links":{"self":[{"href":"https:\/\/serversmtp.com\/pt-pt\/wp-json\/wp\/v2\/pages\/3025"}],"collection":[{"href":"https:\/\/serversmtp.com\/pt-pt\/wp-json\/wp\/v2\/pages"}],"about":[{"href":"https:\/\/serversmtp.com\/pt-pt\/wp-json\/wp\/v2\/types\/page"}],"author":[{"embeddable":true,"href":"https:\/\/serversmtp.com\/pt-pt\/wp-json\/wp\/v2\/users\/3"}],"replies":[{"embeddable":true,"href":"https:\/\/serversmtp.com\/pt-pt\/wp-json\/wp\/v2\/comments?post=3025"}],"version-history":[{"count":2,"href":"https:\/\/serversmtp.com\/pt-pt\/wp-json\/wp\/v2\/pages\/3025\/revisions"}],"predecessor-version":[{"id":3027,"href":"https:\/\/serversmtp.com\/pt-pt\/wp-json\/wp\/v2\/pages\/3025\/revisions\/3027"}],"wp:attachment":[{"href":"https:\/\/serversmtp.com\/pt-pt\/wp-json\/wp\/v2\/media?parent=3025"}],"curies":[{"name":"wp","href":"https:\/\/api.w.org\/{rel}","templated":true}]}}