{"id":3020,"date":"2018-04-25T19:45:32","date_gmt":"2018-04-25T17:45:32","guid":{"rendered":"https:\/\/dev.serversmtp.com\/?page_id=3020"},"modified":"2022-02-10T16:38:22","modified_gmt":"2022-02-10T15:38:22","slug":"porta-de-saida-smtp","status":"publish","type":"page","link":"https:\/\/serversmtp.com\/pt-pt\/porta-de-saida-smtp\/","title":{"rendered":"Porta SMTP"},"content":{"rendered":"<p>Que <strong>porta<\/strong> deve escolher para o seu <strong>servidor SMTP<\/strong> quando est\u00e1 a gerir um cliente de email? Simplificando, as portas do computador s\u00e3o os pontos finais de comunica\u00e7\u00e3o de um computador conectado a uma rede. Elas s\u00e3o separadas para diferenciar <strong>os diversos processos<\/strong> e tornar mais f\u00e1cil a sua gest\u00e3o: de modo a que cada um tenha uma finalidade espec\u00edfica e est\u00e1 associada a um protocolo espec\u00edfico.<\/p>\n<p>Normalmente um servidor de saida utiliza a <strong>porta 25<\/strong>: \u00e9 a porta SMTP padr\u00e3o. No entanto, alguns IPs negam a sua utiliza\u00e7\u00e3o por causa do <strong>tr\u00e1fego massivo de spam<\/strong> e malware, pelo qual \u00e9 afetado. Esta quest\u00e3o \u00e9 levantada, em particular, quando precisa mudar para <strong>outro ISP<\/strong> \u2013 por exemplo, quando viaja e conecta-se a um novo provedor. Neste caso pode experimentar utilizar a porta 587 ou a porta 465 para evitar o bloqueio.<\/p>\n<p><img decoding=\"async\" class=\"aligncenter wp-image-2353 size-full\" src=\"https:\/\/serversmtp.com\/wp-content\/uploads\/2018\/04\/smtp-ports_0.png\" alt=\"\" width=\"580\" height=\"171\" srcset=\"https:\/\/serversmtp.com\/wp-content\/uploads\/2018\/04\/smtp-ports_0.png 580w, https:\/\/serversmtp.com\/wp-content\/uploads\/2018\/04\/smtp-ports_0-300x88.png 300w, https:\/\/serversmtp.com\/wp-content\/uploads\/2018\/04\/smtp-ports_0-320x94.png 320w, https:\/\/serversmtp.com\/wp-content\/uploads\/2018\/04\/smtp-ports_0-239x70.png 239w\" sizes=\"(max-width: 580px) 100vw, 580px\" \/><\/p>\n<p>Mais detalhadamente: a <strong>porta 587<\/strong> \u00e9 suportada por quase todos os servidores de saida SMTP e \u00e9 \u00fatil para conex\u00f5es n\u00e3o encriptadas ou TLS; enquanto que a <strong>porta 465<\/strong> \u00e9 a escolha certa se precisar conectar-se via SSL.<\/p>\n<p>turboSMTP pode funcionar tanto na porta 587 como a 465, mas tamb\u00e9m na 2525 e 25025. Al\u00e9m disso, <strong>evita completamente a quest\u00e3o \u201coutro ISP&#8221;<\/strong>: de facto, depois de definir o nosso SMTP como padr\u00e3o, n\u00e3o precisar\u00e1 configur\u00e1-lo novamente ou mudar para outras portas.<\/p>\n<p>Voc\u00ea pode experiment\u00e1-lo imediatamente com <strong><a title=\"servidor SMTP profissional\" href=\"\/pt-pt\/tsmtpregistration1.php\">6000 e-mails gratuitos por m\u00eas<\/a><\/strong>.<\/p>\n","protected":false},"excerpt":{"rendered":"<p>Que porta deve escolher para o seu servidor SMTP quando est\u00e1 a gerir um cliente de email? Simplificando, as portas do computador s\u00e3o os pontos finais de comunica\u00e7\u00e3o de um computador conectado a uma rede. Elas s\u00e3o separadas para diferenciar os diversos processos e tornar mais f\u00e1cil a sua gest\u00e3o: de modo a que cada &#8230; <\/p>\n<p class=\"read-more-container\"><a title=\"Porta SMTP\" class=\"read-more button\" href=\"https:\/\/serversmtp.com\/pt-pt\/porta-de-saida-smtp\/#more-3020\" aria-label=\"Leia mais sobre Porta SMTP\">Discover more<\/a><\/p>\n","protected":false},"author":3,"featured_media":0,"parent":0,"menu_order":0,"comment_status":"closed","ping_status":"closed","template":"","meta":{"_eb_attr":"","inline_featured_image":false,"_monsterinsights_skip_tracking":false,"_monsterinsights_sitenote_active":false,"_monsterinsights_sitenote_note":"","_monsterinsights_sitenote_category":0,"footnotes":""},"class_list":["post-3020","page","type-page","status-publish"],"yoast_head":"<!-- This site is optimized with the Yoast SEO plugin v25.3.1 - https:\/\/yoast.com\/wordpress\/plugins\/seo\/ -->\n<title>Porta SMTP - smtp mail server - professional SMTP service provider<\/title>\n<meta name=\"robots\" content=\"index, follow, max-snippet:-1, max-image-preview:large, max-video-preview:-1\" \/>\n<link rel=\"canonical\" href=\"https:\/\/serversmtp.com\/pt-pt\/porta-de-saida-smtp\/\" \/>\n<meta name=\"twitter:label1\" content=\"Tempo estimado de leitura\" \/>\n\t<meta name=\"twitter:data1\" content=\"1 minuto\" \/>\n<!-- \/ Yoast SEO plugin. -->","yoast_head_json":{"title":"Porta SMTP - smtp mail server - professional SMTP service provider","robots":{"index":"index","follow":"follow","max-snippet":"max-snippet:-1","max-image-preview":"max-image-preview:large","max-video-preview":"max-video-preview:-1"},"canonical":"https:\/\/serversmtp.com\/pt-pt\/porta-de-saida-smtp\/","twitter_misc":{"Tempo estimado de leitura":"1 minuto"},"schema":{"@context":"https:\/\/schema.org","@graph":[{"@type":"WebPage","@id":"https:\/\/serversmtp.com\/pt-pt\/porta-de-saida-smtp\/","url":"https:\/\/serversmtp.com\/pt-pt\/porta-de-saida-smtp\/","name":"Porta SMTP - smtp mail server - professional SMTP service provider","isPartOf":{"@id":"https:\/\/serversmtp.com\/#website"},"primaryImageOfPage":{"@id":"https:\/\/serversmtp.com\/pt-pt\/porta-de-saida-smtp\/#primaryimage"},"image":{"@id":"https:\/\/serversmtp.com\/pt-pt\/porta-de-saida-smtp\/#primaryimage"},"thumbnailUrl":"https:\/\/serversmtp.com\/wp-content\/uploads\/2018\/04\/smtp-ports_0.png","datePublished":"2018-04-25T17:45:32+00:00","dateModified":"2022-02-10T15:38:22+00:00","breadcrumb":{"@id":"https:\/\/serversmtp.com\/pt-pt\/porta-de-saida-smtp\/#breadcrumb"},"inLanguage":"pt-PT","potentialAction":[{"@type":"ReadAction","target":["https:\/\/serversmtp.com\/pt-pt\/porta-de-saida-smtp\/"]}]},{"@type":"ImageObject","inLanguage":"pt-PT","@id":"https:\/\/serversmtp.com\/pt-pt\/porta-de-saida-smtp\/#primaryimage","url":"https:\/\/serversmtp.com\/wp-content\/uploads\/2018\/04\/smtp-ports_0.png","contentUrl":"https:\/\/serversmtp.com\/wp-content\/uploads\/2018\/04\/smtp-ports_0.png"},{"@type":"BreadcrumbList","@id":"https:\/\/serversmtp.com\/pt-pt\/porta-de-saida-smtp\/#breadcrumb","itemListElement":[{"@type":"ListItem","position":1,"name":"Home","item":"https:\/\/serversmtp.com\/pt-pt\/"},{"@type":"ListItem","position":2,"name":"Porta SMTP"}]},{"@type":"WebSite","@id":"https:\/\/serversmtp.com\/#website","url":"https:\/\/serversmtp.com\/","name":"smtp mail server - professional SMTP service provider","description":"smtp mail server - professional SMTP service provider","publisher":{"@id":"https:\/\/serversmtp.com\/#organization"},"potentialAction":[{"@type":"SearchAction","target":{"@type":"EntryPoint","urlTemplate":"https:\/\/serversmtp.com\/?s={search_term_string}"},"query-input":{"@type":"PropertyValueSpecification","valueRequired":true,"valueName":"search_term_string"}}],"inLanguage":"pt-PT"},{"@type":"Organization","@id":"https:\/\/serversmtp.com\/#organization","name":"Delivery Tech","url":"https:\/\/serversmtp.com\/","logo":{"@type":"ImageObject","inLanguage":"pt-PT","@id":"https:\/\/serversmtp.com\/#\/schema\/logo\/image\/","url":"https:\/\/serversmtp.com\/wp-content\/uploads\/2021\/11\/og-image-2.jpg","contentUrl":"https:\/\/serversmtp.com\/wp-content\/uploads\/2021\/11\/og-image-2.jpg","width":1200,"height":1128,"caption":"Delivery Tech"},"image":{"@id":"https:\/\/serversmtp.com\/#\/schema\/logo\/image\/"}}]}},"_links":{"self":[{"href":"https:\/\/serversmtp.com\/pt-pt\/wp-json\/wp\/v2\/pages\/3020"}],"collection":[{"href":"https:\/\/serversmtp.com\/pt-pt\/wp-json\/wp\/v2\/pages"}],"about":[{"href":"https:\/\/serversmtp.com\/pt-pt\/wp-json\/wp\/v2\/types\/page"}],"author":[{"embeddable":true,"href":"https:\/\/serversmtp.com\/pt-pt\/wp-json\/wp\/v2\/users\/3"}],"replies":[{"embeddable":true,"href":"https:\/\/serversmtp.com\/pt-pt\/wp-json\/wp\/v2\/comments?post=3020"}],"version-history":[{"count":4,"href":"https:\/\/serversmtp.com\/pt-pt\/wp-json\/wp\/v2\/pages\/3020\/revisions"}],"predecessor-version":[{"id":3024,"href":"https:\/\/serversmtp.com\/pt-pt\/wp-json\/wp\/v2\/pages\/3020\/revisions\/3024"}],"wp:attachment":[{"href":"https:\/\/serversmtp.com\/pt-pt\/wp-json\/wp\/v2\/media?parent=3020"}],"curies":[{"name":"wp","href":"https:\/\/api.w.org\/{rel}","templated":true}]}}