{"id":3016,"date":"2018-04-25T19:42:42","date_gmt":"2018-04-25T17:42:42","guid":{"rendered":"https:\/\/dev.serversmtp.com\/?page_id=3016"},"modified":"2025-10-23T10:36:38","modified_gmt":"2025-10-23T08:36:38","slug":"configurar-um-servidor-smtp","status":"publish","type":"page","link":"https:\/\/serversmtp.com\/pt-pt\/configurar-um-servidor-smtp\/","title":{"rendered":"Como configurar um servidor SMTP"},"content":{"rendered":"<p>Para definir um cliente de e-mail \u00e9 necess\u00e1rio<strong> configurar um servidor SMTP<\/strong> que tratar\u00e1 da entrega dos seus e-mails. Felizmente, a configura\u00e7\u00e3o de servidores SMTP \u00e9 geralmente <strong>muito f\u00e1cil<\/strong> \u2013 precisar\u00e1 apenas de abrir o seu programa de e-mail e adicionar os <strong>par\u00e2metros SMTP<\/strong> correctos nas janelas de configura\u00e7\u00e3o.<\/p>\n<p>Lembre-se no entanto que o uso de um SMTP padr\u00e3o \u2013 o associado a provedores de e-mail gratuitos tais como Yahoo, Hotmail ou Gmail \u2013 <strong>n\u00e3o garante a entrega correcta<\/strong> de todas as suas mensagens (particularmente se estiver a enviar para um grande n\u00famero de destinat\u00e1rios).<\/p>\n<p>Por esse motivo n\u00f3s recomendamos a escolha de um <strong>servi\u00e7o SMTP profissional<\/strong>: com turboSMTP pode <a title=\"servi\u00e7o SMTP profissional\" href=\"\/pt-pt\/signup\">registar-se<\/a> e ter um pacote de 6,000 relays gr\u00e1tis por m\u00eas, para sempre, e depois escolher o plano que mais lhe conv\u00e9m.<\/p>\n<p>E aqui est\u00e1 o procedimento padr\u00e3o da <strong>configura\u00e7\u00e3o SMTP<\/strong>, em quatro passos:<\/p>\n<p><strong>1.<\/strong> Selecionar &#8221; Configura\u00e7\u00f5es da Conta&#8221; no seu cliente de e-mail, geralmente no menu \u201cFerramentas\u201d.<\/p>\n<p><strong>2.<\/strong> Escolher a op\u00e7\u00e3o \u201cServidor de sa\u00edda (SMTP)&#8221;.<\/p>\n<p><strong>3.<\/strong> Clicar no bot\u00e3o \u201cAdicionar&#8230;\u201d de forma a definir um novo SMTP. Uma janela popup ir\u00e1 aparecer.<\/p>\n<p><img decoding=\"async\" class=\"aligncenter wp-image-3005 size-full\" src=\"https:\/\/serversmtp.com\/wp-content\/uploads\/2018\/04\/configuracao-smtp.png\" alt=\"\" width=\"367\" height=\"277\" srcset=\"https:\/\/serversmtp.com\/wp-content\/uploads\/2018\/04\/configuracao-smtp.png 367w, https:\/\/serversmtp.com\/wp-content\/uploads\/2018\/04\/configuracao-smtp-300x226.png 300w, https:\/\/serversmtp.com\/wp-content\/uploads\/2018\/04\/configuracao-smtp-320x242.png 320w, https:\/\/serversmtp.com\/wp-content\/uploads\/2018\/04\/configuracao-smtp-239x180.png 239w\" sizes=\"(max-width: 367px) 100vw, 367px\" \/><\/p>\n<p><strong>4.<\/strong> Agora, basta preencher conforme se segue:<\/p>\n<ul>\n<li><strong>Descri\u00e7\u00e3o<\/strong>: um nome informal que ir\u00e1 ajud\u00e1-lo a identificar o servidor (ser\u00e1 melhor utilizar o provedor de e-mail, como Gmail ou Yahoo).<\/li>\n<li><strong>Servidor<\/strong>: especifica\u00e7\u00e3o do servidor SMTP. Pode encontr\u00e1-lo por consultar a p\u00e1gina web do seu provedor, ou procur\u00e1-lo na nossa <a title=\"servidores smtp\" href=\"\/pt-pt\/servidores-smtp\">lista de servidores SMTP<\/a>.<\/li>\n<li><strong>Porta<\/strong>: 25 ou 587;\u00a0para mais informa\u00e7\u00f5es, leia nosso artigo sobre as portas de SMTP.<\/li>\n<li><strong>Seguran\u00e7a da conex\u00e3o<\/strong>: por si s\u00f3, a transfer\u00eancia de e-mail SMTP n\u00e3o fornece uma encripta\u00e7\u00e3o. Ent\u00e3o, desejar uma liga\u00e7\u00e3o mais segura, ser\u00e1 uma boa escolha utilizar uma exten\u00e7\u00e3o STARTTLS ou SSL\/TLS, que utilizam uma porta separada para comunica\u00e7\u00e3o encriptada.<\/li>\n<li><strong>Modo de autentica\u00e7\u00e3o<\/strong>: h\u00e1 um certo n\u00famero de m\u00e9todos (passwords, CRAM-MD5, KERBEROS etc.). Sugerimos usar uma senha com o seu endere\u00e7o de email como nome de usu\u00e1rio.<\/li>\n<li><strong>Nome de usuario<\/strong>: o seu endere\u00e7o de e-mail.<\/li>\n<\/ul>\n<p>Lembre-se que se usar o turboSMTP deve introduzir a sua Consumer Key e Consumer Secret em vez do nome de utilizador e da password \u2014 <a href=\"https:\/\/serversmtp.com\/understanding-and-creating-api-keys-with-turbosmtp-a-comprehensive-guide\/#how-to\" title=\"Como criar as suas API Keys\" target=\"_blank\" rel=\"noopener\">veja como criar as suas API Keys<\/a>.<\/p>\n","protected":false},"excerpt":{"rendered":"<p>Para definir um cliente de e-mail \u00e9 necess\u00e1rio configurar um servidor SMTP que tratar\u00e1 da entrega dos seus e-mails. Felizmente, a configura\u00e7\u00e3o de servidores SMTP \u00e9 geralmente muito f\u00e1cil \u2013 precisar\u00e1 apenas de abrir o seu programa de e-mail e adicionar os par\u00e2metros SMTP correctos nas janelas de configura\u00e7\u00e3o. Lembre-se no entanto que o uso &#8230; <\/p>\n<p class=\"read-more-container\"><a title=\"Como configurar um servidor SMTP\" class=\"read-more button\" href=\"https:\/\/serversmtp.com\/pt-pt\/configurar-um-servidor-smtp\/#more-3016\" aria-label=\"Leia mais sobre Como configurar um servidor SMTP\">Discover more<\/a><\/p>\n","protected":false},"author":3,"featured_media":0,"parent":0,"menu_order":0,"comment_status":"closed","ping_status":"closed","template":"","meta":{"_eb_attr":"","inline_featured_image":false,"_monsterinsights_skip_tracking":false,"_monsterinsights_sitenote_active":false,"_monsterinsights_sitenote_note":"","_monsterinsights_sitenote_category":0,"footnotes":""},"class_list":["post-3016","page","type-page","status-publish"],"yoast_head":"<!-- This site is optimized with the Yoast SEO plugin v25.3.1 - https:\/\/yoast.com\/wordpress\/plugins\/seo\/ -->\n<title>Como configurar um servidor SMTP<\/title>\n<meta name=\"description\" content=\"O uso de um SMTP padr\u00e3o n\u00e3o garante a entrega correcta de todas as suas mensagens. Por esse motivo n\u00f3s recomendamos a escolha de turboSMTP.\" \/>\n<meta name=\"robots\" content=\"index, follow, max-snippet:-1, max-image-preview:large, max-video-preview:-1\" \/>\n<link rel=\"canonical\" href=\"https:\/\/serversmtp.com\/pt-pt\/configurar-um-servidor-smtp\/\" \/>\n<meta name=\"twitter:label1\" content=\"Tempo estimado de leitura\" \/>\n\t<meta name=\"twitter:data1\" content=\"2 minutos\" \/>\n<!-- \/ Yoast SEO plugin. -->","yoast_head_json":{"title":"Como configurar um servidor SMTP","description":"O uso de um SMTP padr\u00e3o n\u00e3o garante a entrega correcta de todas as suas mensagens. Por esse motivo n\u00f3s recomendamos a escolha de turboSMTP.","robots":{"index":"index","follow":"follow","max-snippet":"max-snippet:-1","max-image-preview":"max-image-preview:large","max-video-preview":"max-video-preview:-1"},"canonical":"https:\/\/serversmtp.com\/pt-pt\/configurar-um-servidor-smtp\/","twitter_misc":{"Tempo estimado de leitura":"2 minutos"},"schema":{"@context":"https:\/\/schema.org","@graph":[{"@type":"WebPage","@id":"https:\/\/serversmtp.com\/pt-pt\/configurar-um-servidor-smtp\/","url":"https:\/\/serversmtp.com\/pt-pt\/configurar-um-servidor-smtp\/","name":"Como configurar um servidor SMTP","isPartOf":{"@id":"https:\/\/serversmtp.com\/it\/#website"},"primaryImageOfPage":{"@id":"https:\/\/serversmtp.com\/pt-pt\/configurar-um-servidor-smtp\/#primaryimage"},"image":{"@id":"https:\/\/serversmtp.com\/pt-pt\/configurar-um-servidor-smtp\/#primaryimage"},"thumbnailUrl":"https:\/\/serversmtp.com\/wp-content\/uploads\/2018\/04\/configuracao-smtp.png","datePublished":"2018-04-25T17:42:42+00:00","dateModified":"2025-10-23T08:36:38+00:00","description":"O uso de um SMTP padr\u00e3o n\u00e3o garante a entrega correcta de todas as suas mensagens. Por esse motivo n\u00f3s recomendamos a escolha de turboSMTP.","breadcrumb":{"@id":"https:\/\/serversmtp.com\/pt-pt\/configurar-um-servidor-smtp\/#breadcrumb"},"inLanguage":"pt-PT","potentialAction":[{"@type":"ReadAction","target":["https:\/\/serversmtp.com\/pt-pt\/configurar-um-servidor-smtp\/"]}]},{"@type":"ImageObject","inLanguage":"pt-PT","@id":"https:\/\/serversmtp.com\/pt-pt\/configurar-um-servidor-smtp\/#primaryimage","url":"https:\/\/serversmtp.com\/wp-content\/uploads\/2018\/04\/configuracao-smtp.png","contentUrl":"https:\/\/serversmtp.com\/wp-content\/uploads\/2018\/04\/configuracao-smtp.png"},{"@type":"BreadcrumbList","@id":"https:\/\/serversmtp.com\/pt-pt\/configurar-um-servidor-smtp\/#breadcrumb","itemListElement":[{"@type":"ListItem","position":1,"name":"Home","item":"https:\/\/serversmtp.com\/pt-pt\/"},{"@type":"ListItem","position":2,"name":"Como configurar um servidor SMTP"}]},{"@type":"WebSite","@id":"https:\/\/serversmtp.com\/it\/#website","url":"https:\/\/serversmtp.com\/it\/","name":"smtp mail server - professional SMTP service provider","description":"smtp mail server - professional SMTP service provider","publisher":{"@id":"https:\/\/serversmtp.com\/it\/#organization"},"potentialAction":[{"@type":"SearchAction","target":{"@type":"EntryPoint","urlTemplate":"https:\/\/serversmtp.com\/it\/?s={search_term_string}"},"query-input":{"@type":"PropertyValueSpecification","valueRequired":true,"valueName":"search_term_string"}}],"inLanguage":"pt-PT"},{"@type":"Organization","@id":"https:\/\/serversmtp.com\/it\/#organization","name":"Delivery Tech","url":"https:\/\/serversmtp.com\/it\/","logo":{"@type":"ImageObject","inLanguage":"pt-PT","@id":"https:\/\/serversmtp.com\/it\/#\/schema\/logo\/image\/","url":"https:\/\/serversmtp.com\/wp-content\/uploads\/2021\/11\/og-image-2.jpg","contentUrl":"https:\/\/serversmtp.com\/wp-content\/uploads\/2021\/11\/og-image-2.jpg","width":1200,"height":1128,"caption":"Delivery Tech"},"image":{"@id":"https:\/\/serversmtp.com\/it\/#\/schema\/logo\/image\/"}}]}},"_links":{"self":[{"href":"https:\/\/serversmtp.com\/pt-pt\/wp-json\/wp\/v2\/pages\/3016"}],"collection":[{"href":"https:\/\/serversmtp.com\/pt-pt\/wp-json\/wp\/v2\/pages"}],"about":[{"href":"https:\/\/serversmtp.com\/pt-pt\/wp-json\/wp\/v2\/types\/page"}],"author":[{"embeddable":true,"href":"https:\/\/serversmtp.com\/pt-pt\/wp-json\/wp\/v2\/users\/3"}],"replies":[{"embeddable":true,"href":"https:\/\/serversmtp.com\/pt-pt\/wp-json\/wp\/v2\/comments?post=3016"}],"version-history":[{"count":4,"href":"https:\/\/serversmtp.com\/pt-pt\/wp-json\/wp\/v2\/pages\/3016\/revisions"}],"predecessor-version":[{"id":22557,"href":"https:\/\/serversmtp.com\/pt-pt\/wp-json\/wp\/v2\/pages\/3016\/revisions\/22557"}],"wp:attachment":[{"href":"https:\/\/serversmtp.com\/pt-pt\/wp-json\/wp\/v2\/media?parent=3016"}],"curies":[{"name":"wp","href":"https:\/\/api.w.org\/{rel}","templated":true}]}}