{"id":3009,"date":"2018-04-25T19:35:10","date_gmt":"2018-04-25T17:35:10","guid":{"rendered":"https:\/\/dev.serversmtp.com\/?page_id=3009"},"modified":"2018-04-25T21:22:07","modified_gmt":"2018-04-25T19:22:07","slug":"servidor-smtp-yahoo-configuracao","status":"publish","type":"page","link":"https:\/\/serversmtp.com\/pt-pt\/servidor-smtp-yahoo-configuracao\/","title":{"rendered":"Servidor SMTP Yahoo: configura\u00e7\u00e3o"},"content":{"rendered":"<p>Tamb\u00e9m pode utilizar a sua conta <strong>Yahoo Mail<\/strong> para enviar e-mails de um cliente como o Thunderbird ou o Outlook, utilizando o pr\u00f3prio <strong>servidor SMTP do Yahoo<\/strong>.<\/p>\n<p>O processo de configura\u00e7\u00e3o \u00e9 extremamente f\u00e1cil. S\u00f3 precisa de abrir a janela de configura\u00e7\u00e3o<\/p>\n<p><img loading=\"lazy\" class=\"aligncenter wp-image-3005 size-full\" src=\"https:\/\/serversmtp.com\/wp-content\/uploads\/2018\/04\/configuracao-smtp.png\" alt=\"\" width=\"367\" height=\"277\" srcset=\"https:\/\/serversmtp.com\/wp-content\/uploads\/2018\/04\/configuracao-smtp.png 367w, https:\/\/serversmtp.com\/wp-content\/uploads\/2018\/04\/configuracao-smtp-300x226.png 300w, https:\/\/serversmtp.com\/wp-content\/uploads\/2018\/04\/configuracao-smtp-320x242.png 320w, https:\/\/serversmtp.com\/wp-content\/uploads\/2018\/04\/configuracao-smtp-239x180.png 239w\" sizes=\"(max-width: 367px) 100vw, 367px\" \/><\/p>\n<p>e preencher os campos com as <strong>defini\u00e7\u00f5es do servidor SMTP do Yahoo<\/strong>, que s\u00e3o:<\/p>\n<ul>\n<li><strong>Descri\u00e7\u00e3o SMTP Yahoo: <\/strong>um nome generico (ex. &#8220;SMTP&#8221;)<strong><br \/>\n<\/strong><\/li>\n<li><strong>Endere\u00e7o do servidor <strong>SMTP\u00a0<strong>Yahoo<\/strong><\/strong><\/strong>: smtp.mail.yahoo.com<\/li>\n<li><strong>Usuario <strong><strong>SMTP\u00a0<strong>Yahoo<\/strong><\/strong><\/strong><\/strong>: a sua conta Yahoo Mail<\/li>\n<li><strong>Password <strong><strong>SMTP\u00a0<strong>Yahoo<\/strong><\/strong><\/strong><\/strong>\u00a0a sua password do Yahoo Mail<\/li>\n<li><strong>Porta <strong><strong>SMTP\u00a0<strong>Yahoo<\/strong><\/strong><\/strong><\/strong>: 465<\/li>\n<\/ul>\n<p>Depois pode escolher as suas op\u00e7\u00f5es de seguran\u00e7a e autentica\u00e7\u00e3o: para mais informa\u00e7\u00f5es por favor verifique o nosso artigo sobre <a title=\"configurar servidor SMTP\" href=\"\/pt-pt\/configurar-um-servidor-smtp\">configura\u00e7\u00e3o SMTP<\/a>.<\/p>\n<p>No entanto, \u00e9 preciso sublinhar que o SMTP do Yahoo tem um limite rigoroso de <strong>500 e-mails enviados por dia<\/strong> (e cada mensagem pode ser enviada <strong>para 100 destinat\u00e1rios<\/strong>), de forma a prevenir os spammers de o utilizarem para as suas mensagens n\u00e3o solicitadas.<\/p>\n<p>Ent\u00e3o, se precisar de enviar <strong>um e-mail em massa<\/strong> para uma grande lista de contactos \u2013 um boletim informativo, por exemplo \u2013 dever\u00e1 definitivamente mudar para um <strong>servidor de envio profissional<\/strong> como o turboSMTP.<\/p>\n<p>turboSMTP permite-lhe gerir facilmente os seus e-mails e enviar mensagens ilimitadas: e acima de tudo, garante a <strong>mais alta taxa de entreg<\/strong>a. Pode subscrever e ganhar imediatamente <a title=\"servidor smtp profissional\" href=\"\/pt-pt\/signup\">6.000 relays gr\u00e1tis por m\u00eas, para sempre<\/a>.<\/p>\n","protected":false},"excerpt":{"rendered":"<p>Tamb\u00e9m pode utilizar a sua conta Yahoo Mail para enviar e-mails de um cliente como o Thunderbird ou o Outlook, utilizando o pr\u00f3prio servidor SMTP do Yahoo. O processo de configura\u00e7\u00e3o \u00e9 extremamente f\u00e1cil. S\u00f3 precisa de abrir a janela de configura\u00e7\u00e3o e preencher os campos com as defini\u00e7\u00f5es do servidor SMTP do Yahoo, que [&hellip;]<\/p>\n","protected":false},"author":3,"featured_media":0,"parent":0,"menu_order":0,"comment_status":"closed","ping_status":"closed","template":"g1_template_page_sidebar_right.php","meta":[],"yoast_head":"<!-- This site is optimized with the Yoast SEO plugin v16.4 - https:\/\/yoast.com\/wordpress\/plugins\/seo\/ -->\n<meta name=\"robots\" content=\"index, follow, max-snippet:-1, max-image-preview:large, max-video-preview:-1\" \/>\n<link rel=\"canonical\" href=\"https:\/\/serversmtp.com\/pt-pt\/servidor-smtp-yahoo-configuracao\/\" \/>\n<meta property=\"og:locale\" content=\"pt_PT\" \/>\n<meta property=\"og:type\" content=\"article\" \/>\n<meta property=\"og:title\" content=\"Servidor SMTP Yahoo: configura\u00e7\u00e3o - smtp mail server - professional SMTP service provider\" \/>\n<meta property=\"og:description\" content=\"Tamb\u00e9m pode utilizar a sua conta Yahoo Mail para enviar e-mails de um cliente como o Thunderbird ou o Outlook, utilizando o pr\u00f3prio servidor SMTP do Yahoo. O processo de configura\u00e7\u00e3o \u00e9 extremamente f\u00e1cil. S\u00f3 precisa de abrir a janela de configura\u00e7\u00e3o e preencher os campos com as defini\u00e7\u00f5es do servidor SMTP do Yahoo, que [&hellip;]\" \/>\n<meta property=\"og:url\" content=\"https:\/\/serversmtp.com\/pt-pt\/servidor-smtp-yahoo-configuracao\/\" \/>\n<meta property=\"og:site_name\" content=\"smtp mail server - professional SMTP service provider\" \/>\n<meta property=\"article:modified_time\" content=\"2018-04-25T19:22:07+00:00\" \/>\n<meta property=\"og:image\" content=\"https:\/\/serversmtp.com\/wp-content\/uploads\/2018\/04\/configuracao-smtp.png\" \/>\n<meta name=\"twitter:card\" content=\"summary_large_image\" \/>\n<meta name=\"twitter:label1\" content=\"Tempo estimado de leitura\" \/>\n\t<meta name=\"twitter:data1\" content=\"1 minuto\" \/>\n<script type=\"application\/ld+json\" class=\"yoast-schema-graph\">{\"@context\":\"https:\/\/schema.org\",\"@graph\":[{\"@type\":\"WebSite\",\"@id\":\"https:\/\/serversmtp.com\/de\/#website\",\"url\":\"https:\/\/serversmtp.com\/de\/\",\"name\":\"smtp mail server - professional SMTP service provider\",\"description\":\"smtp mail server - professional SMTP service provider \",\"potentialAction\":[{\"@type\":\"SearchAction\",\"target\":\"https:\/\/serversmtp.com\/de\/?s={search_term_string}\",\"query-input\":\"required name=search_term_string\"}],\"inLanguage\":\"pt-PT\"},{\"@type\":\"ImageObject\",\"@id\":\"https:\/\/serversmtp.com\/pt-pt\/servidor-smtp-yahoo-configuracao\/#primaryimage\",\"inLanguage\":\"pt-PT\",\"url\":\"https:\/\/serversmtp.com\/wp-content\/uploads\/2018\/04\/configuracao-smtp.png\",\"contentUrl\":\"https:\/\/serversmtp.com\/wp-content\/uploads\/2018\/04\/configuracao-smtp.png\",\"width\":367,\"height\":277},{\"@type\":\"WebPage\",\"@id\":\"https:\/\/serversmtp.com\/pt-pt\/servidor-smtp-yahoo-configuracao\/#webpage\",\"url\":\"https:\/\/serversmtp.com\/pt-pt\/servidor-smtp-yahoo-configuracao\/\",\"name\":\"Servidor SMTP Yahoo: configura\\u00e7\\u00e3o - smtp mail server - professional SMTP service provider\",\"isPartOf\":{\"@id\":\"https:\/\/serversmtp.com\/de\/#website\"},\"primaryImageOfPage\":{\"@id\":\"https:\/\/serversmtp.com\/pt-pt\/servidor-smtp-yahoo-configuracao\/#primaryimage\"},\"datePublished\":\"2018-04-25T17:35:10+00:00\",\"dateModified\":\"2018-04-25T19:22:07+00:00\",\"breadcrumb\":{\"@id\":\"https:\/\/serversmtp.com\/pt-pt\/servidor-smtp-yahoo-configuracao\/#breadcrumb\"},\"inLanguage\":\"pt-PT\",\"potentialAction\":[{\"@type\":\"ReadAction\",\"target\":[\"https:\/\/serversmtp.com\/pt-pt\/servidor-smtp-yahoo-configuracao\/\"]}]},{\"@type\":\"BreadcrumbList\",\"@id\":\"https:\/\/serversmtp.com\/pt-pt\/servidor-smtp-yahoo-configuracao\/#breadcrumb\",\"itemListElement\":[{\"@type\":\"ListItem\",\"position\":1,\"item\":{\"@type\":\"WebPage\",\"@id\":\"https:\/\/serversmtp.com\/pt-pt\/\",\"url\":\"https:\/\/serversmtp.com\/pt-pt\/\",\"name\":\"Home\"}},{\"@type\":\"ListItem\",\"position\":2,\"item\":{\"@id\":\"https:\/\/serversmtp.com\/pt-pt\/servidor-smtp-yahoo-configuracao\/#webpage\"}}]}]}<\/script>\n<!-- \/ Yoast SEO plugin. -->","_links":{"self":[{"href":"https:\/\/serversmtp.com\/pt-pt\/wp-json\/wp\/v2\/pages\/3009"}],"collection":[{"href":"https:\/\/serversmtp.com\/pt-pt\/wp-json\/wp\/v2\/pages"}],"about":[{"href":"https:\/\/serversmtp.com\/pt-pt\/wp-json\/wp\/v2\/types\/page"}],"author":[{"embeddable":true,"href":"https:\/\/serversmtp.com\/pt-pt\/wp-json\/wp\/v2\/users\/3"}],"replies":[{"embeddable":true,"href":"https:\/\/serversmtp.com\/pt-pt\/wp-json\/wp\/v2\/comments?post=3009"}],"version-history":[{"count":2,"href":"https:\/\/serversmtp.com\/pt-pt\/wp-json\/wp\/v2\/pages\/3009\/revisions"}],"predecessor-version":[{"id":3011,"href":"https:\/\/serversmtp.com\/pt-pt\/wp-json\/wp\/v2\/pages\/3009\/revisions\/3011"}],"wp:attachment":[{"href":"https:\/\/serversmtp.com\/pt-pt\/wp-json\/wp\/v2\/media?parent=3009"}],"curies":[{"name":"wp","href":"https:\/\/api.w.org\/{rel}","templated":true}]}}