{"id":2963,"date":"2018-04-24T11:14:50","date_gmt":"2018-04-24T09:14:50","guid":{"rendered":"https:\/\/dev.serversmtp.com\/?page_id=2963"},"modified":"2018-04-24T12:24:42","modified_gmt":"2018-04-24T10:24:42","slug":"configuracao-servidor-smtp","status":"publish","type":"page","link":"https:\/\/serversmtp.com\/pt-pt\/configuracao-servidor-smtp\/","title":{"rendered":"Configura\u00e7ao servidor SMTP\ufeff"},"content":{"rendered":"<p>Tudo o que voc\u00ea precisa saber sobre a configura\u00e7\u00e3o do servidor SMTP: o que \u00e9 o protocolo SMTP, como usar e configurar um servidor de envio para o cliente de e-mail, o que s\u00e3o os elementos b\u00e1sicos do sistema s\u00e3o a entrega de e-mail, e muito mais&#8230;.<\/p>\n<ul class=\"lp-2018 clearfix\">\n<li><a title=\"O servidor SMTP\" href=\"\/pt-pt\/o-servidor-saida-smtp\"><span class=\"lp-2018-title\">O servidor SMTP<\/span> <img decoding=\"async\" title=\"O servidor SMTP\" src=\"\/wp-content\/uploads\/2018\/04\/about-smtp.png\" alt=\"O servidor SMTP\" width=\"48\" height=\"48\" \/> <span class=\"lp-2018-description\">O que \u00e9 SMTP, uma sa\u00edda do servidor, e como determinar O servidor SMTP em uso.<\/span><\/a><\/li>\n<li><a title=\"SMTP gratis\" href=\"\/pt-pt\/smtp-gratis-configurar\"><span class=\"lp-2018-title\">SMTP GRATIS<\/span> <img decoding=\"async\" title=\"SMTP gratis\" src=\"\/wp-content\/uploads\/2018\/04\/free-smtp-configuration.png\" alt=\"SMTP gratis\" width=\"48\" height=\"48\" \/> <span class=\"lp-2018-description\">Como configurar o SMTP dos provedores gratuitos mais comuns: Gmail, Hotmail, Yahoo Mail, etc. <\/span><\/a><\/li>\n<li><a title=\"Configurar SMTP\" href=\"\/pt-pt\/smtp-configurar\"><span class=\"lp-2018-title\">Configurar SMTP<\/span> <img decoding=\"async\" title=\"Configurar SMTP\" src=\"\/wp-content\/uploads\/2018\/04\/email-setup.png\" alt=\"Configurar SMTP\" width=\"48\" height=\"48\" \/> <span class=\"lp-2018-description\">Como configurar 0 servidor SMTP para o cliente de e-mail e resolver os problemas comuns.<\/span><\/a><\/li>\n<li><a title=\"Envio de emails\" href=\"\/pt-pt\/envio-de-emails\"><span class=\"lp-2018-title\">Envio de emails<\/span> <img decoding=\"async\" title=\"Envio de emails\" src=\"\/wp-content\/uploads\/2018\/04\/email-sending-technology.png\" alt=\"Envio de emails\" width=\"48\" height=\"48\" \/> <span class=\"lp-2018-description\">O que est\u00e1 por tr\u00e1s do ato de pressionar &#8220;Enviar&#8221;, e como faz\u00ea-lo funcionar perfeitamente.<\/span><\/a><\/li>\n<li><a title=\"SMTP para mobile\" href=\"\/pt-pt\/smtp-para-mobile\"><span class=\"lp-2018-title\">SMTP para mobile<\/span> <img decoding=\"async\" title=\"SMTP para mobile\" src=\"\/wp-content\/uploads\/2018\/04\/mobile-smtp.png\" alt=\"SMTP para mobile\" width=\"48\" height=\"48\" \/> <span class=\"lp-2018-description\">La configura\u00e7ao do SMTP para enviar e-mails para iPhone ou iPad.<\/span><\/a><\/li>\n<\/ul>\n","protected":false},"excerpt":{"rendered":"<p>Tudo o que voc\u00ea precisa saber sobre a configura\u00e7\u00e3o do servidor SMTP: o que \u00e9 o protocolo SMTP, como usar e configurar um servidor de envio para o cliente de e-mail, o que s\u00e3o os elementos b\u00e1sicos do sistema s\u00e3o a entrega de e-mail, e muito mais&#8230;. O servidor SMTP O que \u00e9 SMTP, uma &#8230; <\/p>\n<p class=\"read-more-container\"><a title=\"Configura\u00e7ao servidor SMTP\ufeff\" class=\"read-more button\" href=\"https:\/\/serversmtp.com\/pt-pt\/configuracao-servidor-smtp\/#more-2963\" aria-label=\"Leia mais sobre Configura\u00e7ao servidor SMTP\ufeff\">Discover more<\/a><\/p>\n","protected":false},"author":3,"featured_media":0,"parent":0,"menu_order":0,"comment_status":"closed","ping_status":"closed","template":"","meta":{"_eb_attr":"","inline_featured_image":false,"_monsterinsights_skip_tracking":false,"_monsterinsights_sitenote_active":false,"_monsterinsights_sitenote_note":"","_monsterinsights_sitenote_category":0,"footnotes":""},"class_list":["post-2963","page","type-page","status-publish"],"yoast_head":"<!-- This site is optimized with the Yoast SEO plugin v25.3.1 - https:\/\/yoast.com\/wordpress\/plugins\/seo\/ -->\n<title>Configura\u00e7ao servidor SMTP\ufeff - smtp mail server - professional SMTP service provider<\/title>\n<meta name=\"robots\" content=\"index, follow, max-snippet:-1, max-image-preview:large, max-video-preview:-1\" \/>\n<link rel=\"canonical\" href=\"https:\/\/serversmtp.com\/pt-pt\/configuracao-servidor-smtp\/\" \/>\n<meta name=\"twitter:label1\" content=\"Tempo estimado de leitura\" \/>\n\t<meta name=\"twitter:data1\" content=\"1 minuto\" \/>\n<!-- \/ Yoast SEO plugin. -->","yoast_head_json":{"title":"Configura\u00e7ao servidor SMTP\ufeff - smtp mail server - professional SMTP service provider","robots":{"index":"index","follow":"follow","max-snippet":"max-snippet:-1","max-image-preview":"max-image-preview:large","max-video-preview":"max-video-preview:-1"},"canonical":"https:\/\/serversmtp.com\/pt-pt\/configuracao-servidor-smtp\/","twitter_misc":{"Tempo estimado de leitura":"1 minuto"},"schema":{"@context":"https:\/\/schema.org","@graph":[{"@type":"WebPage","@id":"https:\/\/serversmtp.com\/pt-pt\/configuracao-servidor-smtp\/","url":"https:\/\/serversmtp.com\/pt-pt\/configuracao-servidor-smtp\/","name":"Configura\u00e7ao servidor SMTP\ufeff - smtp mail server - professional SMTP service provider","isPartOf":{"@id":"https:\/\/serversmtp.com\/de\/#website"},"datePublished":"2018-04-24T09:14:50+00:00","dateModified":"2018-04-24T10:24:42+00:00","breadcrumb":{"@id":"https:\/\/serversmtp.com\/pt-pt\/configuracao-servidor-smtp\/#breadcrumb"},"inLanguage":"pt-PT","potentialAction":[{"@type":"ReadAction","target":["https:\/\/serversmtp.com\/pt-pt\/configuracao-servidor-smtp\/"]}]},{"@type":"BreadcrumbList","@id":"https:\/\/serversmtp.com\/pt-pt\/configuracao-servidor-smtp\/#breadcrumb","itemListElement":[{"@type":"ListItem","position":1,"name":"Home","item":"https:\/\/serversmtp.com\/pt-pt\/"},{"@type":"ListItem","position":2,"name":"Configura\u00e7ao servidor SMTP\ufeff"}]},{"@type":"WebSite","@id":"https:\/\/serversmtp.com\/de\/#website","url":"https:\/\/serversmtp.com\/de\/","name":"smtp mail server - professional SMTP service provider","description":"smtp mail server - professional SMTP service provider","publisher":{"@id":"https:\/\/serversmtp.com\/de\/#organization"},"potentialAction":[{"@type":"SearchAction","target":{"@type":"EntryPoint","urlTemplate":"https:\/\/serversmtp.com\/de\/?s={search_term_string}"},"query-input":{"@type":"PropertyValueSpecification","valueRequired":true,"valueName":"search_term_string"}}],"inLanguage":"pt-PT"},{"@type":"Organization","@id":"https:\/\/serversmtp.com\/de\/#organization","name":"Delivery Tech","url":"https:\/\/serversmtp.com\/de\/","logo":{"@type":"ImageObject","inLanguage":"pt-PT","@id":"https:\/\/serversmtp.com\/de\/#\/schema\/logo\/image\/","url":"https:\/\/serversmtp.com\/wp-content\/uploads\/2021\/11\/og-image-2.jpg","contentUrl":"https:\/\/serversmtp.com\/wp-content\/uploads\/2021\/11\/og-image-2.jpg","width":1200,"height":1128,"caption":"Delivery Tech"},"image":{"@id":"https:\/\/serversmtp.com\/de\/#\/schema\/logo\/image\/"}}]}},"_links":{"self":[{"href":"https:\/\/serversmtp.com\/pt-pt\/wp-json\/wp\/v2\/pages\/2963"}],"collection":[{"href":"https:\/\/serversmtp.com\/pt-pt\/wp-json\/wp\/v2\/pages"}],"about":[{"href":"https:\/\/serversmtp.com\/pt-pt\/wp-json\/wp\/v2\/types\/page"}],"author":[{"embeddable":true,"href":"https:\/\/serversmtp.com\/pt-pt\/wp-json\/wp\/v2\/users\/3"}],"replies":[{"embeddable":true,"href":"https:\/\/serversmtp.com\/pt-pt\/wp-json\/wp\/v2\/comments?post=2963"}],"version-history":[{"count":4,"href":"https:\/\/serversmtp.com\/pt-pt\/wp-json\/wp\/v2\/pages\/2963\/revisions"}],"predecessor-version":[{"id":2981,"href":"https:\/\/serversmtp.com\/pt-pt\/wp-json\/wp\/v2\/pages\/2963\/revisions\/2981"}],"wp:attachment":[{"href":"https:\/\/serversmtp.com\/pt-pt\/wp-json\/wp\/v2\/media?parent=2963"}],"curies":[{"name":"wp","href":"https:\/\/api.w.org\/{rel}","templated":true}]}}