{"id":2910,"date":"2018-04-21T18:14:50","date_gmt":"2018-04-21T16:14:50","guid":{"rendered":"https:\/\/dev.serversmtp.com\/?page_id=2910"},"modified":"2022-02-10T16:36:19","modified_gmt":"2022-02-10T15:36:19","slug":"o-que-e-servidor-smtp","status":"publish","type":"page","link":"https:\/\/serversmtp.com\/pt-pt\/o-que-e-servidor-smtp\/","title":{"rendered":"O que \u00e9 um servidor SMTP"},"content":{"rendered":"<p>A sigla <strong>SMTP<\/strong> significa Simple Mail Transfer Protocol (Protocolo de Transfer\u00eancia de Correio Simples), o <strong>processo por tr\u00e1s do fluxo de e-mail na internet<\/strong>.<\/p>\n<p>O que acontece quando envia um e-mail? O processo de entrega de e-mail \u00e9 na verdade muito semelhante ao correio cl\u00e1ssico: um sistema organizado cuida do seu envelope e atrav\u00e9s de uma s\u00e9rie de passos \u00e9 entregue ao seu destinat\u00e1rio. Neste processo, o <strong>servidor SMTP<\/strong> \u00e9 simplesmente um computador a correr SMTP, e que age mais ou menos como o carteiro. Assim que as mensagens s\u00e3o apanhados, s\u00e3o enviadas para este servidor, que trata de entregar os e-mails concretamente aos seus destinat\u00e1rios.<\/p>\n<p>Basicamente, a viagem de uma mensagem do seu computador para o destinat\u00e1rio \u00e9 assim:<\/p>\n<p><img decoding=\"async\" class=\"aligncenter wp-image-453 size-full\" src=\"https:\/\/serversmtp.com\/wp-content\/uploads\/2018\/02\/what-is-an-smtp-server.png\" alt=\"\" width=\"580\" height=\"372\" srcset=\"https:\/\/serversmtp.com\/wp-content\/uploads\/2018\/02\/what-is-an-smtp-server.png 580w, https:\/\/serversmtp.com\/wp-content\/uploads\/2018\/02\/what-is-an-smtp-server-300x192.png 300w, https:\/\/serversmtp.com\/wp-content\/uploads\/2018\/02\/what-is-an-smtp-server-320x205.png 320w, https:\/\/serversmtp.com\/wp-content\/uploads\/2018\/02\/what-is-an-smtp-server-239x153.png 239w\" sizes=\"(max-width: 580px) 100vw, 580px\" \/><\/p>\n<ul>\n<li>Voc\u00ea envia um e-mail do seu <strong>cliente de e-mail<\/strong> a partir do seu endere\u00e7o (exemplo: mark@website.com) para um destinat\u00e1rio (exemplo: jane@domain.com). Na g\u00edria, o cliente de e-mail \u00e9 chamado de <strong>Message User Agent<\/strong>, ou MUA.<\/li>\n<li>A mensagem \u00e9 enviada normalmente via <strong>porta 25<\/strong> para o servidor SMTP (com o nome por exemplo mail.website.com) que \u00e9 dado ao seu cliente ao configur\u00e1-lo e actua como um Message Transfer Agent ou MTA. Cliente e servidor come\u00e7am uma breve &#8220;conversa&#8221;, onde s\u00e3o verificados todos os dados relativos \u00e0 transmiss\u00e3o da mensagem (remetente, destinat\u00e1rio, dom\u00ednios, etc.). Note que a linguagem SMTP define apenas a transmiss\u00e3o da mensagem, e nao lida com o seu conte\u00fado.<\/li>\n<li>Depois, se o dom\u00ednio onde o seu destinat\u00e1rio tem a conta estiver directamente conectado ao servidor, <strong>o e-mail \u00e9 entregue imediatamente<\/strong>.<\/li>\n<li>Se n\u00e3o for o caso, <strong>o SMTP passa-o a outro servidor mais pr\u00f3ximo<\/strong> do destinat\u00e1rio (na g\u00edria, essas passagens s\u00e3o chamadas de relays). No nosso exemplo, o servidor do Website conecta-se ao servidor de Dom\u00ednio, que (se tudo for feito correctamente) recebe o e-mail e guarda-o.<\/li>\n<li>E se <strong>o servidor do destinat\u00e1rio estiver em baixo ou ocupado<\/strong>? O anfitri\u00e3o SMTP simplesmente deixa a mensagem num servidor de reserva: se nenhum deles estiver dispon\u00edvel, o e-mail ficar\u00e1 em fila de espera e a entrega ser\u00e1 tentada outra vez periodicamente. Depois de um determinado per\u00edodo, no entanto, a mensagem \u00e9 devolvida como n\u00e3o entregue.<\/li>\n<li>Se n\u00e3o houver problemas, no entanto, <strong>o segmento final \u00e9 controlado por POP<\/strong>, outro protocolo que pega no e-mail do servidor de recep\u00e7\u00e3o e coloca-o na caixa de entrada do destinat\u00e1rio.<\/li>\n<\/ul>\n<p>\u00c9 preciso sublinhar, no entanto, que os servidores SMTP usados quando envia os seus \u201ce-mails normais\u201d \u2013 por exemplo os associados a provedores tais como Hotmail, Gmail e Yahoo Mail \u2013 s\u00e3o <strong>partilhados entre utilizadores<\/strong> e s\u00e3o baseados em IPs n\u00e3o-dedicados.<\/p>\n<p>O que significa que <strong>pode acabar por confiar num IP que tamb\u00e9m \u00e9 usado por um spammer<\/strong>: um fato que afetar\u00e1 negativamente a entrega correcta das suas mensagens. Tamb\u00e9m, provedores comuns estabelecem alguns limites restritos no n\u00famero de e-mails que pode enviar (por exemplo, a restri\u00e7\u00e3o do Yahoo \u00e9 de 100 e-mails por hora).<\/p>\n<p>\u00c9 por isso que, se voc\u00ea quiser\u00a0criar uma <strong>campanha de email,<\/strong> recomendamos a utiliza\u00e7\u00e3o de um <strong>servi\u00e7o de e-mails enviados profissional<\/strong> como <a href=\"\/pt-pt\/signup\">turboSMTP<\/a>, o que garante um IP controlado e evita todos os problemas acima mencionados.<\/p>\n<p>Voc\u00ea pode registar-se e obter um <a title=\"servidor SMTP\" href=\"\/pt-pt\/signup\">pacote de de 6.000 e-mails gratuitos<\/a> por m\u00eas, em seguida, actualizar para o plano que melhor se adapta \u00e0s suas op\u00e7\u00f5es.<\/p>\n","protected":false},"excerpt":{"rendered":"<p>A sigla SMTP significa Simple Mail Transfer Protocol (Protocolo de Transfer\u00eancia de Correio Simples), o processo por tr\u00e1s do fluxo de e-mail na internet. O que acontece quando envia um e-mail? O processo de entrega de e-mail \u00e9 na verdade muito semelhante ao correio cl\u00e1ssico: um sistema organizado cuida do seu envelope e atrav\u00e9s de &#8230; <\/p>\n<p class=\"read-more-container\"><a title=\"O que \u00e9 um servidor SMTP\" class=\"read-more button\" href=\"https:\/\/serversmtp.com\/pt-pt\/o-que-e-servidor-smtp\/#more-2910\" aria-label=\"Leia mais sobre O que \u00e9 um servidor SMTP\">Discover more<\/a><\/p>\n","protected":false},"author":3,"featured_media":0,"parent":0,"menu_order":0,"comment_status":"closed","ping_status":"closed","template":"","meta":{"_eb_attr":"","inline_featured_image":false,"_monsterinsights_skip_tracking":false,"_monsterinsights_sitenote_active":false,"_monsterinsights_sitenote_note":"","_monsterinsights_sitenote_category":0,"footnotes":""},"class_list":["post-2910","page","type-page","status-publish"],"yoast_head":"<!-- This site is optimized with the Yoast SEO plugin v25.3.1 - https:\/\/yoast.com\/wordpress\/plugins\/seo\/ -->\n<title>O que \u00e9 um servidor SMTP - smtp mail server - professional SMTP service provider<\/title>\n<meta name=\"robots\" content=\"index, follow, max-snippet:-1, max-image-preview:large, max-video-preview:-1\" \/>\n<link rel=\"canonical\" href=\"https:\/\/serversmtp.com\/pt-pt\/o-que-e-servidor-smtp\/\" \/>\n<meta name=\"twitter:label1\" content=\"Tempo estimado de leitura\" \/>\n\t<meta name=\"twitter:data1\" content=\"3 minutos\" \/>\n<!-- \/ Yoast SEO plugin. -->","yoast_head_json":{"title":"O que \u00e9 um servidor SMTP - smtp mail server - professional SMTP service provider","robots":{"index":"index","follow":"follow","max-snippet":"max-snippet:-1","max-image-preview":"max-image-preview:large","max-video-preview":"max-video-preview:-1"},"canonical":"https:\/\/serversmtp.com\/pt-pt\/o-que-e-servidor-smtp\/","twitter_misc":{"Tempo estimado de leitura":"3 minutos"},"schema":{"@context":"https:\/\/schema.org","@graph":[{"@type":"WebPage","@id":"https:\/\/serversmtp.com\/pt-pt\/o-que-e-servidor-smtp\/","url":"https:\/\/serversmtp.com\/pt-pt\/o-que-e-servidor-smtp\/","name":"O que \u00e9 um servidor SMTP - smtp mail server - professional SMTP service provider","isPartOf":{"@id":"https:\/\/serversmtp.com\/de\/#website"},"primaryImageOfPage":{"@id":"https:\/\/serversmtp.com\/pt-pt\/o-que-e-servidor-smtp\/#primaryimage"},"image":{"@id":"https:\/\/serversmtp.com\/pt-pt\/o-que-e-servidor-smtp\/#primaryimage"},"thumbnailUrl":"https:\/\/serversmtp.com\/wp-content\/uploads\/2018\/02\/what-is-an-smtp-server.png","datePublished":"2018-04-21T16:14:50+00:00","dateModified":"2022-02-10T15:36:19+00:00","breadcrumb":{"@id":"https:\/\/serversmtp.com\/pt-pt\/o-que-e-servidor-smtp\/#breadcrumb"},"inLanguage":"pt-PT","potentialAction":[{"@type":"ReadAction","target":["https:\/\/serversmtp.com\/pt-pt\/o-que-e-servidor-smtp\/"]}]},{"@type":"ImageObject","inLanguage":"pt-PT","@id":"https:\/\/serversmtp.com\/pt-pt\/o-que-e-servidor-smtp\/#primaryimage","url":"https:\/\/serversmtp.com\/wp-content\/uploads\/2018\/02\/what-is-an-smtp-server.png","contentUrl":"https:\/\/serversmtp.com\/wp-content\/uploads\/2018\/02\/what-is-an-smtp-server.png"},{"@type":"BreadcrumbList","@id":"https:\/\/serversmtp.com\/pt-pt\/o-que-e-servidor-smtp\/#breadcrumb","itemListElement":[{"@type":"ListItem","position":1,"name":"Home","item":"https:\/\/serversmtp.com\/pt-pt\/"},{"@type":"ListItem","position":2,"name":"O que \u00e9 um servidor SMTP"}]},{"@type":"WebSite","@id":"https:\/\/serversmtp.com\/de\/#website","url":"https:\/\/serversmtp.com\/de\/","name":"smtp mail server - professional SMTP service provider","description":"smtp mail server - professional SMTP service provider","publisher":{"@id":"https:\/\/serversmtp.com\/de\/#organization"},"potentialAction":[{"@type":"SearchAction","target":{"@type":"EntryPoint","urlTemplate":"https:\/\/serversmtp.com\/de\/?s={search_term_string}"},"query-input":{"@type":"PropertyValueSpecification","valueRequired":true,"valueName":"search_term_string"}}],"inLanguage":"pt-PT"},{"@type":"Organization","@id":"https:\/\/serversmtp.com\/de\/#organization","name":"Delivery Tech","url":"https:\/\/serversmtp.com\/de\/","logo":{"@type":"ImageObject","inLanguage":"pt-PT","@id":"https:\/\/serversmtp.com\/de\/#\/schema\/logo\/image\/","url":"https:\/\/serversmtp.com\/wp-content\/uploads\/2021\/11\/og-image-2.jpg","contentUrl":"https:\/\/serversmtp.com\/wp-content\/uploads\/2021\/11\/og-image-2.jpg","width":1200,"height":1128,"caption":"Delivery Tech"},"image":{"@id":"https:\/\/serversmtp.com\/de\/#\/schema\/logo\/image\/"}}]}},"_links":{"self":[{"href":"https:\/\/serversmtp.com\/pt-pt\/wp-json\/wp\/v2\/pages\/2910"}],"collection":[{"href":"https:\/\/serversmtp.com\/pt-pt\/wp-json\/wp\/v2\/pages"}],"about":[{"href":"https:\/\/serversmtp.com\/pt-pt\/wp-json\/wp\/v2\/types\/page"}],"author":[{"embeddable":true,"href":"https:\/\/serversmtp.com\/pt-pt\/wp-json\/wp\/v2\/users\/3"}],"replies":[{"embeddable":true,"href":"https:\/\/serversmtp.com\/pt-pt\/wp-json\/wp\/v2\/comments?post=2910"}],"version-history":[{"count":3,"href":"https:\/\/serversmtp.com\/pt-pt\/wp-json\/wp\/v2\/pages\/2910\/revisions"}],"predecessor-version":[{"id":12111,"href":"https:\/\/serversmtp.com\/pt-pt\/wp-json\/wp\/v2\/pages\/2910\/revisions\/12111"}],"wp:attachment":[{"href":"https:\/\/serversmtp.com\/pt-pt\/wp-json\/wp\/v2\/media?parent=2910"}],"curies":[{"name":"wp","href":"https:\/\/api.w.org\/{rel}","templated":true}]}}