{"id":2903,"date":"2018-04-21T17:55:11","date_gmt":"2018-04-21T15:55:11","guid":{"rendered":"https:\/\/dev.serversmtp.com\/?page_id=2903"},"modified":"2022-02-10T16:21:44","modified_gmt":"2022-02-10T15:21:44","slug":"o-servidor-saida-smtp","status":"publish","type":"page","link":"https:\/\/serversmtp.com\/pt-pt\/o-servidor-saida-smtp\/","title":{"rendered":"O servidor SMTP\ufeff"},"content":{"rendered":"<p>Qu\u00e9 es el SMTP, que es un servidor de salida, y como determinar el servidor SMTP en uso.\ufeff\ufeff<\/p>\n<div class=\"lpCategoryList\">\n<h2><a title=\"o que \u00e9 smtp\" href=\"\/pt-pt\/o-que-e-servidor-smtp\">O que \u00e9 um servidor SMTP<\/a><\/h2>\n<p>A sigla vem de SMTP Simple Mail Transfer Protocol (Simple Mail Transfer), ou seja, o procedimento para o transporte de e-mail atrav\u00e9s da Internet.<\/p>\n<h2><a title=\"Servidor de email\" href=\"\/pt-pt\/servidor-de-email\">Servidor de email<\/a><\/h2>\n<p>Um servidor de entrega de email profissional \u00e9 essencial quando se trata de envios em massa.<\/p>\n<h2><a title=\"Lista de servidores SMTP\" href=\"\/pt-pt\/servidores-smtp\">Lista de servidores SMTP<\/a><\/h2>\n<p>Como encontrar o seu pr\u00f3prio endere\u00e7o de servidor SMTP? Voc\u00ea pode ter um olhar para esta lista, onde reunimos os par\u00e2metros de SMTP mais comuns.<\/p>\n<\/div>\n","protected":false},"excerpt":{"rendered":"<p>Qu\u00e9 es el SMTP, que es un servidor de salida, y como determinar el servidor SMTP en uso.\ufeff\ufeff O que \u00e9 um servidor SMTP A sigla vem de SMTP Simple Mail Transfer Protocol (Simple Mail Transfer), ou seja, o procedimento para o transporte de e-mail atrav\u00e9s da Internet. Servidor de email Um servidor de entrega &#8230; <\/p>\n<p class=\"read-more-container\"><a title=\"O servidor SMTP\ufeff\" class=\"read-more button\" href=\"https:\/\/serversmtp.com\/pt-pt\/o-servidor-saida-smtp\/#more-2903\" aria-label=\"Leia mais sobre O servidor SMTP\ufeff\">Discover more<\/a><\/p>\n","protected":false},"author":3,"featured_media":0,"parent":0,"menu_order":0,"comment_status":"closed","ping_status":"closed","template":"","meta":{"_eb_attr":"","inline_featured_image":false,"_monsterinsights_skip_tracking":false,"_monsterinsights_sitenote_active":false,"_monsterinsights_sitenote_note":"","_monsterinsights_sitenote_category":0,"footnotes":""},"class_list":["post-2903","page","type-page","status-publish"],"yoast_head":"<!-- This site is optimized with the Yoast SEO plugin v25.3.1 - https:\/\/yoast.com\/wordpress\/plugins\/seo\/ -->\n<title>O servidor SMTP\ufeff - smtp mail server - professional SMTP service provider<\/title>\n<meta name=\"robots\" content=\"index, follow, max-snippet:-1, max-image-preview:large, max-video-preview:-1\" \/>\n<link rel=\"canonical\" href=\"https:\/\/serversmtp.com\/pt-pt\/o-servidor-saida-smtp\/\" \/>\n<!-- \/ Yoast SEO plugin. -->","yoast_head_json":{"title":"O servidor SMTP\ufeff - smtp mail server - professional SMTP service provider","robots":{"index":"index","follow":"follow","max-snippet":"max-snippet:-1","max-image-preview":"max-image-preview:large","max-video-preview":"max-video-preview:-1"},"canonical":"https:\/\/serversmtp.com\/pt-pt\/o-servidor-saida-smtp\/","schema":{"@context":"https:\/\/schema.org","@graph":[{"@type":"WebPage","@id":"https:\/\/serversmtp.com\/pt-pt\/o-servidor-saida-smtp\/","url":"https:\/\/serversmtp.com\/pt-pt\/o-servidor-saida-smtp\/","name":"O servidor SMTP\ufeff - smtp mail server - professional SMTP service provider","isPartOf":{"@id":"https:\/\/serversmtp.com\/#website"},"datePublished":"2018-04-21T15:55:11+00:00","dateModified":"2022-02-10T15:21:44+00:00","breadcrumb":{"@id":"https:\/\/serversmtp.com\/pt-pt\/o-servidor-saida-smtp\/#breadcrumb"},"inLanguage":"pt-PT","potentialAction":[{"@type":"ReadAction","target":["https:\/\/serversmtp.com\/pt-pt\/o-servidor-saida-smtp\/"]}]},{"@type":"BreadcrumbList","@id":"https:\/\/serversmtp.com\/pt-pt\/o-servidor-saida-smtp\/#breadcrumb","itemListElement":[{"@type":"ListItem","position":1,"name":"Home","item":"https:\/\/serversmtp.com\/pt-pt\/"},{"@type":"ListItem","position":2,"name":"O servidor SMTP\ufeff"}]},{"@type":"WebSite","@id":"https:\/\/serversmtp.com\/#website","url":"https:\/\/serversmtp.com\/","name":"smtp mail server - professional SMTP service provider","description":"smtp mail server - professional SMTP service provider","publisher":{"@id":"https:\/\/serversmtp.com\/#organization"},"potentialAction":[{"@type":"SearchAction","target":{"@type":"EntryPoint","urlTemplate":"https:\/\/serversmtp.com\/?s={search_term_string}"},"query-input":{"@type":"PropertyValueSpecification","valueRequired":true,"valueName":"search_term_string"}}],"inLanguage":"pt-PT"},{"@type":"Organization","@id":"https:\/\/serversmtp.com\/#organization","name":"Delivery Tech","url":"https:\/\/serversmtp.com\/","logo":{"@type":"ImageObject","inLanguage":"pt-PT","@id":"https:\/\/serversmtp.com\/#\/schema\/logo\/image\/","url":"https:\/\/serversmtp.com\/wp-content\/uploads\/2021\/11\/og-image-2.jpg","contentUrl":"https:\/\/serversmtp.com\/wp-content\/uploads\/2021\/11\/og-image-2.jpg","width":1200,"height":1128,"caption":"Delivery Tech"},"image":{"@id":"https:\/\/serversmtp.com\/#\/schema\/logo\/image\/"}}]}},"_links":{"self":[{"href":"https:\/\/serversmtp.com\/pt-pt\/wp-json\/wp\/v2\/pages\/2903"}],"collection":[{"href":"https:\/\/serversmtp.com\/pt-pt\/wp-json\/wp\/v2\/pages"}],"about":[{"href":"https:\/\/serversmtp.com\/pt-pt\/wp-json\/wp\/v2\/types\/page"}],"author":[{"embeddable":true,"href":"https:\/\/serversmtp.com\/pt-pt\/wp-json\/wp\/v2\/users\/3"}],"replies":[{"embeddable":true,"href":"https:\/\/serversmtp.com\/pt-pt\/wp-json\/wp\/v2\/comments?post=2903"}],"version-history":[{"count":2,"href":"https:\/\/serversmtp.com\/pt-pt\/wp-json\/wp\/v2\/pages\/2903\/revisions"}],"predecessor-version":[{"id":2905,"href":"https:\/\/serversmtp.com\/pt-pt\/wp-json\/wp\/v2\/pages\/2903\/revisions\/2905"}],"wp:attachment":[{"href":"https:\/\/serversmtp.com\/pt-pt\/wp-json\/wp\/v2\/media?parent=2903"}],"curies":[{"name":"wp","href":"https:\/\/api.w.org\/{rel}","templated":true}]}}